{"id":32,"date":"2024-04-04T08:06:00","date_gmt":"2024-04-04T05:06:00","guid":{"rendered":"https:\/\/sisu.ut.ee\/edujategu16\/naiteid-eesti-eetilistest-jatkusuutlikkest-ettevotetest\/"},"modified":"2024-05-10T14:32:37","modified_gmt":"2024-05-10T11:32:37","slug":"naiteid-eesti-eetilistest-jatkusuutlikkest-ettevotetest","status":"publish","type":"page","link":"https:\/\/sisu.ut.ee\/edujategu16\/naiteid-eesti-eetilistest-jatkusuutlikkest-ettevotetest\/","title":{"rendered":"N\u00e4iteid Eesti eetilistest j\u00e4tkusuutlikkest ettev\u00f5tetest"},"content":{"rendered":"<h1 id=\"page-title\"><img loading=\"lazy\" decoding=\"async\" class=\"alignnone wp-image-79\" src=\"https:\/\/sisu.ut.ee\/wp-content\/uploads\/sites\/566\/sissejuhatus-1024x1024.png\" alt=\"\" width=\"50\" height=\"50\">\u00a0<span style=\"color: #28aae1;\">N\u00c4ITEID EESTI EETILISTEST J\u00c4RKUSUUTLIKKEST ETTEV\u00d5TETEST<\/span><\/h1>\n<p style=\"margin-bottom: 0cm;\"><img loading=\"lazy\" decoding=\"async\" class=\"alignnone wp-image-52\" title=\"opetaja_automaatne_tagasiside.png\" src=\"https:\/\/sisu.ut.ee\/wp-content\/uploads\/sites\/566\/opetaja_automaatne_tagasiside.png\" alt=\"n\u00e4ide\" width=\"40\" height=\"40\" srcset=\"https:\/\/sisu.ut.ee\/wp-content\/uploads\/sites\/566\/opetaja_automaatne_tagasiside.png 1080w, https:\/\/sisu.ut.ee\/wp-content\/uploads\/sites\/566\/opetaja_automaatne_tagasiside-300x300.png 300w, https:\/\/sisu.ut.ee\/wp-content\/uploads\/sites\/566\/opetaja_automaatne_tagasiside-1024x1024.png 1024w, https:\/\/sisu.ut.ee\/wp-content\/uploads\/sites\/566\/opetaja_automaatne_tagasiside-150x150.png 150w, https:\/\/sisu.ut.ee\/wp-content\/uploads\/sites\/566\/opetaja_automaatne_tagasiside-768x768.png 768w\" sizes=\"auto, (max-width: 40px) 100vw, 40px\">\u00a0<b><span lang=\"ET\"><span style=\"background: white;\"><span style=\"line-height: 115%;\"><span style=\"color: #444444;\">MT\u00dc Uuskasutuskeskus <\/span><\/span><\/span><\/span><\/b><a href=\"https:\/\/uuskasutus.ee\/\" target=\"_blank\" rel=\"noopener\"><span style=\"background: white;\"><span style=\"line-height: 115%;\">https:\/\/uuskasutus.ee\/<\/span><\/span><\/a><\/p>\n<p style=\"margin-bottom: 0cm;\"><span lang=\"ET\"><span style=\"background: white;\"><span style=\"line-height: 115%;\"><span style=\"color: #444444;\">MT\u00dc Uuskasutuskeskus on 2004. aastal Heateo Sihtasutuse, Eestimaa Looduse Fondi, SA Caritas ja kahe eraisiku, Rasmus Raski ja Priit Mikelsaare ellu kutsutud isemajandav sotsiaalne ettev\u00f5te, mille eesm\u00e4rk on saata kasutatud asjad ringlusesse ning muuta uuskasutamine lihtsasti k\u00e4ttesaadavaks ja igap\u00e4evaseks k\u00f5ikidele Eesti inimestele. <\/span><\/span><\/span><\/span><\/p>\n<p style=\"margin-bottom: 0cm;\"><span lang=\"ET\"><span style=\"line-height: 115%;\">Uuskasutuskeskus kuulub Heateo Sihtasutuse portfelli, Sotsiaalsete Ettev\u00f5tete V\u00f5rgustikku ja Vastutustundliku Ettev\u00f5tluse Foorumisse.<\/span><\/span><\/p>\n<p style=\"margin-bottom: 0cm;\"><span lang=\"ET\"><span style=\"line-height: 115%;\">\u00dclevaade saadud tunnustustest<\/span><\/span><\/p>\n<ul>\n<li style=\"margin-bottom: 0cm;\"><span lang=\"ET\"><span style=\"line-height: 115%;\">Vastutustundliku ettev\u00f5tluse indeksi kuldm\u00e4rgis 2021<\/span><\/span><\/li>\n<li style=\"margin-bottom: 0cm;\"><span lang=\"ET\"><span style=\"line-height: 115%;\">Euroopa keskkonnaalaste ettev\u00f5tlusauhindade 2016. aasta finalist<\/span><\/span><\/li>\n<li style=\"margin-bottom: 0cm;\"><span lang=\"ET\"><span style=\"line-height: 115%;\">Keskkonnaministeeriumi\u00a0 \u201cAasta keskkonnas\u00f5bralik ettev\u00f5te 2015\u201d keskkonnas\u00f5bralik toode v\u00f5i teenuse kategoorias<\/span><\/span><\/li>\n<li style=\"margin-bottom: 0cm;\"><span lang=\"ET\"><span style=\"line-height: 115%;\">\u201cM\u00e4rka vabatahtlikku 2015\u201d aasta vabatahtlike kaasaja j\u00e4rjepidava vabatahtlike kaasamise, juhendamise, hindmise ja innustamise eest<\/span><\/span><\/li>\n<li style=\"margin-bottom: 0cm;\"><span lang=\"ET\"><span style=\"line-height: 115%;\">Tallinna Ettev\u00f5tlusp\u00e4eva \u201cVastutustundlik ettev\u00f5tja 2015\u201d nominent<\/span><\/span><\/li>\n<li style=\"margin-bottom: 0cm;\"><span lang=\"ET\"><span style=\"line-height: 115%;\">Keskkonnaministeeriumi \u201cAasta Keskkonnas\u00f5bralik ettev\u00f5te 2012\u201d keskkonnas\u00f5braliku toote v\u00f5i teenuse kategoorias j\u00e4tkusuutliku teenuse ning elanikkonna tarbimisharjumuste keskkonnas\u00f5bralikuks muutmise eest<\/span><\/span><\/li>\n<\/ul>\n<p style=\"margin-bottom: 0cm; text-align: justify;\"><img loading=\"lazy\" decoding=\"async\" class=\"alignnone wp-image-52\" title=\"opetaja_automaatne_tagasiside.png\" src=\"https:\/\/sisu.ut.ee\/wp-content\/uploads\/sites\/566\/opetaja_automaatne_tagasiside.png\" alt=\"n\u00e4ide\" width=\"40\" height=\"40\" srcset=\"https:\/\/sisu.ut.ee\/wp-content\/uploads\/sites\/566\/opetaja_automaatne_tagasiside.png 1080w, https:\/\/sisu.ut.ee\/wp-content\/uploads\/sites\/566\/opetaja_automaatne_tagasiside-300x300.png 300w, https:\/\/sisu.ut.ee\/wp-content\/uploads\/sites\/566\/opetaja_automaatne_tagasiside-1024x1024.png 1024w, https:\/\/sisu.ut.ee\/wp-content\/uploads\/sites\/566\/opetaja_automaatne_tagasiside-150x150.png 150w, https:\/\/sisu.ut.ee\/wp-content\/uploads\/sites\/566\/opetaja_automaatne_tagasiside-768x768.png 768w\" sizes=\"auto, (max-width: 40px) 100vw, 40px\">\u00a0<b><span lang=\"ET\"><span style=\"line-height: 115%;\">Reet Aus<sub>TM <\/sub><\/span><\/span><\/b><a href=\"https:\/\/www.reetaus.com\/\" target=\"_blank\" rel=\"noopener\"><span style=\"line-height: 115%;\">https:\/\/www.reetaus.com\/<\/span><\/a><b> <\/b><\/p>\n<p style=\"margin-bottom: 0cm; text-align: justify;\"><span lang=\"ET\"><span style=\"line-height: 115%;\">Reet Aus on doktorikraadiga moedisainer ja keskkonnaaktivist, loomulik m\u00e4ssaja, kes asutas REET AUS COLLECTION\u00ae ja THE UPSHIRT\u00ae. Ta on teerajaja moe t\u00f6\u00f6stusliku \u00fcmbert\u00f6\u00f6tlemise alal ning on v\u00e4lja t\u00f6\u00f6tanud UPMADE\u00ae sertifikaadi, et anda edasi oma teadmisi kaubam\u00e4rkidele ja tehastele.<\/span><\/span><\/p>\n<p style=\"margin-bottom: 0cm; text-align: justify;\"><span lang=\"ET\"><span style=\"line-height: 115%;\">Reeda elu juhtiv missioon on p\u00e4\u00e4sta moet\u00f6\u00f6stus iseenda k\u00e4est ja n\u00e4idata, et maailmas on nii palju raiskamist ja h\u00e4vingut tekitavale \u00e4raviskamiskultuurile on v\u00f5imalik teha l\u00f5pp. Reet v\u00e4hendab oma armastatud t\u00f6\u00f6stuse keskkonnajalaj\u00e4lge. Muutus on v\u00f5imalik \u2013 see algab sinust endast.<\/span><\/span><\/p>\n<p style=\"margin-bottom: 0cm; text-align: justify;\"><span lang=\"ET\"><span style=\"line-height: 115%;\">Siin on m\u00f5ned auhinnad, mille Reet on v\u00f5itnud:<\/span><\/span><\/p>\n<ul>\n<li style=\"margin-top: 0cm; margin-right: 0cm; margin-bottom: 0cm; text-align: justify;\"><span lang=\"ET\"><span style=\"line-height: 115%;\">Tallinna linna auhind, antud Tallinnale tehtud eriteenete eest (2021)<\/span><\/span><\/li>\n<li style=\"margin-top: 0cm; margin-right: 0cm; margin-bottom: 0cm; text-align: justify;\"><span lang=\"ET\"><span style=\"line-height: 115%;\">P\u00f5hjamaade \u00e4riraportis (2017) valitud P\u00f5hja-Euroopa 20 parima vastutustundliku juhi hulka<\/span><\/span><\/li>\n<li style=\"margin-top: 0cm; margin-right: 0cm; margin-bottom: 0cm; text-align: justify;\"><span lang=\"ET\"><span style=\"line-height: 115%;\">Eesti Valget\u00e4he V klassi orden (2016)<\/span><\/span><\/li>\n<li style=\"margin-top: 0cm; margin-right: 0cm; margin-bottom: 0cm; text-align: justify;\"><span lang=\"ET\"><span style=\"line-height: 115%;\">P\u00f5hjamaade \u00e4riraporti (2015) 20 parima naise hulka kuuluv \u00e4ritegevus<\/span><\/span><\/li>\n<li style=\"margin-top: 0cm; margin-right: 0cm; margin-bottom: 0cm; text-align: justify;\"><span lang=\"ET\"><span style=\"line-height: 115%;\">I:COLLECT auhinna teine \u200b\u200bkoht (2015)<\/span><\/span><\/li>\n<li style=\"margin-top: 0cm; margin-right: 0cm; margin-bottom: 0cm; text-align: justify;\"><span lang=\"ET\"><span style=\"line-height: 115%;\">European Business Awards for Environment Awards (2014) teine \u200b\u200bkoht<\/span><\/span><\/li>\n<li style=\"margin-top: 0cm; margin-right: 0cm; margin-bottom: 0cm; text-align: justify;\"><span lang=\"ET\"><span style=\"line-height: 115%;\">Aasta naine (\u00c4rinaiste Liit Eesti 2014)<\/span><\/span><\/li>\n<li style=\"margin-top: 0cm; margin-right: 0cm; margin-bottom: 0cm; text-align: justify;\"><span lang=\"ET\"><span style=\"line-height: 115%;\">M\u00e4rkimisv\u00e4\u00e4rne nooreestlane (Junior Chamber International Estonia 2014)<\/span><\/span><\/li>\n<li style=\"margin-top: 0cm; margin-right: 0cm; margin-bottom: 0cm; text-align: justify;\"><span lang=\"ET\"><span style=\"line-height: 115%;\">Keskkonnas\u00f5bralik ettev\u00f5te (Keskkonnaministeerium 2013)<\/span><\/span><\/li>\n<li style=\"margin-top: 0cm; margin-right: 0cm; margin-bottom: 0cm; text-align: justify;\"><span lang=\"ET\"><span style=\"line-height: 115%;\">Kodaniku\u00fchiskonna Aasta Ettev\u00f5tja (Eesti Mittetulundus\u00fchingute V\u00f5rgustik 2013)<\/span><\/span><\/li>\n<\/ul>\n","protected":false},"excerpt":{"rendered":"<p>\u00a0N\u00c4ITEID EESTI EETILISTEST J\u00c4RKUSUUTLIKKEST ETTEV\u00d5TETEST \u00a0MT\u00dc Uuskasutuskeskus https:\/\/uuskasutus.ee\/ MT\u00dc Uuskasutuskeskus on 2004. aastal Heateo Sihtasutuse, Eestimaa Looduse Fondi, SA Caritas ja kahe eraisiku, Rasmus Raski ja Priit Mikelsaare ellu kutsutud isemajandav sotsiaalne ettev\u00f5te, mille eesm\u00e4rk on saata kasutatud asjad ringlusesse &#8230;<\/p>\n","protected":false},"author":263,"featured_media":0,"parent":0,"menu_order":0,"comment_status":"closed","ping_status":"closed","template":"","meta":{"_acf_changed":false,"inline_featured_image":false,"footnotes":""},"class_list":["post-32","page","type-page","status-publish","hentry"],"acf":[],"_links":{"self":[{"href":"https:\/\/sisu.ut.ee\/edujategu16\/wp-json\/wp\/v2\/pages\/32","targetHints":{"allow":["GET"]}}],"collection":[{"href":"https:\/\/sisu.ut.ee\/edujategu16\/wp-json\/wp\/v2\/pages"}],"about":[{"href":"https:\/\/sisu.ut.ee\/edujategu16\/wp-json\/wp\/v2\/types\/page"}],"author":[{"embeddable":true,"href":"https:\/\/sisu.ut.ee\/edujategu16\/wp-json\/wp\/v2\/users\/263"}],"replies":[{"embeddable":true,"href":"https:\/\/sisu.ut.ee\/edujategu16\/wp-json\/wp\/v2\/comments?post=32"}],"version-history":[{"count":4,"href":"https:\/\/sisu.ut.ee\/edujategu16\/wp-json\/wp\/v2\/pages\/32\/revisions"}],"predecessor-version":[{"id":279,"href":"https:\/\/sisu.ut.ee\/edujategu16\/wp-json\/wp\/v2\/pages\/32\/revisions\/279"}],"wp:attachment":[{"href":"https:\/\/sisu.ut.ee\/edujategu16\/wp-json\/wp\/v2\/media?parent=32"}],"curies":[{"name":"wp","href":"https:\/\/api.w.org\/{rel}","templated":true}]}}