{"id":31,"date":"2024-04-04T08:06:00","date_gmt":"2024-04-04T05:06:00","guid":{"rendered":"https:\/\/sisu.ut.ee\/edujategu16\/24-jatkusuutlikkuse-hindamine-ja-tunnustamine-eestis\/"},"modified":"2024-05-10T14:29:49","modified_gmt":"2024-05-10T11:29:49","slug":"24-jatkusuutlikkuse-hindamine-ja-tunnustamine-eestis","status":"publish","type":"page","link":"https:\/\/sisu.ut.ee\/edujategu16\/24-jatkusuutlikkuse-hindamine-ja-tunnustamine-eestis\/","title":{"rendered":"2.4 J\u00e4tkusuutlikkuse hindamine ja tunnustamine Eestis"},"content":{"rendered":"<h1 id=\"page-title\"><img loading=\"lazy\" decoding=\"async\" class=\"alignnone wp-image-79\" src=\"https:\/\/sisu.ut.ee\/wp-content\/uploads\/sites\/566\/sissejuhatus-1024x1024.png\" alt=\"\" width=\"50\" height=\"50\">\u00a0<span style=\"color: #28aae1;\">2.4. J\u00c4TKUSUUTLIKKUSE HINDAMINE JA TUNNUSTAMINE EESTIS<\/span><\/h1>\n<p style=\"margin-bottom: 0cm; text-align: justify;\"><span lang=\"ET\"><span style=\"line-height: 115%;\">J\u00e4tkusuutlikkust hinnatakse Eestis<b> <\/b>Vastutustundliku Ettev\u00f5tluse Indeksiga. <\/span><\/span><b><span lang=\"ET\"><span style=\"line-height: 115%;\"><span style=\"color: #444444;\">Vastutustundliku Ettev\u00f5tluse Indeks<\/span><\/span><\/span><\/b><span lang=\"ET\"><span style=\"line-height: 115%;\"><span style=\"color: #444444;\"> on Eestis tegutsevatele ettev\u00f5tetele m\u00f5eldud vastutustundlikkuse-alane (CSR) enesehindamise vahend. Indeks on ettev\u00f5ttele ka praktiline t\u00f6\u00f6vahend CSR teemadega tegelemisel. Iga-aastase osalemise tulemusena on v\u00f5imalik j\u00e4lgida oma arengut ajas ning saada ideid ja soovitusi hindajatelt.<\/span><\/span><\/span><\/p>\n<p style=\"margin-bottom: 0cm; text-align: justify;\"><span style=\"background: white;\"><span lang=\"ET\"><span style=\"line-height: 115%;\"><span style=\"color: #444444;\">Indeksis osalemiseks tuleb t\u00e4ita ankeet, mille tulemusel kaardistatakse, kuidas on vastutustundlik \u00e4ritegevus integreeritud ettev\u00f5tte strateegiasse ja igap\u00e4evategevustesse, mil viisil on kaasatud t\u00f6\u00f6tajad ja teised sidusr\u00fchmad ning milline on ettev\u00f5tte konkreetne tegevus kogukonnas, loodus-, t\u00f6\u00f6- ja turukeskkonnas. <\/span><\/span><\/span><\/span><\/p>\n<p style=\"margin-bottom: 0cm; text-align: justify;\"><span style=\"background: white;\"><span lang=\"ET\"><span style=\"line-height: 115%;\"><span style=\"color: #444444;\">K\u00f5ikide Indeksi koost\u00f6\u00f6partnerite kohta saate l\u00e4hemalt infot <\/span><\/span><\/span><span lang=\"ET\" style=\"color: black;\"><a href=\"https:\/\/indeks.csr.ee\/\" target=\"_blank\" rel=\"noopener\"><span style=\"line-height: 115%;\"><span style=\"color: #0091ff;\">indeks.csr.ee<\/span><\/span><\/a><\/span><span lang=\"ET\"><span style=\"line-height: 115%;\"><span style=\"color: #444444;\"> lehelt.<\/span><\/span><\/span><\/span><\/p>\n<p style=\"margin-bottom: 0cm; text-align: justify;\"><span style=\"background: white;\"><span lang=\"ET\"><span style=\"line-height: 115%;\"><span style=\"color: #444444;\">N\u00e4iteks 2021. aastal said kuldtasemel m\u00e4gise j\u00e4rgmised ettev\u00f5tted n\u00e4iteks ABB AS, AS Estonian Cell, AS SEB Pank, Elering AS, Saku \u00d5lletehas AS, SCANIA Eesti AS, MT\u00dc Uuskasutuskeskus, Roche Eesti O\u00dc, AS BaltCap jne. Kokku on v\u00e4ljastatud tasemeid 3 (pronks-, h\u00f5be- ja kuldtase) ja m\u00e4rgis kehtib kaks aastat. Seej\u00e4rel tuleb ettev\u00f5ttel uuesti osaleda ning kirjeldada vahepeal toimunud arenguid. (M\u00e4rgise saajad, 2022).<\/span><\/span><\/span><\/span><\/p>\n<p><\/p><h3 style=\"margin-top: 0cm; text-align: justify;\"><a name=\"_Toc104923614\"><\/a>Keskkonnatunnustused Eestis<\/h3>\n\n<p style=\"margin-bottom: 0cm; text-align: justify;\"><span lang=\"ET\"><span style=\"line-height: 115%;\">Eestis antakse v\u00e4lja keskkonnatunnustusi neljas kategoorias: \u201eKeskkonnak\u00e4pp\u201c, \u201eAasta Keskkonnategu\u201c, \u201eAasta keskkonnas\u00f5bralik ettev\u00f5te\u201c ja \u201eAasta keskkonnas\u00f5bralik omavalitsus (vt. lisamaterjale aadressilt: <\/span><\/span><a href=\"https:\/\/keskkonnatunnustused.ee\/et\" target=\"_blank\" rel=\"noopener\"><span style=\"line-height: 115%;\">https:\/\/keskkonnatunnustused.ee\/et<\/span><\/a><span lang=\"ET\"><span style=\"line-height: 115%;\">). Tulenevalt \u00f5piobjekti ettev\u00f5tlikust suunast vaatleme siinkohal neist \u201eAasta keskkonnas\u00f5bralik ettev\u00f5te\u201c konkurssi.<\/span><\/span><\/p>\n<p style=\"margin-bottom: 0cm; text-align: justify;\"><span lang=\"ET\"><span style=\"color: #1d1d1d;\">Konkurssi \u201cAasta keskkonnas\u00f5bralik ettev\u00f5te\u201d korraldatakse igal aastal eesm\u00e4rgiga selgitada v\u00e4lja keskkonnas\u00f5bralikud ettev\u00f5tted, kes on oma tegevusega silmas pidanud keskkonna heaolu <\/span><\/span><span lang=\"ET\"><span style=\"line-height: 115%;\"><span style=\"color: #1d1d1d;\">\u2013 panustanud keskkonnasaaste v\u00e4hendamisse ning keskkonnahoiu suurendamisse. 2021 aastal tunnustati Comodule O\u00dc, mis on <\/span><\/span><\/span><span lang=\"ET\"><span style=\"line-height: 115%;\">on maailma \u00fcks juhtivamaid mikromobiilsuse arendajaid, tootes nii asjade interneti (IoT) mooduleid\/lahendusi, mis v\u00f5imaldavad hallata jagamismajanduse s\u00fcsteeme, kui ka maailma k\u00f5ige keskkonnahoidlikumaid elektrit\u00f5ukerattaid br\u00e4ndidega Tuul ja \u00c4ike. Comodule\u2019i tootearendus on v\u00e4ga selgelt suunatud pilguga tuleviku ja rohep\u00f6\u00f6rde suunas. Lisaks valis rahvas Comodule oma lemmikuks. <\/span><\/span><\/p>\n<p style=\"margin-bottom: 0cm; text-align: justify;\"><span lang=\"ET\"><span style=\"line-height: 115%;\">Aasta keskkonnas\u00f5braliku ettev\u00f5tte kategoorias m\u00e4rgiti \u00e4ra ka Keskkonnajuhtimise valdkonna eriauhinnaga AS Tallinna Sadam, Ringdisaini edendaja tunnustuse p\u00e4lvis Artisana O\u00dc (Stella Soomlais stuudio) ja J\u00e4\u00e4tmek\u00e4itleja edendaja tunnustuse Weerec O\u00dc.<span style=\"color: #1d1d1d;\"> (Keskkonnatunnustused, 2022).<\/span><\/span><\/span><\/p>\n","protected":false},"excerpt":{"rendered":"<p>\u00a02.4. J\u00c4TKUSUUTLIKKUSE HINDAMINE JA TUNNUSTAMINE EESTIS J\u00e4tkusuutlikkust hinnatakse Eestis Vastutustundliku Ettev\u00f5tluse Indeksiga. Vastutustundliku Ettev\u00f5tluse Indeks on Eestis tegutsevatele ettev\u00f5tetele m\u00f5eldud vastutustundlikkuse-alane (CSR) enesehindamise vahend. Indeks on ettev\u00f5ttele ka praktiline t\u00f6\u00f6vahend CSR teemadega tegelemisel. Iga-aastase osalemise tulemusena on v\u00f5imalik j\u00e4lgida oma &#8230;<\/p>\n","protected":false},"author":263,"featured_media":0,"parent":0,"menu_order":0,"comment_status":"closed","ping_status":"closed","template":"","meta":{"_acf_changed":false,"inline_featured_image":false,"footnotes":""},"class_list":["post-31","page","type-page","status-publish","hentry"],"acf":[],"_links":{"self":[{"href":"https:\/\/sisu.ut.ee\/edujategu16\/wp-json\/wp\/v2\/pages\/31","targetHints":{"allow":["GET"]}}],"collection":[{"href":"https:\/\/sisu.ut.ee\/edujategu16\/wp-json\/wp\/v2\/pages"}],"about":[{"href":"https:\/\/sisu.ut.ee\/edujategu16\/wp-json\/wp\/v2\/types\/page"}],"author":[{"embeddable":true,"href":"https:\/\/sisu.ut.ee\/edujategu16\/wp-json\/wp\/v2\/users\/263"}],"replies":[{"embeddable":true,"href":"https:\/\/sisu.ut.ee\/edujategu16\/wp-json\/wp\/v2\/comments?post=31"}],"version-history":[{"count":5,"href":"https:\/\/sisu.ut.ee\/edujategu16\/wp-json\/wp\/v2\/pages\/31\/revisions"}],"predecessor-version":[{"id":277,"href":"https:\/\/sisu.ut.ee\/edujategu16\/wp-json\/wp\/v2\/pages\/31\/revisions\/277"}],"wp:attachment":[{"href":"https:\/\/sisu.ut.ee\/edujategu16\/wp-json\/wp\/v2\/media?parent=31"}],"curies":[{"name":"wp","href":"https:\/\/api.w.org\/{rel}","templated":true}]}}