{"id":25,"date":"2024-04-04T08:05:59","date_gmt":"2024-04-04T05:05:59","guid":{"rendered":"https:\/\/sisu.ut.ee\/edujategu16\/222-ettevotlusprotsess\/"},"modified":"2024-05-10T14:17:10","modified_gmt":"2024-05-10T11:17:10","slug":"222-ettevotlusprotsess","status":"publish","type":"page","link":"https:\/\/sisu.ut.ee\/edujategu16\/222-ettevotlusprotsess\/","title":{"rendered":"2.2.2 Ettev\u00f5tlusprotsess"},"content":{"rendered":"<h1 id=\"page-title\"><img loading=\"lazy\" decoding=\"async\" class=\"alignnone wp-image-79\" src=\"https:\/\/sisu.ut.ee\/wp-content\/uploads\/sites\/566\/sissejuhatus-1024x1024.png\" alt=\"\" width=\"50\" height=\"50\">\u00a0<span style=\"color: #28aae1;\">2.2.2. ETTEV\u00d5TLUSUS PROTSESS<\/span><\/h1>\n<p style=\"margin-bottom: 0cm; text-align: justify;\"><span lang=\"ET\"><span style=\"line-height: 115%;\">Ettev\u00f5tluse erinevaid valdkondi ja t\u00fc\u00fcpe \u00fchendav m\u00f5iste ja ettev\u00f5tluse p\u00f5hitunnus on ettev\u00f5tlusprotsess, millega luuakse uut v\u00e4\u00e4rtus kliendile ja \u00fchiskonnale.<\/span><\/span><\/p>\n<p style=\"margin-bottom: 0cm; text-align: justify;\"><img loading=\"lazy\" decoding=\"async\" width=\"908\" height=\"226\" class=\"alignnone wp-image-45\" style=\"width: 908px; height: 226px;\" title=\"Joonis 6.  Ettev\u00f5tlusprotsess  Allikas: Mets, T. (2021) \" src=\"https:\/\/sisu.ut.ee\/wp-content\/uploads\/sites\/566\/joonis6.png\" alt=\"joonis 6\" srcset=\"https:\/\/sisu.ut.ee\/wp-content\/uploads\/sites\/566\/joonis6.png 908w, https:\/\/sisu.ut.ee\/wp-content\/uploads\/sites\/566\/joonis6-300x75.png 300w, https:\/\/sisu.ut.ee\/wp-content\/uploads\/sites\/566\/joonis6-768x191.png 768w\" sizes=\"auto, (max-width: 908px) 100vw, 908px\"><\/p>\n<p style=\"margin-bottom: 0cm; text-align: justify;\"><img loading=\"lazy\" decoding=\"async\" title=\"\" src=\"https:\/\/sisu.ut.ee\/wp-content\/uploads\/sites\/566\/sissejuhatus-1024x1024.png\" alt=\"sissejuhatus\" width=\"32\" height=\"32\" data-file_info=\"%7B%22fid%22:%2265946%22,%22view_mode%22:%22default%22,%22type%22:%22media%22%7D\">\u00a0<b><span lang=\"ET\"><span style=\"line-height: 115%;\">Ettepanekute<\/span><\/span><\/b><span lang=\"ET\"><span style=\"line-height: 115%;\"> (<i>Proposition<\/i>) etapp on m\u00f5jutatud ettev\u00f5tja(te) varasematest kogemustest, teadmistest ja motivatsioonist. Olulisemad sammud:<\/span><\/span><\/p>\n<ul>\n<li style=\"margin-bottom: 0cm; text-align: justify;\"><span lang=\"ET\"><span style=\"line-height: 115%;\">ideede-v\u00f5imaluste v\u00e4lja t\u00f6\u00f6tamine. Iseloomulik mitmete potentsiaalselt kasumlike ideede ja v\u00f5imaluste loomine ja esmaste uuringute tegemine (probleemid, konkurendid, kliendid ja turud, tehnoloogiad, ettev\u00f5tte strateegiad ja eesm\u00e4rgid jne). Ideede-v\u00f5imaluste v\u00e4lja t\u00f6\u00f6tamine toimub kas probleemip\u00f5hise anal\u00fc\u00fcsina, t\u00f6\u00f6tubade v\u00f5i ajur\u00fcnnakutena;<\/span><\/span><\/li>\n<li style=\"margin-bottom: 0cm; text-align: justify;\"><span lang=\"ET\"><span style=\"line-height: 115%;\">k\u00f5ige paljulubavamate ideede-v\u00f5imaluste v\u00e4lja valimine;<\/span><\/span><\/li>\n<li style=\"margin-bottom: 0cm; text-align: justify;\"><span lang=\"ET\"><span style=\"line-height: 115%;\">idee(de) kontseptsiooni v\u00e4lja t\u00f6\u00f6tamine.<\/span><\/span><\/li>\n<\/ul>\n<p style=\"margin-bottom: 0cm; text-align: justify;\"><img loading=\"lazy\" decoding=\"async\" title=\"\" src=\"https:\/\/sisu.ut.ee\/wp-content\/uploads\/sites\/566\/sissejuhatus-1024x1024.png\" alt=\"sissejuhatus\" width=\"32\" height=\"32\" data-file_info=\"%7B%22fid%22:%2265946%22,%22view_mode%22:%22default%22,%22type%22:%22media%22%7D\">\u00a0<b><span lang=\"ET\"><span style=\"line-height: 115%;\">Ideede arendus, T&amp;A<\/span><\/span><\/b><span lang=\"ET\"><span style=\"line-height: 115%;\"> (<i>Idea development, R&amp;D<\/i>) olulisemad sammud:<\/span><\/span><\/p>\n<ul>\n<li style=\"margin-bottom: 0cm; text-align: justify;\"><span lang=\"ET\"><span style=\"line-height: 115%;\">\u00e4riidee(d) on v\u00e4lja valitud, hinnatud ja on tehtud otsus nende arendamisega edasi minna;<\/span><\/span><\/li>\n<li style=\"margin-bottom: 0cm; text-align: justify;\"><span lang=\"ET\"><span style=\"line-height: 115%;\">valikul v\u00f5etakse arvesse ettev\u00f5tjate varasemaid teadmisi, kogemusi, oskuseid, turuvajadusi ja teisi ressursse;<\/span><\/span><\/li>\n<li style=\"margin-bottom: 0cm; text-align: justify;\"><span lang=\"ET\"><span style=\"line-height: 115%;\">toimub teadus- ja arendust\u00f6\u00f6;<\/span><\/span><\/li>\n<li style=\"margin-bottom: 0cm; text-align: justify;\"><span lang=\"ET\"><span style=\"line-height: 115%;\">esmane rahastamine.<\/span><\/span><\/li>\n<\/ul>\n<p style=\"margin-bottom: 0cm; text-align: justify;\"><img loading=\"lazy\" decoding=\"async\" title=\"\" src=\"https:\/\/sisu.ut.ee\/wp-content\/uploads\/sites\/566\/sissejuhatus-1024x1024.png\" alt=\"sissejuhatus\" width=\"32\" height=\"32\" data-file_info=\"%7B%22fid%22:%2265946%22,%22view_mode%22:%22default%22,%22type%22:%22media%22%7D\">\u00a0<b><span lang=\"ET\"><span style=\"line-height: 115%;\">Kontseptsiooni v\u00e4lja t\u00f6\u00f6tamine, alfa ja beeta testid<\/span><\/span><\/b><span lang=\"ET\"><span style=\"line-height: 115%;\"> (<i>Concept development, Alpha &amp; Beta tests<\/i>) olulisemad sammud:<\/span><\/span><\/p>\n<ul>\n<li style=\"margin-bottom: 0cm; text-align: justify;\"><span lang=\"ET\"><span style=\"line-height: 115%;\">Esmane turu- ja tasuvusuuringu tegemine;<\/span><\/span><\/li>\n<li style=\"margin-bottom: 0cm; text-align: justify;\"><span lang=\"ET\"><span style=\"line-height: 115%;\">t\u00f6\u00f6tatakse v\u00e4lja esmane lahendus\/mudel\/protot\u00fc\u00fcp;<\/span><\/span><\/li>\n<li style=\"margin-bottom: 0cm; text-align: justify;\"><span lang=\"ET\"><span style=\"line-height: 115%;\">Esmane tagasiside potentsiaalsetelt klientidelt.<\/span><\/span><\/li>\n<\/ul>\n<p style=\"margin-bottom: 0cm; text-align: justify;\"><img loading=\"lazy\" decoding=\"async\" title=\"\" src=\"https:\/\/sisu.ut.ee\/wp-content\/uploads\/sites\/566\/sissejuhatus-1024x1024.png\" alt=\"sissejuhatus\" width=\"32\" height=\"32\" data-file_info=\"%7B%22fid%22:%2265946%22,%22view_mode%22:%22default%22,%22type%22:%22media%22%7D\">\u00a0<b><span lang=\"ET\"><span style=\"line-height: 115%;\">\u00c4riarenduse<\/span><\/span><\/b><span lang=\"ET\"><span style=\"line-height: 115%;\"> (<i>Business development<\/i>) olulisemad sammud:<\/span><\/span><\/p>\n<ul>\n<li style=\"margin-bottom: 0cm; text-align: justify;\"><span lang=\"ET\"><span style=\"line-height: 115%;\">Tehnoloogilised ettevalmistused tootmise v\u00f5i teenuse osutamiseks;<\/span><\/span><\/li>\n<li style=\"margin-bottom: 0cm; text-align: justify;\"><span lang=\"ET\"><span style=\"line-height: 115%;\">\u00c4riplaani koostamine koos p\u00f5hjaliku turu-uuringu, turundusplaani, tootmisplaani ja jaotusplaaniga. <\/span><\/span><\/li>\n<li style=\"margin-bottom: 0cm; text-align: justify;\"><span lang=\"ET\"><span style=\"line-height: 115%;\">Ettev\u00f5tlusega alustamiseks vajalike tegevuste teostamine: ruumide leidmine, rent v\u00f5i soetamine, t\u00f6\u00f6tajate otsimine, valik ja lepingute s\u00f5lmimine, t\u00f6\u00f6kohtade ettevalmistus, seadmete ja m\u00f6\u00f6bli hange jm.<\/span><\/span><\/li>\n<\/ul>\n<p style=\"margin-bottom: 0cm; text-align: justify;\"><img loading=\"lazy\" decoding=\"async\" title=\"\" src=\"https:\/\/sisu.ut.ee\/wp-content\/uploads\/sites\/566\/sissejuhatus-1024x1024.png\" alt=\"sissejuhatus\" width=\"32\" height=\"32\" data-file_info=\"%7B%22fid%22:%2265946%22,%22view_mode%22:%22default%22,%22type%22:%22media%22%7D\">\u00a0<b><span lang=\"ET\"><span style=\"line-height: 115%;\">\u00c4ritegevus, m\u00fc\u00fck<\/span><\/span><\/b><span lang=\"ET\"><span style=\"line-height: 115%;\"> (<i>Business operations, Sales<\/i>) olulisemad sammud:<\/span><\/span><\/p>\n<ul>\n<li style=\"margin-bottom: 0cm; text-align: justify;\"><span lang=\"ET\"><span style=\"line-height: 115%;\">Tootmise v\u00f5i teenuse osutamise alustamine;<\/span><\/span><\/li>\n<li style=\"margin-bottom: 0cm; text-align: justify;\"><span lang=\"ET\"><span style=\"line-height: 115%;\">Esimene m\u00fc\u00fck.<\/span><\/span><\/li>\n<\/ul>\n<hr>\n<p style=\"margin-bottom: 0cm; text-align: justify;\"><span lang=\"ET\"><span style=\"line-height: 115%;\">Ettev\u00f5tlusprotsessi erinevaid etappe \u00fchendavad tagasiside kohad, kus antakse \u00fclevaade idee arendusest, v\u00f5imalustest, turun\u00f5udlusest jne. Tagasisidest s\u00f5ltuvalt v\u00f5ib idee arendus liikuda tagasi \u00fche v\u00f5i mitme etapi v\u00f5rra v\u00f5i \u00fcldse arendustegevus katkeda nt. juhul kui turg siiski sellist ideed ei vaja (puudub n\u00f5udlus, v\u00e4hene huvi, ei ole tasuv jne).<\/span><\/span><\/p>\n<p style=\"margin-bottom: 0cm; text-align: justify;\"><span lang=\"ET\"><span style=\"line-height: 115%;\">Ettev\u00f5tlusele protsessip\u00f5hine l\u00e4henemine v\u00f5imaldab m\u00f5ista, kuidas ettev\u00f5tlusidee areneb, millistest tegevustest see koosneb ja millistes ettev\u00f5tluse alustamise sammudes on v\u00f5imalik eetilisus ja j\u00e4tkusuutlikkus sisse p\u00f5imida.<\/span><\/span><\/p>\n<hr>\n<p style=\"margin-bottom: 0cm;\"><\/p><div class=\"accordion mb-3\">\n        <div class=\"accordion-item accordion-item--white\">\n        <h2 class=\"accordion-header\" id=\"accordion-69df4218bf577-heading\">\n            <button class=\"accordion-button collapsed\" type=\"button\" data-bs-toggle=\"collapse\" data-bs-target=\"#accordion-69df4218bf577-collapse\" aria-expanded=\"true\" aria-controls=\"accordion-69df4218bf577-collapse\">\u00a0\u00dclesanne 2.2.3 Ettev\u00f5tlusprotsess\u00a0<\/button>\n        <\/h2>\n        <div id=\"accordion-69df4218bf577-collapse\" class=\"accordion-collapse collapse\" aria-labelledby=\"accordion-69df4218bf577-heading\">\n            <div class=\"accordion-body\">\n\n\n<div class=\"h5p-iframe-wrapper\"><div class=\"video-placeholder-wrapper video-placeholder-wrapper--fixed\" style=\"height: 366px;\">\n\t\t\t    <div class=\"video-placeholder d-flex justify-content-center align-items-center\">\n\t\t\t        <div class=\"overlay text-white p-2 w-100 text-center d-block justify-content-center align-items-center\">\n\t\t\t            <div>Kolmandate osapoolte sisu n\u00e4gemiseks palun n\u00f5ustu k\u00fcpsistega.<\/div>\n\t\t\t            <button class=\"btn btn-secondary btn-sm mt-1 consent-change\">Muuda n\u00f5usolekut<\/button>\n\t\t\t        <\/div>\n\t\t\t    <\/div>\n\t\t\t<\/div>\n<\/div>\n\n\n<p><\/p><\/div>\n        <\/div>\n        <\/div>\n    <\/div>\n","protected":false},"excerpt":{"rendered":"<p>\u00a02.2.2. ETTEV\u00d5TLUSUS PROTSESS Ettev\u00f5tluse erinevaid valdkondi ja t\u00fc\u00fcpe \u00fchendav m\u00f5iste ja ettev\u00f5tluse p\u00f5hitunnus on ettev\u00f5tlusprotsess, millega luuakse uut v\u00e4\u00e4rtus kliendile ja \u00fchiskonnale. \u00a0Ettepanekute (Proposition) etapp on m\u00f5jutatud ettev\u00f5tja(te) varasematest kogemustest, teadmistest ja motivatsioonist. Olulisemad sammud: ideede-v\u00f5imaluste v\u00e4lja t\u00f6\u00f6tamine. Iseloomulik mitmete &#8230;<\/p>\n","protected":false},"author":263,"featured_media":0,"parent":0,"menu_order":0,"comment_status":"closed","ping_status":"closed","template":"","meta":{"_acf_changed":false,"inline_featured_image":false,"footnotes":""},"class_list":["post-25","page","type-page","status-publish","hentry"],"acf":[],"_links":{"self":[{"href":"https:\/\/sisu.ut.ee\/edujategu16\/wp-json\/wp\/v2\/pages\/25","targetHints":{"allow":["GET"]}}],"collection":[{"href":"https:\/\/sisu.ut.ee\/edujategu16\/wp-json\/wp\/v2\/pages"}],"about":[{"href":"https:\/\/sisu.ut.ee\/edujategu16\/wp-json\/wp\/v2\/types\/page"}],"author":[{"embeddable":true,"href":"https:\/\/sisu.ut.ee\/edujategu16\/wp-json\/wp\/v2\/users\/263"}],"replies":[{"embeddable":true,"href":"https:\/\/sisu.ut.ee\/edujategu16\/wp-json\/wp\/v2\/comments?post=25"}],"version-history":[{"count":8,"href":"https:\/\/sisu.ut.ee\/edujategu16\/wp-json\/wp\/v2\/pages\/25\/revisions"}],"predecessor-version":[{"id":264,"href":"https:\/\/sisu.ut.ee\/edujategu16\/wp-json\/wp\/v2\/pages\/25\/revisions\/264"}],"wp:attachment":[{"href":"https:\/\/sisu.ut.ee\/edujategu16\/wp-json\/wp\/v2\/media?parent=25"}],"curies":[{"name":"wp","href":"https:\/\/api.w.org\/{rel}","templated":true}]}}