{"id":22,"date":"2024-04-04T08:05:59","date_gmt":"2024-04-04T05:05:59","guid":{"rendered":"https:\/\/sisu.ut.ee\/edujategu16\/21-jatkusuutlikkus-ja-jatkusuutlik-areng\/"},"modified":"2024-05-10T14:06:59","modified_gmt":"2024-05-10T11:06:59","slug":"21-jatkusuutlikkus-ja-jatkusuutlik-areng","status":"publish","type":"page","link":"https:\/\/sisu.ut.ee\/edujategu16\/21-jatkusuutlikkus-ja-jatkusuutlik-areng\/","title":{"rendered":"2.1. J\u00e4tkusuutlikkus ja j\u00e4tkusuutlik areng"},"content":{"rendered":"<h1 id=\"page-title\"><img loading=\"lazy\" decoding=\"async\" class=\"alignnone wp-image-79\" src=\"https:\/\/sisu.ut.ee\/wp-content\/uploads\/sites\/566\/sissejuhatus-1024x1024.png\" alt=\"\" width=\"50\" height=\"50\">\u00a0<span style=\"color: #28aae1;\">2. J\u00c4TKUSUUTLIKKUS JA J\u00c4TKUSUUTLIK ARENG<\/span><\/h1>\n<p style=\"margin-bottom: .0001pt; text-align: justify;\"><img loading=\"lazy\" decoding=\"async\" class=\"alignnone wp-image-189\" src=\"https:\/\/sisu.ut.ee\/wp-content\/uploads\/sites\/566\/sissejuhatus-1024x1024.png\" alt=\"\" width=\"40\" height=\"40\" srcset=\"https:\/\/sisu.ut.ee\/wp-content\/uploads\/sites\/566\/sissejuhatus-1024x1024.png 1024w, https:\/\/sisu.ut.ee\/wp-content\/uploads\/sites\/566\/sissejuhatus-300x300.png 300w, https:\/\/sisu.ut.ee\/wp-content\/uploads\/sites\/566\/sissejuhatus-150x150.png 150w, https:\/\/sisu.ut.ee\/wp-content\/uploads\/sites\/566\/sissejuhatus-768x768.png 768w, https:\/\/sisu.ut.ee\/wp-content\/uploads\/sites\/566\/sissejuhatus.png 1080w\" sizes=\"auto, (max-width: 40px) 100vw, 40px\">\u00a0<b>J\u00e4tkusuutlikkusel <\/b>on eesti keeles mitmeid s\u00fcnon\u00fc\u00fcme ja m\u00f5isteid nagu j\u00e4tkusuutlik ettev\u00f5tlus, j\u00e4tkusuutlik ettev\u00f5te, j\u00e4tkusuutlik areng, vastutustundlik ettev\u00f5tlus ja\/v\u00f5i ettev\u00f5te, (ettev\u00f5tte) sotsiaalne vastutus, ettev\u00f5tte j\u00e4tkusuutlikkus jne. Selguse huvides kasutatakse \u00f5piobjekti raames m\u00f5istet j\u00e4tkusuutlikkus. Enne, kui defineerime, mis on j\u00e4tkusuutlikkus, vaatleme m\u00f5ningaid m\u00f5isteid.<\/p>\n<p style=\"margin-bottom: .0001pt; text-align: justify;\"><img loading=\"lazy\" decoding=\"async\" class=\"alignnone wp-image-189\" src=\"https:\/\/sisu.ut.ee\/wp-content\/uploads\/sites\/566\/sissejuhatus-1024x1024.png\" alt=\"\" width=\"40\" height=\"40\" srcset=\"https:\/\/sisu.ut.ee\/wp-content\/uploads\/sites\/566\/sissejuhatus-1024x1024.png 1024w, https:\/\/sisu.ut.ee\/wp-content\/uploads\/sites\/566\/sissejuhatus-300x300.png 300w, https:\/\/sisu.ut.ee\/wp-content\/uploads\/sites\/566\/sissejuhatus-150x150.png 150w, https:\/\/sisu.ut.ee\/wp-content\/uploads\/sites\/566\/sissejuhatus-768x768.png 768w, https:\/\/sisu.ut.ee\/wp-content\/uploads\/sites\/566\/sissejuhatus.png 1080w\" sizes=\"auto, (max-width: 40px) 100vw, 40px\">\u00a0<b>S\u00e4\u00e4stev areng<\/b> on areng, mis rahuldab oleviku vajadused, ilma et see kahjustaks tulevaste p\u00f5lvkondade v\u00f5imet rahuldada oma vajadusi. S\u00e4\u00e4stva arengu printsiibiks on see, et inim- ja majandustegevus peab arvestama planetaarsete ehk looduskeskkonna piiridega. Neid piire paneb proovile inimene.<\/p>\n<p style=\"margin-bottom: .0001pt; text-align: justify;\"><img loading=\"lazy\" decoding=\"async\" class=\"alignnone wp-image-189\" src=\"https:\/\/sisu.ut.ee\/wp-content\/uploads\/sites\/566\/sissejuhatus-1024x1024.png\" alt=\"\" width=\"40\" height=\"40\" srcset=\"https:\/\/sisu.ut.ee\/wp-content\/uploads\/sites\/566\/sissejuhatus-1024x1024.png 1024w, https:\/\/sisu.ut.ee\/wp-content\/uploads\/sites\/566\/sissejuhatus-300x300.png 300w, https:\/\/sisu.ut.ee\/wp-content\/uploads\/sites\/566\/sissejuhatus-150x150.png 150w, https:\/\/sisu.ut.ee\/wp-content\/uploads\/sites\/566\/sissejuhatus-768x768.png 768w, https:\/\/sisu.ut.ee\/wp-content\/uploads\/sites\/566\/sissejuhatus.png 1080w\" sizes=\"auto, (max-width: 40px) 100vw, 40px\"><b>Ettev\u00f5tte sotsiaalne vastutus<\/b> on m\u00f5iste, mis iseloomustab majanduslike, sotsiaalsete ja keskkondlike m\u00f5jude arvestamist \u00e4ritegevuses. Sotsiaalne vastutus on ettev\u00f5tte eesm\u00e4rgip\u00e4rane, j\u00e4rjepidev ja vabatahtlik, seaduse n\u00f5udmistest kaugemale ulatuv panus \u00fchiskonna huvide t\u00e4ideviimiseks.<\/p>\n<p>Sotsiaalne vastutus puudutab k\u00f5iki \u00e4rieetika valdkondi: oma t\u00f6\u00f6tajate, nende t\u00f6\u00f6- ja elutingimuste eest hoolitsemine nii kodu- kui ka v\u00e4lismaal, vastutustundlikkus investeeringute tegemisel ja tootmise planeerimisel, kogukonna vajaduste arvesse v\u00f5tmine ja koost\u00f6\u00f6, tahe s\u00e4\u00e4sta keskkonda ning edendada sotsiaalset \u00f5iglust ja heaolu. Laiemas t\u00e4henduses on sotsiaalne vastutus mis tahes eetiline piirang kasumi p\u00fc\u00fcdlemisel; kitsamalt on see ettev\u00f5tte v\u00f5etud kohustus edendada sotsiaalseid h\u00fcvesid, s\u00f5ltumata kasumitaotlusest. (Eetikaveeb, 2022)<\/p>\n<p>J\u00e4tkusuutlikkus on k\u00e4esolevas \u00f5piobjektis defineeritud kui eesm\u00e4rgistatud tegevust, mis seab eesm\u00e4rgiks leida tasakaal majanduskasvu, sotsiaalsf\u00e4\u00e4ri, looduskeskkonna ja muude eluvaldkondade vahel ning otsib v\u00f5imalusi, mis tagaksid t\u00e4isv\u00e4\u00e4rtusliku \u00fchiskonnaelu j\u00e4tkumise praegustele ja tulevastele p\u00f5lvedele.<\/p>\n<p>Lisaks j\u00e4tkusuutlikkusele on m\u00f5istlik vaadata ka j\u00e4tkusuutliku arengu kontseptsiooni. \u201cJ\u00e4tkusuutlik areng \u2013 rahuldab praeguse p\u00f5lvkonna vajadusi, seadmata ohtu tulevaste p\u00f5lvkondade omi.\u201d P\u00f5lvkondade sisene ja vaheline \u00f5iglus on j\u00e4tkusuutliku arengu alustaladeks. (Brundtlandi raport, 1987) Brundtlandi raportis on j\u00e4tkusuutlikku arengut m\u00e4\u00e4ratletud allj\u00e4rgnevalt: j\u00e4tkusuutlik areng on arengutee, mis rahuldab praeguse p\u00f5lvkonna vajadused ja p\u00fc\u00fcdlused, seadmata ohtu tulevaste p\u00f5lvkondade samasuguseid huve (seejuures huvide all on eelk\u00f5ige m\u00f5istetud keskkonda, keskkondlikke ressursse).<\/p>\n<p>Brundtlandi raport toob v\u00e4lja, et ilma esmavajaduste t\u00e4itmist ei saa olla \u00fchiskonnas s\u00e4\u00e4stvat arengut. P\u00f5lvkondadevahelise \u00f5igluse l\u00e4bi on tulevastele p\u00f5lvedele justkui loodud v\u00f5imalus, et neid v\u00f5etakse kuulda. S\u00e4\u00e4stva arengu p\u00f5him\u00f5tete rakendamine ja nende j\u00e4rgi elamine on aja jooksul v\u00e4lja kujunenud eetiline otsus. Lihtsaim on saavutada <b>n\u00f5rgalt j\u00e4tkusuutlikku arengut <\/b>\u2013 mille puhul inimtekkeline ja looduslik kapital on konstantsed. N\u00f5rgalt j\u00e4tkusuutliku arengu v\u00f5tmeks on efektiivsus ja j\u00e4rjepidevus l\u00e4bi tehnoloogia, kasvu ja turgude. Selle strateegia puudusteks aga on tehnilised piirangud ja loodusseadused.<\/p>\n<p style=\"margin-bottom: .0001pt; text-align: justify;\"><img loading=\"lazy\" decoding=\"async\" class=\"alignnone wp-image-189\" src=\"https:\/\/sisu.ut.ee\/wp-content\/uploads\/sites\/566\/sissejuhatus-1024x1024.png\" alt=\"\" width=\"40\" height=\"40\" srcset=\"https:\/\/sisu.ut.ee\/wp-content\/uploads\/sites\/566\/sissejuhatus-1024x1024.png 1024w, https:\/\/sisu.ut.ee\/wp-content\/uploads\/sites\/566\/sissejuhatus-300x300.png 300w, https:\/\/sisu.ut.ee\/wp-content\/uploads\/sites\/566\/sissejuhatus-150x150.png 150w, https:\/\/sisu.ut.ee\/wp-content\/uploads\/sites\/566\/sissejuhatus-768x768.png 768w, https:\/\/sisu.ut.ee\/wp-content\/uploads\/sites\/566\/sissejuhatus.png 1080w\" sizes=\"auto, (max-width: 40px) 100vw, 40px\">\u00a0<b>Tugeva s\u00e4\u00e4stva arengu mudel<\/b> tugineb looduslikult kapitalile \u2013 kasutada saab ainult selliseid looduslikke materjale ja teenuseid, mis pidevalt juurde tekivad. Neid v\u00f5ib kasutada aeglasemalt kui on nende taastumiskiirus. Selline l\u00e4henemine t\u00e4hendaks aga loobumist tarbimise ja tootmise kasvust. Tugeva s\u00e4\u00e4stva arengu jaoks peavad muutused tuginema piisavuse ja efektiivsuse p\u00f5him\u00f5tetel \u2013 l\u00e4htudes nii \u00fcksikisiku kui ka poliitilisel tasemel k\u00fcsimusest \u2013 kui palju on piisavalt (nt ressursse)? Reaalsuses on ebat\u00f5en\u00e4oline igasugusest kasvust loobumine, kui ka (\u00fche pakutud) drastilise lahendusena \u2013 rikkuse \u00fclemaailmne v\u00f5rdselt jaotamine. Kahe strateegia vahel on kvaasij\u00e4tkusuutlikkus, mis tugineb ettevaatlikkuse printsiibile ja seab Maa s\u00fcsteemidele kriitilised piirid, mille raames selle strateegia puhul m\u00f5eldakse. Kvaasij\u00e4tkusuutlikkuse toimimiseks v\u00f5ib kombineeritult l\u00e4htuda k\u00f5igi kolme strateegia p\u00f5him\u00f5tetest, kuid j\u00e4\u00e4b ebam\u00e4\u00e4raseks tehnoloogiline teostatavus ja sotsiaalpoliitiline pool.<\/p>\n<p>Michel Jacobsi (1995) j\u00e4rgi on j\u00e4tkusuutliku arendamise p\u00f5him\u00f5tted j\u00e4rgmised:<\/p>\n<ul>\n<li>majanduse ja keskkonna \u00fchendamine: majanduslikud otsused peavad olema seostatud nende (otsese ja kaudse) m\u00f5juga keskkonnale;\u00a0<\/li>\n<li>p\u00f5lvkondadevaheline kohustus: praegused majandus- ja keskkonnapoliitilised otsused ning sellealane praktiline tegevus peavad arvestama nende m\u00f5ju tulevastele p\u00f5lvkondadele (peavad arvestama pikaajalisi \u00f6koloogilisi efekte);\u00a0<\/li>\n<li>sotsiaalne \u00f5iglus: k\u00f5ikidel inimestel on v\u00f5rdne \u00f5igus puhtale keskkonnale;\u00a0<\/li>\n<li>keskkonna kaitsmine: loodusressursside s\u00e4ilitamine ja keskkonna kaitsmine;\u00a0<\/li>\n<li>elukvaliteet: inimese elukvaliteet ei saa olla m\u00e4\u00e4ratud kitsalt majanduslike n\u00e4itajatega;\u00a0<\/li>\n<li>osalemine: institutsioonid peavad olema restruktureeritud nii, et k\u00f5ige enam erinevamad seisukohad oleksid kuuldavad poliitiliste otsuste tegemisel. (viidatud l\u00e4bi Tafel ja Terk, 2005).<\/li>\n<li>2015. aastal t\u00f6\u00f6tati v\u00e4lja j\u00e4tkusuutliku arengu eesm\u00e4rgid (ingl. keeles Sustainable Development Goals). Need on loodud 15 aastaks (2015 \u2013 2030), tuues v\u00e4lja 18 erinevat kategooriat (vt. joonis 3).<\/li>\n<\/ul>\n<p>\u00dclemaailmse s\u00e4\u00e4stva arengu tegevuskava peamine eesm\u00e4rk on kaotada k\u00f5ikjal vaesus ning tagada v\u00e4\u00e4rikus ja hea elukvaliteet k\u00f5igile, arvestades samas looduskeskkonna v\u00f5imekusega. Tegevuskava eesm\u00e4rgid keskenduvad olukorra parandamisele nii majandus-, sotsiaal- kui ka keskkonnavaldkonnas. Eesm\u00e4rgid kehtivad k\u00f5ikidele riikidele ning nende elluviimiseks on vaja panust nii valitsustelt kui ka valitsusv\u00e4liselt sektorilt.<\/p>\n<p>Eestis viiakse ellu \u00fclemaailmseid s\u00e4\u00e4stva arengu eesm\u00e4rke pikaajalise strateegia \u201cEesti 2035\u201d alusel koostatud valdkonna arengukavades ja programmides. Eesti s\u00e4\u00e4stva arengu n\u00e4itajate seisu saab vaadata Statistikaameti <a href=\"https:\/\/tamm.stat.ee\/\" target=\"_blank\" rel=\"noopener\">T\u00f5etamme lehelt. (Riigikantselei, 2022)<\/a><\/p>\n<p style=\"margin-bottom: .0001pt; text-align: justify;\"><img loading=\"lazy\" decoding=\"async\" width=\"1191\" height=\"653\" class=\"alignnone wp-image-41\" style=\"width: 1191px; height: 653px;\" title=\"Joonis 3. J\u00e4tkusuutliku arengu eesm\u00e4rgid\" src=\"https:\/\/sisu.ut.ee\/wp-content\/uploads\/sites\/566\/jatkusuutlkik_areng.png\" alt=\"joonis 3\" srcset=\"https:\/\/sisu.ut.ee\/wp-content\/uploads\/sites\/566\/jatkusuutlkik_areng.png 1191w, https:\/\/sisu.ut.ee\/wp-content\/uploads\/sites\/566\/jatkusuutlkik_areng-300x164.png 300w, https:\/\/sisu.ut.ee\/wp-content\/uploads\/sites\/566\/jatkusuutlkik_areng-1024x561.png 1024w, https:\/\/sisu.ut.ee\/wp-content\/uploads\/sites\/566\/jatkusuutlkik_areng-768x421.png 768w\" sizes=\"auto, (max-width: 1191px) 100vw, 1191px\"><\/p>\n<p style=\"margin-bottom: .0001pt; text-align: justify;\"><span lang=\"ET\"><span style=\"line-height: 115%;\">Allikas:Riigikantselei,2022.\u00a0<\/span><\/span><\/p>\n<p style=\"margin-bottom: .0001pt; text-align: justify;\"><a title=\"\" href=\"https:\/\/www.riigikantselei.ee\/sites\/default\/files\/styles\/media_full\/public\/2022-02\/SDG%20KOOS.png?itok=ZeHo4dea\" target=\"_blank\" rel=\"noopener\" data-url=\"https:\/\/www.riigikantselei.ee\/sites\/default\/files\/styles\/media_full\/public\/2022-02\/SDG%20KOOS.png?itok=ZeHo4dea\"><span lang=\"ET\"><span style=\"line-height: 115%;\">https:\/\/www.riigikantselei.ee\/sites\/default\/files\/styles\/media_full\/public\/2022-02\/SDG%20KOOS.png?itok=ZeHo4dea<\/span><\/span><\/a><\/p>\n<div>\n<p>Eesti esitas \u00dcRO-s \u00fclevaate s\u00e4\u00e4stva arengu eesm\u00e4rkide elluviimisest esimest korda 2016. aastal ning teist korda 2020. aastal. Eesti olukorda s\u00e4\u00e4stva arengu eesm\u00e4rkide elluviimisel v\u00f5ib \u00fcldjoontes hinnata heaks. 2021. aastal oli Eesti \u00fclemaailmses s\u00e4\u00e4stva arengu indeksi tabelis 10. kohal.<\/p>\n<p>2020. aasta aruande alusel on Eesti tugevusteks kvaliteetne ja k\u00e4ttesaadav haridus, t\u00f5hus tervishoiukorraldus, k\u00f5rge t\u00f6\u00f6h\u00f5ive ning suur taastuvenergia osat\u00e4htsus energia l\u00f5pptarbimises. Peamised \u00fclesanded, mille osas tuleb j\u00e4tkuvalt pingutada, on soolise v\u00f5rdsuse saavutamine, naiste ja puuetega inimeste vaesusriski v\u00e4hendamine, inimeste tervisen\u00e4itajate parandamine, t\u00f5husa j\u00e4\u00e4tmek\u00e4itluse ning j\u00e4\u00e4tmete ringlusev\u00f5tu tagamine, kasvuhoonegaaside heitkoguste v\u00e4hendamine ja looduse mitmekesisuse hoidmine. (Riigikantselei, 2022)<\/p>\n<hr>\n<p style=\"margin-bottom: .0001pt; text-align: justify;\"><\/p><div class=\"accordion mb-3\">\n        <div class=\"accordion-item accordion-item--white\">\n        <h2 class=\"accordion-header\" id=\"accordion-69df92f361e99-heading\">\n            <button class=\"accordion-button collapsed\" type=\"button\" data-bs-toggle=\"collapse\" data-bs-target=\"#accordion-69df92f361e99-collapse\" aria-expanded=\"true\" aria-controls=\"accordion-69df92f361e99-collapse\"><img loading=\"lazy\" decoding=\"async\" class=\"alignnone wp-image-187\" src=\"https:\/\/sisu.ut.ee\/wp-content\/uploads\/sites\/566\/ulesanne-1024x1024.png\" alt=\"\" width=\"40\" height=\"40\" srcset=\"https:\/\/sisu.ut.ee\/wp-content\/uploads\/sites\/566\/ulesanne-1024x1024.png 1024w, https:\/\/sisu.ut.ee\/wp-content\/uploads\/sites\/566\/ulesanne-300x300.png 300w, https:\/\/sisu.ut.ee\/wp-content\/uploads\/sites\/566\/ulesanne-150x150.png 150w, https:\/\/sisu.ut.ee\/wp-content\/uploads\/sites\/566\/ulesanne-768x768.png 768w, https:\/\/sisu.ut.ee\/wp-content\/uploads\/sites\/566\/ulesanne.png 1080w\" sizes=\"auto, (max-width: 40px) 100vw, 40px\">\u00a0\u00dclesanne 2.2.1 M\u00f5istete kontroll<strong>\u00a0<\/strong><\/button>\n        <\/h2>\n        <div id=\"accordion-69df92f361e99-collapse\" class=\"accordion-collapse collapse\" aria-labelledby=\"accordion-69df92f361e99-heading\">\n            <div class=\"accordion-body\">\n<\/div>\n\n\n<div class=\"h5p-iframe-wrapper\"><div class=\"video-placeholder-wrapper video-placeholder-wrapper--fixed\" style=\"height: 366px;\">\n\t\t\t    <div class=\"video-placeholder d-flex justify-content-center align-items-center\">\n\t\t\t        <div class=\"overlay text-white p-2 w-100 text-center d-block justify-content-center align-items-center\">\n\t\t\t            <div>Kolmandate osapoolte sisu n\u00e4gemiseks palun n\u00f5ustu k\u00fcpsistega.<\/div>\n\t\t\t            <button class=\"btn btn-secondary btn-sm mt-1 consent-change\">Muuda n\u00f5usolekut<\/button>\n\t\t\t        <\/div>\n\t\t\t    <\/div>\n\t\t\t<\/div>\n<\/div>\n\n\n<p><\/p><\/div>\n        <\/div>\n        <\/div>\n    <\/div>\n<div>\n<div id=\"_com_1\" class=\"msocomtxt\">\n<p><\/p><div class=\"accordion mb-3\">\n        <div class=\"accordion-item accordion-item--white\">\n        <h2 class=\"accordion-header\" id=\"accordion-69df92f361e9f-heading\">\n            <button class=\"accordion-button collapsed\" type=\"button\" data-bs-toggle=\"collapse\" data-bs-target=\"#accordion-69df92f361e9f-collapse\" aria-expanded=\"true\" aria-controls=\"accordion-69df92f361e9f-collapse\"><img loading=\"lazy\" decoding=\"async\" class=\"alignnone wp-image-187\" src=\"https:\/\/sisu.ut.ee\/wp-content\/uploads\/sites\/566\/ulesanne-1024x1024.png\" alt=\"\" width=\"40\" height=\"40\" srcset=\"https:\/\/sisu.ut.ee\/wp-content\/uploads\/sites\/566\/ulesanne-1024x1024.png 1024w, https:\/\/sisu.ut.ee\/wp-content\/uploads\/sites\/566\/ulesanne-300x300.png 300w, https:\/\/sisu.ut.ee\/wp-content\/uploads\/sites\/566\/ulesanne-150x150.png 150w, https:\/\/sisu.ut.ee\/wp-content\/uploads\/sites\/566\/ulesanne-768x768.png 768w, https:\/\/sisu.ut.ee\/wp-content\/uploads\/sites\/566\/ulesanne.png 1080w\" sizes=\"auto, (max-width: 40px) 100vw, 40px\">\u00a0\u00dclesanne 2.2.2 J\u00e4tkusuutliku arengu eesm\u00e4rgid<\/button>\n        <\/h2>\n        <div id=\"accordion-69df92f361e9f-collapse\" class=\"accordion-collapse collapse\" aria-labelledby=\"accordion-69df92f361e9f-heading\">\n            <div class=\"accordion-body\">\n\n<div class=\"h5p-iframe-wrapper\"><div class=\"video-placeholder-wrapper video-placeholder-wrapper--fixed\" style=\"height: 366px;\">\n\t\t\t    <div class=\"video-placeholder d-flex justify-content-center align-items-center\">\n\t\t\t        <div class=\"overlay text-white p-2 w-100 text-center d-block justify-content-center align-items-center\">\n\t\t\t            <div>Kolmandate osapoolte sisu n\u00e4gemiseks palun n\u00f5ustu k\u00fcpsistega.<\/div>\n\t\t\t            <button class=\"btn btn-secondary btn-sm mt-1 consent-change\">Muuda n\u00f5usolekut<\/button>\n\t\t\t        <\/div>\n\t\t\t    <\/div>\n\t\t\t<\/div>\n<\/div>\n\n<\/div>\n        <\/div>\n        <\/div>\n    <\/div>\n<p class=\"MsoCommentText\">\u00a0<\/p>\n<\/div>\n<\/div>","protected":false},"excerpt":{"rendered":"<p>\u00a02. J\u00c4TKUSUUTLIKKUS JA J\u00c4TKUSUUTLIK ARENG \u00a0J\u00e4tkusuutlikkusel on eesti keeles mitmeid s\u00fcnon\u00fc\u00fcme ja m\u00f5isteid nagu j\u00e4tkusuutlik ettev\u00f5tlus, j\u00e4tkusuutlik ettev\u00f5te, j\u00e4tkusuutlik areng, vastutustundlik ettev\u00f5tlus ja\/v\u00f5i ettev\u00f5te, (ettev\u00f5tte) sotsiaalne vastutus, ettev\u00f5tte j\u00e4tkusuutlikkus jne. Selguse huvides kasutatakse \u00f5piobjekti raames m\u00f5istet j\u00e4tkusuutlikkus. Enne, kui defineerime, &#8230;<\/p>\n","protected":false},"author":263,"featured_media":0,"parent":0,"menu_order":0,"comment_status":"closed","ping_status":"closed","template":"","meta":{"_acf_changed":false,"inline_featured_image":false,"footnotes":""},"class_list":["post-22","page","type-page","status-publish","hentry"],"acf":[],"_links":{"self":[{"href":"https:\/\/sisu.ut.ee\/edujategu16\/wp-json\/wp\/v2\/pages\/22","targetHints":{"allow":["GET"]}}],"collection":[{"href":"https:\/\/sisu.ut.ee\/edujategu16\/wp-json\/wp\/v2\/pages"}],"about":[{"href":"https:\/\/sisu.ut.ee\/edujategu16\/wp-json\/wp\/v2\/types\/page"}],"author":[{"embeddable":true,"href":"https:\/\/sisu.ut.ee\/edujategu16\/wp-json\/wp\/v2\/users\/263"}],"replies":[{"embeddable":true,"href":"https:\/\/sisu.ut.ee\/edujategu16\/wp-json\/wp\/v2\/comments?post=22"}],"version-history":[{"count":27,"href":"https:\/\/sisu.ut.ee\/edujategu16\/wp-json\/wp\/v2\/pages\/22\/revisions"}],"predecessor-version":[{"id":251,"href":"https:\/\/sisu.ut.ee\/edujategu16\/wp-json\/wp\/v2\/pages\/22\/revisions\/251"}],"wp:attachment":[{"href":"https:\/\/sisu.ut.ee\/edujategu16\/wp-json\/wp\/v2\/media?parent=22"}],"curies":[{"name":"wp","href":"https:\/\/api.w.org\/{rel}","templated":true}]}}