{"id":21,"date":"2024-04-04T08:05:59","date_gmt":"2024-04-04T05:05:59","guid":{"rendered":"https:\/\/sisu.ut.ee\/edujategu16\/133-eetikakoodeksi-taitmine\/"},"modified":"2024-05-10T13:30:08","modified_gmt":"2024-05-10T10:30:08","slug":"133-eetikakoodeksi-taitmine","status":"publish","type":"page","link":"https:\/\/sisu.ut.ee\/edujategu16\/133-eetikakoodeksi-taitmine\/","title":{"rendered":"1.3.3 Eetikakoodeksi t\u00e4itmine"},"content":{"rendered":"<h1 id=\"page-title\"><img loading=\"lazy\" decoding=\"async\" class=\"alignnone wp-image-79\" src=\"https:\/\/sisu.ut.ee\/wp-content\/uploads\/sites\/566\/sissejuhatus-1024x1024.png\" alt=\"\" width=\"50\" height=\"50\">\u00a0<span style=\"color: #28aae1;\">1.3.3. EETIKAKOODEKSI T\u00c4ITMINE<\/span><\/h1>\n<p style=\"margin-bottom: .0001pt; text-align: justify;\"><span style=\"background: white;\"><b><span lang=\"ET\"><span style=\"line-height: 115%;\"><span style=\"color: black;\">Eetikakoodeks, mida ei t\u00e4ideta, toob kahju.<\/span><\/span><\/span><\/b><\/span><\/p>\n<p style=\"margin-bottom: .0001pt; text-align: justify;\"><span style=\"background: white;\"><span lang=\"ET\"><span style=\"line-height: 115%;\"><span style=\"color: black;\">Fiktiivne eetikakoodeks, mida ei t\u00e4ideta ja mis loodi algsest entusiasmist v\u00f5i soovist eetilisema n\u00e4ida (kui ollakse) toob tegelikult hoopis kahju. Kui erakond Res Publica enne 2003. riigikogu valimisi eetikakoodeksi koostas, siis p\u00e4rast valimisi ja v\u00f5imule saamist tuletati seda meedias ebaeetiliste tegude puhul korduvalt meelde. Ministriks saanud Ken-Marti Vaher j\u00e4i juba paar kuud p\u00e4rast valimisi Viljandis kihutamisega vahele. Vaher j\u00e4tkas ministriametis, kuigi ta oli lubanud: \u201c\u2026luban anda endast parima, j\u00e4rgides seadusi ja erakonna eetikakoodeksit\u2026 Kui murran teile antud s\u00f5na, siis astun tagasi, h\u00fcvitan tekitatud kahju ning vabandan teie ning valijate ees.\u201d (Tartu \u00dclikooli eetikakeskus, 2007).<\/span><\/span><\/span><\/span><\/p>\n<p style=\"margin-bottom: .0001pt; text-align: justify;\">\n<\/p><p style=\"margin-bottom: .0001pt; text-align: justify;\"><span style=\"background: white;\"><span lang=\"ET\"><span style=\"line-height: 115%;\"><span style=\"color: black;\">Teistpidi ei saa ka ettev\u00f5tet, kel eetikakoodeks puudub, pidada ebaeetiliseks. Juhtkonna pidev t\u00f6\u00f6 eetika- ja moraalinormide j\u00e4rgimisel v\u00f5ib ettev\u00f5tte tegevuse v\u00e4gagi eetiliseks muuta. Organisatsioonisisene kultuur ongi paljuski selle juhtide n\u00e4gu.<\/span><\/span><\/span><\/span><\/p>\n<p style=\"margin-bottom: .0001pt; text-align: justify;\">\n<\/p><p style=\"margin-bottom: .0001pt; text-align: justify;\"><span style=\"background: white;\"><span lang=\"ET\"><span style=\"line-height: 115%;\"><span style=\"color: black;\">Kui eetikakoodeks on kirja pandud, tuleb selle t\u00e4itmist n\u00f5uda, innustada ja kontrollida. Seda, et eetikakoodeks tegelikult ka t\u00f6\u00f6le hakkaks, m\u00f5jutavad k\u00f5ige enam juhtide eeskuju ja koolitused (Tartu \u00dclikooli eetikakeskus, 2007). <\/span><\/span><\/span><\/span><\/p>\n<p style=\"margin-bottom: .0001pt; text-align: justify;\">\n<\/p><p style=\"margin-bottom: .0001pt; text-align: justify;\"><span style=\"background: white;\"><span lang=\"ET\"><span style=\"line-height: 115%;\"><span style=\"color: black;\">Eetikakoodeksi koostamine on organisatsiooni jaoks vabatahtlik ettev\u00f5tmine ning seda v\u00e4ljaspool organisatsiooni reeglina kinnitada ei ole vaja. Eetikakoodeksi koostamise initsiaatoriks on reeglina organisatsiooni tippjuhtkond, kes selle tihti ise koostab (Meel, 2003).<\/span><\/span><\/span><\/span><\/p>\n<p style=\"margin-bottom: .0001pt; text-align: justify;\">\n<\/p><p style=\"margin-bottom: .0001pt; text-align: justify;\"><span style=\"background: white;\"><span lang=\"ET\"><span style=\"line-height: 115%;\"><span style=\"color: black;\">Kutse- ja ettev\u00f5tete liitude eetikakoodeksid n\u00e4evad \u00fcldiselt ette aukohtu-laadse organi, mis organisatsiooni sees arutab juhtumeid, kus kahtlustatakse eetikakoodeksi rikkumist. J\u00e4rgnevalt on toodud kolme erialaliidu eetikakoodeksite kirjeldused ja m\u00f5juj\u00f5ud.<\/span><\/span><\/span><\/span><\/p>\n<p style=\"margin-bottom: .0001pt; text-align: justify;\">\n<\/p><p style=\"margin-bottom: .0001pt; text-align: justify;\"><span style=\"background: white;\"><b><span lang=\"ET\"><span style=\"line-height: 115%;\"><span style=\"color: black;\">Autoettev\u00f5tete Liidu aukohtusse<\/span><\/span><\/span><\/b><span lang=\"ET\"><span style=\"line-height: 115%;\"><span style=\"color: black;\"> v\u00f5ib p\u00f6\u00f6rduda iga\u00fcks, kes leiab, et tema \u00f5igusi on vastava valdkonna ettev\u00f5tete poolt rikutud. Eetikakoodeks soovitab, et aukohtusse kuuluksid lisaks oma liikmesorganite esindajatele ka n\u00e4iteks majandus- ja kommunikatsiooniministeeriumi ja maksuameti esindajad. Suurt m\u00f5juv\u00f5imu aukohtul pole, ta v\u00f5ib teha taunivaid v\u00f5i mittetaunivaid otsuseid. (Autoettev\u00f5tete Liit, 2022).<\/span><\/span><\/span><\/span><\/p>\n<p style=\"margin-bottom: .0001pt; text-align: justify;\">\n<\/p><p style=\"margin: 0cm; margin-bottom: .0001pt; text-align: justify;\"><span style=\"background: white;\"><span style=\"line-height: 115%;\"><b><span lang=\"ET\" style=\"color: black;\">Pressin\u00f5ukogu<\/span><\/b><span lang=\"ET\" style=\"color: black;\"> on ajakirjanduse eneseregulatsiooni organ, mis pakub lugejatele, kuulajatele ja <\/span>vaatajatele v\u00f5imaluse leida meediaga vastuollu sattunult kohtuv\u00e4liseid lahendusi. Pressin\u00f5ukogu poole v\u00f5ib p\u00f6\u00f6rduda iga\u00fcks, kes tunneb, et tema kohta avaldatud materjalid ei ole koosk\u00f5las ajakirjanduse hea tavaga. Pressin\u00f5ukogu otsused on <b>taunivad<\/b> (kui Pressin\u00f5ukogu tuvastab hea ajakirjandustava rikkumise) v\u00f5i <b>\u00f5igeksm\u00f5istvad<\/b> (kui Pressin\u00f5ukogu ei tuvasta hea ajakirjandustava rikkumist). Ajalehed kohustuvad avaldama tauniva otsuse. Pressin\u00f5ukogu otsused tuleb avaldada muutmata kujul ilma toimetuse kommentaarideta. Veebiv\u00e4ljaanded kohustuvad avaldama tauniva otsuse artikli juures, mille puhul Pressin\u00f5ukogu rikkumise tuvastas ja lisaks viitama otsusele vaidlusaluses artiklis. Ringh\u00e4\u00e4lingujaamad kohustuvad avaldama tauniva otsuse eetris. K\u00f5ik otsused avaldatakse internetis Eesti Meediaettev\u00f5tete Liidu kodulehek\u00fcljel Pressin\u00f5ukogu rubriigis. <\/span><\/span><\/p>\n<p style=\"margin: 0cm; margin-bottom: .0001pt; text-align: justify;\">\n<\/p><p style=\"margin: 0cm; margin-bottom: .0001pt; text-align: justify;\"><span style=\"background: white;\"><span style=\"line-height: 115%;\">Pressin\u00f5ukogu otsused on k\u00e4ttesaadavad siin: <a href=\"https:\/\/meedialiit.ee\/pressinoukogu-otsused\/\" target=\"_blank\" rel=\"noopener\"><span style=\"color: blue;\">Pressin\u00f5ukogu otsused \u2013 Eesti Meediaettev\u00f5tete Liit (meedialiit.ee)<\/span><\/a><\/span><\/span><\/p>\n<p style=\"margin-bottom: .0001pt; text-align: justify;\">\n<\/p><p style=\"margin-bottom: .0001pt; text-align: justify;\"><span style=\"background: white;\"><b><span lang=\"ET\"><span style=\"line-height: 115%;\"><span style=\"color: black;\">Eesti Advokatuuri aukohus<\/span><\/span><\/span><\/b><span lang=\"ET\"><span style=\"line-height: 115%;\"><span style=\"color: black;\"> v\u00f5ib seevastu m\u00e4\u00e4rata nii rahalisi karistusi kui ka patustanuid advokatuurist v\u00e4lja heita (Tartu \u00dclikooli eetikakeskus, 2007). V\u00e4ljaheidetu ei saa Eesti seaduste kohaselt enam advokaadina t\u00f6\u00f6tada. <\/span><\/span><\/span><\/span><\/p>\n<p style=\"margin-bottom: .0001pt; text-align: justify;\"><span style=\"background: white;\"><span lang=\"ET\"><span style=\"line-height: 115%;\"><span style=\"color: black;\">Eesti Advokatuuri aukohtu lahendeid v\u00f5ib n\u00e4ha siin: <\/span><\/span><\/span><a href=\"https:\/\/advokatuur.ee\/est\/advokatuur\/aukohus\/aukohtu-lahendid-2019\/2020\" target=\"_blank\" rel=\"noopener\"><span style=\"line-height: 115%;\">https:\/\/advokatuur.ee\/est\/advokatuur\/aukohus\/aukohtu-lahendid-2019\/2020<\/span><\/a> <\/span><\/p>\n<p style=\"margin-bottom: .0001pt; text-align: justify;\">\n<\/p><p style=\"margin-bottom: .0001pt; text-align: justify;\"><span style=\"background: white;\"><span lang=\"ET\"><span style=\"line-height: 115%;\"><span style=\"color: black;\">Eraettev\u00f5tete eetikakoodeksid v\u00f5ivad samuti s\u00e4testada selle, et koodeksis kehtestatud n\u00f5uete mittej\u00e4rgimisel v\u00f5idakse t\u00f6\u00f6tajat karistada v\u00f5i vallandada.<\/span><\/span><\/span><\/span><\/p>\n<hr>\n","protected":false},"excerpt":{"rendered":"<p>\u00a01.3.3. EETIKAKOODEKSI T\u00c4ITMINE Eetikakoodeks, mida ei t\u00e4ideta, toob kahju. Fiktiivne eetikakoodeks, mida ei t\u00e4ideta ja mis loodi algsest entusiasmist v\u00f5i soovist eetilisema n\u00e4ida (kui ollakse) toob tegelikult hoopis kahju. Kui erakond Res Publica enne 2003. riigikogu valimisi eetikakoodeksi koostas, siis &#8230;<\/p>\n","protected":false},"author":263,"featured_media":0,"parent":0,"menu_order":0,"comment_status":"closed","ping_status":"closed","template":"","meta":{"_acf_changed":false,"inline_featured_image":false,"footnotes":""},"class_list":["post-21","page","type-page","status-publish","hentry"],"acf":[],"_links":{"self":[{"href":"https:\/\/sisu.ut.ee\/edujategu16\/wp-json\/wp\/v2\/pages\/21","targetHints":{"allow":["GET"]}}],"collection":[{"href":"https:\/\/sisu.ut.ee\/edujategu16\/wp-json\/wp\/v2\/pages"}],"about":[{"href":"https:\/\/sisu.ut.ee\/edujategu16\/wp-json\/wp\/v2\/types\/page"}],"author":[{"embeddable":true,"href":"https:\/\/sisu.ut.ee\/edujategu16\/wp-json\/wp\/v2\/users\/263"}],"replies":[{"embeddable":true,"href":"https:\/\/sisu.ut.ee\/edujategu16\/wp-json\/wp\/v2\/comments?post=21"}],"version-history":[{"count":3,"href":"https:\/\/sisu.ut.ee\/edujategu16\/wp-json\/wp\/v2\/pages\/21\/revisions"}],"predecessor-version":[{"id":215,"href":"https:\/\/sisu.ut.ee\/edujategu16\/wp-json\/wp\/v2\/pages\/21\/revisions\/215"}],"wp:attachment":[{"href":"https:\/\/sisu.ut.ee\/edujategu16\/wp-json\/wp\/v2\/media?parent=21"}],"curies":[{"name":"wp","href":"https:\/\/api.w.org\/{rel}","templated":true}]}}