{"id":19,"date":"2024-04-04T08:05:58","date_gmt":"2024-04-04T05:05:58","guid":{"rendered":"https:\/\/sisu.ut.ee\/edujategu16\/131-eetikakoodeksite-jagunemine\/"},"modified":"2024-05-10T13:28:05","modified_gmt":"2024-05-10T10:28:05","slug":"131-eetikakoodeksite-jagunemine","status":"publish","type":"page","link":"https:\/\/sisu.ut.ee\/edujategu16\/131-eetikakoodeksite-jagunemine\/","title":{"rendered":"1.3.1 Eetikakoodeksite jagunemine"},"content":{"rendered":"<h1 id=\"page-title\"><img loading=\"lazy\" decoding=\"async\" class=\"alignnone wp-image-79\" src=\"https:\/\/sisu.ut.ee\/wp-content\/uploads\/sites\/566\/sissejuhatus-1024x1024.png\" alt=\"\" width=\"50\" height=\"50\">\u00a0<span style=\"color: #28aae1;\">1.3.1. EETIKAKOODEKSITE JAGUNEMINE<\/span><\/h1>\n<p style=\"margin-bottom: .0001pt; text-align: justify;\"><span lang=\"ET\"><span style=\"line-height: 115%;\">Sisu j\u00e4rgi saab eetikakoodekseid jagada selle p\u00f5hjal, milline on nende iseloom: <\/span><\/span><\/p>\n<ul>\n<li style=\"margin-bottom: .0001pt; text-align: justify;\"><b><span lang=\"ET\"><span style=\"line-height: 115%;\">Normatiivsed. <\/span><\/span><\/b><span lang=\"ET\"><span style=\"line-height: 115%;\">Normatiivne eetikakoodeks sisaldab k\u00e4itumisnorme, mille t\u00e4itmist rangelt oodatakse. Levinud on kirjelduse negatiivne vorm (\u201eei tohi\u201d, \u201epole lubatud\u201d jne). Tavaliselt koostab sellise koodeksi tippjuhtkond, kes kontrollib ka selle t\u00e4itmist. Rahvusvahelised ettev\u00f5tted v\u00f5ib moraalipoliitika j\u00e4rgi jagada kaheks: pol\u00fctsentristlikud, kus emafirma ei suru t\u00fctarfirmadele midagi peale, ja etnotsentristlikud, kus emafirma p\u00fc\u00fcab tagada \u00fchtlase k\u00e4itumispoliitika kogu korporatsiooni ulatuses, s\u00f5ltumata selle asukohariigi kultuurist. <\/span><\/span><\/li>\n<\/ul>\n<p style=\"margin-bottom: .0001pt; text-align: justify;\"><span lang=\"ET\"><span style=\"line-height: 115%;\">Viimased koostavad endale tavaliselt p\u00f5hjalikke normatiivseid koodekseid, et kindlustada erinevates riikides \u00fchtne k\u00e4itumispoliitika ning anda juhiseid t\u00f6\u00f6tajale teatud olukordades k\u00e4itumiseks. <\/span><\/span><\/p>\n<p style=\"margin-bottom: .0001pt; text-align: justify;\"><span lang=\"ET\"><span style=\"line-height: 115%;\">\u2013 <\/span><\/span><b><span lang=\"ET\"><span style=\"line-height: 115%;\">V\u00e4\u00e4rtustele tuginevad. <\/span><\/span><\/b><span lang=\"ET\"><span style=\"line-height: 115%;\">V\u00e4\u00e4rtustele tuginevad koodeksid on deklaratsioonid ettev\u00f5tte moraalipoliitika kohta. Tavaliselt on need l\u00fchikesed ja \u00fclds\u00f5nalised, mist\u00f5ttu need on normatiivsetega v\u00f5rreldes kestvamad, kuna \u00fclds\u00f5nalisi deklaratsioone pole vaja nii tihti muuta kui detailseid koodekseid.<\/span><\/span><\/p>\n<ul>\n<li style=\"margin-bottom: .0001pt; text-align: justify;\"><b><span lang=\"ET\"><span style=\"line-height: 115%;\">Sotsiaalseid kohustusi v\u00f5tvad.<\/span><\/span><\/b><span lang=\"ET\"><span style=\"line-height: 115%;\"> Sotsiaalseid kohustusi v\u00f5tvates ehk v\u00e4ljapoole suunatud koodeksites deklareeritakse, millised kohustused organisatsioon \u00fchiskonna ees v\u00f5tab. Nende organisatsioonide tegevus m\u00f5jutab sageli \u00fchiskonda laiemalt (nt arstid, advokaadid).<\/span><\/span><br>\n<hr>\n<ul class=\"sub-menu active\">\n<li id=\"menu-item-61\" class=\"menu-item menu-item-type-post_type menu-item-object-page menu-item-61\"><a href=\"https:\/\/sisu.ut.ee\/edujategu16\/132-eetikakoodeksi-koostamise-pohjused-ja-vajadus\/\">1.3.2 Eetikakoodeksi koostamise p\u00f5hjused ja vajadus<\/a><\/li>\n<li id=\"menu-item-62\" class=\"menu-item menu-item-type-post_type menu-item-object-page menu-item-62\"><a href=\"https:\/\/sisu.ut.ee\/edujategu16\/133-eetikakoodeksi-taitmine\/\">1.3.3 Eetikakoodeksi t\u00e4itmine<\/a><\/li>\n<\/ul>\n<\/li>\n<\/ul>\n","protected":false},"excerpt":{"rendered":"<p>\u00a01.3.1. EETIKAKOODEKSITE JAGUNEMINE Sisu j\u00e4rgi saab eetikakoodekseid jagada selle p\u00f5hjal, milline on nende iseloom: Normatiivsed. Normatiivne eetikakoodeks sisaldab k\u00e4itumisnorme, mille t\u00e4itmist rangelt oodatakse. Levinud on kirjelduse negatiivne vorm (\u201eei tohi\u201d, \u201epole lubatud\u201d jne). Tavaliselt koostab sellise koodeksi tippjuhtkond, kes kontrollib &#8230;<\/p>\n","protected":false},"author":263,"featured_media":0,"parent":0,"menu_order":0,"comment_status":"closed","ping_status":"closed","template":"","meta":{"_acf_changed":false,"inline_featured_image":false,"footnotes":""},"class_list":["post-19","page","type-page","status-publish","hentry"],"acf":[],"_links":{"self":[{"href":"https:\/\/sisu.ut.ee\/edujategu16\/wp-json\/wp\/v2\/pages\/19","targetHints":{"allow":["GET"]}}],"collection":[{"href":"https:\/\/sisu.ut.ee\/edujategu16\/wp-json\/wp\/v2\/pages"}],"about":[{"href":"https:\/\/sisu.ut.ee\/edujategu16\/wp-json\/wp\/v2\/types\/page"}],"author":[{"embeddable":true,"href":"https:\/\/sisu.ut.ee\/edujategu16\/wp-json\/wp\/v2\/users\/263"}],"replies":[{"embeddable":true,"href":"https:\/\/sisu.ut.ee\/edujategu16\/wp-json\/wp\/v2\/comments?post=19"}],"version-history":[{"count":3,"href":"https:\/\/sisu.ut.ee\/edujategu16\/wp-json\/wp\/v2\/pages\/19\/revisions"}],"predecessor-version":[{"id":212,"href":"https:\/\/sisu.ut.ee\/edujategu16\/wp-json\/wp\/v2\/pages\/19\/revisions\/212"}],"wp:attachment":[{"href":"https:\/\/sisu.ut.ee\/edujategu16\/wp-json\/wp\/v2\/media?parent=19"}],"curies":[{"name":"wp","href":"https:\/\/api.w.org\/{rel}","templated":true}]}}