{"id":18,"date":"2024-04-04T08:05:58","date_gmt":"2024-04-04T05:05:58","guid":{"rendered":"https:\/\/sisu.ut.ee\/edujategu16\/13-eetikakoodeks\/"},"modified":"2024-05-10T12:08:51","modified_gmt":"2024-05-10T09:08:51","slug":"13-eetikakoodeks","status":"publish","type":"page","link":"https:\/\/sisu.ut.ee\/edujategu16\/13-eetikakoodeks\/","title":{"rendered":"1.3. Eetikakoodeks"},"content":{"rendered":"<h1 id=\"page-title\"><img loading=\"lazy\" decoding=\"async\" class=\"alignnone wp-image-79\" src=\"https:\/\/sisu.ut.ee\/wp-content\/uploads\/sites\/566\/sissejuhatus-1024x1024.png\" alt=\"\" width=\"50\" height=\"50\">\u00a0<span style=\"color: #28aae1;\">1.3. EETIKAKOODEKS<\/span><\/h1>\n<p style=\"margin-bottom: .0001pt; text-align: justify;\"><span lang=\"ET\"><span style=\"line-height: 115%;\">Eetikakoodeks on kirja pandud k\u00e4itumisjuhis. Koodeksites m\u00e4\u00e4ratletud tavade \u00fchised jooned on kliendi huvide kaitse (konfidentsiaalsus, ausus, lubaduste t\u00e4itmine), reklaamimise ja informeerimise adekvaatsus, selged p\u00f5him\u00f5tted tasu m\u00e4\u00e4ramiseks ning konkurentide kritiseerimisest hoidumine; professionaalilt eeldatakse lojaalsust t\u00f6\u00f6andjale v\u00f5i kutseliidule, seaduskuulekust, vajalike kutseoskuste olemasolu ja t\u00e4iendamist, t\u00f6\u00f6taja peab hoiduma kingituste vastuv\u00f5tmisest ja t\u00f6\u00f6alase teabe tarvitamisest isikliku kasu saamiseks ning teavitama m\u00e4rgatud eksimustest. V\u00e4\u00e4rtuste deklaratsioonid sisaldavad sageli lisaks ka erinevate kultuuritraditsioonide austamise, keskkonnas\u00f5bralikkuse ja \u00fchiskonna heaoluga seotud v\u00e4\u00e4rtusi.<\/span><\/span><\/p>\n<p style=\"margin-bottom: .0001pt; text-align: justify;\">\u00a0<\/p>\n<p style=\"margin-bottom: 0.0001pt;\"><span lang=\"ET\"><span style=\"line-height: 115%;\">N\u00e4iteks v\u00f5ib tuua j\u00e4rgnevaid Eestis kehtivaid eetikakoodekseid:<\/span><\/span><\/p>\n<p style=\"margin-bottom: 0.0001pt;\"><span lang=\"ET\"><span style=\"line-height: 115%;\">Eesti arstieetika koodeks <\/span><\/span><a title=\"\" href=\"https:\/\/arstideliit.ee\/wp-content\/uploads\/2011\/10\/Eesti_arstieetika_koodeks.pdf\" target=\"_blank\" rel=\"noopener\" data-url=\"https:\/\/arstideliit.ee\/wp-content\/uploads\/2011\/10\/Eesti_arstieetika_koodeks.pdf\"><span style=\"line-height: 115%;\">https:\/\/arstideliit.ee\/wp-content\/uploads\/2011\/10\/Eesti_arstieetika_koodeks.pdf<\/span><\/a><\/p>\n<p style=\"margin-bottom: 0.0001pt;\"><span lang=\"ET\"><span style=\"line-height: 115%;\">Vanglateenistuja eetikakoodeks <\/span><\/span><a title=\"\" href=\"https:\/\/www.vangla.ee\/et\/karjaar-ja-tookohad\/vanglateenistuja-eetikakoodeks\" target=\"_blank\" rel=\"noopener\" data-url=\"https:\/\/www.vangla.ee\/et\/karjaar-ja-tookohad\/vanglateenistuja-eetikakoodeks\"><span style=\"line-height: 115%;\">https:\/\/www.vangla.ee\/et\/karjaar-ja-tookohad\/vanglateenistuja-eetikakoodeks<\/span><\/a><\/p>\n<p style=\"margin-bottom: 0.0001pt;\"><span lang=\"ET\"><span style=\"line-height: 115%;\">Sotsiaalala t\u00f6\u00f6taja eetikakoodeks <\/span><\/span><a title=\"\" href=\"https:\/\/www.eswa.ee\/wp-content\/uploads\/2016\/11\/Eetikakoodeks_Avaldatud-ST.pdf\" target=\"_blank\" rel=\"noopener\" data-url=\"https:\/\/www.eswa.ee\/wp-content\/uploads\/2016\/11\/Eetikakoodeks_Avaldatud-ST.pdf\"><span style=\"line-height: 115%;\">https:\/\/www.eswa.ee\/wp-content\/uploads\/2016\/11\/Eetikakoodeks_Avaldatud-ST.pdf<\/span><\/a><\/p>\n<p style=\"margin-bottom: 0.0001pt;\"><span lang=\"ET\"><span style=\"line-height: 115%;\">Eesti \u00f5petajaeetika koodeks <\/span><\/span><a title=\"\" href=\"http:\/\/www.opetajateliit.ee\/?page_id=287\" target=\"_blank\" rel=\"noopener\" data-url=\"http:\/\/www.opetajateliit.ee\/?page_id=287\"><span style=\"line-height: 115%;\">http:\/\/www.opetajateliit.ee\/?page_id=287<\/span><\/a><\/p>\n<p style=\"margin-bottom: 0.0001pt;\"><span lang=\"ET\"><span style=\"line-height: 115%;\">Ametniku eetikakoodeks <\/span><\/span><\/p>\n<p style=\"margin-bottom: 0.0001pt;\"><a title=\"\" href=\"https:\/\/www.rahandusministeerium.ee\/sites\/default\/files\/ametniku_eetikakoodeks_20.02.2017.pdf\" target=\"_blank\" rel=\"noopener\" data-url=\"https:\/\/www.rahandusministeerium.ee\/sites\/default\/files\/ametniku_eetikakoodeks_20.02.2017.pdf\"><span style=\"line-height: 115%;\">https:\/\/www.rahandusministeerium.ee\/sites\/default\/files\/ametniku_eetikakoodeks_20.02.2017.pdf<\/span><\/a><\/p>\n<p style=\"margin-bottom: 0.0001pt;\"><span lang=\"ET\"><span style=\"line-height: 115%;\">Eesti Advokatuuri Aukohus <\/span><\/span><a title=\"\" href=\"https:\/\/advokatuur.ee\/est\/advokatuur\/oigusaktid\/eetikakoodeks\" target=\"_blank\" rel=\"noopener\" data-url=\"https:\/\/advokatuur.ee\/est\/advokatuur\/oigusaktid\/eetikakoodeks\"><span style=\"line-height: 115%;\">https:\/\/advokatuur.ee\/est\/advokatuur\/oigusaktid\/eetikakoodeks<\/span><\/a><\/p>\n<p style=\"margin-bottom: 0.0001pt;\"><span lang=\"ET\"><span style=\"line-height: 115%;\">Vedaja eetikakoodeks <\/span><\/span><a title=\"\" href=\"https:\/\/autoettevoteteliit.ee\/eetikakoodeks\/\" target=\"_blank\" rel=\"noopener\" data-url=\"https:\/\/autoettevoteteliit.ee\/eetikakoodeks\/\"><span style=\"line-height: 115%;\">https:\/\/autoettevoteteliit.ee\/eetikakoodeks\/<\/span><\/a><\/p>\n<hr>\n<p><a href=\"https:\/\/sisu.ut.ee\/edujategu16\/131-eetikakoodeksite-jagunemine\/\">1.3.1 Eetikakoodeksite jagunemine<\/a><\/p>\n<p><a href=\"https:\/\/sisu.ut.ee\/edujategu16\/132-eetikakoodeksi-koostamise-pohjused-ja-vajadus\/\">1.3.2 Eetikakoodeksi koostamise p\u00f5hjused ja vajadus<\/a><\/p>\n<p><a href=\"https:\/\/sisu.ut.ee\/edujategu16\/133-eetikakoodeksi-taitmine\/\">1.3.3 Eetikakoodeksi t\u00e4itmine<\/a><\/p>\n<hr>\n<p><\/p><div class=\"accordion mb-3\">\n        <div class=\"accordion-item accordion-item--white\">\n        <h2 class=\"accordion-header\" id=\"accordion-69df5503519a2-heading\">\n            <button class=\"accordion-button collapsed\" type=\"button\" data-bs-toggle=\"collapse\" data-bs-target=\"#accordion-69df5503519a2-collapse\" aria-expanded=\"true\" aria-controls=\"accordion-69df5503519a2-collapse\">\u00a0\u00dclesanne 1.3.1 Faktikontroll<\/button>\n        <\/h2>\n        <div id=\"accordion-69df5503519a2-collapse\" class=\"accordion-collapse collapse\" aria-labelledby=\"accordion-69df5503519a2-heading\">\n            <div class=\"accordion-body\">\n<p>\u00a0<\/p>\n\n\n<div class=\"h5p-iframe-wrapper\"><div class=\"video-placeholder-wrapper video-placeholder-wrapper--fixed\" style=\"height: 366px;\">\n\t\t\t    <div class=\"video-placeholder d-flex justify-content-center align-items-center\">\n\t\t\t        <div class=\"overlay text-white p-2 w-100 text-center d-block justify-content-center align-items-center\">\n\t\t\t            <div>Kolmandate osapoolte sisu n\u00e4gemiseks palun n\u00f5ustu k\u00fcpsistega.<\/div>\n\t\t\t            <button class=\"btn btn-secondary btn-sm mt-1 consent-change\">Muuda n\u00f5usolekut<\/button>\n\t\t\t        <\/div>\n\t\t\t    <\/div>\n\t\t\t<\/div>\n<\/div>\n\n\n<p><\/p><\/div>\n        <\/div>\n        <\/div>\n    <\/div>\n","protected":false},"excerpt":{"rendered":"<p>\u00a01.3. EETIKAKOODEKS Eetikakoodeks on kirja pandud k\u00e4itumisjuhis. Koodeksites m\u00e4\u00e4ratletud tavade \u00fchised jooned on kliendi huvide kaitse (konfidentsiaalsus, ausus, lubaduste t\u00e4itmine), reklaamimise ja informeerimise adekvaatsus, selged p\u00f5him\u00f5tted tasu m\u00e4\u00e4ramiseks ning konkurentide kritiseerimisest hoidumine; professionaalilt eeldatakse lojaalsust t\u00f6\u00f6andjale v\u00f5i kutseliidule, seaduskuulekust, vajalike &#8230;<\/p>\n","protected":false},"author":263,"featured_media":0,"parent":0,"menu_order":0,"comment_status":"closed","ping_status":"closed","template":"","meta":{"_acf_changed":false,"inline_featured_image":false,"footnotes":""},"class_list":["post-18","page","type-page","status-publish","hentry"],"acf":[],"_links":{"self":[{"href":"https:\/\/sisu.ut.ee\/edujategu16\/wp-json\/wp\/v2\/pages\/18","targetHints":{"allow":["GET"]}}],"collection":[{"href":"https:\/\/sisu.ut.ee\/edujategu16\/wp-json\/wp\/v2\/pages"}],"about":[{"href":"https:\/\/sisu.ut.ee\/edujategu16\/wp-json\/wp\/v2\/types\/page"}],"author":[{"embeddable":true,"href":"https:\/\/sisu.ut.ee\/edujategu16\/wp-json\/wp\/v2\/users\/263"}],"replies":[{"embeddable":true,"href":"https:\/\/sisu.ut.ee\/edujategu16\/wp-json\/wp\/v2\/comments?post=18"}],"version-history":[{"count":7,"href":"https:\/\/sisu.ut.ee\/edujategu16\/wp-json\/wp\/v2\/pages\/18\/revisions"}],"predecessor-version":[{"id":211,"href":"https:\/\/sisu.ut.ee\/edujategu16\/wp-json\/wp\/v2\/pages\/18\/revisions\/211"}],"wp:attachment":[{"href":"https:\/\/sisu.ut.ee\/edujategu16\/wp-json\/wp\/v2\/media?parent=18"}],"curies":[{"name":"wp","href":"https:\/\/api.w.org\/{rel}","templated":true}]}}