{"id":14,"date":"2024-04-04T08:05:58","date_gmt":"2024-04-04T05:05:58","guid":{"rendered":"https:\/\/sisu.ut.ee\/edujategu16\/eetika-seosed\/"},"modified":"2024-05-13T09:09:03","modified_gmt":"2024-05-13T06:09:03","slug":"eetika-seosed","status":"publish","type":"page","link":"https:\/\/sisu.ut.ee\/edujategu16\/eetika-seosed\/","title":{"rendered":"Eetika seosed"},"content":{"rendered":"<h1 class=\"wp-block-heading\" id=\"page-title\"><img loading=\"lazy\" decoding=\"async\" class=\"alignnone wp-image-79\" src=\"https:\/\/sisu.ut.ee\/wp-content\/uploads\/sites\/566\/sissejuhatus-1024x1024.png\" alt=\"\" width=\"50\" height=\"50\">\u00a0<span style=\"color: #28aae1;\">EETIKA SEOSED<\/span><\/h1>\n\n\n\n<p><img loading=\"lazy\" decoding=\"async\" class=\"alignnone wp-image-189\" src=\"https:\/\/sisu.ut.ee\/wp-content\/uploads\/sites\/566\/sissejuhatus-1024x1024.png\" alt=\"\" width=\"40\" height=\"40\" srcset=\"https:\/\/sisu.ut.ee\/wp-content\/uploads\/sites\/566\/sissejuhatus-1024x1024.png 1024w, https:\/\/sisu.ut.ee\/wp-content\/uploads\/sites\/566\/sissejuhatus-300x300.png 300w, https:\/\/sisu.ut.ee\/wp-content\/uploads\/sites\/566\/sissejuhatus-150x150.png 150w, https:\/\/sisu.ut.ee\/wp-content\/uploads\/sites\/566\/sissejuhatus-768x768.png 768w, https:\/\/sisu.ut.ee\/wp-content\/uploads\/sites\/566\/sissejuhatus.png 1080w\" sizes=\"auto, (max-width: 40px) 100vw, 40px\">\u00a0<span style=\"background: white;\"><b><span lang=\"ET\"><span style=\"line-height: 115%;\"><span style=\"color: black;\">Eetika seosed <\/span><\/span><\/span><\/b><\/span><\/p>\n\n\n\n<p><span style=\"background: white;\"><span lang=\"ET\"><span style=\"line-height: 115%;\"><span style=\"color: black;\">Eetikaga on seotud moraal, religioon ja etikett. Kuigi eetikat ja moraali kiputakse omavahel segamini ajama, siis vaatleme moraali, religiooni ja etiketi m\u00f5isteid. <\/span><\/span><\/span><\/span><\/p>\n\n\n\n<p><span style=\"background: white;\"><span lang=\"ET\"><span style=\"line-height: 115%;\"><span style=\"color: black;\">Erinevad eetika uurijad on eetikat ja moraali kas samastanud v\u00f5i leidnud terminite sisus erinevusi. K\u00e4esolevas \u00f5piobjektis neil vahet ei tee ja kasutatakse terminit \u201ceetika.\u201d Moraal tuleb ladinakeelsest s\u00f5nast \u201cmoralis\u201d \u2013 kombeline. Termini v\u00f5ttis kasutusele Cicero 300 a p\u00e4rast Aristotelest. <b>Moraal <\/b>on normide kogum, mis reguleerib inimese k\u00e4itumist mingi sotsiaalse grupi koosseisus ja m\u00e4\u00e4rab tema suhtumise teistesse inimestesse ja gruppidesse. <\/span><\/span><\/span><\/span><\/p>\n\n\n\n<p><span style=\"background: white;\"><span lang=\"ET\"><span style=\"line-height: 115%;\"><span style=\"color: black;\">A. H. Tammsaare on kirjutanud viieosalise suurteose \u00f5igusest ja \u00f5iglusest. \u00d5igusel ja seadustel on eetika ja moraaliga k\u00fcll kokkupuutepunkte, kuid neid ei saa samastada. Juba enne seaduste kehtestamist allusid inimesed kommetele ja elukorraldust reguleerinud tavadele. T\u00e4nap\u00e4eval leidub tegevusi, mis on k\u00fcll ebaseaduslikud, kuid ei ole ebaeetilised. N\u00e4iteks kiiruse \u00fcletamine raskesti haige inimese haiglasse toimetamiseks (Tartu \u00dclikooli eetikakeskus 2007).<\/span><\/span><\/span><\/span><\/p>\n\n\n\n<p><img loading=\"lazy\" decoding=\"async\" width=\"40\" height=\"40\" class=\"alignnone wp-image-189\" src=\"https:\/\/sisu.ut.ee\/wp-content\/uploads\/sites\/566\/sissejuhatus-1024x1024.png\" alt=\"\" srcset=\"https:\/\/sisu.ut.ee\/wp-content\/uploads\/sites\/566\/sissejuhatus-1024x1024.png 1024w, https:\/\/sisu.ut.ee\/wp-content\/uploads\/sites\/566\/sissejuhatus-300x300.png 300w, https:\/\/sisu.ut.ee\/wp-content\/uploads\/sites\/566\/sissejuhatus-150x150.png 150w, https:\/\/sisu.ut.ee\/wp-content\/uploads\/sites\/566\/sissejuhatus-768x768.png 768w, https:\/\/sisu.ut.ee\/wp-content\/uploads\/sites\/566\/sissejuhatus.png 1080w\" sizes=\"auto, (max-width: 40px) 100vw, 40px\"><span style=\"line-height: 115%;\"><strong>Religioon<\/strong> <\/span><span lang=\"ET\"><span style=\"line-height: 115%;\">on ajalooliselt m\u00f5jutanud eetikanormide kujunemist. <span style=\"color: black;\">Kuigi paljud religiooni k\u00e4itumisnormid on \u00fchiskonna koostoimimiseks vajalikud (n\u00e4iteks k\u00fcmnes k\u00e4sus kirjas olevad keelud tappa ja varastada), siis need on ilmutuslikud: antud inimestele jumaliku ilmutuse l\u00e4bi ning kirja pandud p\u00fchakirjas. Eetika normid on seevastu m\u00f5istusel p\u00f5hinevad.<\/span><\/span><\/span><\/p>\n\n\n\n<p><img loading=\"lazy\" decoding=\"async\" class=\"alignnone wp-image-189\" src=\"https:\/\/sisu.ut.ee\/wp-content\/uploads\/sites\/566\/sissejuhatus-1024x1024.png\" alt=\"\" width=\"40\" height=\"40\" srcset=\"https:\/\/sisu.ut.ee\/wp-content\/uploads\/sites\/566\/sissejuhatus-1024x1024.png 1024w, https:\/\/sisu.ut.ee\/wp-content\/uploads\/sites\/566\/sissejuhatus-300x300.png 300w, https:\/\/sisu.ut.ee\/wp-content\/uploads\/sites\/566\/sissejuhatus-150x150.png 150w, https:\/\/sisu.ut.ee\/wp-content\/uploads\/sites\/566\/sissejuhatus-768x768.png 768w, https:\/\/sisu.ut.ee\/wp-content\/uploads\/sites\/566\/sissejuhatus.png 1080w\" sizes=\"auto, (max-width: 40px) 100vw, 40px\">\u00a0<b><span lang=\"ET\"><span style=\"line-height: 115%;\">Etiketi <\/span><\/span><\/b><span lang=\"ET\"><span style=\"line-height: 115%;\">all m\u00f5eldakse kultuuri poolt m\u00e4\u00e4ratletud k\u00e4itumisreegleid: mis on viisakas ja ebaviisakas. J\u00e4rjekindlat etiketi eiramist v\u00f5ib siiski m\u00f5ne eetikateooria kohaselt pidada ka ebaeetiliseks.<b> <\/b>Etiketi reeglitel pole siiski moraalset \u00fclimuslikkust.<\/span><\/span><\/p>\n\n\n\n<p><span lang=\"ET\"><span style=\"line-height: 115%;\">J\u00e4rgnevas tabelis on toodud eetika, religiooni, seaduse ja etiketi omavahelised seosed.<\/span><\/span><\/p>\n\n\n\n<p><b><span lang=\"ET\"><span style=\"line-height: 115%;\">Tabel 2. <\/span><\/span><\/b><span lang=\"ET\"><span style=\"line-height: 115%;\">Eetika, religiooni, seaduse ja etiketi vahekord<\/span><\/span><\/p>\n\n\n\n<figure class=\"wp-block-table\"><table class=\"table table-hover\"><tbody><tr><td><b><span lang=\"ET\"><span style=\"line-height: 115%;\"><span style=\"color: black;\">Valdkond<\/span><\/span><\/span><\/b><\/td><td><b><span lang=\"ET\"><span style=\"line-height: 115%;\"><span style=\"color: black;\">Normatiivsed\u00a0 \u00a0 \u00a0 vastandid<\/span><\/span><\/span><\/b><\/td><td><b><span lang=\"ET\"><span style=\"line-height: 115%;\"><span style=\"color: black;\">Sanktsioonid<\/span><\/span><\/span><\/b><\/td><\/tr><tr><td><span style=\"height: 37.1pt;\"><b><span lang=\"ET\"><span style=\"line-height: 115%;\"><span style=\"color: black;\">Eetika<\/span><\/span><\/span><\/b><\/span><\/td><td><span style=\"height: 37.1pt;\"><span lang=\"ET\"><span style=\"line-height: 115%;\"><span style=\"color: black;\">\u00f5ige ja v\u00e4\u00e4r, nagu neid m\u00e4\u00e4ratlevad s\u00fcdametunnistus v\u00f5i m\u00f5istus<\/span><\/span><\/span><\/span><\/td><td>\n<p>s\u00fcdametunnistus, kiitus ja laitus, reputatsioon<\/p>\n<\/td><\/tr><tr><td><span style=\"height: 40.9pt;\"><b><span lang=\"ET\"><span style=\"line-height: 115%;\"><span style=\"color: black;\">Religioon<\/span><\/span><\/span><\/b><\/span><\/td><td><span style=\"height: 40.9pt;\"><span lang=\"ET\"><span style=\"line-height: 115%;\"><span style=\"color: black;\">\u00f5ige ja v\u00e4\u00e4r (patt), nagu neid m\u00e4\u00e4ratleb usuline autoriteet<\/span><\/span><\/span><\/span><\/td><td><span style=\"height: 40.9pt;\"><span lang=\"ET\"><span style=\"line-height: 115%;\"><span style=\"color: black;\">s\u00fcdametunnistus \u2013 igavene tasu ja karistus \u00fcleloomuliku toimija v\u00f5i j\u00f5u poolt<\/span><\/span><\/span><\/span><\/td><\/tr><tr><td><span style=\"height: 33.75pt;\"><b><span lang=\"ET\"><span style=\"line-height: 115%;\"><span style=\"color: black;\">Seadus<\/span><\/span><\/span><\/b><\/span><\/td><td><span style=\"height: 33.75pt;\"><span lang=\"ET\"><span style=\"line-height: 115%;\"><span style=\"color: black;\">seaduslik ja ebaseaduslik, nagu neid m\u00e4\u00e4ratlevad kohtuorganid<\/span><\/span><\/span><\/span><\/td><td><span style=\"height: 33.75pt;\"><span lang=\"ET\"><span style=\"line-height: 115%;\"><span style=\"color: black;\">eadusandliku kogu poolt m\u00e4\u00e4ratud karistused<\/span><\/span><\/span><\/span><\/td><\/tr><tr><td><span style=\"height: 34.85pt;\"><b><span lang=\"ET\"><span style=\"line-height: 115%;\"><span style=\"color: black;\">Etikett<\/span><\/span><\/span><\/b><\/span><\/td><td><span style=\"height: 34.85pt;\"><span lang=\"ET\"><span style=\"line-height: 115%;\"><span style=\"color: black;\">sobiv ja ebasobiv, nagu see on kultuuris m\u00e4\u00e4ratletud<\/span><\/span><\/span><\/span><\/td><td>\n<table class=\"table table-hover\" style=\"width: 467.8pt; border-collapse: collapse; border: none;\" width=\"624\">\n<tbody>\n<tr style=\"height: 34.85pt;\">\n<td style=\"width: 219.7pt; border: none; border-bottom: solid#8baa001.0pt;\" width=\"293\">\n<p style=\"margin-bottom: 0cm; text-align: justify; padding: .75pt.75pt.75pt.75pt;\"><span style=\"height: 34.85pt;\"><span lang=\"ET\"><span style=\"line-height: 115%;\"><span style=\"color: black;\">\u00fchiskondlik halvakspanu<\/span><\/span><\/span><\/span><\/p>\n<\/td>\n<\/tr>\n<\/tbody>\n<\/table>\n<\/td><\/tr><\/tbody><\/table><figcaption class=\"wp-element-caption\">Allikas:<strong> <\/strong>(Pojman 2005)<\/figcaption><\/figure>\n\n\n\n<p><\/p>\n\n\n\n<hr class=\"wp-block-separator has-alpha-channel-opacity\">\n\n\n\n<p><img loading=\"lazy\" decoding=\"async\" class=\"alignnone wp-image-189\" src=\"https:\/\/sisu.ut.ee\/wp-content\/uploads\/sites\/566\/sissejuhatus-1024x1024.png\" alt=\"\" width=\"40\" height=\"40\" srcset=\"https:\/\/sisu.ut.ee\/wp-content\/uploads\/sites\/566\/sissejuhatus-1024x1024.png 1024w, https:\/\/sisu.ut.ee\/wp-content\/uploads\/sites\/566\/sissejuhatus-300x300.png 300w, https:\/\/sisu.ut.ee\/wp-content\/uploads\/sites\/566\/sissejuhatus-150x150.png 150w, https:\/\/sisu.ut.ee\/wp-content\/uploads\/sites\/566\/sissejuhatus-768x768.png 768w, https:\/\/sisu.ut.ee\/wp-content\/uploads\/sites\/566\/sissejuhatus.png 1080w\" sizes=\"auto, (max-width: 40px) 100vw, 40px\"> <span style=\"background: white;\"><b><span lang=\"ET\"><span style=\"line-height: 115%;\"><span style=\"color: black;\">Eetika aluseks on v\u00e4\u00e4rtused ja v\u00e4\u00e4rtushinnangud.<\/span><\/span><\/span><\/b><span lang=\"ET\"><span style=\"line-height: 115%;\"><span style=\"color: black;\"> V\u00e4\u00e4rtuste n\u00e4iteks on elu, armastussuhted, vabadus, privaatsus, \u00f5nn, usaldus, loominguline tegevus, ausus, tervis, majanduslik turvatunne. V\u00e4\u00e4rtused on need, mida inimesed ihaldavad ning mis teevad elu elamisv\u00e4\u00e4rseks (Pojman 2005).<\/span><\/span><\/span><\/span><\/p>\n\n\n\n<p><span style=\"background: white;\"><span lang=\"ET\"><span style=\"line-height: 115%;\"><span style=\"color: black;\">\u00c4rieetikas on kolm peamist v\u00e4\u00e4rtust, millest l\u00e4htuda: kasum, klient ja tema heaolu ning keskkond. Samaaegselt k\u00f5iki kolme t\u00e4ies mahus saavutada pole v\u00f5imalik. Erinevates \u00e4rikultuurides on prioriteedid erinevad. (Noorm\u00e4gi, 2008)<\/span><\/span><\/span><\/span><\/p>\n\n\n\n<p><span style=\"background: white;\"><b><span lang=\"ET\"><span style=\"line-height: 115%;\"><span style=\"color: black;\">Tabel 3.<\/span><\/span><\/span><\/b><span lang=\"ET\"><span style=\"line-height: 115%;\"><span style=\"color: black;\"> V\u00e4\u00e4rtuste v\u00f5rdlus l\u00e4htuvalt geograafilisest asukohast<\/span><\/span><\/span><\/span><\/p>\n\n\n\n<figure class=\"wp-block-table\"><table class=\"table table-hover\"><thead><tr><th><span style=\"line-height: 115%;\"><b><span lang=\"ET\"><span style=\"line-height: 115%;\">Angloameerika<\/span><\/span><\/b><\/span><\/th><th><span style=\"line-height: 115%;\"><b><span lang=\"ET\"><span style=\"line-height: 115%;\">Kontinentaaleuroopa<\/span><\/span><\/b><\/span><\/th><th><span style=\"line-height: 115%;\"><b><span lang=\"ET\"><span style=\"line-height: 115%;\">Skandinaavia<\/span><\/span><\/b><\/span><\/th><th><span style=\"line-height: 115%;\"><b><span lang=\"ET\"><span style=\"line-height: 115%;\">Eesti<\/span><\/span><\/b><\/span><\/th><\/tr><\/thead><tbody><tr><td><span style=\"line-height: 115%;\"><span lang=\"ET\"><span style=\"line-height: 115%;\"><span style=\"color: black;\">1. kasum<\/span><\/span><\/span><\/span><\/td><td><span style=\"line-height: 115%;\"><span lang=\"ET\"><span style=\"line-height: 115%;\"><span style=\"color: black;\">1. klient<\/span><\/span><\/span><\/span><\/td><td><span style=\"line-height: 115%;\"><span lang=\"ET\"><span style=\"line-height: 115%;\"><span style=\"color: black;\">1. keskkond<\/span><\/span><\/span><\/span><\/td><td><span style=\"line-height: 115%;\"><span lang=\"ET\"><span style=\"line-height: 115%;\"><span style=\"color: black;\">1. kasum<\/span><\/span><\/span><\/span><\/td><\/tr><tr><td><span style=\"line-height: 115%;\"><span lang=\"ET\"><span style=\"line-height: 115%;\">2. klient<\/span><\/span><\/span><\/td><td><span style=\"line-height: 115%;\"><span lang=\"ET\"><span style=\"line-height: 115%;\">2. keskkond<\/span><\/span><\/span><\/td><td><span style=\"line-height: 115%;\"><span lang=\"ET\"><span style=\"line-height: 115%;\">2.-3. klient ja kasum<\/span><\/span><\/span><\/td><td><span style=\"line-height: 115%;\"><span lang=\"ET\"><span style=\"line-height: 115%;\">2. keskkond<\/span><\/span><\/span><\/td><\/tr><tr><td><span style=\"line-height: 115%;\"><span lang=\"ET\"><span style=\"line-height: 115%;\"><span style=\"color: black;\">3. keskkond<\/span><\/span><\/span><\/span><\/td><td><span style=\"line-height: 115%;\"><span lang=\"ET\"><span style=\"line-height: 115%;\"><span style=\"color: black;\">3. kasum<\/span><\/span><\/span><\/span><\/td><td><span style=\"line-height: 115%;\"><span lang=\"ET\"><span style=\"line-height: 115%;\">2.-3. klient ja kasum<\/span><\/span><\/span><\/td><td><span style=\"line-height: 115%;\"><span lang=\"ET\"><span style=\"line-height: 115%;\"><span style=\"color: black;\">3. klient<\/span><\/span><\/span><\/span><\/td><\/tr><\/tbody><\/table><figcaption class=\"wp-element-caption\"><span lang=\"ET\"><span style=\"line-height: 115%;\">Allikas: Noorm\u00e4gi (2008)<\/span><\/span><\/figcaption><\/figure>\n\n\n\n<p><\/p>\n\n\n\n<p><span lang=\"ET\"><span style=\"line-height: 115%;\">L\u00e4htuvalt tabelis 3 toodust saame n\u00e4ha, et v\u00e4\u00e4rtused v\u00f5ivad kultuuriliselt ja geograafiliselt olla erineva t\u00e4htsusega.<\/span><\/span><\/p>\n\n\n\n<hr class=\"wp-block-separator has-alpha-channel-opacity\">\n\n\n<p><\/p><div class=\"accordion mb-3\">\n        <div class=\"accordion-item accordion-item--white\">\n        <h2 class=\"accordion-header\" id=\"accordion-69df3fe3168ec-heading\">\n            <button class=\"accordion-button collapsed\" type=\"button\" data-bs-toggle=\"collapse\" data-bs-target=\"#accordion-69df3fe3168ec-collapse\" aria-expanded=\"true\" aria-controls=\"accordion-69df3fe3168ec-collapse\"> <span style=\"color: #e31c79;\"><img loading=\"lazy\" decoding=\"async\" class=\"alignnone wp-image-11\" title=\"ulesanne.png\" src=\"https:\/\/sisu.ut.ee\/wp-content\/uploads\/sites\/547\/ulesanne.png\" alt=\"ylesanne\" width=\"40\" height=\"40\"><\/span>\u00a0\u00dclesanne 1.1.1 N\u00e4idisjuhtumi anal\u00fc\u00fcs\u00a0<\/button>\n        <\/h2>\n        <div id=\"accordion-69df3fe3168ec-collapse\" class=\"accordion-collapse collapse\" aria-labelledby=\"accordion-69df3fe3168ec-heading\">\n            <div class=\"accordion-body\">\n<p><img loading=\"lazy\" decoding=\"async\" title=\"\" src=\"https:\/\/sisu.ut.ee\/wp-content\/uploads\/sites\/566\/modern_desktop_writing_workshop_google_classroom_header_4.png\" alt=\"arutelu\" width=\"1920\" height=\"480\" data-file_info=\"%7B%22fid%22:%2271867%22,%22view_mode%22:%22default%22,%22type%22:%22media%22%7D\"><\/p>\n<p>Ema \u00fcletab maanteel s\u00f5ites piirkiirust +20km\/h. Autos on 3-aastane laps, kel on k\u00e4el kaks torkej\u00e4lge ja k\u00e4si on \u00fcles paistetanud. On teada, et hoovi on sattunud aeg-ajalt r\u00e4stikuid, samuti on k\u00e4es suvine s\u00e4\u00e4skede ja parmude tipphooaeg. Ka naabri mesilased k\u00e4ivad lillepeenral aktiivset korjet tegemas. Seega on potentsiaalseid p\u00f5hjuseid mitmeid ja v\u00e4listada ei saa neist \u00fchtegi. Ema on koos lapsega teel kohaliku kiirabibrigaadi juurde, et saada sealsetelt meedikutelt esmane hinnang ja abi. Kiirabi ei ole ajaliselt m\u00f5istlik kutsuda, kuna l\u00e4him brigaad on eelmiselt kutselt tagasi s\u00f5itmas ja j\u00f5uaks oma jaama u. 10 minutiga (kaugus 20km, seega ajav\u00f5it ca. 25 minutit), teine brigaad asub 45 km kaugusel ning l\u00e4him haigla 75km kaugusel.<\/p>\n<p><span style=\"color: #e31c79;\"><img loading=\"lazy\" decoding=\"async\" class=\"alignnone wp-image-11\" title=\"ulesanne.png\" src=\"https:\/\/sisu.ut.ee\/wp-content\/uploads\/sites\/547\/ulesanne.png\" alt=\"ylesanne\" width=\"40\" height=\"40\"><\/span>\u00a0Arutelu: kas tegemist on eetiliselt \u00f5ige v\u00f5i v\u00e4\u00e4ra teoga?<\/p>\n<p>Kas antud juhul on \u00f5igustatud:<\/p>\n<p>kiiruse\u00fcletus kui Liikluseeskirja rikkumine;<br>\nkiiruse\u00fcletus kui tegu, mis toob k\u00f5ige parema tagaj\u00e4rje (lapsele kiireim abi);<br>\nkiiruse\u00fcletus kui tegu, mis k\u00f5ige parema tagaj\u00e4rje saavutamise ajal v\u00f5ib tuua kaasa teiste inimeste heaolu v\u00e4henemise (alates teeservas jalak\u00e4ija tolmutamisest kuni potentsiaalse liiklus\u00f5nnetuseni).<\/p><\/div>\n        <\/div>\n        <\/div>\n    <\/div>\n\n\n\n<p><\/p><div class=\"accordion mb-3\">\n        <div class=\"accordion-item accordion-item--white\">\n        <h2 class=\"accordion-header\" id=\"accordion-69df3fe316900-heading\">\n            <button class=\"accordion-button collapsed\" type=\"button\" data-bs-toggle=\"collapse\" data-bs-target=\"#accordion-69df3fe316900-collapse\" aria-expanded=\"true\" aria-controls=\"accordion-69df3fe316900-collapse\"><span style=\"color: #e31c79;\"><img loading=\"lazy\" decoding=\"async\" class=\"alignnone wp-image-11\" title=\"ulesanne.png\" src=\"https:\/\/sisu.ut.ee\/wp-content\/uploads\/sites\/547\/ulesanne.png\" alt=\"ylesanne\" width=\"40\" height=\"40\"><\/span>\u00a0\u00dclesanne 1.1.2 M\u00e4\u00e4ratle, mis on \u00f5ige vabatahtlik tegu, \u00f5ige kohustuslik tegu ja v\u00e4\u00e4r tegu.<\/button>\n        <\/h2>\n        <div id=\"accordion-69df3fe316900-collapse\" class=\"accordion-collapse collapse\" aria-labelledby=\"accordion-69df3fe316900-heading\">\n            <div class=\"accordion-body\">\n\n\n<p><\/p>\n\n\n\n<div class=\"h5p-iframe-wrapper\"><div class=\"video-placeholder-wrapper video-placeholder-wrapper--fixed\" style=\"height: 366px;\">\n\t\t\t    <div class=\"video-placeholder d-flex justify-content-center align-items-center\">\n\t\t\t        <div class=\"overlay text-white p-2 w-100 text-center d-block justify-content-center align-items-center\">\n\t\t\t            <div>Kolmandate osapoolte sisu n\u00e4gemiseks palun n\u00f5ustu k\u00fcpsistega.<\/div>\n\t\t\t            <button class=\"btn btn-secondary btn-sm mt-1 consent-change\">Muuda n\u00f5usolekut<\/button>\n\t\t\t        <\/div>\n\t\t\t    <\/div>\n\t\t\t<\/div>\n<\/div>\n\n\n<p><\/p><\/div>\n        <\/div>\n        <\/div>\n    <\/div>\n<p><\/p><div class=\"accordion mb-3\">\n        <div class=\"accordion-item accordion-item--white\">\n        <h2 class=\"accordion-header\" id=\"accordion-69df3fe316903-heading\">\n            <button class=\"accordion-button collapsed\" type=\"button\" data-bs-toggle=\"collapse\" data-bs-target=\"#accordion-69df3fe316903-collapse\" aria-expanded=\"true\" aria-controls=\"accordion-69df3fe316903-collapse\"><span style=\"color: #e31c79;\"><img loading=\"lazy\" decoding=\"async\" class=\"alignnone wp-image-11\" title=\"ulesanne.png\" src=\"https:\/\/sisu.ut.ee\/wp-content\/uploads\/sites\/547\/ulesanne.png\" alt=\"ylesanne\" width=\"40\" height=\"40\"><\/span>\u00a0\u00dclesanne 1.1.3 Millisel juhul saab v\u00e4ita, et teo toimepanija motiiv oli vabandatav?<\/button>\n        <\/h2>\n        <div id=\"accordion-69df3fe316903-collapse\" class=\"accordion-collapse collapse\" aria-labelledby=\"accordion-69df3fe316903-heading\">\n            <div class=\"accordion-body\">\n\n\n<div class=\"h5p-iframe-wrapper\"><div class=\"video-placeholder-wrapper video-placeholder-wrapper--fixed\" style=\"height: 366px;\">\n\t\t\t    <div class=\"video-placeholder d-flex justify-content-center align-items-center\">\n\t\t\t        <div class=\"overlay text-white p-2 w-100 text-center d-block justify-content-center align-items-center\">\n\t\t\t            <div>Kolmandate osapoolte sisu n\u00e4gemiseks palun n\u00f5ustu k\u00fcpsistega.<\/div>\n\t\t\t            <button class=\"btn btn-secondary btn-sm mt-1 consent-change\">Muuda n\u00f5usolekut<\/button>\n\t\t\t        <\/div>\n\t\t\t    <\/div>\n\t\t\t<\/div>\n<\/div>\n\n\n<p><\/p><\/div>\n        <\/div>\n        <\/div>\n    <\/div>\n\n<p style=\"margin-bottom:0cm;text-align:justify\">\n\t\u00a0\n<\/p>","protected":false},"excerpt":{"rendered":"<p>\u00a0EETIKA SEOSED \u00a0Eetika seosed Eetikaga on seotud moraal, religioon ja etikett. Kuigi eetikat ja moraali kiputakse omavahel segamini ajama, siis vaatleme moraali, religiooni ja etiketi m\u00f5isteid. Erinevad eetika uurijad on eetikat ja moraali kas samastanud v\u00f5i leidnud terminite sisus erinevusi. &#8230;<\/p>\n","protected":false},"author":263,"featured_media":0,"parent":0,"menu_order":0,"comment_status":"closed","ping_status":"closed","template":"","meta":{"_acf_changed":false,"inline_featured_image":false,"footnotes":""},"class_list":["post-14","page","type-page","status-publish","hentry"],"acf":[],"_links":{"self":[{"href":"https:\/\/sisu.ut.ee\/edujategu16\/wp-json\/wp\/v2\/pages\/14","targetHints":{"allow":["GET"]}}],"collection":[{"href":"https:\/\/sisu.ut.ee\/edujategu16\/wp-json\/wp\/v2\/pages"}],"about":[{"href":"https:\/\/sisu.ut.ee\/edujategu16\/wp-json\/wp\/v2\/types\/page"}],"author":[{"embeddable":true,"href":"https:\/\/sisu.ut.ee\/edujategu16\/wp-json\/wp\/v2\/users\/263"}],"replies":[{"embeddable":true,"href":"https:\/\/sisu.ut.ee\/edujategu16\/wp-json\/wp\/v2\/comments?post=14"}],"version-history":[{"count":14,"href":"https:\/\/sisu.ut.ee\/edujategu16\/wp-json\/wp\/v2\/pages\/14\/revisions"}],"predecessor-version":[{"id":296,"href":"https:\/\/sisu.ut.ee\/edujategu16\/wp-json\/wp\/v2\/pages\/14\/revisions\/296"}],"wp:attachment":[{"href":"https:\/\/sisu.ut.ee\/edujategu16\/wp-json\/wp\/v2\/media?parent=14"}],"curies":[{"name":"wp","href":"https:\/\/api.w.org\/{rel}","templated":true}]}}