{"id":12,"date":"2024-04-04T08:05:58","date_gmt":"2024-04-04T05:05:58","guid":{"rendered":"https:\/\/sisu.ut.ee\/edujategu16\/soovituslik-lugemismaterjal\/"},"modified":"2024-05-13T08:50:54","modified_gmt":"2024-05-13T05:50:54","slug":"soovituslik-lugemismaterjal","status":"publish","type":"page","link":"https:\/\/sisu.ut.ee\/edujategu16\/soovituslik-lugemismaterjal\/","title":{"rendered":"Soovituslik lugemismaterjal"},"content":{"rendered":"<h1 id=\"page-title\"><img loading=\"lazy\" decoding=\"async\" class=\"alignnone wp-image-79\" src=\"https:\/\/sisu.ut.ee\/wp-content\/uploads\/sites\/566\/sissejuhatus-1024x1024.png\" alt=\"\" width=\"50\" height=\"50\">\u00a0<span style=\"color: #28aae1;\">SOOVITUSLIK LUGEMISMATERJAL<\/span><\/h1>\n<p style=\"text-align: left;\"><img loading=\"lazy\" decoding=\"async\" class=\"alignnone wp-image-36\" title=\"lisalugemine.png\" src=\"https:\/\/sisu.ut.ee\/wp-content\/uploads\/sites\/566\/lisalugemine.png\" alt=\"lisalugemine\" width=\"40\" height=\"40\" srcset=\"https:\/\/sisu.ut.ee\/wp-content\/uploads\/sites\/566\/lisalugemine.png 1080w, https:\/\/sisu.ut.ee\/wp-content\/uploads\/sites\/566\/lisalugemine-300x300.png 300w, https:\/\/sisu.ut.ee\/wp-content\/uploads\/sites\/566\/lisalugemine-1024x1024.png 1024w, https:\/\/sisu.ut.ee\/wp-content\/uploads\/sites\/566\/lisalugemine-150x150.png 150w, https:\/\/sisu.ut.ee\/wp-content\/uploads\/sites\/566\/lisalugemine-768x768.png 768w\" sizes=\"auto, (max-width: 40px) 100vw, 40px\">\u00a0<span style=\"line-height: 16.8667px;\"><b><span lang=\"ET\"><span style=\"line-height: 18.4px;\">Eetika<\/span><\/span><\/b><\/span><\/p>\n<p><span style=\"line-height: 16.8667px;\"><b><span lang=\"ET\"><span style=\"line-height: 18.4px;\">Eetikaveeb.<\/span><\/span><\/b><span lang=\"ET\"><span style=\"line-height: 18.4px;\"> Tartu \u00dclikool. <\/span><\/span><a style=\"color: #0563c1;\" href=\"https:\/\/www.eetika.ee\/et\" target=\"_blank\" rel=\"noopener\"><span style=\"line-height: 18.4px;\">https:\/\/www.eetika.ee\/et<\/span><\/a><\/span><\/p>\n<p><span style=\"line-height: 16.8667px;\"><b><span lang=\"ET\"><span style=\"line-height: 18.4px;\">Sutrop, M., K\u00e4pp, T. <\/span><\/span><\/b><span lang=\"ET\"><span style=\"line-height: 18.4px;\">(2011) Eetika teaduses ja \u00fchiskonnas. Eesti Keele Sihtasutus, 206 lk.<\/span><\/span><\/span><\/p>\n<p><span style=\"line-height: 16.8667px;\"><b><span lang=\"ET\"><span style=\"line-height: 18.4px;\">Sutrop, M., Simm, K., <\/span><\/span><\/b><span lang=\"ET\"><span style=\"line-height: 18.4px;\">(2006). Eetika. Interdistsiplinaarsed l\u00e4henemised. Tallinn, 622 lk.<\/span><\/span><\/span><\/p>\n<hr>\n<p style=\"margin: 0cm; text-align: left;\"><img loading=\"lazy\" decoding=\"async\" class=\"alignnone wp-image-36\" title=\"lisalugemine.png\" src=\"https:\/\/sisu.ut.ee\/wp-content\/uploads\/sites\/566\/lisalugemine.png\" alt=\"lisalugemine\" width=\"40\" height=\"40\" srcset=\"https:\/\/sisu.ut.ee\/wp-content\/uploads\/sites\/566\/lisalugemine.png 1080w, https:\/\/sisu.ut.ee\/wp-content\/uploads\/sites\/566\/lisalugemine-300x300.png 300w, https:\/\/sisu.ut.ee\/wp-content\/uploads\/sites\/566\/lisalugemine-1024x1024.png 1024w, https:\/\/sisu.ut.ee\/wp-content\/uploads\/sites\/566\/lisalugemine-150x150.png 150w, https:\/\/sisu.ut.ee\/wp-content\/uploads\/sites\/566\/lisalugemine-768x768.png 768w\" sizes=\"auto, (max-width: 40px) 100vw, 40px\">\u00a0<span style=\"line-height: 16.8667px;\"><b><span lang=\"ET\"><span style=\"line-height: 18.4px;\">\u00c4rieetika<\/span><\/span><\/b><\/span><\/p>\n<p><span style=\"line-height: 16.8667px;\"><b><span lang=\"ET\"><span style=\"line-height: 18.4px;\">Meel, M.,<\/span><\/span><\/b><span lang=\"ET\"><span style=\"line-height: 18.4px;\"> (2003). \u00c4rieetika. K\u00fclim, 120 lk.<\/span><\/span><\/span><\/p>\n<hr>\n<p style=\"margin: 0cm; text-align: left;\"><img loading=\"lazy\" decoding=\"async\" class=\"alignnone wp-image-36\" title=\"lisalugemine.png\" src=\"https:\/\/sisu.ut.ee\/wp-content\/uploads\/sites\/566\/lisalugemine.png\" alt=\"lisalugemine\" width=\"40\" height=\"40\" srcset=\"https:\/\/sisu.ut.ee\/wp-content\/uploads\/sites\/566\/lisalugemine.png 1080w, https:\/\/sisu.ut.ee\/wp-content\/uploads\/sites\/566\/lisalugemine-300x300.png 300w, https:\/\/sisu.ut.ee\/wp-content\/uploads\/sites\/566\/lisalugemine-1024x1024.png 1024w, https:\/\/sisu.ut.ee\/wp-content\/uploads\/sites\/566\/lisalugemine-150x150.png 150w, https:\/\/sisu.ut.ee\/wp-content\/uploads\/sites\/566\/lisalugemine-768x768.png 768w\" sizes=\"auto, (max-width: 40px) 100vw, 40px\">\u00a0<span style=\"line-height: 16.8667px;\"><b><span lang=\"ET\"><span style=\"line-height: 18.4px;\">Eetikakoodeks<\/span><\/span><\/b><\/span><\/p>\n<p><span style=\"line-height: 16.8667px;\"><b><span lang=\"ET\"><span style=\"line-height: 18.4px;\">Eesti arstieetika koodeks<\/span><\/span><\/b> <a style=\"color: #0563c1;\" href=\"https:\/\/arstideliit.ee\/wp-content\/uploads\/2011\/10\/Eesti_arstieetika_koodeks.pdf\" target=\"_blank\" rel=\"noopener\"><span style=\"line-height: 18.4px;\">https:\/\/arstideliit.ee\/wp-content\/uploads\/2011\/10\/Eesti_arstieetika_koodeks.pdf<\/span><\/a><\/span><\/p>\n<p><span style=\"line-height: 16.8667px;\"><b><span lang=\"ET\"><span style=\"line-height: 18.4px;\">Vanglateenistuja eetikakoodeks<\/span><\/span><\/b> <a style=\"color: #0563c1;\" href=\"https:\/\/www.vangla.ee\/et\/karjaar-ja-tookohad\/vanglateenistuja-eetikakoodeks\" target=\"_blank\" rel=\"noopener\"><span style=\"line-height: 18.4px;\">https:\/\/www.vangla.ee\/et\/karjaar-ja-tookohad\/vanglateenistuja-eetikakoodeks<\/span><\/a><\/span><\/p>\n<p><span style=\"line-height: 16.8667px;\"><b><span lang=\"ET\"><span style=\"line-height: 18.4px;\">Sotsiaalala t\u00f6\u00f6taja eetikakoodeks<\/span><\/span><\/b> <a style=\"color: #0563c1;\" href=\"https:\/\/www.eswa.ee\/wp-content\/uploads\/2016\/11\/Eetikakoodeks_Avaldatud-ST.pdf\" target=\"_blank\" rel=\"noopener\"><span style=\"line-height: 18.4px;\">https:\/\/www.eswa.ee\/wp-content\/uploads\/2016\/11\/Eetikakoodeks_Avaldatud-ST.pdf<\/span><\/a><\/span><\/p>\n<p><span style=\"line-height: 16.8667px;\"><b><span lang=\"ET\"><span style=\"line-height: 18.4px;\">Eesti \u00f5petajaeetika koodeks<\/span><\/span><\/b> <a style=\"color: #0563c1;\" href=\"http:\/\/www.opetajateliit.ee\/?page_id=287\" target=\"_blank\" rel=\"noopener\"><span style=\"line-height: 18.4px;\">http:\/\/www.opetajateliit.ee\/?page_id=287<\/span><\/a><\/span><\/p>\n<p><span style=\"line-height: 16.8667px;\"><b><span lang=\"ET\"><span style=\"line-height: 18.4px;\">Ametniku eetikakoodeks\u00a0<\/span><\/span><\/b><\/span><span style=\"line-height: 16.8667px;\"><a style=\"color: #0563c1;\" href=\"https:\/\/www.rahandusministeerium.ee\/sites\/default\/files\/ametniku_eetikakoodeks_20.02.2017.pdf\" target=\"_blank\" rel=\"noopener\"><span style=\"line-height: 18.4px;\">https:\/\/www.rahandusministeerium.ee\/sites\/default\/files\/ametniku_eetikakoodeks_20.02.2017.pdf<\/span><\/a><\/span><\/p>\n<p><span style=\"line-height: 16.8667px;\"><b><span lang=\"ET\"><span style=\"line-height: 18.4px;\">Eesti Advokatuuri Aukohus\u00a0<\/span><\/span><\/b><\/span><span style=\"line-height: 16.8667px;\"><a style=\"color: #0563c1;\" href=\"https:\/\/advokatuur.ee\/est\/advokatuur\/oigusaktid\/eetikakoodeks\" target=\"_blank\" rel=\"noopener\"><span style=\"line-height: 18.4px;\">https:\/\/advokatuur.ee\/est\/advokatuur\/oigusaktid\/eetikakoodeks<\/span><\/a><\/span><\/p>\n<p><span style=\"line-height: 16.8667px;\"><b><span lang=\"ET\"><span style=\"line-height: 18.4px;\">Vedaja eetikakoodeks<\/span><\/span><\/b> <a style=\"color: #0563c1;\" href=\"https:\/\/autoettevoteteliit.ee\/eetikakoodeks\/\" target=\"_blank\" rel=\"noopener\"><span style=\"line-height: 18.4px;\">https:\/\/autoettevoteteliit.ee\/eetikakoodeks\/<\/span><\/a><\/span><\/p>\n<hr>\n<p style=\"text-align: left;\"><img loading=\"lazy\" decoding=\"async\" class=\"alignnone wp-image-36\" title=\"lisalugemine.png\" src=\"https:\/\/sisu.ut.ee\/wp-content\/uploads\/sites\/566\/lisalugemine.png\" alt=\"lisalugemine\" width=\"40\" height=\"40\" srcset=\"https:\/\/sisu.ut.ee\/wp-content\/uploads\/sites\/566\/lisalugemine.png 1080w, https:\/\/sisu.ut.ee\/wp-content\/uploads\/sites\/566\/lisalugemine-300x300.png 300w, https:\/\/sisu.ut.ee\/wp-content\/uploads\/sites\/566\/lisalugemine-1024x1024.png 1024w, https:\/\/sisu.ut.ee\/wp-content\/uploads\/sites\/566\/lisalugemine-150x150.png 150w, https:\/\/sisu.ut.ee\/wp-content\/uploads\/sites\/566\/lisalugemine-768x768.png 768w\" sizes=\"auto, (max-width: 40px) 100vw, 40px\">\u00a0<span style=\"line-height: 16.8667px;\"><b><span lang=\"ET\"><span style=\"line-height: 18.4px;\">J\u00e4tkusuutlikkus<\/span><\/span><\/b><\/span><\/p>\n<p><span style=\"line-height: 16.8667px;\"><b><span lang=\"ET\"><span style=\"line-height: 18.4px;\">J\u00e4tkusuutliku arengu eesm\u00e4rgid.<\/span><\/span><\/b><span lang=\"ET\"><span style=\"line-height: 18.4px;\"> Keskkonnaministeerium. (29.05.2022) <\/span><\/span><a style=\"color: #0563c1;\" href=\"https:\/\/envir.ee\/ministeerium-kontakt-uudised\/strateegia\/saastev-areng\" target=\"_blank\" rel=\"noopener\"><span style=\"line-height: 18.4px;\">https:\/\/envir.ee\/ministeerium-kontakt-uudised\/strateegia\/saastev-areng<\/span><\/a><\/span><\/p>\n<hr>\n<p style=\"margin: 0cm; text-align: left;\"><img loading=\"lazy\" decoding=\"async\" class=\"alignnone wp-image-36\" title=\"lisalugemine.png\" src=\"https:\/\/sisu.ut.ee\/wp-content\/uploads\/sites\/566\/lisalugemine.png\" alt=\"lisalugemine\" width=\"40\" height=\"40\" srcset=\"https:\/\/sisu.ut.ee\/wp-content\/uploads\/sites\/566\/lisalugemine.png 1080w, https:\/\/sisu.ut.ee\/wp-content\/uploads\/sites\/566\/lisalugemine-300x300.png 300w, https:\/\/sisu.ut.ee\/wp-content\/uploads\/sites\/566\/lisalugemine-1024x1024.png 1024w, https:\/\/sisu.ut.ee\/wp-content\/uploads\/sites\/566\/lisalugemine-150x150.png 150w, https:\/\/sisu.ut.ee\/wp-content\/uploads\/sites\/566\/lisalugemine-768x768.png 768w\" sizes=\"auto, (max-width: 40px) 100vw, 40px\">\u00a0<span style=\"line-height: 16.8667px;\"><b><span lang=\"ET\"><span style=\"line-height: 18.4px;\">Ettev\u00f5tlus<\/span><\/span><\/b><\/span><\/p>\n<p><span style=\"line-height: 16.8667px;\"><b><span lang=\"ET\"><span style=\"line-height: 18.4px;\">Ettev\u00f5tlusprotsessist l\u00e4hemalt<\/span><\/span><\/b><span lang=\"ET\"><span style=\"line-height: 18.4px;\">: Ettev\u00f5tluse alused, prof. T\u00f5nis Metsa videoloeng <\/span><\/span><a style=\"color: #0563c1;\" href=\"https:\/\/www.uttv.ee\/naita?id=17699\" target=\"_blank\" rel=\"noopener\"><span style=\"line-height: 18.4px;\">https:\/\/www.uttv.ee\/naita?id=17699<\/span><\/a><\/span><\/p>\n<p><span style=\"line-height: 16.8667px;\"><b><span lang=\"ET\"><span style=\"line-height: 18.4px;\">\u00c4riseadustik<\/span><\/span><\/b> <a style=\"color: #0563c1;\" href=\"https:\/\/www.riigiteataja.ee\/akt\/131122010019\" target=\"_blank\" rel=\"noopener\"><span style=\"line-height: 18.4px;\">https:\/\/www.riigiteataja.ee\/akt\/131122010019<\/span><\/a><\/span><\/p>\n<hr>\n<p style=\"margin: 0cm; text-align: left;\"><img loading=\"lazy\" decoding=\"async\" class=\"alignnone wp-image-36\" title=\"lisalugemine.png\" src=\"https:\/\/sisu.ut.ee\/wp-content\/uploads\/sites\/566\/lisalugemine.png\" alt=\"lisalugemine\" width=\"40\" height=\"40\" srcset=\"https:\/\/sisu.ut.ee\/wp-content\/uploads\/sites\/566\/lisalugemine.png 1080w, https:\/\/sisu.ut.ee\/wp-content\/uploads\/sites\/566\/lisalugemine-300x300.png 300w, https:\/\/sisu.ut.ee\/wp-content\/uploads\/sites\/566\/lisalugemine-1024x1024.png 1024w, https:\/\/sisu.ut.ee\/wp-content\/uploads\/sites\/566\/lisalugemine-150x150.png 150w, https:\/\/sisu.ut.ee\/wp-content\/uploads\/sites\/566\/lisalugemine-768x768.png 768w\" sizes=\"auto, (max-width: 40px) 100vw, 40px\">\u00a0<span style=\"line-height: 16.8667px;\"><b><span lang=\"ET\"><span style=\"line-height: 18.4px;\">Keskkond<\/span><\/span><\/b><\/span><\/p>\n<p><span style=\"line-height: 16.8667px;\"><b><span lang=\"ET\"><span style=\"line-height: 18.4px;\">Arengumaad n\u00f5uavad taastuvenergiale \u00fcleminekuks triljoneid dollareid <\/span><\/span><\/b><a style=\"color: #0563c1;\" href=\"https:\/\/www.err.ee\/1608374612\/arengumaad-nouavad-taastuvenergiale-uleminekuks-triljoneid-dollareid\" target=\"_blank\" rel=\"noopener\"><span style=\"line-height: 18.4px;\">https:\/\/www.err.ee\/1608374612\/arengumaad-nouavad-taastuvenergiale-uleminekuks-triljoneid-dollareid<\/span><\/a><\/span><\/p>\n<p><span style=\"line-height: 16.8667px;\"><b><span lang=\"ET\"><span style=\"line-height: 18.4px;\">Pariisi kokkulepe<\/span><\/span><\/b> <a style=\"color: #0563c1;\" href=\"https:\/\/envir.ee\/pariisi-kokkulepe\" target=\"_blank\" rel=\"noopener\"><span style=\"line-height: 18.4px;\">https:\/\/envir.ee\/pariisi-kokkulepe<\/span><\/a><\/span><\/p>\n<hr>\n<p style=\"margin: 0cm; text-align: left;\"><img loading=\"lazy\" decoding=\"async\" class=\"alignnone wp-image-36\" title=\"lisalugemine.png\" src=\"https:\/\/sisu.ut.ee\/wp-content\/uploads\/sites\/566\/lisalugemine.png\" alt=\"lisalugemine\" width=\"40\" height=\"40\" srcset=\"https:\/\/sisu.ut.ee\/wp-content\/uploads\/sites\/566\/lisalugemine.png 1080w, https:\/\/sisu.ut.ee\/wp-content\/uploads\/sites\/566\/lisalugemine-300x300.png 300w, https:\/\/sisu.ut.ee\/wp-content\/uploads\/sites\/566\/lisalugemine-1024x1024.png 1024w, https:\/\/sisu.ut.ee\/wp-content\/uploads\/sites\/566\/lisalugemine-150x150.png 150w, https:\/\/sisu.ut.ee\/wp-content\/uploads\/sites\/566\/lisalugemine-768x768.png 768w\" sizes=\"auto, (max-width: 40px) 100vw, 40px\">\u00a0<span style=\"line-height: 16.8667px;\"><b><span lang=\"ET\"><span style=\"line-height: 18.4px;\">Eetiline j\u00e4tkusuutlik ettev\u00f5te<\/span><\/span><\/b><\/span><\/p>\n<p style=\"margin: 0cm;\"><span style=\"line-height: 16.8667px;\"><b><span lang=\"ET\"><span style=\"line-height: 18.4px;\">J\u00e4tkusuutlik ettev\u00f5tlus.<\/span><\/span><\/b><span lang=\"ET\"><span style=\"line-height: 18.4px;\"> Bioneer (blogi) <\/span><\/span><a style=\"color: #0563c1;\" href=\"https:\/\/bioneer.ee\/j%C3%A4tkusuutlik-ettev%C3%B5tlus-%E2%80%93-mis-kellele-miks-0\" target=\"_blank\" rel=\"noopener\"><span style=\"line-height: 18.4px;\">https:\/\/bioneer.ee\/j%C3%A4tkusuutlik-ettev%C3%B5tlus-%E2%80%93-mis-kellele-miks-0<\/span><\/a><\/span><\/p>\n<p style=\"margin: 0cm;\"><span style=\"line-height: 16.8667px;\"><span lang=\"ET\"><span style=\"line-height: 18.4px;\">Vastutustundlik ettev\u00f5tlus. Teadusuuringud. <\/span><\/span><a style=\"color: #0563c1;\" href=\"https:\/\/csr.ee\/vastutustundlik-ettevotlus\/teadusuuringud\/\" target=\"_blank\" rel=\"noopener\"><span style=\"line-height: 18.4px;\">https:\/\/csr.ee\/vastutustundlik-ettevotlus\/teadusuuringud\/<\/span><\/a><\/span><\/p>\n<p style=\"margin: 0cm;\">\n<\/p>","protected":false},"excerpt":{"rendered":"<p>\u00a0SOOVITUSLIK LUGEMISMATERJAL \u00a0Eetika Eetikaveeb. Tartu \u00dclikool. https:\/\/www.eetika.ee\/et Sutrop, M., K\u00e4pp, T. (2011) Eetika teaduses ja \u00fchiskonnas. Eesti Keele Sihtasutus, 206 lk. Sutrop, M., Simm, K., (2006). Eetika. Interdistsiplinaarsed l\u00e4henemised. Tallinn, 622 lk. \u00a0\u00c4rieetika Meel, M., (2003). \u00c4rieetika. K\u00fclim, 120 lk. &#8230;<\/p>\n","protected":false},"author":263,"featured_media":0,"parent":0,"menu_order":0,"comment_status":"closed","ping_status":"closed","template":"","meta":{"_acf_changed":false,"inline_featured_image":false,"footnotes":""},"class_list":["post-12","page","type-page","status-publish","hentry"],"acf":[],"_links":{"self":[{"href":"https:\/\/sisu.ut.ee\/edujategu16\/wp-json\/wp\/v2\/pages\/12","targetHints":{"allow":["GET"]}}],"collection":[{"href":"https:\/\/sisu.ut.ee\/edujategu16\/wp-json\/wp\/v2\/pages"}],"about":[{"href":"https:\/\/sisu.ut.ee\/edujategu16\/wp-json\/wp\/v2\/types\/page"}],"author":[{"embeddable":true,"href":"https:\/\/sisu.ut.ee\/edujategu16\/wp-json\/wp\/v2\/users\/263"}],"replies":[{"embeddable":true,"href":"https:\/\/sisu.ut.ee\/edujategu16\/wp-json\/wp\/v2\/comments?post=12"}],"version-history":[{"count":5,"href":"https:\/\/sisu.ut.ee\/edujategu16\/wp-json\/wp\/v2\/pages\/12\/revisions"}],"predecessor-version":[{"id":284,"href":"https:\/\/sisu.ut.ee\/edujategu16\/wp-json\/wp\/v2\/pages\/12\/revisions\/284"}],"wp:attachment":[{"href":"https:\/\/sisu.ut.ee\/edujategu16\/wp-json\/wp\/v2\/media?parent=12"}],"curies":[{"name":"wp","href":"https:\/\/api.w.org\/{rel}","templated":true}]}}