{"id":9,"date":"2024-04-04T07:55:24","date_gmt":"2024-04-04T04:55:24","guid":{"rendered":"https:\/\/sisu.ut.ee\/edujategu15\/avaleht_1\/"},"modified":"2024-05-10T11:30:04","modified_gmt":"2024-05-10T08:30:04","slug":"avaleht_1","status":"publish","type":"page","link":"https:\/\/sisu.ut.ee\/edujategu15\/avaleht_1\/","title":{"rendered":"Sissejuhatus"},"content":{"rendered":"<h1 id=\"page-title\"><img loading=\"lazy\" decoding=\"async\" class=\"alignnone wp-image-93\" src=\"https:\/\/sisu.ut.ee\/wp-content\/uploads\/sites\/553\/sissejuhatus-1024x1024.png\" alt=\"\" width=\"50\" height=\"50\" srcset=\"https:\/\/sisu.ut.ee\/wp-content\/uploads\/sites\/553\/sissejuhatus-1024x1024.png 1024w, https:\/\/sisu.ut.ee\/wp-content\/uploads\/sites\/553\/sissejuhatus-300x300.png 300w, https:\/\/sisu.ut.ee\/wp-content\/uploads\/sites\/553\/sissejuhatus-150x150.png 150w, https:\/\/sisu.ut.ee\/wp-content\/uploads\/sites\/553\/sissejuhatus-768x768.png 768w, https:\/\/sisu.ut.ee\/wp-content\/uploads\/sites\/553\/sissejuhatus.png 1080w\" sizes=\"auto, (max-width: 50px) 100vw, 50px\"> <span style=\"color: #28aae1;\">SISSEJUHATUS<\/span><\/h1>\n<p>Alanud on sinu teekond valitud erialal meistriks saamisel. See \u00f5piobjekt aitab kavandada oma \u00f5piteed kutseoskuste omandamisel: seada enda jaoks olulised eesm\u00e4rgid ja vajalikud tegevused nende poole liikumisel. Praegused \u00f5pingud on osa sinu elust kui tervikust. Oled sa m\u00f5elnud, millist elu tahad elada, milline on sinu unistuste t\u00f6\u00f6 v\u00f5i kuidas valitud eriala aitab sul oma unistustele l\u00e4hemale j\u00f5uda?<\/p>\n<p>Maailm meie \u00fcmber on pideva muutumises. Muutuvad ka inimese enda vajadused, soovid ja huvid. \u00d5ppimine ja uute oskuste omandamine on t\u00e4nap\u00e4eval vajalikud k\u00f5igis tegevusvaldkondades s\u00f5ltumata ametist. Selleks, et \u00f5ppimine sujuks, pakuks sulle eduelamusi ja aitaks edasi liikuda oma karj\u00e4\u00e4riteel, on oluline tunda enda stardiplatvormi \u00f5pingute alguses ja sihtpunkti, kuhu tahad \u00f5pingute l\u00f5puks j\u00f5uda. \u00d5piobjekt aitab anal\u00fc\u00fcsida ennast \u00f5ppijana, m\u00f5testada ja teadlikult kavandada oma \u00f5pinguid.<\/p>\n<p>\u00d5piobjekt koosneb kahest teemast: \u201eMina \u00f5ppijana\u201c ja \u201eIsikliku \u00f5pitee kavandamine\u201c.<\/p>\n<p>Teemade juures on \u00fclesanded , mille t\u00e4itmine aitab kavandada oma \u00f5pingud ja leida vastused k\u00fcsimustele:<\/p>\n<ul>\n<li>mis sinu \u00f5ppimist \u00fcldse ja praegusi \u00f5pinguid m\u00f5jutab? mis toetab ja mis takistab? kellega v\u00f5i millega pead kindlasti arvestama?<\/li>\n<li>mis motiveerib sind \u00f5ppima ja kuidas seda teadmist \u00e4ra kasutada?<\/li>\n<li>kuidas sihid ja eesm\u00e4rgid aitavad sul oma elu juhtida?<\/li>\n<li>millised on \u201ctargad\u201d eesm\u00e4rgid?<\/li>\n<li>kuidas oma eesm\u00e4rgid saavutada?<\/li>\n<\/ul>\n<div>\n<div>\n<div id=\"_com_1\" class=\"msocomtxt\" style=\"text-align: center;\"><strong>M\u00f5nusat \u00f5ppimist!<\/strong><\/div>\n<\/div>\n<\/div>\n","protected":false},"excerpt":{"rendered":"<p>SISSEJUHATUS Alanud on sinu teekond valitud erialal meistriks saamisel. See \u00f5piobjekt aitab kavandada oma \u00f5piteed kutseoskuste omandamisel: seada enda jaoks olulised eesm\u00e4rgid ja vajalikud tegevused nende poole liikumisel. Praegused \u00f5pingud on osa sinu elust kui tervikust. Oled sa m\u00f5elnud, millist &#8230;<\/p>\n","protected":false},"author":263,"featured_media":0,"parent":0,"menu_order":0,"comment_status":"closed","ping_status":"closed","template":"","meta":{"_acf_changed":false,"inline_featured_image":false,"footnotes":""},"class_list":["post-9","page","type-page","status-publish","hentry"],"acf":[],"_links":{"self":[{"href":"https:\/\/sisu.ut.ee\/edujategu15\/wp-json\/wp\/v2\/pages\/9","targetHints":{"allow":["GET"]}}],"collection":[{"href":"https:\/\/sisu.ut.ee\/edujategu15\/wp-json\/wp\/v2\/pages"}],"about":[{"href":"https:\/\/sisu.ut.ee\/edujategu15\/wp-json\/wp\/v2\/types\/page"}],"author":[{"embeddable":true,"href":"https:\/\/sisu.ut.ee\/edujategu15\/wp-json\/wp\/v2\/users\/263"}],"replies":[{"embeddable":true,"href":"https:\/\/sisu.ut.ee\/edujategu15\/wp-json\/wp\/v2\/comments?post=9"}],"version-history":[{"count":3,"href":"https:\/\/sisu.ut.ee\/edujategu15\/wp-json\/wp\/v2\/pages\/9\/revisions"}],"predecessor-version":[{"id":95,"href":"https:\/\/sisu.ut.ee\/edujategu15\/wp-json\/wp\/v2\/pages\/9\/revisions\/95"}],"wp:attachment":[{"href":"https:\/\/sisu.ut.ee\/edujategu15\/wp-json\/wp\/v2\/media?parent=9"}],"curies":[{"name":"wp","href":"https:\/\/api.w.org\/{rel}","templated":true}]}}