{"id":6,"date":"2024-04-04T07:55:24","date_gmt":"2024-04-04T04:55:24","guid":{"rendered":"https:\/\/sisu.ut.ee\/edujategu15\/miks-eesmargid-vajalikud\/"},"modified":"2024-05-10T11:34:05","modified_gmt":"2024-05-10T08:34:05","slug":"miks-eesmargid-vajalikud","status":"publish","type":"page","link":"https:\/\/sisu.ut.ee\/edujategu15\/miks-eesmargid-vajalikud\/","title":{"rendered":"Miks on eesm\u00e4rgid vajalikud"},"content":{"rendered":"<h1 id=\"page-title\"><img loading=\"lazy\" decoding=\"async\" class=\"alignnone wp-image-93\" src=\"https:\/\/sisu.ut.ee\/wp-content\/uploads\/sites\/553\/sissejuhatus-1024x1024.png\" alt=\"\" width=\"50\" height=\"50\" srcset=\"https:\/\/sisu.ut.ee\/wp-content\/uploads\/sites\/553\/sissejuhatus-1024x1024.png 1024w, https:\/\/sisu.ut.ee\/wp-content\/uploads\/sites\/553\/sissejuhatus-300x300.png 300w, https:\/\/sisu.ut.ee\/wp-content\/uploads\/sites\/553\/sissejuhatus-150x150.png 150w, https:\/\/sisu.ut.ee\/wp-content\/uploads\/sites\/553\/sissejuhatus-768x768.png 768w, https:\/\/sisu.ut.ee\/wp-content\/uploads\/sites\/553\/sissejuhatus.png 1080w\" sizes=\"auto, (max-width: 50px) 100vw, 50px\"> <span style=\"color: #28aae1;\">MIKS ON EESM\u00c4RGID VAJALIKUD<\/span><\/h1>\n\n<figure class=\"wp-block-image\"><img decoding=\"async\" src=\"https:\/\/sisu.ut.ee\/wp-content\/uploads\/sites\/553\/screenshot_2023-01-20_at_10.51.57.png\" alt=\"il\" title=\"\"><\/figure>\n\n\n\n<p><img loading=\"lazy\" decoding=\"async\" width=\"40\" height=\"40\" src=\"https:\/\/sisu.ut.ee\/wp-content\/uploads\/sites\/547\/ulesanne.png\" alt=\"ylesanne\"> <b>Milliseid eesm\u00e4rke oled endale varem seadnud seoses \u00f5ppimise v\u00f5i t\u00f6\u00f6ga?<\/b><\/p>\n\n\n\n<p><b>Kuidas on \u00f5nnestunud nende eesm\u00e4rkide saavutamine?<\/b><\/p>\n\n\n\n<p>\u21d2 enamasti saavutan oma eesm\u00e4rgid<\/p>\n\n\n\n<p>\u21d2 m\u00f5nikord saavutan, m\u00f5nikord mitte<\/p>\n\n\n\n<p>\u21d2\u00a0tavaliselt eesm\u00e4rkide saavutamine ei \u00f5nnestu<\/p>\n\n\n\n<p><img loading=\"lazy\" decoding=\"async\" width=\"40\" height=\"40\" src=\"https:\/\/sisu.ut.ee\/wp-content\/uploads\/sites\/547\/ulesanne.png\" alt=\"ylesanne\"> Loe l\u00e4bi j\u00e4rgnev tekst<\/p>\n\n\n\n<p>Igal inimesel on mitmeid soove, unistusi ja vajadusi, mis m\u00f5jutavad tema tegevusi ja otsuseid. Osa nendest on seotud kaugema tulevikuga , n\u00e4iteks kujutlus oma elust mitmek\u00fcmne aasta p\u00e4rast v\u00f5i t\u00f6\u00f6tamine unistuste t\u00f6\u00f6kohal peale eriala omandamist. Sellised kaugemad sihid on elus suunahoidjateks, m\u00f5jutavad inimese tegevusi ja otsuseid. Igap\u00e4evas elus seame endale eesm\u00e4rke l\u00e4hemaks ajaks, n\u00e4iteks k\u00e4ia iga n\u00e4dal 3 korda trennis, j\u00f5uda etten\u00e4htud ajaks valmis praktika aruanne v\u00f5i \u00f5ppida t\u00e4na selgeks 5 v\u00f5\u00f5rs\u00f5na.<\/p>\n\n\n\n<p><br><strong>Eesm\u00e4rk on sinu poolt soovitud muutus<\/strong>, mis leiab aset tulevikus. Eesm\u00e4rk v\u00f5ib olla millegi tegemine, teadmine v\u00f5i oskamine, millegi saavutamine v\u00f5i omamine, kuhugi j\u00f5udmine. \u00a0Eesm\u00e4rk on unistus, millel on t\u00e4htaeg. Selleks, et seada endale j\u00f5ukohaseid eesm\u00e4rke ja kavandada teekond nendeni j\u00f5udmiseks on vaja teada \u00fcldist sihti (kuhu tahad j\u00f5uda), milline on sinu poolt soovitud muutus. Kui sinu soov on saada heade oskustega spetsialistiks v\u00f5i oma oskusi t\u00e4iendada, et olla konkurentsiv\u00f5imelisem t\u00f6\u00f6turul, siis \u00fcks eesm\u00e4rk sellel teel v\u00f5ib olla kutsekooli edukas l\u00f5petamine ja kutseeksami sooritamine. <strong>Mida selgemalt oma kaugemat eesm\u00e4rki v\u00f5i sihti suudad ette kujutada, seda suurema t\u00f5en\u00e4osusega selleni ka j\u00f5uad.<\/strong><\/p>\n\n\n\n<p>\u00a0\u00a0<br>Eriala omandamisega seotud eesm\u00e4rgid, milleni peavad k\u00f5ik \u00f5ppijad j\u00f5udma, \u00a0on \u00f5ppekavas kirjas \u00f5piv\u00e4ljunditena. Mida rohkem harjutada, milliseid isiksuseomadusi endas arendada, kuidas \u00a0ennast motiveerida \u00a0saab t\u00e4psustada \u00a0isiklike \u00f5pieesm\u00e4rkidega. M\u00f5ne \u00f5ppija jaoks v\u00f5ib olla \u00a0oluline n\u00e4iteks arendada endas julgust k\u00fcsida t\u00e4iendavaid selgitusi, teise jaoks hoopis harjumine eluga \u00f5pilaskodus v\u00f5i t\u00f6\u00f6tamise ja \u00f5ppimise \u00fchendamine.<strong> Enda jaoks seatud eesm\u00e4rgid aitavad \u00f5pingutele keskenduda, teha \u00f5igeid asju \u00f5igel ajal ja j\u00e4tta k\u00f5rvale mittevajalikke tegevusi. <\/strong>Oma eesm\u00e4rkides selgusele j\u00f5udmiseks on parim viis need \u00fcles kirjutada. Eesm\u00e4rgid on aluseks \u00f5pingute kavandamisele.\u00a0<\/p>\n\n\n\n<p><br>Pika teekonna l\u00e4bimiseks peab astuma palju samme, olema valmis eduks, takistusteks ja ootamatusteks. H\u00e4sti l\u00e4bim\u00f5eldud plaan on nagu kompass, mis aitab teel p\u00fcsida. \u00a0Ka kaugemate eesm\u00e4rkideni j\u00f5udmiseks tuleb liikuda v\u00e4iksemate sammude ehk l\u00e4hemate eesm\u00e4rkide t\u00e4itmise kaudu.\u00a0<\/p>\n\n\n\n<p><strong>Kui \u00a0endale oluline eesm\u00e4rk on silme ees, on kergem pingutada ja hakkama saada \u00a0ette tulevate raskustega.<\/strong><\/p>\n\n\n\n<p><img loading=\"lazy\" decoding=\"async\" width=\"40\" height=\"40\" src=\"https:\/\/sisu.ut.ee\/wp-content\/uploads\/sites\/547\/ulesanne.png\" alt=\"ylesanne\"> <b>Kordamiseks: Miks on isiklikud \u00f5pieesm\u00e4rgid sulle vajalikud?<\/b><\/p>\n","protected":false},"excerpt":{"rendered":"<p>MIKS ON EESM\u00c4RGID VAJALIKUD Milliseid eesm\u00e4rke oled endale varem seadnud seoses \u00f5ppimise v\u00f5i t\u00f6\u00f6ga? Kuidas on \u00f5nnestunud nende eesm\u00e4rkide saavutamine? \u21d2 enamasti saavutan oma eesm\u00e4rgid \u21d2 m\u00f5nikord saavutan, m\u00f5nikord mitte \u21d2\u00a0tavaliselt eesm\u00e4rkide saavutamine ei \u00f5nnestu Loe l\u00e4bi j\u00e4rgnev tekst Igal &#8230;<\/p>\n","protected":false},"author":263,"featured_media":0,"parent":0,"menu_order":0,"comment_status":"closed","ping_status":"closed","template":"","meta":{"_acf_changed":false,"inline_featured_image":false,"footnotes":""},"class_list":["post-6","page","type-page","status-publish","hentry"],"acf":[],"_links":{"self":[{"href":"https:\/\/sisu.ut.ee\/edujategu15\/wp-json\/wp\/v2\/pages\/6","targetHints":{"allow":["GET"]}}],"collection":[{"href":"https:\/\/sisu.ut.ee\/edujategu15\/wp-json\/wp\/v2\/pages"}],"about":[{"href":"https:\/\/sisu.ut.ee\/edujategu15\/wp-json\/wp\/v2\/types\/page"}],"author":[{"embeddable":true,"href":"https:\/\/sisu.ut.ee\/edujategu15\/wp-json\/wp\/v2\/users\/263"}],"replies":[{"embeddable":true,"href":"https:\/\/sisu.ut.ee\/edujategu15\/wp-json\/wp\/v2\/comments?post=6"}],"version-history":[{"count":4,"href":"https:\/\/sisu.ut.ee\/edujategu15\/wp-json\/wp\/v2\/pages\/6\/revisions"}],"predecessor-version":[{"id":100,"href":"https:\/\/sisu.ut.ee\/edujategu15\/wp-json\/wp\/v2\/pages\/6\/revisions\/100"}],"wp:attachment":[{"href":"https:\/\/sisu.ut.ee\/edujategu15\/wp-json\/wp\/v2\/media?parent=6"}],"curies":[{"name":"wp","href":"https:\/\/api.w.org\/{rel}","templated":true}]}}