{"id":5,"date":"2024-04-04T07:55:24","date_gmt":"2024-04-04T04:55:24","guid":{"rendered":"https:\/\/sisu.ut.ee\/edujategu15\/opitee-kui-tuleviku-kavandamise-viis\/"},"modified":"2024-05-10T11:33:05","modified_gmt":"2024-05-10T08:33:05","slug":"opitee-kui-tuleviku-kavandamise-viis","status":"publish","type":"page","link":"https:\/\/sisu.ut.ee\/edujategu15\/opitee-kui-tuleviku-kavandamise-viis\/","title":{"rendered":"\u00d5pitee kui tuleviku kavandamise viis"},"content":{"rendered":"<h1 id=\"page-title\"><img loading=\"lazy\" decoding=\"async\" class=\"alignnone wp-image-93\" src=\"https:\/\/sisu.ut.ee\/wp-content\/uploads\/sites\/553\/sissejuhatus-1024x1024.png\" alt=\"\" width=\"50\" height=\"50\" srcset=\"https:\/\/sisu.ut.ee\/wp-content\/uploads\/sites\/553\/sissejuhatus-1024x1024.png 1024w, https:\/\/sisu.ut.ee\/wp-content\/uploads\/sites\/553\/sissejuhatus-300x300.png 300w, https:\/\/sisu.ut.ee\/wp-content\/uploads\/sites\/553\/sissejuhatus-150x150.png 150w, https:\/\/sisu.ut.ee\/wp-content\/uploads\/sites\/553\/sissejuhatus-768x768.png 768w, https:\/\/sisu.ut.ee\/wp-content\/uploads\/sites\/553\/sissejuhatus.png 1080w\" sizes=\"auto, (max-width: 50px) 100vw, 50px\"> <span style=\"color: #28aae1;\">\u00d5PITEE KUI TULEVIKU KAVANDAMISE VIIS<\/span><\/h1>\n\n<figure class=\"wp-block-image\"><img decoding=\"async\" src=\"https:\/\/sisu.ut.ee\/wp-content\/uploads\/sites\/553\/screenshot_2023-01-20_at_10.51.57.png\" alt=\"il\" title=\"\"><\/figure>\n\n\n\n<p><img loading=\"lazy\" decoding=\"async\" width=\"40\" height=\"40\" src=\"https:\/\/sisu.ut.ee\/wp-content\/uploads\/sites\/547\/ulesanne.png\" alt=\"ylesanne\"> <b>Millisena kujutad ette enda elu 10 aasta p\u00e4rast?<\/b> <\/p>\n\n\n\n<p>\n\t<b>Mida tahad oma elus tingimata saavutada, kogeda, omada?<\/b>\n<\/p>\n\n\n\n<p>\n\t<b>Kuidas praegused \u00f5pingud viiksid kaasa aidata nende soovide t\u00e4itumisele?<\/b>\n<\/p>\n\n\n\n<p>\n\t<b>\u00d5pitee on isiklik \u00f5ppimise ja t\u00f6\u00f6alase tuleviku kavandamise viis<\/b>. Teisis\u00f5nu: \u00f5pitee on liikumine t\u00e4nasest p\u00e4evast soovitud tulevikku. Samm sammult edasi liikudes \u00f5pitakse ja omandatakse uusi oskusi. Kutsehariduses \u00f5ppijatel on heaks suunahoidjaks \u00f5ppekava. \u00d5ppekavas on kirjeldatud, mida tuleb \u00f5pingute jooksul selgeks saada v\u00f5i tegema \u00f5ppida. \u00d5ppima asudes on inimeste varasemad oskused ja kogemused erinevad. V\u00f5rreldes oma teadmisi, oskusi ja hoiakuid \u00f5ppekava \u00f5piv\u00e4ljunditega, selgub see, millele just sina peaksid \u00f5pingutes eriliselt t\u00e4helepanu peaks p\u00f6\u00f6rama, millega arvestama. Oma \u00f5pitee eesm\u00e4rgid seab \u00f5ppija ise p\u00f6\u00f6rates t\u00e4helepanu nii isiksuse arengule, v\u00e4\u00e4rtushinnangute kujundamisele kui \u00fchiskonda panustamisele. \u00d5piteed kavandades tuleks arvestada oma huvide, vajaduste, v\u00f5imaluste ja piirangutega muutuvas keskkonnas.\n<\/p>\n\n\n\n<p>\n\tJ\u00e4rgnevad \u00f5pitegevused aitavad seada eesm\u00e4rke ja kavandada enda isiklikku \u00f5piteed.\n<\/p>\n","protected":false},"excerpt":{"rendered":"<p>\u00d5PITEE KUI TULEVIKU KAVANDAMISE VIIS Millisena kujutad ette enda elu 10 aasta p\u00e4rast? Mida tahad oma elus tingimata saavutada, kogeda, omada? Kuidas praegused \u00f5pingud viiksid kaasa aidata nende soovide t\u00e4itumisele? \u00d5pitee on isiklik \u00f5ppimise ja t\u00f6\u00f6alase tuleviku kavandamise viis. Teisis\u00f5nu: &#8230;<\/p>\n","protected":false},"author":263,"featured_media":0,"parent":0,"menu_order":0,"comment_status":"closed","ping_status":"closed","template":"","meta":{"_acf_changed":false,"inline_featured_image":false,"footnotes":""},"class_list":["post-5","page","type-page","status-publish","hentry"],"acf":[],"_links":{"self":[{"href":"https:\/\/sisu.ut.ee\/edujategu15\/wp-json\/wp\/v2\/pages\/5","targetHints":{"allow":["GET"]}}],"collection":[{"href":"https:\/\/sisu.ut.ee\/edujategu15\/wp-json\/wp\/v2\/pages"}],"about":[{"href":"https:\/\/sisu.ut.ee\/edujategu15\/wp-json\/wp\/v2\/types\/page"}],"author":[{"embeddable":true,"href":"https:\/\/sisu.ut.ee\/edujategu15\/wp-json\/wp\/v2\/users\/263"}],"replies":[{"embeddable":true,"href":"https:\/\/sisu.ut.ee\/edujategu15\/wp-json\/wp\/v2\/comments?post=5"}],"version-history":[{"count":4,"href":"https:\/\/sisu.ut.ee\/edujategu15\/wp-json\/wp\/v2\/pages\/5\/revisions"}],"predecessor-version":[{"id":99,"href":"https:\/\/sisu.ut.ee\/edujategu15\/wp-json\/wp\/v2\/pages\/5\/revisions\/99"}],"wp:attachment":[{"href":"https:\/\/sisu.ut.ee\/edujategu15\/wp-json\/wp\/v2\/media?parent=5"}],"curies":[{"name":"wp","href":"https:\/\/api.w.org\/{rel}","templated":true}]}}