{"id":4,"date":"2024-04-04T07:55:24","date_gmt":"2024-04-04T04:55:24","guid":{"rendered":"https:\/\/sisu.ut.ee\/edujategu15\/tegevuste-planeerimine\/"},"modified":"2024-05-10T11:35:05","modified_gmt":"2024-05-10T08:35:05","slug":"tegevuste-planeerimine","status":"publish","type":"page","link":"https:\/\/sisu.ut.ee\/edujategu15\/tegevuste-planeerimine\/","title":{"rendered":"Tegevuste planeerimine"},"content":{"rendered":"<h1 id=\"page-title\"><img loading=\"lazy\" decoding=\"async\" class=\"alignnone wp-image-93\" src=\"https:\/\/sisu.ut.ee\/wp-content\/uploads\/sites\/553\/sissejuhatus-1024x1024.png\" alt=\"\" width=\"50\" height=\"50\" srcset=\"https:\/\/sisu.ut.ee\/wp-content\/uploads\/sites\/553\/sissejuhatus-1024x1024.png 1024w, https:\/\/sisu.ut.ee\/wp-content\/uploads\/sites\/553\/sissejuhatus-300x300.png 300w, https:\/\/sisu.ut.ee\/wp-content\/uploads\/sites\/553\/sissejuhatus-150x150.png 150w, https:\/\/sisu.ut.ee\/wp-content\/uploads\/sites\/553\/sissejuhatus-768x768.png 768w, https:\/\/sisu.ut.ee\/wp-content\/uploads\/sites\/553\/sissejuhatus.png 1080w\" sizes=\"auto, (max-width: 50px) 100vw, 50px\"> <span style=\"color: #28aae1;\">TEGEVUSTE PLANEERIMINE<\/span><\/h1>\n<p><strong><span style=\"color: #e31c79;\"><img loading=\"lazy\" decoding=\"async\" class=\"alignnone wp-image-11\" title=\"ulesanne.png\" src=\"https:\/\/sisu.ut.ee\/wp-content\/uploads\/sites\/547\/ulesanne.png\" alt=\"ylesanne\" width=\"40\" height=\"40\"> <\/span>Kavanda tegevused oma kaugemate \u00f5pieesm\u00e4rkide saavutamiseks!<\/strong><\/p>\n<p>M\u00f5tle mida oled valmis tegema ja millest loobuma eesm\u00e4rkide t\u00e4itmise nimel?<\/p>\n<ul>\n<li>millised on sinu ressursid (oskused, kogemused, isiksusemadused, aeg, finantsid jne)<\/li>\n<li>millist abi v\u00f5i toetust vajad oma eesm\u00e4rkide t\u00e4itmisel? Kes ja kuidas saavad sind toetada?<\/li>\n<\/ul>\n<p><span style=\"color: #e31c79;\"><img loading=\"lazy\" decoding=\"async\" class=\"alignnone wp-image-11\" title=\"ulesanne.png\" src=\"https:\/\/sisu.ut.ee\/wp-content\/uploads\/sites\/547\/ulesanne.png\" alt=\"ylesanne\" width=\"40\" height=\"40\"> <\/span><strong>Kavanda tegevused k\u00e4esoleva \u00f5ppeaasta \u00f5pieesm\u00e4rkide saavutamiseks! \u00a0 V\u00f5ta aluseks oma arengumapp.\u00a0<\/strong><\/p>\n<p>Kasuta planeerimisel<\/p>\n<ul>\n<li>\u00f5ppekava \u00f5piv\u00e4ljundeid<\/li>\n<li>enda v\u00f5rdlemisel kutsestandardi n\u00f5uetega saadud infot<\/li>\n<li>enda kui \u00f5ppija kohta saadud infot<\/li>\n<li>enda \u00f5pingute m\u00f5jutajaid<\/li>\n<li>enda poolt seatud ja p\u00f5hjendatud eesm\u00e4rke<\/li>\n<\/ul>\n<p>T\u00f6\u00f6leht: <a href=\"https:\/\/sisu.ut.ee\/wp-content\/uploads\/sites\/553\/minimal_and_elegant_goals_action_plan_template.pdf\" data-fid=\"70997\">tegevuste planeerimine<\/a><\/p>\n<p><span style=\"color: #e31c79;\"><img loading=\"lazy\" decoding=\"async\" class=\"alignnone wp-image-11\" title=\"ulesanne.png\" src=\"https:\/\/sisu.ut.ee\/wp-content\/uploads\/sites\/547\/ulesanne.png\" alt=\"ylesanne\" width=\"40\" height=\"40\"><\/span>\u00a0<strong>Enesehinnang<\/strong><\/p>\n<ul>\n<li data-file_info=\"%7B%22fid%22:70983,%22view_mode%22:%22default%22,%22type%22:%22media%22%7D\">Kuidas sul \u00f5nnestus \u00f5ppeaasta eesm\u00e4rkide p\u00fcstitamine ja tegevuste planeerimine?<\/li>\n<\/ul>\n<ul>\n<li>Kas eesm\u00e4rgid on realistlikud (t\u00e4idetavad) v\u00f5ttes arvesse sinu \u00f5pinguid m\u00f5jutavaid tegureid?<\/li>\n<\/ul>\n","protected":false},"excerpt":{"rendered":"<p>TEGEVUSTE PLANEERIMINE Kavanda tegevused oma kaugemate \u00f5pieesm\u00e4rkide saavutamiseks! M\u00f5tle mida oled valmis tegema ja millest loobuma eesm\u00e4rkide t\u00e4itmise nimel? millised on sinu ressursid (oskused, kogemused, isiksusemadused, aeg, finantsid jne) millist abi v\u00f5i toetust vajad oma eesm\u00e4rkide t\u00e4itmisel? Kes ja kuidas &#8230;<\/p>\n","protected":false},"author":263,"featured_media":0,"parent":0,"menu_order":0,"comment_status":"closed","ping_status":"closed","template":"","meta":{"_acf_changed":false,"inline_featured_image":false,"footnotes":""},"class_list":["post-4","page","type-page","status-publish","hentry"],"acf":[],"_links":{"self":[{"href":"https:\/\/sisu.ut.ee\/edujategu15\/wp-json\/wp\/v2\/pages\/4","targetHints":{"allow":["GET"]}}],"collection":[{"href":"https:\/\/sisu.ut.ee\/edujategu15\/wp-json\/wp\/v2\/pages"}],"about":[{"href":"https:\/\/sisu.ut.ee\/edujategu15\/wp-json\/wp\/v2\/types\/page"}],"author":[{"embeddable":true,"href":"https:\/\/sisu.ut.ee\/edujategu15\/wp-json\/wp\/v2\/users\/263"}],"replies":[{"embeddable":true,"href":"https:\/\/sisu.ut.ee\/edujategu15\/wp-json\/wp\/v2\/comments?post=4"}],"version-history":[{"count":3,"href":"https:\/\/sisu.ut.ee\/edujategu15\/wp-json\/wp\/v2\/pages\/4\/revisions"}],"predecessor-version":[{"id":102,"href":"https:\/\/sisu.ut.ee\/edujategu15\/wp-json\/wp\/v2\/pages\/4\/revisions\/102"}],"wp:attachment":[{"href":"https:\/\/sisu.ut.ee\/edujategu15\/wp-json\/wp\/v2\/media?parent=4"}],"curies":[{"name":"wp","href":"https:\/\/api.w.org\/{rel}","templated":true}]}}