{"id":13,"date":"2024-04-04T07:55:25","date_gmt":"2024-04-04T04:55:25","guid":{"rendered":"https:\/\/sisu.ut.ee\/edujategu15\/kasutatud-allikad\/"},"modified":"2024-05-10T11:37:31","modified_gmt":"2024-05-10T08:37:31","slug":"kasutatud-allikad","status":"publish","type":"page","link":"https:\/\/sisu.ut.ee\/edujategu15\/kasutatud-allikad\/","title":{"rendered":"Kasutatud allikad"},"content":{"rendered":"<h1 id=\"page-title\"><img loading=\"lazy\" decoding=\"async\" class=\"alignnone wp-image-93\" src=\"https:\/\/sisu.ut.ee\/wp-content\/uploads\/sites\/553\/sissejuhatus-1024x1024.png\" alt=\"\" width=\"50\" height=\"50\" srcset=\"https:\/\/sisu.ut.ee\/wp-content\/uploads\/sites\/553\/sissejuhatus-1024x1024.png 1024w, https:\/\/sisu.ut.ee\/wp-content\/uploads\/sites\/553\/sissejuhatus-300x300.png 300w, https:\/\/sisu.ut.ee\/wp-content\/uploads\/sites\/553\/sissejuhatus-150x150.png 150w, https:\/\/sisu.ut.ee\/wp-content\/uploads\/sites\/553\/sissejuhatus-768x768.png 768w, https:\/\/sisu.ut.ee\/wp-content\/uploads\/sites\/553\/sissejuhatus.png 1080w\" sizes=\"auto, (max-width: 50px) 100vw, 50px\"> <span style=\"color: #28aae1;\">KASUTATUD ALLIKAD<\/span><\/h1>\n<ul>\n<li class=\"Normaallaad\"><span style=\"background: white;\"><span lang=\"ET\" style=\"color: black;\"><a href=\"https:\/\/karjaaristuudio.ee\/teema\/tutvu-ametiga\/\" target=\"_blank\" rel=\"noopener\">https:\/\/karjaaristuudio.ee\/teema\/tutvu-ametiga\/<\/a><\/span><\/span><\/li>\n<li class=\"Normaallaad\"><a href=\"https:\/\/haridusportaal.edu.ee\/valdkonnad\" target=\"_blank\" rel=\"noopener\">https:\/\/haridusportaal.edu.ee\/valdkonnad<\/a><\/li>\n<li class=\"Normaallaad\"><span lang=\"ET\"><span style=\"color: #565656;\">Kitt, L. Ennastjuhtiv mina. <\/span><\/span><a href=\"https:\/\/podtail.com\/podcast\/ennastjuhtiv-mina\/\" target=\"_blank\" rel=\"noopener\">https:\/\/podtail.com\/podcast\/ennastjuhtiv-mina\/<\/a><\/li>\n<li class=\"Normaallaad\"><span lang=\"ET\"><span style=\"color: #565656;\">Kuidas p\u00fcstitada tarku eesm\u00e4rke? <\/span><\/span><a href=\"https:\/\/www.teeviit.ee\/kuidas-pustitada-tarku-eesmarke\/\" target=\"_blank\" rel=\"noopener\"><span style=\"color: #428bca;\">https:\/\/www.teeviit.ee\/kuidas-pustitada-tarku-eesmarke\/<\/span><\/a><u><span lang=\"ET\"><span style=\"color: #565656;\"> ?<\/span><\/span><\/u><\/li>\n<li class=\"Normaallaad\"><span lang=\"ET\"><span style=\"color: #565656;\">Mooduli \u201e\u00d5pitee ja t\u00f6\u00f6 muutuvas keskkonnas\u201c rakendamise tugimaterjal (2020). Haridus- ja Noorteamet . <\/span><\/span><a href=\"https:\/\/harno.ee\/ettevotlusope#opitee-ja-too-muutuv\" target=\"_blank\" rel=\"noopener\">https:\/\/harno.ee\/ettevotlusope#opitee-ja-too-muutuv<\/a><\/li>\n<li class=\"Normaallaad\"><span lang=\"ET\"><span style=\"color: #565656;\">Osaamismatkalla. <\/span><\/span><a href=\"http:\/\/www.osata.fi\/\" target=\"_blank\" rel=\"noopener\"><span style=\"color: #428bca;\">www.osata.fi<\/span><\/a><\/li>\n<li class=\"Normaallaad\"><span lang=\"ET\"><span style=\"color: #565656;\">Pajumaa, K. Grow mudel: geniaalne t\u00f6\u00f6riist eesm\u00e4rkide t\u00e4ideviimiseks. <\/span><\/span><a href=\"https:\/\/www.youtube.com\/watch?v=mrzdIscihfg\" target=\"_blank\" rel=\"noopener\">https:\/\/www.youtube.com\/watch?v=mrzdIscihfg<\/a><\/li>\n<li class=\"Normaallaad\"><span style=\"background: white;\"><span lang=\"ET\"><span style=\"color: black;\">SA Kutsekoda <\/span><\/span><span lang=\"ET\" style=\"color: black;\"><a href=\"https:\/\/www.kutsekoda.ee\/\" target=\"_blank\" rel=\"noopener\">https:\/\/www.kutsekoda.ee\/<\/a><\/span><\/span><\/li>\n<li class=\"Normaallaad\"><span style=\"background: white;\"><span lang=\"ET\"><span style=\"color: #565656;\">Veebiseminari \u201eDigitaalne arengumapp kui \u00f5ppija arengut toetav t\u00f6\u00f6vahend\u201d esitlus <\/span><\/span><span lang=\"ET\" style=\"color: black;\"><a href=\"https:\/\/haridustehnoloogid.ee\/wp-content\/uploads\/2014\/09\/Opilastele_digitaalne_arengumapp_1.pdf\" target=\"_blank\" rel=\"noopener\">https:\/\/haridustehnoloogid.ee\/wp-content\/uploads\/2014\/09\/Opilastele_digitaalne_arengumapp_1.pdf<\/a><\/span><\/span><\/li>\n<li class=\"Normaallaad\"><span lang=\"ET\"><span style=\"color: #565656;\">\u00d5pitee ja t\u00f6\u00f6 muutuvas keskkonnas. Karj\u00e4\u00e4ri- ja ettev\u00f5tlus\u00f5ppe t\u00f6\u00f6lehed kutsekoolidele (2021). Haridus- ja Noorteamet. <\/span><\/span><a href=\"https:\/\/e-koolikott.ee\/et\/oppematerjal\/31384-Edu-ja-Tegu-ettevotlus-ja-karjaar-Opitee-ja-too-muutuvas-keskkonnas-Karjaari-ja-ettevotlusoppe-toolehed-kutsekoolidele\/291819\" target=\"_blank\" rel=\"noopener\">https:\/\/e-koolikott.ee\/et\/oppematerjal\/31384-Edu-ja-Tegu-ettevotlus-ja-karjaar-Opitee-ja-too-muutuvas-keskkonnas-Karjaari-ja-ettevotlusoppe-toolehed-kutsekoolidele\/291819<\/a><\/li>\n<\/ul>\n","protected":false},"excerpt":{"rendered":"<p>KASUTATUD ALLIKAD https:\/\/karjaaristuudio.ee\/teema\/tutvu-ametiga\/ https:\/\/haridusportaal.edu.ee\/valdkonnad Kitt, L. Ennastjuhtiv mina. https:\/\/podtail.com\/podcast\/ennastjuhtiv-mina\/ Kuidas p\u00fcstitada tarku eesm\u00e4rke? https:\/\/www.teeviit.ee\/kuidas-pustitada-tarku-eesmarke\/ ? Mooduli \u201e\u00d5pitee ja t\u00f6\u00f6 muutuvas keskkonnas\u201c rakendamise tugimaterjal (2020). Haridus- ja Noorteamet . https:\/\/harno.ee\/ettevotlusope#opitee-ja-too-muutuv Osaamismatkalla. www.osata.fi Pajumaa, K. Grow mudel: geniaalne t\u00f6\u00f6riist eesm\u00e4rkide t\u00e4ideviimiseks. https:\/\/www.youtube.com\/watch?v=mrzdIscihfg &#8230;<\/p>\n","protected":false},"author":263,"featured_media":0,"parent":0,"menu_order":0,"comment_status":"closed","ping_status":"closed","template":"","meta":{"_acf_changed":false,"inline_featured_image":false,"footnotes":""},"class_list":["post-13","page","type-page","status-publish","hentry"],"acf":[],"_links":{"self":[{"href":"https:\/\/sisu.ut.ee\/edujategu15\/wp-json\/wp\/v2\/pages\/13","targetHints":{"allow":["GET"]}}],"collection":[{"href":"https:\/\/sisu.ut.ee\/edujategu15\/wp-json\/wp\/v2\/pages"}],"about":[{"href":"https:\/\/sisu.ut.ee\/edujategu15\/wp-json\/wp\/v2\/types\/page"}],"author":[{"embeddable":true,"href":"https:\/\/sisu.ut.ee\/edujategu15\/wp-json\/wp\/v2\/users\/263"}],"replies":[{"embeddable":true,"href":"https:\/\/sisu.ut.ee\/edujategu15\/wp-json\/wp\/v2\/comments?post=13"}],"version-history":[{"count":3,"href":"https:\/\/sisu.ut.ee\/edujategu15\/wp-json\/wp\/v2\/pages\/13\/revisions"}],"predecessor-version":[{"id":106,"href":"https:\/\/sisu.ut.ee\/edujategu15\/wp-json\/wp\/v2\/pages\/13\/revisions\/106"}],"wp:attachment":[{"href":"https:\/\/sisu.ut.ee\/edujategu15\/wp-json\/wp\/v2\/media?parent=13"}],"curies":[{"name":"wp","href":"https:\/\/api.w.org\/{rel}","templated":true}]}}