{"id":12,"date":"2024-04-04T07:55:25","date_gmt":"2024-04-04T04:55:25","guid":{"rendered":"https:\/\/sisu.ut.ee\/edujategu15\/2-isikliku-opitee-plaani-koostamine\/"},"modified":"2024-05-10T11:31:52","modified_gmt":"2024-05-10T08:31:52","slug":"2-isikliku-opitee-plaani-koostamine","status":"publish","type":"page","link":"https:\/\/sisu.ut.ee\/edujategu15\/2-isikliku-opitee-plaani-koostamine\/","title":{"rendered":"Isikliku \u00f5pitee kavandmine"},"content":{"rendered":"<h1 id=\"page-title\"><img loading=\"lazy\" decoding=\"async\" class=\"alignnone wp-image-93\" src=\"https:\/\/sisu.ut.ee\/wp-content\/uploads\/sites\/553\/sissejuhatus-1024x1024.png\" alt=\"\" width=\"50\" height=\"50\" srcset=\"https:\/\/sisu.ut.ee\/wp-content\/uploads\/sites\/553\/sissejuhatus-1024x1024.png 1024w, https:\/\/sisu.ut.ee\/wp-content\/uploads\/sites\/553\/sissejuhatus-300x300.png 300w, https:\/\/sisu.ut.ee\/wp-content\/uploads\/sites\/553\/sissejuhatus-150x150.png 150w, https:\/\/sisu.ut.ee\/wp-content\/uploads\/sites\/553\/sissejuhatus-768x768.png 768w, https:\/\/sisu.ut.ee\/wp-content\/uploads\/sites\/553\/sissejuhatus.png 1080w\" sizes=\"auto, (max-width: 50px) 100vw, 50px\"> <span style=\"color: #28aae1;\">ISIKLIKU \u00d5PITEE KANAVANDAMINE<\/span><\/h1>\n<ul class=\"sub-menu active\">\n<li id=\"menu-item-50\" class=\"menu-item menu-item-type-post_type menu-item-object-page menu-item-50\"><a href=\"https:\/\/sisu.ut.ee\/edujategu15\/opitee-kui-tuleviku-kavandamise-viis\/\">\u00d5pitee kui tuleviku kavandamise viis<\/a><\/li>\n<li id=\"menu-item-51\" class=\"menu-item menu-item-type-post_type menu-item-object-page menu-item-51\"><a href=\"https:\/\/sisu.ut.ee\/edujategu15\/miks-eesmargid-vajalikud\/\">Miks on eesm\u00e4rgid vajalikud<\/a><\/li>\n<li id=\"menu-item-52\" class=\"menu-item menu-item-type-post_type menu-item-object-page menu-item-52\"><a href=\"https:\/\/sisu.ut.ee\/edujategu15\/eesmarkide-seadmine\/\">Eesm\u00e4rkide seadmine<\/a><\/li>\n<li id=\"menu-item-53\" class=\"menu-item menu-item-type-post_type menu-item-object-page menu-item-53\"><a href=\"https:\/\/sisu.ut.ee\/edujategu15\/tegevuste-planeerimine\/\">Tegevuste planeerimine<\/a><\/li>\n<\/ul>\n<div class=\"media-element file-default\" data-file_info=\"%7B%22fid%22:70983,%22view_mode%22:%22default%22,%22type%22:%22media%22%7D\"><\/div>\n","protected":false},"excerpt":{"rendered":"<p>ISIKLIKU \u00d5PITEE KANAVANDAMINE \u00d5pitee kui tuleviku kavandamise viis Miks on eesm\u00e4rgid vajalikud Eesm\u00e4rkide seadmine Tegevuste planeerimine<\/p>\n","protected":false},"author":263,"featured_media":0,"parent":0,"menu_order":0,"comment_status":"closed","ping_status":"closed","template":"","meta":{"_acf_changed":false,"inline_featured_image":false,"footnotes":""},"class_list":["post-12","page","type-page","status-publish","hentry"],"acf":[],"_links":{"self":[{"href":"https:\/\/sisu.ut.ee\/edujategu15\/wp-json\/wp\/v2\/pages\/12","targetHints":{"allow":["GET"]}}],"collection":[{"href":"https:\/\/sisu.ut.ee\/edujategu15\/wp-json\/wp\/v2\/pages"}],"about":[{"href":"https:\/\/sisu.ut.ee\/edujategu15\/wp-json\/wp\/v2\/types\/page"}],"author":[{"embeddable":true,"href":"https:\/\/sisu.ut.ee\/edujategu15\/wp-json\/wp\/v2\/users\/263"}],"replies":[{"embeddable":true,"href":"https:\/\/sisu.ut.ee\/edujategu15\/wp-json\/wp\/v2\/comments?post=12"}],"version-history":[{"count":3,"href":"https:\/\/sisu.ut.ee\/edujategu15\/wp-json\/wp\/v2\/pages\/12\/revisions"}],"predecessor-version":[{"id":98,"href":"https:\/\/sisu.ut.ee\/edujategu15\/wp-json\/wp\/v2\/pages\/12\/revisions\/98"}],"wp:attachment":[{"href":"https:\/\/sisu.ut.ee\/edujategu15\/wp-json\/wp\/v2\/media?parent=12"}],"curies":[{"name":"wp","href":"https:\/\/api.w.org\/{rel}","templated":true}]}}