{"id":10,"date":"2024-04-04T07:55:24","date_gmt":"2024-04-04T04:55:24","guid":{"rendered":"https:\/\/sisu.ut.ee\/edujategu15\/arengumapp\/"},"modified":"2024-05-10T11:30:39","modified_gmt":"2024-05-10T08:30:39","slug":"arengumapp","status":"publish","type":"page","link":"https:\/\/sisu.ut.ee\/edujategu15\/arengumapp\/","title":{"rendered":"Arengumapp"},"content":{"rendered":"<h1 id=\"page-title\"><img loading=\"lazy\" decoding=\"async\" class=\"alignnone wp-image-93\" src=\"https:\/\/sisu.ut.ee\/wp-content\/uploads\/sites\/553\/sissejuhatus-1024x1024.png\" alt=\"\" width=\"50\" height=\"50\" srcset=\"https:\/\/sisu.ut.ee\/wp-content\/uploads\/sites\/553\/sissejuhatus-1024x1024.png 1024w, https:\/\/sisu.ut.ee\/wp-content\/uploads\/sites\/553\/sissejuhatus-300x300.png 300w, https:\/\/sisu.ut.ee\/wp-content\/uploads\/sites\/553\/sissejuhatus-150x150.png 150w, https:\/\/sisu.ut.ee\/wp-content\/uploads\/sites\/553\/sissejuhatus-768x768.png 768w, https:\/\/sisu.ut.ee\/wp-content\/uploads\/sites\/553\/sissejuhatus.png 1080w\" sizes=\"auto, (max-width: 50px) 100vw, 50px\"> <span style=\"color: #28aae1;\">ARENGUMAPP<\/span><\/h1>\n<p><\/p><div class=\"accordion mb-3\">\n        <div class=\"accordion-item accordion-item--white\">\n        <h2 class=\"accordion-header\" id=\"accordion-69e272877ee99-heading\">\n            <button class=\"accordion-button collapsed\" type=\"button\" data-bs-toggle=\"collapse\" data-bs-target=\"#accordion-69e272877ee99-collapse\" aria-expanded=\"true\" aria-controls=\"accordion-69e272877ee99-collapse\">\u00a0<span style=\"color: #e31c79;\"><img loading=\"lazy\" decoding=\"async\" class=\"alignnone wp-image-11\" title=\"ulesanne.png\" src=\"https:\/\/sisu.ut.ee\/wp-content\/uploads\/sites\/547\/ulesanne.png\" alt=\"ylesanne\" width=\"40\" height=\"40\">\u00a0<strong>Kuidas luua ja kasutada arengumappi<\/strong><\/span><\/button>\n        <\/h2>\n        <div id=\"accordion-69e272877ee99-collapse\" class=\"accordion-collapse collapse\" aria-labelledby=\"accordion-69e272877ee99-heading\">\n            <div class=\"accordion-body\">\n<p><span style=\"line-height: normal;\">Arengumapp on vahend \u00f5ppimise ja t\u00f6\u00f6tamise kavandamiseks. Arengumapi koostamist alustatakse kutse\u00f5pingute alguses ja j\u00e4tkatakse kogu \u00f5ppeperioodi ajal.<\/span><\/p>\n<p style=\"margin: 2.0pt 0cm .0001pt 0cm;\"><span style=\"line-height: normal;\">Arengumapp toetab isikliku arenguga seotud tegevuste m\u00f5testamist ja planeerimist. <span style=\"color: black;\">Arengumapi sisuks v\u00f5ib olla isiklik, haridus- ja kutsealane areng ning t\u00f6\u00f6alane karj\u00e4\u00e4r. Arengumapi koostamise ja anal\u00fc\u00fcsimise kaudu \u00f5pitakse infot koguma, organiseerima, s\u00e4ilitama ja kasutama. <\/span><\/span><\/p>\n<p style=\"margin: 2.0pt 0cm .0001pt 0cm;\">\n<\/p><p style=\"margin: 2.0pt 0cm .0001pt 0cm;\"><span style=\"line-height: normal;\"><span lang=\"ET\" style=\"color: black;\"><span style=\"color: #e31c79;\"><img loading=\"lazy\" decoding=\"async\" class=\"alignnone wp-image-11\" title=\"ulesanne.png\" src=\"https:\/\/sisu.ut.ee\/wp-content\/uploads\/sites\/547\/ulesanne.png\" alt=\"ylesanne\" width=\"40\" height=\"40\"> <\/span>Arengumapp<\/span><\/span><\/p>\n<ul>\n<li style=\"margin-top: 2.0pt; margin-bottom: .0001pt;\"><span style=\"color: black;\"><span style=\"line-height: normal;\">aitab seada endale \u00f5ppimise ja t\u00f6\u00f6ga seotud eesm\u00e4rke;<\/span><\/span><\/li>\n<li style=\"margin-top: 2.0pt; margin-bottom: .0001pt;\"><span style=\"color: black;\"><span style=\"line-height: normal;\">aitab j\u00e4lgida ja planeerida oma kutsealast arengut ja \u00f5pinguid;<\/span><\/span><\/li>\n<li style=\"margin-top: 2.0pt; margin-bottom: .0001pt;\"><span style=\"color: black;\"><span style=\"line-height: normal;\">hindamisvahendina kajastab sinu oskuste vastavust \u00f5ppekava n\u00f5uetele;<\/span><\/span><\/li>\n<li style=\"margin-top: 2.0pt; margin-bottom: .0001pt;\"><span style=\"line-height: normal;\">on abiks kandideerimisdokumentide koostamisel;<\/span><\/li>\n<\/ul>\n<p style=\"margin-top: 2.0pt; margin-bottom: .0001pt;\">\n<\/p><p style=\"margin-top: 2.0pt; margin-bottom: .0001pt;\"><img loading=\"lazy\" decoding=\"async\" width=\"2508\" height=\"376\" class=\"alignnone wp-image-20\" title=\"screenshot_2023-01-20_at_10.48.52.png\" src=\"https:\/\/sisu.ut.ee\/wp-content\/uploads\/sites\/553\/screenshot_2023-01-20_at_10.48.52.png\" alt=\"gh\" srcset=\"https:\/\/sisu.ut.ee\/wp-content\/uploads\/sites\/553\/screenshot_2023-01-20_at_10.48.52.png 2508w, https:\/\/sisu.ut.ee\/wp-content\/uploads\/sites\/553\/screenshot_2023-01-20_at_10.48.52-300x45.png 300w, https:\/\/sisu.ut.ee\/wp-content\/uploads\/sites\/553\/screenshot_2023-01-20_at_10.48.52-1024x154.png 1024w, https:\/\/sisu.ut.ee\/wp-content\/uploads\/sites\/553\/screenshot_2023-01-20_at_10.48.52-768x115.png 768w, https:\/\/sisu.ut.ee\/wp-content\/uploads\/sites\/553\/screenshot_2023-01-20_at_10.48.52-1536x230.png 1536w, https:\/\/sisu.ut.ee\/wp-content\/uploads\/sites\/553\/screenshot_2023-01-20_at_10.48.52-2048x307.png 2048w, https:\/\/sisu.ut.ee\/wp-content\/uploads\/sites\/553\/screenshot_2023-01-20_at_10.48.52-1920x288.png 1920w\" sizes=\"auto, (max-width: 2508px) 100vw, 2508px\"><\/p>\n<p style=\"margin-top: 2.0pt; margin-bottom: .0001pt;\">\n<\/p><p style=\"margin-top: 2.0pt; margin-bottom: .0001pt;\"><span style=\"color: #e31c79;\"><img loading=\"lazy\" decoding=\"async\" class=\"alignnone wp-image-11\" title=\"ulesanne.png\" src=\"https:\/\/sisu.ut.ee\/wp-content\/uploads\/sites\/547\/ulesanne.png\" alt=\"ylesanne\" width=\"40\" height=\"40\"><\/span>\u00a0<strong><span style=\"color: #e31c79;\">Isikliku arengumapi loomine ja kasutamine<\/span><\/strong><\/p>\n<ul>\n<li><strong>Sea sisse isiklik arengumapp.<\/strong> Digitaalse arengumapi loomiseks sobivad n\u00e4iteks e-portfolio,\u00a0 blogi, koduleht jt. Leia endale sobivaim vorm! Valitud keskkond peab v\u00f5imaldama failide lisamist.<\/li>\n<li><strong>Kujunda oma arengumapile esileht.<\/strong><\/li>\n<li><strong>Lisa enda tutvustus.<\/strong> Kasuta teksti k\u00f5rval v\u00f5i asemel n\u00e4iteks fotosid, ikoone, sinuga seotud logosid v\u00f5i s\u00fcmboleid jne!<\/li>\n<li><strong>Koonda arengumappi t\u00f6\u00f6lehed ja teised sinu karj\u00e4\u00e4riga seotud materjalid.<\/strong> T\u00e4ienda soovi korral fotode, artiklite ja muu teemakohasega.<\/li>\n<li>Kui arengumapp on mooduli hindamisvahendiks v\u00f5i n\u00f5ustamise aluseks, siis v\u00f5imalda \u00f5petajale v\u00f5i juhendajale sellele ligip\u00e4\u00e4s kokku lepitud perioodiks.<\/li>\n<li><strong>Hoia arengumapp alles ja t\u00e4ienda seda \u00f5pingute l\u00f5puni.<\/strong><\/li>\n<li>Kasuta arengumappi ka peale praegusi \u00f5pinguid, nt t\u00f6\u00f6le kandideerimiseks, kutse taotlemiseks valmistumisel v\u00f5i edasiste koolitusv\u00f5imaluste kavandamisel.\u00a0\u00a0<\/li><\/ul><\/div>\n        <\/div>\n        <\/div>\n    <\/div>\n\n<p><span lang=\"ET\" style=\"color: black;\"><div class=\"accordion mb-3\">\n        <div class=\"accordion-item accordion-item--white\">\n        <h2 class=\"accordion-header\" id=\"accordion-69e272877eea3-heading\">\n            <button class=\"accordion-button collapsed\" type=\"button\" data-bs-toggle=\"collapse\" data-bs-target=\"#accordion-69e272877eea3-collapse\" aria-expanded=\"true\" aria-controls=\"accordion-69e272877eea3-collapse\"><span style=\"color: #000000;\"><img loading=\"lazy\" decoding=\"async\" class=\"alignnone wp-image-12\" title=\"uued_moisted.png\" src=\"https:\/\/sisu.ut.ee\/wp-content\/uploads\/sites\/547\/uued_moisted.png\" alt=\"mv\" width=\"40\" height=\"40\">\u00a0<span style=\"color: #ffd700;\"><strong><span lang=\"ET\">Kuidas kasutada t\u00f6\u00f6lehti<\/span><\/strong><\/span><\/span><span lang=\"ET\" style=\"color: black;\"><\/span><\/button>\n        <\/h2>\n        <div id=\"accordion-69e272877eea3-collapse\" class=\"accordion-collapse collapse\" aria-labelledby=\"accordion-69e272877eea3-heading\">\n            <div class=\"accordion-body\">\n<p><b>Kuidas kasutada t\u00f6\u00f6lehti?\u00a0\u00a0<\/b><\/p>\n<ul>\n<li>Enamik selle \u00f5piobjekti t\u00f6\u00f6lehti asub <a title=\"\" href=\"https:\/\/e-koolikott.ee\/et\/oppematerjal\/31384-Edu-ja-Tegu-ettevotlus-ja-karjaar-Opitee-ja-too-muutuvas-keskkonnas-Karjaari-ja-ettevotlusoppe-toolehed-kutsekoolidele\" target=\"_blank\" rel=\"noopener\" data-url=\"https:\/\/e-koolikott.ee\/et\/oppematerjal\/31384-Edu-ja-Tegu-ettevotlus-ja-karjaar-Opitee-ja-too-muutuvas-keskkonnas-Karjaari-ja-ettevotlusoppe-toolehed-kutsekoolidele\">e-koolikotis<\/a><\/li>\n<li>T\u00f6\u00f6lehti v\u00f5ib kasutada omal valikul kas\n<ul>\n<li>\u00a0<strong>digitaalselt <\/strong>(t\u00e4ita ja\u00a0 salvestada arvutis)\u00a0 v\u00f5i<\/li>\n<li>\u00a0<strong>printida <\/strong>enne v\u00f5i p\u00e4rast t\u00e4itmist.<\/li>\n<\/ul>\n<\/li>\n<li><b>Enne t\u00e4itmist salvesta vajalik t\u00f6\u00f6leht enda arvutisse! <\/b><\/li>\n<li>\u00dclesannete t\u00e4itmiseks vajalikud \u00f5pijuhised on iga t\u00f6\u00f6lehe juures.<\/li>\n<li>T\u00f6\u00f6lehed koosnevad mitmest \u00fclesandest ja sageli suunavad edasistele tegevustele.<\/li>\n<li>T\u00e4idetud t\u00f6\u00f6lehed lisa enda isiklikku arengumappi.\u00a0<\/li><\/ul><\/div>\n        <\/div>\n        <\/div>\n    <\/div>\n\n<\/span><\/p>","protected":false},"excerpt":{"rendered":"<p>ARENGUMAPP \u00a0\u00a0Kuidas luua ja kasutada arengumappi Arengumapp on vahend \u00f5ppimise ja t\u00f6\u00f6tamise kavandamiseks. Arengumapi koostamist alustatakse kutse\u00f5pingute alguses ja j\u00e4tkatakse kogu \u00f5ppeperioodi ajal. Arengumapp toetab isikliku arenguga seotud tegevuste m\u00f5testamist ja planeerimist. Arengumapi sisuks v\u00f5ib olla isiklik, haridus- ja kutsealane &#8230;<\/p>\n","protected":false},"author":263,"featured_media":0,"parent":0,"menu_order":0,"comment_status":"closed","ping_status":"closed","template":"","meta":{"_acf_changed":false,"inline_featured_image":false,"footnotes":""},"class_list":["post-10","page","type-page","status-publish","hentry"],"acf":[],"_links":{"self":[{"href":"https:\/\/sisu.ut.ee\/edujategu15\/wp-json\/wp\/v2\/pages\/10","targetHints":{"allow":["GET"]}}],"collection":[{"href":"https:\/\/sisu.ut.ee\/edujategu15\/wp-json\/wp\/v2\/pages"}],"about":[{"href":"https:\/\/sisu.ut.ee\/edujategu15\/wp-json\/wp\/v2\/types\/page"}],"author":[{"embeddable":true,"href":"https:\/\/sisu.ut.ee\/edujategu15\/wp-json\/wp\/v2\/users\/263"}],"replies":[{"embeddable":true,"href":"https:\/\/sisu.ut.ee\/edujategu15\/wp-json\/wp\/v2\/comments?post=10"}],"version-history":[{"count":3,"href":"https:\/\/sisu.ut.ee\/edujategu15\/wp-json\/wp\/v2\/pages\/10\/revisions"}],"predecessor-version":[{"id":96,"href":"https:\/\/sisu.ut.ee\/edujategu15\/wp-json\/wp\/v2\/pages\/10\/revisions\/96"}],"wp:attachment":[{"href":"https:\/\/sisu.ut.ee\/edujategu15\/wp-json\/wp\/v2\/media?parent=10"}],"curies":[{"name":"wp","href":"https:\/\/api.w.org\/{rel}","templated":true}]}}