{"id":5,"date":"2024-04-04T07:51:49","date_gmt":"2024-04-04T04:51:49","guid":{"rendered":"https:\/\/sisu.ut.ee\/edujategu14\/sihi-seadmine-kutsesusteemis\/"},"modified":"2024-05-07T09:45:51","modified_gmt":"2024-05-07T06:45:51","slug":"sihi-seadmine-kutsesusteemis","status":"publish","type":"page","link":"https:\/\/sisu.ut.ee\/edujategu14\/sihi-seadmine-kutsesusteemis\/","title":{"rendered":"Sihi seadmine kutses\u00fcsteemis"},"content":{"rendered":"<h1 id=\"page-title\"><img loading=\"lazy\" decoding=\"async\" class=\"alignnone wp-image-83\" src=\"https:\/\/sisu.ut.ee\/wp-content\/uploads\/sites\/547\/sissejuhatus-1024x1024.png\" alt=\"\" width=\"50\" height=\"50\" srcset=\"https:\/\/sisu.ut.ee\/wp-content\/uploads\/sites\/547\/sissejuhatus-1024x1024.png 1024w, https:\/\/sisu.ut.ee\/wp-content\/uploads\/sites\/547\/sissejuhatus-300x300.png 300w, https:\/\/sisu.ut.ee\/wp-content\/uploads\/sites\/547\/sissejuhatus-150x150.png 150w, https:\/\/sisu.ut.ee\/wp-content\/uploads\/sites\/547\/sissejuhatus-768x768.png 768w, https:\/\/sisu.ut.ee\/wp-content\/uploads\/sites\/547\/sissejuhatus.png 1080w\" sizes=\"auto, (max-width: 50px) 100vw, 50px\">\u00a0<span style=\"color: #28aae1;\">SIHI SEADMINE KUTSES\u00dcSTEEMIS<\/span><\/h1>\n<p><img loading=\"lazy\" decoding=\"async\" width=\"2502\" height=\"358\" class=\"alignnone wp-image-21\" title=\"screenshot_2023-01-20_at_10.40.59.png\" src=\"https:\/\/sisu.ut.ee\/wp-content\/uploads\/sites\/547\/screenshot_2023-01-20_at_10.40.59.png\" alt=\"sa\" srcset=\"https:\/\/sisu.ut.ee\/wp-content\/uploads\/sites\/547\/screenshot_2023-01-20_at_10.40.59.png 2502w, https:\/\/sisu.ut.ee\/wp-content\/uploads\/sites\/547\/screenshot_2023-01-20_at_10.40.59-300x43.png 300w, https:\/\/sisu.ut.ee\/wp-content\/uploads\/sites\/547\/screenshot_2023-01-20_at_10.40.59-1024x147.png 1024w, https:\/\/sisu.ut.ee\/wp-content\/uploads\/sites\/547\/screenshot_2023-01-20_at_10.40.59-768x110.png 768w, https:\/\/sisu.ut.ee\/wp-content\/uploads\/sites\/547\/screenshot_2023-01-20_at_10.40.59-1536x220.png 1536w, https:\/\/sisu.ut.ee\/wp-content\/uploads\/sites\/547\/screenshot_2023-01-20_at_10.40.59-2048x293.png 2048w, https:\/\/sisu.ut.ee\/wp-content\/uploads\/sites\/547\/screenshot_2023-01-20_at_10.40.59-1920x275.png 1920w\" sizes=\"auto, (max-width: 2502px) 100vw, 2502px\"><\/p>\n<p><span style=\"color: #e31c79;\"><img loading=\"lazy\" decoding=\"async\" class=\"alignnone wp-image-15\" title=\"motlemiseks.png\" src=\"https:\/\/sisu.ut.ee\/wp-content\/uploads\/sites\/547\/motlemiseks.png\" alt=\"mote\" width=\"40\" height=\"40\" srcset=\"https:\/\/sisu.ut.ee\/wp-content\/uploads\/sites\/547\/motlemiseks.png 1080w, https:\/\/sisu.ut.ee\/wp-content\/uploads\/sites\/547\/motlemiseks-300x300.png 300w, https:\/\/sisu.ut.ee\/wp-content\/uploads\/sites\/547\/motlemiseks-1024x1024.png 1024w, https:\/\/sisu.ut.ee\/wp-content\/uploads\/sites\/547\/motlemiseks-150x150.png 150w, https:\/\/sisu.ut.ee\/wp-content\/uploads\/sites\/547\/motlemiseks-768x768.png 768w\" sizes=\"auto, (max-width: 40px) 100vw, 40px\">\u00a0<b>Mida t\u00e4hendab sinu jaoks professionaalsus? Mis iseloomustab oma ala meistrit?<\/b><\/span><\/p>\n<p><span lang=\"ET\" style=\"color: black;\"><div class=\"accordion mb-3\">\n        <div class=\"accordion-item accordion-item--white\">\n        <h2 class=\"accordion-header\" id=\"accordion-69e1d2b7502f7-heading\">\n            <button class=\"accordion-button collapsed\" type=\"button\" data-bs-toggle=\"collapse\" data-bs-target=\"#accordion-69e1d2b7502f7-collapse\" aria-expanded=\"true\" aria-controls=\"accordion-69e1d2b7502f7-collapse\"><span style=\"color: #000000;\"><img loading=\"lazy\" decoding=\"async\" class=\"alignnone wp-image-12\" title=\"uued_moisted.png\" src=\"https:\/\/sisu.ut.ee\/wp-content\/uploads\/sites\/547\/uued_moisted.png\" alt=\"mv\" width=\"40\" height=\"40\" srcset=\"https:\/\/sisu.ut.ee\/wp-content\/uploads\/sites\/547\/uued_moisted.png 1080w, https:\/\/sisu.ut.ee\/wp-content\/uploads\/sites\/547\/uued_moisted-300x300.png 300w, https:\/\/sisu.ut.ee\/wp-content\/uploads\/sites\/547\/uued_moisted-1024x1024.png 1024w, https:\/\/sisu.ut.ee\/wp-content\/uploads\/sites\/547\/uued_moisted-150x150.png 150w, https:\/\/sisu.ut.ee\/wp-content\/uploads\/sites\/547\/uued_moisted-768x768.png 768w\" sizes=\"auto, (max-width: 40px) 100vw, 40px\"><span style=\"background: white; color: #ffd700;\"> <span style=\"line-height: normal;\"><b><span lang=\"ET\">Kutsestandardid \u00f5ppekavade alusena<\/span><\/b><\/span><\/span><\/span><span lang=\"ET\" style=\"color: black;\"><\/span><\/button>\n        <\/h2>\n        <div id=\"accordion-69e1d2b7502f7-collapse\" class=\"accordion-collapse collapse\" aria-labelledby=\"accordion-69e1d2b7502f7-heading\">\n            <div class=\"accordion-body\">\n<p style=\"margin: 5.0pt 0cm 5.0pt 0cm;\"><span style=\"background: white;\"><span lang=\"ET\" style=\"color: #333333;\">Kutse- ja k\u00f5rgkoolide \u00f5ppekavadele aluseks on kutsestandardid. <\/span><\/span><\/p>\n<p style=\"margin: 5.0pt 0cm 5.0pt 0cm;\"><img decoding=\"async\" title=\"\" src=\"https:\/\/sisu.ut.ee\/wp-content\/uploads\/sites\/547\/uued_moisted.png\" alt=\"mv\" width=\"31.9921875\" height=\"31.9921875\" data-file_info=\"%7B%22fid%22:%2269158%22,%22view_mode%22:%22default%22,%22type%22:%22media%22%7D\">\u00a0<span style=\"background: white;\"><b>Kutsestandard<\/b> on dokument, milles kirjeldatakse t\u00f6\u00f6d ja t\u00f6\u00f6 tegemiseks vajalikke kompetentse: oskusi, teadmisi, hoiakuid ja kogemusi. <span lang=\"ET\" style=\"color: #333333;\">Need kompetentsid on vajalikud oma kutsealal edukalt tegutsemiseks. Lisaks erialaga seotud oskustele on kirjeldatud ka \u00fcldisi, paljude ametite juures n\u00f5utud oskusi ja isikuomadusi. <\/span><\/span><\/p>\n<p style=\"margin: 5.0pt 0cm 5.0pt 0cm;\"><span style=\"background: white;\"><span lang=\"ET\" style=\"color: #333333;\">T\u00f6\u00f6taja v\u00f5i \u00f5ppija vastavust kutsestandardi n\u00f5uetele hinnatakse kutseeksamiga. <\/span><\/span><strong>Kutseeksam <\/strong>tuleb sooritada ka paljude kutsehariduse taseme\u00f5ppe \u00f5ppekavade l\u00e4bimise l\u00f5pus. Kui kutsestandardis kirjeldatud kompetentsid on omandatud ja hinnatud,\u00a0 v\u00e4ljastatakse isikule <strong>kutsetunnistus<\/strong>. Kutsetunnistuse omamine on kasulik, sest<\/p>\n<ul>\n<li>t\u00f5endab t\u00f6\u00f6andjale, et sul on olemas kutsestandardis kirjeldatud oskused ja teadmised,<\/li>\n<li>aitab aru saada, milliseid oskusi on sul vaja juurde t\u00f6\u00f6turul konkurentsiv\u00f5imelisena p\u00fcsimiseks,<\/li>\n<li>aitab kujundada oma t\u00f6\u00f6alast karj\u00e4\u00e4ri,<\/li>\n<li>on seadusega n\u00f5utud m\u00f5nel ametikohal t\u00f6\u00f6tamiseks.<\/li>\n<\/ul>\n<p style=\"margin: 5.0pt 0cm 5.0pt 0cm;\"><span style=\"background: white;\"><span lang=\"ET\" style=\"color: #333333;\">Kutsestandardid on seotud kvalifikatsiooniraamistikuga.<\/span><\/span><span style=\"background: white;\"><span style=\"line-height: normal;\"><b><span lang=\"ET\"><span style=\"color: black;\"><\/span><\/span><\/b><\/span><\/span><\/p><\/div>\n        <\/div>\n        <\/div>\n    <\/div><\/span><\/p>\n<p><span lang=\"ET\" style=\"color: black;\"><div class=\"accordion mb-3\">\n        <div class=\"accordion-item accordion-item--white\">\n        <h2 class=\"accordion-header\" id=\"accordion-69e1d2b750307-heading\">\n            <button class=\"accordion-button collapsed\" type=\"button\" data-bs-toggle=\"collapse\" data-bs-target=\"#accordion-69e1d2b750307-collapse\" aria-expanded=\"true\" aria-controls=\"accordion-69e1d2b750307-collapse\"><span style=\"color: #000000;\"><img loading=\"lazy\" decoding=\"async\" class=\"alignnone wp-image-12\" title=\"uued_moisted.png\" src=\"https:\/\/sisu.ut.ee\/wp-content\/uploads\/sites\/547\/uued_moisted.png\" alt=\"mv\" width=\"40\" height=\"40\" srcset=\"https:\/\/sisu.ut.ee\/wp-content\/uploads\/sites\/547\/uued_moisted.png 1080w, https:\/\/sisu.ut.ee\/wp-content\/uploads\/sites\/547\/uued_moisted-300x300.png 300w, https:\/\/sisu.ut.ee\/wp-content\/uploads\/sites\/547\/uued_moisted-1024x1024.png 1024w, https:\/\/sisu.ut.ee\/wp-content\/uploads\/sites\/547\/uued_moisted-150x150.png 150w, https:\/\/sisu.ut.ee\/wp-content\/uploads\/sites\/547\/uued_moisted-768x768.png 768w\" sizes=\"auto, (max-width: 40px) 100vw, 40px\"><span style=\"background: white; color: #ffd700;\"> <span style=\"line-height: normal;\"><b><span lang=\"ET\">Kvalifikatsiooniraamistik ja tulevikuoskused<\/span><\/b><\/span><\/span><\/span><span lang=\"ET\" style=\"color: black;\"><\/span><\/button>\n        <\/h2>\n        <div id=\"accordion-69e1d2b750307-collapse\" class=\"accordion-collapse collapse\" aria-labelledby=\"accordion-69e1d2b750307-heading\">\n            <div class=\"accordion-body\">\n<p><img decoding=\"async\" title=\"\" src=\"https:\/\/sisu.ut.ee\/wp-content\/uploads\/sites\/547\/ulesanne.png\" alt=\"ylesanne\" width=\"31.9921875\" height=\"31.9921875\" data-file_info=\"%7B%22fid%22:%2269103%22,%22view_mode%22:%22default%22,%22type%22:%22media%22%7D\">\u00a0<span style=\"color: #e31c79;\"><b>Tutvu Eesti kvalifikatsiooniraamistikuga ja t\u00f6\u00f6turul hinnatud tulevikuoskustega.<\/b><\/span><\/p>\n<p style=\"margin: 5.0pt 0cm 5.0pt 0cm;\">Eesti kvalifikatsiooniraamistik<\/p>\n<p style=\"margin: 5.0pt 0cm 5.0pt 0cm;\"><\/p><div class=\"ratio ratio-16x9 mb-3\"><div class=\"video-placeholder-wrapper video-placeholder-wrapper--16x9\">\n\t\t\t    <div class=\"video-placeholder d-flex justify-content-center align-items-center\">\n\t\t\t        <div class=\"overlay text-white p-2 w-100 text-center d-block justify-content-center align-items-center\">\n\t\t\t            <div>Kolmandate osapoolte sisu n\u00e4gemiseks palun n\u00f5ustu k\u00fcpsistega.<\/div>\n\t\t\t            <button class=\"btn btn-secondary btn-sm mt-1 consent-change\">Muuda n\u00f5usolekut<\/button>\n\t\t\t        <\/div>\n\t\t\t    <\/div>\n\t\t\t<\/div>\n<\/div>\n<p style=\"margin: 5.0pt 0cm 5.0pt 0cm;\"><span lang=\"ET\">Tulevikuoskused<\/span><\/p>\n<p style=\"margin: 5.0pt 0cm 5.0pt 0cm;\"><\/p><div class=\"ratio ratio-16x9 mb-3\"><div class=\"video-placeholder-wrapper video-placeholder-wrapper--16x9\">\n\t\t\t    <div class=\"video-placeholder d-flex justify-content-center align-items-center\">\n\t\t\t        <div class=\"overlay text-white p-2 w-100 text-center d-block justify-content-center align-items-center\">\n\t\t\t            <div>Kolmandate osapoolte sisu n\u00e4gemiseks palun n\u00f5ustu k\u00fcpsistega.<\/div>\n\t\t\t            <button class=\"btn btn-secondary btn-sm mt-1 consent-change\">Muuda n\u00f5usolekut<\/button>\n\t\t\t        <\/div>\n\t\t\t    <\/div>\n\t\t\t<\/div>\n<\/div>\n<p style=\"margin: 5.0pt 0cm 5.0pt 0cm;\"><img decoding=\"async\" title=\"\" src=\"https:\/\/sisu.ut.ee\/wp-content\/uploads\/sites\/547\/uued_moisted.png\" alt=\"mv\" width=\"31.9921875\" height=\"31.9921875\" data-file_info=\"%7B%22fid%22:%2269158%22,%22view_mode%22:%22default%22,%22type%22:%22media%22%7D\">\u00a0Loe p\u00f5hjalikumat <a title=\"\" href=\"https:\/\/oska.kutsekoda.ee\/wp-content\/uploads\/2022\/03\/Tooelu_yldoskused_Liigitus_ja_vajadused_lyhiaruanne.pdf\" target=\"_blank\" rel=\"noopener\" data-url=\"https:\/\/oska.kutsekoda.ee\/wp-content\/uploads\/2022\/03\/Tooelu_yldoskused_Liigitus_ja_vajadused_lyhiaruanne.pdf\">\u00fclevaadet t\u00f6\u00f6tamiseks vajalikest oskustest.<\/a><\/p>\n<p style=\"margin: 5.0pt 0cm 5.0pt 0cm;\"><img decoding=\"async\" title=\"\" src=\"https:\/\/sisu.ut.ee\/wp-content\/uploads\/sites\/547\/uued_moisted.png\" alt=\"mv\" width=\"31.9921875\" height=\"31.9921875\" data-file_info=\"%7B%22fid%22:%2269158%22,%22view_mode%22:%22default%22,%22type%22:%22media%22%7D\">\u00a0Tutvu kokkuv\u00f5ttega <a title=\"\" href=\"https:\/\/haridusportaal.edu.ee\/artiklid\/kutsestandardid-ja-kutsed#kutsestandardid-ja-kompetentsid\" target=\"_blank\" rel=\"noopener\" data-url=\"https:\/\/haridusportaal.edu.ee\/artiklid\/kutsestandardid-ja-kutsed#kutsestandardid-ja-kompetentsid\">kutses\u00fcsteemist, kutsestandarditest ja kutsete andmisest<\/a><\/p>\n<p style=\"margin: 5.0pt 0cm 5.0pt 0cm;\"><span style=\"background: white;\"><span style=\"line-height: normal;\"><span lang=\"ET\" style=\"color: black;\"><\/span><\/span><\/span><\/p><\/div>\n        <\/div>\n        <\/div>\n    <\/div><\/span><\/p>\n<p><\/p><div class=\"accordion mb-3\">\n        <div class=\"accordion-item accordion-item--white\">\n        <h2 class=\"accordion-header\" id=\"accordion-69e1d2b750318-heading\">\n            <button class=\"accordion-button collapsed\" type=\"button\" data-bs-toggle=\"collapse\" data-bs-target=\"#accordion-69e1d2b750318-collapse\" aria-expanded=\"true\" aria-controls=\"accordion-69e1d2b750318-collapse\">\u00a0<span style=\"color: #e31c79;\"><img loading=\"lazy\" decoding=\"async\" class=\"alignnone wp-image-11\" title=\"ulesanne.png\" src=\"https:\/\/sisu.ut.ee\/wp-content\/uploads\/sites\/547\/ulesanne.png\" alt=\"ylesanne\" width=\"40\" height=\"40\" srcset=\"https:\/\/sisu.ut.ee\/wp-content\/uploads\/sites\/547\/ulesanne.png 1080w, https:\/\/sisu.ut.ee\/wp-content\/uploads\/sites\/547\/ulesanne-300x300.png 300w, https:\/\/sisu.ut.ee\/wp-content\/uploads\/sites\/547\/ulesanne-1024x1024.png 1024w, https:\/\/sisu.ut.ee\/wp-content\/uploads\/sites\/547\/ulesanne-150x150.png 150w, https:\/\/sisu.ut.ee\/wp-content\/uploads\/sites\/547\/ulesanne-768x768.png 768w\" sizes=\"auto, (max-width: 40px) 100vw, 40px\">\u00a0<strong>Enda kompetentside hindamine l\u00e4htuvalt kutsestandardist <\/strong><\/span><\/button>\n        <\/h2>\n        <div id=\"accordion-69e1d2b750318-collapse\" class=\"accordion-collapse collapse\" aria-labelledby=\"accordion-69e1d2b750318-heading\">\n            <div class=\"accordion-body\">\n<p style=\"margin: 5.0pt 0cm 5.0pt 0cm;\"><img loading=\"lazy\" decoding=\"async\" width=\"2510\" height=\"370\" class=\"alignnone wp-image-22\" title=\"screenshot_2023-01-20_at_10.42.37.png\" src=\"https:\/\/sisu.ut.ee\/wp-content\/uploads\/sites\/547\/screenshot_2023-01-20_at_10.42.37.png\" alt=\"hf\" srcset=\"https:\/\/sisu.ut.ee\/wp-content\/uploads\/sites\/547\/screenshot_2023-01-20_at_10.42.37.png 2510w, https:\/\/sisu.ut.ee\/wp-content\/uploads\/sites\/547\/screenshot_2023-01-20_at_10.42.37-300x44.png 300w, https:\/\/sisu.ut.ee\/wp-content\/uploads\/sites\/547\/screenshot_2023-01-20_at_10.42.37-1024x151.png 1024w, https:\/\/sisu.ut.ee\/wp-content\/uploads\/sites\/547\/screenshot_2023-01-20_at_10.42.37-768x113.png 768w, https:\/\/sisu.ut.ee\/wp-content\/uploads\/sites\/547\/screenshot_2023-01-20_at_10.42.37-1536x226.png 1536w, https:\/\/sisu.ut.ee\/wp-content\/uploads\/sites\/547\/screenshot_2023-01-20_at_10.42.37-2048x302.png 2048w, https:\/\/sisu.ut.ee\/wp-content\/uploads\/sites\/547\/screenshot_2023-01-20_at_10.42.37-1920x283.png 1920w\" sizes=\"auto, (max-width: 2510px) 100vw, 2510px\"><\/p>\n<p><img decoding=\"async\" title=\"\" src=\"https:\/\/sisu.ut.ee\/wp-content\/uploads\/sites\/547\/ulesanne.png\" alt=\"ylesanne\" width=\"31.984375\" height=\"31.984375\" data-file_info=\"%7B%22fid%22:%2269103%22,%22view_mode%22:%22default%22,%22type%22:%22media%22%7D\">\u00a0<strong><span style=\"color: #e31c79;\">Tutvu kutsestandardiga ja hinda enda kompetentse.<\/span><\/strong><\/p>\n<ul>\n<li><b><span lang=\"ET\"><span style=\"line-height: 115%;\">Tutvu <\/span><\/span><\/b><span lang=\"ET\"><span style=\"line-height: 115%;\">\u00f5pitava eriala kutsestandardiga.<\/span><\/span><\/li>\n<\/ul>\n<p><span lang=\"ET\"><span style=\"line-height: 115%;\">Kutsestandardid leiad Kutsekoja veebilehelt <\/span><\/span><a title=\"\" href=\"https:\/\/www.kutseregister.ee\/\" target=\"_blank\" rel=\"noopener\" data-url=\"https:\/\/www.kutseregister.ee\/\">https:\/\/www.kutseregister.ee\/<\/a><\/p>\n<ul>\n<li><span lang=\"ET\"><span style=\"line-height: 115%;\">Vaata lisaks oma erialaga seotud ametite\u00a0 tutvustusi. Valiku leiad n\u00e4iteks <\/span><\/span><\/li>\n<\/ul>\n<p><a title=\"\" href=\"https:\/\/karjaaristuudio.ee\/teema\/tutvu-ametiga\/\" target=\"_blank\" rel=\"noopener\" data-url=\"https:\/\/karjaaristuudio.ee\/teema\/tutvu-ametiga\/\">https:\/\/karjaaristuudio.ee\/teema\/tutvu-ametiga\/<\/a><\/p>\n<p><a title=\"\" href=\"https:\/\/haridusportaal.edu.ee\/valdkonnad\" target=\"_blank\" rel=\"noopener\" data-url=\"https:\/\/haridusportaal.edu.ee\/valdkonnad\">https:\/\/haridusportaal.edu.ee\/valdkonnad<\/a><\/p>\n<p><b><span lang=\"ET\"><span style=\"line-height: 115%;\">V\u00f5rdle<\/span><\/span><\/b><span lang=\"ET\"><span style=\"line-height: 115%;\"> enda olemasolevaid teadmisi, oskusi ja isikuomadusi kutsestandardis kirjeldatud kohustuslike ja l\u00e4bivate kompetentsidega. V\u00f5rdlemisel on abiks t\u00f6\u00f6lehed.<\/span><\/span><\/p>\n<ul>\n<li><b><span lang=\"ET\"><span style=\"line-height: 115%;\">T\u00e4ida t\u00f6\u00f6leht <\/span><\/span><\/b><span lang=\"ET\"><span style=\"line-height: 115%;\">(tutvu m\u00f5lemaga ja vali neist \u00fcks) ja salvesta see oma arengumappi!<\/span><\/span><\/li>\n<\/ul>\n<p style=\"margin-left: 40px;\"><span lang=\"ET\"><span style=\"line-height: 115%;\">OSKUSTE BINGO<b> <\/b>(<\/span><\/span><a href=\"https:\/\/sisu.ut.ee\/wp-content\/uploads\/sites\/547\/oskustebingoc_0.pdf\" data-fid=\"69107\">C<\/a><span lang=\"ET\"><span style=\"line-height: 115%;\">\u00a0v\u00f5i <\/span><\/span><a href=\"https:\/\/sisu.ut.ee\/wp-content\/uploads\/sites\/547\/oskustebingod.pdf\" data-fid=\"69106\">D<\/a><span lang=\"ET\"><span style=\"line-height: 115%;\">)<\/span><\/span><\/p>\n<p style=\"margin-left: 40px;\"><a href=\"https:\/\/sisu.ut.ee\/wp-content\/uploads\/sites\/547\/minukutsealaneareng.pdf\" data-fid=\"69108\">MINU KUTSEALANE ARENG<\/a><\/p>\n<p><img decoding=\"async\" title=\"\" src=\"https:\/\/sisu.ut.ee\/wp-content\/uploads\/sites\/547\/ulesanne.png\" alt=\"ylesanne\" width=\"31.9921875\" height=\"31.9921875\" data-file_info=\"%7B%22fid%22:%2269103%22,%22view_mode%22:%22default%22,%22type%22:%22media%22%7D\"><span style=\"color: #e31c79;\"><strong>\u00a0Isiklik SWOT-anal\u00fc\u00fcs<\/strong><\/span><\/p>\n<p><img loading=\"lazy\" decoding=\"async\" width=\"2500\" height=\"376\" class=\"alignnone wp-image-23\" title=\"screenshot_2023-01-20_at_10.43.58.png\" src=\"https:\/\/sisu.ut.ee\/wp-content\/uploads\/sites\/547\/screenshot_2023-01-20_at_10.43.58.png\" alt=\"dif\" srcset=\"https:\/\/sisu.ut.ee\/wp-content\/uploads\/sites\/547\/screenshot_2023-01-20_at_10.43.58.png 2500w, https:\/\/sisu.ut.ee\/wp-content\/uploads\/sites\/547\/screenshot_2023-01-20_at_10.43.58-300x45.png 300w, https:\/\/sisu.ut.ee\/wp-content\/uploads\/sites\/547\/screenshot_2023-01-20_at_10.43.58-1024x154.png 1024w, https:\/\/sisu.ut.ee\/wp-content\/uploads\/sites\/547\/screenshot_2023-01-20_at_10.43.58-768x116.png 768w, https:\/\/sisu.ut.ee\/wp-content\/uploads\/sites\/547\/screenshot_2023-01-20_at_10.43.58-1536x231.png 1536w, https:\/\/sisu.ut.ee\/wp-content\/uploads\/sites\/547\/screenshot_2023-01-20_at_10.43.58-2048x308.png 2048w, https:\/\/sisu.ut.ee\/wp-content\/uploads\/sites\/547\/screenshot_2023-01-20_at_10.43.58-1920x289.png 1920w\" sizes=\"auto, (max-width: 2500px) 100vw, 2500px\"><\/p>\n<p>SWOT-anal\u00fc\u00fcs on kiire ja \u00fclevaatlik meetod \u00a0oma isiksuse erinevate k\u00fclgede ning \u00f5pinguid m\u00f5jutavate tegurite tundma\u00f5ppimisel ja hindamisel. Iseenda tugevuste ja n\u00f5rkuste kirjapanek aitab sul avastada nii v\u00f5imalused kui ohud seoses \u00f5pitava erialaga. Enda parem tundmine aitab planeerida oma oskuste ja v\u00f5imete arendamist. SWOT-anal\u00fc\u00fcsis hinnatakse tugevusi (<strong>S<\/strong>trengths), n\u00f5rkusi (<strong>W<\/strong>eaknesses), v\u00f5imalusi (<strong>O<\/strong>pportunities) ja ohte (<strong>T<\/strong>hreats). Inimese tugevused ja n\u00f5rkused on tema sisemised faktorid. V\u00e4liskeskkonna v\u00f5imalused ja ohud on v\u00e4limised faktorid. Oma tugevusi teades on kergem teha \u00f5ppimisega seotud valikuid, luua ja kasutada v\u00f5imalusi. Tugevustele toetudes on v\u00f5imalik n\u00f5rkuste m\u00f5ju ja ohtusid v\u00e4hendada.<\/p>\n<ul>\n<li>\u00a0 \u00a0 Tutvu \u00f5pitava eriala kutsestandardiga.<\/li>\n<li>\u00a0 \u00a0 V\u00f5rdle enda praegusi teadmisi, oskusi ja isikuomadusi kutsestandardis kirjeldatud kohustuslike ja l\u00e4bivate kompetentsidega.<\/li>\n<li>\u00a0 \u00a0 Koosta \u00a0v\u00f5rdluse tulemuse p\u00f5hjal isiklik SWOT-anal\u00fc\u00fcs.<\/li>\n<li>\u00a0 \u00a0 Joonista ruudustik paberile, kasuta vastavat t\u00f6\u00f6riista <a title=\"\" href=\"https:\/\/board.tuzzit.com\/try\/SWOT_analysis?LNG=en_US#\/\" target=\"_blank\" rel=\"noopener\" data-url=\"https:\/\/board.tuzzit.com\/try\/SWOT_analysis?LNG=en_US#\/\">LINK <\/a>v\u00f5i siin lisatud <span class=\"file media-element file-os-files-link\" data-file_info=\"%7B%22fid%22:%2272427%22,%22view_mode%22:%22os_files_link%22,%22type%22:%22media%22%7D\"><img decoding=\"async\" class=\"file-icon\" src=\"\/profiles\/openscholar\/modules\/os\/modules\/os_files\/icons\/x-office-document.svg\" alt=\"\"> <\/span><a title=\"\" href=\"https:\/\/sisu.ut.ee\/sites\/default\/filesfiles\/minu_isiklik_swot-analuus_2.docx\" target=\"_blank\" rel=\"noopener\" data-url=\"https:\/\/sisu.ut.ee\/sites\/default\/filesfiles\/minu_isiklik_swot-analuus_2.docx\">T\u00d6\u00d6LEHTE<\/a><\/li>\n<\/ul>\n<p style=\"text-align: center;\"><strong>\u00a0\u00a0NB! Lae enne t\u00e4itmist t\u00f6\u00f6lehed oma arvutisse!\u00a0<\/strong><\/p>\n<p><img decoding=\"async\" title=\"\" src=\"https:\/\/sisu.ut.ee\/wp-content\/uploads\/sites\/547\/ulesanne.png\" alt=\"ylesanne\" width=\"31.9921875\" height=\"31.9921875\" data-file_info=\"%7B%22fid%22:%2269103%22,%22view_mode%22:%22default%22,%22type%22:%22media%22%7D\"><span style=\"color: #e31c79;\">\u00a0<b>\u00a0Salvesta t\u00e4idetud t\u00f6\u00f6lehed oma arengumappi ja kasuta neid oma \u00f5pieesm\u00e4rkide seadmisel.\u00a0<\/b><\/span><\/p><\/div>\n        <\/div>\n        <\/div>\n    <\/div>\n<p><\/p><div class=\"accordion mb-3\">\n        <div class=\"accordion-item accordion-item--white\">\n        <h2 class=\"accordion-header\" id=\"accordion-69e1d2b750324-heading\">\n            <button class=\"accordion-button collapsed\" type=\"button\" data-bs-toggle=\"collapse\" data-bs-target=\"#accordion-69e1d2b750324-collapse\" aria-expanded=\"true\" aria-controls=\"accordion-69e1d2b750324-collapse\">\u00a0<span style=\"color: #e31c79;\"><img loading=\"lazy\" decoding=\"async\" class=\"alignnone wp-image-11\" title=\"ulesanne.png\" src=\"https:\/\/sisu.ut.ee\/wp-content\/uploads\/sites\/547\/ulesanne.png\" alt=\"ylesanne\" width=\"40\" height=\"40\" srcset=\"https:\/\/sisu.ut.ee\/wp-content\/uploads\/sites\/547\/ulesanne.png 1080w, https:\/\/sisu.ut.ee\/wp-content\/uploads\/sites\/547\/ulesanne-300x300.png 300w, https:\/\/sisu.ut.ee\/wp-content\/uploads\/sites\/547\/ulesanne-1024x1024.png 1024w, https:\/\/sisu.ut.ee\/wp-content\/uploads\/sites\/547\/ulesanne-150x150.png 150w, https:\/\/sisu.ut.ee\/wp-content\/uploads\/sites\/547\/ulesanne-768x768.png 768w\" sizes=\"auto, (max-width: 40px) 100vw, 40px\">\u00a0<strong>Kordamine ja enesehinnang<\/strong><\/span><\/button>\n        <\/h2>\n        <div id=\"accordion-69e1d2b750324-collapse\" class=\"accordion-collapse collapse\" aria-labelledby=\"accordion-69e1d2b750324-heading\">\n            <div class=\"accordion-body\">\n<p><img loading=\"lazy\" decoding=\"async\" class=\"alignnone wp-image-16\" title=\"test.png\" src=\"https:\/\/sisu.ut.ee\/wp-content\/uploads\/sites\/547\/test.png\" alt=\"kokku\" width=\"40\" height=\"40\" srcset=\"https:\/\/sisu.ut.ee\/wp-content\/uploads\/sites\/547\/test.png 1080w, https:\/\/sisu.ut.ee\/wp-content\/uploads\/sites\/547\/test-300x300.png 300w, https:\/\/sisu.ut.ee\/wp-content\/uploads\/sites\/547\/test-1024x1024.png 1024w, https:\/\/sisu.ut.ee\/wp-content\/uploads\/sites\/547\/test-150x150.png 150w, https:\/\/sisu.ut.ee\/wp-content\/uploads\/sites\/547\/test-768x768.png 768w\" sizes=\"auto, (max-width: 40px) 100vw, 40px\">\u00a0<span style=\"color: #e31c79;\"><b>Kordamiseks<\/b><\/span><\/p>\n<p style=\"margin-bottom: .0001pt;\">1. Miks on vaja kutsestandardeid?<\/p>\n<p style=\"margin-bottom: .0001pt;\">2. Kuidas on kutsestandard seotud sinu \u00f5pingutega?<\/p>\n<p style=\"margin-bottom: .0001pt;\">3. Millised on \u00f5ppijate v\u00f5imalused ennast kutsestandardi n\u00f5uetega vastavusse viia?<\/p>\n<p style=\"margin-bottom: .0001pt;\"><img decoding=\"async\" title=\"\" src=\"https:\/\/sisu.ut.ee\/wp-content\/uploads\/sites\/547\/ulesanne.png\" alt=\"ylesanne\" width=\"31.9921875\" height=\"31.9921875\" data-file_info=\"%7B%22fid%22:%2269103%22,%22view_mode%22:%22default%22,%22type%22:%22media%22%7D\">\u00a0<span style=\"color: #e31c79;\"><b>Enesehinnang:\u00a0 <\/b><\/span><\/p>\n<p style=\"margin-bottom: .0001pt;\">Kuiv\u00f5rd sa enda hinnangul praegu vastad \u00f5pitava erialaga seotud kutsestandardi n\u00f5uetele?<\/p>\n<p style=\"margin-bottom: .0001pt;\"><img loading=\"lazy\" decoding=\"async\" width=\"1258\" height=\"210\" class=\"alignnone wp-image-24\" title=\"screenshot_2023-04-10_at_12.42.06.png\" src=\"https:\/\/sisu.ut.ee\/wp-content\/uploads\/sites\/547\/screenshot_2023-04-10_at_12.42.06.png\" alt=\"vv\" srcset=\"https:\/\/sisu.ut.ee\/wp-content\/uploads\/sites\/547\/screenshot_2023-04-10_at_12.42.06.png 1258w, https:\/\/sisu.ut.ee\/wp-content\/uploads\/sites\/547\/screenshot_2023-04-10_at_12.42.06-300x50.png 300w, https:\/\/sisu.ut.ee\/wp-content\/uploads\/sites\/547\/screenshot_2023-04-10_at_12.42.06-1024x171.png 1024w, https:\/\/sisu.ut.ee\/wp-content\/uploads\/sites\/547\/screenshot_2023-04-10_at_12.42.06-768x128.png 768w\" sizes=\"auto, (max-width: 1258px) 100vw, 1258px\"><\/p>\n<hr>\n<p><\/p><\/div>\n        <\/div>\n        <\/div>\n    <\/div>\n<p><span lang=\"EN-GB\"><span style=\"line-height: 115%;\">\u00a0\u00a0\u00a0\u00a0\u00a0\u00a0\u00a0\u00a0\u00a0\u00a0\u00a0\u00a0\u00a0\u00a0\u00a0\u00a0 <\/span><\/span><\/p>\n<p style=\"margin: 5.0pt 0cm 5.0pt 0cm;\">\n<\/p>","protected":false},"excerpt":{"rendered":"<p>\u00a0SIHI SEADMINE KUTSES\u00dcSTEEMIS \u00a0Mida t\u00e4hendab sinu jaoks professionaalsus? Mis iseloomustab oma ala meistrit? Kutsestandardid \u00f5ppekavade alusena Kutse- ja k\u00f5rgkoolide \u00f5ppekavadele aluseks on kutsestandardid. \u00a0Kutsestandard on dokument, milles kirjeldatakse t\u00f6\u00f6d ja t\u00f6\u00f6 tegemiseks vajalikke kompetentse: oskusi, teadmisi, hoiakuid ja kogemusi. Need &#8230;<\/p>\n","protected":false},"author":263,"featured_media":0,"parent":0,"menu_order":0,"comment_status":"closed","ping_status":"closed","template":"","meta":{"_acf_changed":false,"inline_featured_image":false,"footnotes":""},"class_list":["post-5","page","type-page","status-publish","hentry"],"acf":[],"_links":{"self":[{"href":"https:\/\/sisu.ut.ee\/edujategu14\/wp-json\/wp\/v2\/pages\/5","targetHints":{"allow":["GET"]}}],"collection":[{"href":"https:\/\/sisu.ut.ee\/edujategu14\/wp-json\/wp\/v2\/pages"}],"about":[{"href":"https:\/\/sisu.ut.ee\/edujategu14\/wp-json\/wp\/v2\/types\/page"}],"author":[{"embeddable":true,"href":"https:\/\/sisu.ut.ee\/edujategu14\/wp-json\/wp\/v2\/users\/263"}],"replies":[{"embeddable":true,"href":"https:\/\/sisu.ut.ee\/edujategu14\/wp-json\/wp\/v2\/comments?post=5"}],"version-history":[{"count":7,"href":"https:\/\/sisu.ut.ee\/edujategu14\/wp-json\/wp\/v2\/pages\/5\/revisions"}],"predecessor-version":[{"id":86,"href":"https:\/\/sisu.ut.ee\/edujategu14\/wp-json\/wp\/v2\/pages\/5\/revisions\/86"}],"wp:attachment":[{"href":"https:\/\/sisu.ut.ee\/edujategu14\/wp-json\/wp\/v2\/media?parent=5"}],"curies":[{"name":"wp","href":"https:\/\/api.w.org\/{rel}","templated":true}]}}