{"id":4,"date":"2024-04-04T07:51:49","date_gmt":"2024-04-04T04:51:49","guid":{"rendered":"https:\/\/sisu.ut.ee\/edujategu14\/arengumapp\/"},"modified":"2024-05-07T09:45:19","modified_gmt":"2024-05-07T06:45:19","slug":"arengumapp","status":"publish","type":"page","link":"https:\/\/sisu.ut.ee\/edujategu14\/arengumapp\/","title":{"rendered":"Arengumapp"},"content":{"rendered":"<h1 id=\"page-title\"><img loading=\"lazy\" decoding=\"async\" class=\"alignnone wp-image-83\" src=\"https:\/\/sisu.ut.ee\/wp-content\/uploads\/sites\/547\/sissejuhatus-1024x1024.png\" alt=\"\" width=\"50\" height=\"50\" srcset=\"https:\/\/sisu.ut.ee\/wp-content\/uploads\/sites\/547\/sissejuhatus-1024x1024.png 1024w, https:\/\/sisu.ut.ee\/wp-content\/uploads\/sites\/547\/sissejuhatus-300x300.png 300w, https:\/\/sisu.ut.ee\/wp-content\/uploads\/sites\/547\/sissejuhatus-150x150.png 150w, https:\/\/sisu.ut.ee\/wp-content\/uploads\/sites\/547\/sissejuhatus-768x768.png 768w, https:\/\/sisu.ut.ee\/wp-content\/uploads\/sites\/547\/sissejuhatus.png 1080w\" sizes=\"auto, (max-width: 50px) 100vw, 50px\">\u00a0<span style=\"color: #28aae1;\">ARENDUMAPP<\/span><\/h1>\n<p><span style=\"color: #e31c79;\"><img loading=\"lazy\" decoding=\"async\" class=\"alignnone wp-image-11\" title=\"ulesanne.png\" src=\"https:\/\/sisu.ut.ee\/wp-content\/uploads\/sites\/547\/ulesanne.png\" alt=\"ylesanne\" width=\"40\" height=\"40\" srcset=\"https:\/\/sisu.ut.ee\/wp-content\/uploads\/sites\/547\/ulesanne.png 1080w, https:\/\/sisu.ut.ee\/wp-content\/uploads\/sites\/547\/ulesanne-300x300.png 300w, https:\/\/sisu.ut.ee\/wp-content\/uploads\/sites\/547\/ulesanne-1024x1024.png 1024w, https:\/\/sisu.ut.ee\/wp-content\/uploads\/sites\/547\/ulesanne-150x150.png 150w, https:\/\/sisu.ut.ee\/wp-content\/uploads\/sites\/547\/ulesanne-768x768.png 768w\" sizes=\"auto, (max-width: 40px) 100vw, 40px\">\u00a0<b>Tutvu arengumapi koostamise ja t\u00f6\u00f6lehtede kasutamise juhisega. T\u00e4ida \u00f5pijuhistes kirjeldatud \u00fclesanded.\u00a0\u00a0<\/b><\/span><\/p>\n<p><span lang=\"ET\" style=\"color: black;\"><div class=\"accordion mb-3\">\n        <div class=\"accordion-item accordion-item--white\">\n        <h2 class=\"accordion-header\" id=\"accordion-69e1bc22736b8-heading\">\n            <button class=\"accordion-button collapsed\" type=\"button\" data-bs-toggle=\"collapse\" data-bs-target=\"#accordion-69e1bc22736b8-collapse\" aria-expanded=\"true\" aria-controls=\"accordion-69e1bc22736b8-collapse\"><span style=\"color: #000000;\"><img loading=\"lazy\" decoding=\"async\" class=\"alignnone wp-image-12\" title=\"uued_moisted.png\" src=\"https:\/\/sisu.ut.ee\/wp-content\/uploads\/sites\/547\/uued_moisted.png\" alt=\"mv\" width=\"40\" height=\"40\" srcset=\"https:\/\/sisu.ut.ee\/wp-content\/uploads\/sites\/547\/uued_moisted.png 1080w, https:\/\/sisu.ut.ee\/wp-content\/uploads\/sites\/547\/uued_moisted-300x300.png 300w, https:\/\/sisu.ut.ee\/wp-content\/uploads\/sites\/547\/uued_moisted-1024x1024.png 1024w, https:\/\/sisu.ut.ee\/wp-content\/uploads\/sites\/547\/uued_moisted-150x150.png 150w, https:\/\/sisu.ut.ee\/wp-content\/uploads\/sites\/547\/uued_moisted-768x768.png 768w\" sizes=\"auto, (max-width: 40px) 100vw, 40px\">\u00a0<span style=\"color: #ffd700;\"><strong><span lang=\"ET\">Arengumapp \u00f5ppija t\u00f6\u00f6vahendina<\/span><\/strong><\/span><\/span><span lang=\"ET\" style=\"color: black;\"><\/span><\/button>\n        <\/h2>\n        <div id=\"accordion-69e1bc22736b8-collapse\" class=\"accordion-collapse collapse\" aria-labelledby=\"accordion-69e1bc22736b8-heading\">\n            <div class=\"accordion-body\">\n<p><img loading=\"lazy\" decoding=\"async\" class=\"alignnone wp-image-12\" title=\"uued_moisted.png\" src=\"https:\/\/sisu.ut.ee\/wp-content\/uploads\/sites\/547\/uued_moisted.png\" alt=\"mv\" width=\"40\" height=\"40\" srcset=\"https:\/\/sisu.ut.ee\/wp-content\/uploads\/sites\/547\/uued_moisted.png 1080w, https:\/\/sisu.ut.ee\/wp-content\/uploads\/sites\/547\/uued_moisted-300x300.png 300w, https:\/\/sisu.ut.ee\/wp-content\/uploads\/sites\/547\/uued_moisted-1024x1024.png 1024w, https:\/\/sisu.ut.ee\/wp-content\/uploads\/sites\/547\/uued_moisted-150x150.png 150w, https:\/\/sisu.ut.ee\/wp-content\/uploads\/sites\/547\/uued_moisted-768x768.png 768w\" sizes=\"auto, (max-width: 40px) 100vw, 40px\">\u00a0Arengumapp on vahend \u00f5ppimise ja t\u00f6\u00f6tamise kavandamiseks. Arengumapi koostamist alustatakse kutse\u00f5pingute alguses ja j\u00e4tkatakse kogu \u00f5ppeperioodi ajal.<\/p>\n<p style=\"margin: 2.0pt 0cm .0001pt 0cm;\">Arengumapp toetab isikliku arenguga seotud tegevuste m\u00f5testamist ja planeerimist. <span style=\"color: black;\">Arengumapi sisuks v\u00f5ib olla isiklik, haridus- ja kutsealane areng ning t\u00f6\u00f6alane karj\u00e4\u00e4r. Arengumapi koostamise ja anal\u00fc\u00fcsimise kaudu \u00f5pitakse infot koguma, organiseerima, s\u00e4ilitama ja kasutama. <\/span><\/p>\n<p style=\"margin: 2.0pt 0cm .0001pt 0cm;\"><img loading=\"lazy\" decoding=\"async\" class=\"alignnone wp-image-12\" title=\"uued_moisted.png\" src=\"https:\/\/sisu.ut.ee\/wp-content\/uploads\/sites\/547\/uued_moisted.png\" alt=\"mv\" width=\"40\" height=\"40\" srcset=\"https:\/\/sisu.ut.ee\/wp-content\/uploads\/sites\/547\/uued_moisted.png 1080w, https:\/\/sisu.ut.ee\/wp-content\/uploads\/sites\/547\/uued_moisted-300x300.png 300w, https:\/\/sisu.ut.ee\/wp-content\/uploads\/sites\/547\/uued_moisted-1024x1024.png 1024w, https:\/\/sisu.ut.ee\/wp-content\/uploads\/sites\/547\/uued_moisted-150x150.png 150w, https:\/\/sisu.ut.ee\/wp-content\/uploads\/sites\/547\/uued_moisted-768x768.png 768w\" sizes=\"auto, (max-width: 40px) 100vw, 40px\">\u00a0<span lang=\"ET\" style=\"color: black;\">Arengumapp<\/span><\/p>\n<ul>\n<li style=\"margin-top: 2.0pt; margin-bottom: .0001pt;\"><span style=\"color: black;\">aitab seada endale \u00f5ppimise ja t\u00f6\u00f6ga seotud eesm\u00e4rke;<\/span><\/li>\n<li style=\"margin-top: 2.0pt; margin-bottom: .0001pt;\"><span style=\"color: black;\">aitab j\u00e4lgida ja planeerida oma kutsealast arengut ja \u00f5pinguid;<\/span><\/li>\n<li style=\"margin-top: 2.0pt; margin-bottom: .0001pt;\"><span style=\"color: black;\">hindamisvahendina kajastab sinu oskuste vastavust \u00f5ppekava n\u00f5uetele;<\/span><\/li>\n<li style=\"margin-top: 2.0pt; margin-bottom: .0001pt;\">on abiks kandideerimisdokumentide koostamisel;<span lang=\"ET\" style=\"color: black;\"><\/span><\/li><\/ul><\/div>\n        <\/div>\n        <\/div>\n    <\/div><\/span>\n\n<\/p><p style=\"margin-top: 2.0pt; margin-bottom: .0001pt;\"><\/p><div class=\"accordion mb-3\">\n        <div class=\"accordion-item accordion-item--white\">\n        <h2 class=\"accordion-header\" id=\"accordion-69e1bc22736c1-heading\">\n            <button class=\"accordion-button collapsed\" type=\"button\" data-bs-toggle=\"collapse\" data-bs-target=\"#accordion-69e1bc22736c1-collapse\" aria-expanded=\"true\" aria-controls=\"accordion-69e1bc22736c1-collapse\">\u00a0<span style=\"color: #e31c79;\"><img loading=\"lazy\" decoding=\"async\" class=\"alignnone wp-image-11\" title=\"ulesanne.png\" src=\"https:\/\/sisu.ut.ee\/wp-content\/uploads\/sites\/547\/ulesanne.png\" alt=\"ylesanne\" width=\"40\" height=\"40\" srcset=\"https:\/\/sisu.ut.ee\/wp-content\/uploads\/sites\/547\/ulesanne.png 1080w, https:\/\/sisu.ut.ee\/wp-content\/uploads\/sites\/547\/ulesanne-300x300.png 300w, https:\/\/sisu.ut.ee\/wp-content\/uploads\/sites\/547\/ulesanne-1024x1024.png 1024w, https:\/\/sisu.ut.ee\/wp-content\/uploads\/sites\/547\/ulesanne-150x150.png 150w, https:\/\/sisu.ut.ee\/wp-content\/uploads\/sites\/547\/ulesanne-768x768.png 768w\" sizes=\"auto, (max-width: 40px) 100vw, 40px\">\u00a0<strong>Isikliku arengumapi loomine ja kasutamine<\/strong><\/span><\/button>\n        <\/h2>\n        <div id=\"accordion-69e1bc22736c1-collapse\" class=\"accordion-collapse collapse\" aria-labelledby=\"accordion-69e1bc22736c1-heading\">\n            <div class=\"accordion-body\">\n<p style=\"margin-top: 2.0pt; margin-bottom: .0001pt;\"><img loading=\"lazy\" decoding=\"async\" width=\"2488\" height=\"352\" class=\"alignnone wp-image-14\" title=\"screenshot_2023-01-20_at_10.37.48.png\" src=\"https:\/\/sisu.ut.ee\/wp-content\/uploads\/sites\/547\/screenshot_2023-01-20_at_10.37.48.png\" alt=\"df\" srcset=\"https:\/\/sisu.ut.ee\/wp-content\/uploads\/sites\/547\/screenshot_2023-01-20_at_10.37.48.png 2488w, https:\/\/sisu.ut.ee\/wp-content\/uploads\/sites\/547\/screenshot_2023-01-20_at_10.37.48-300x42.png 300w, https:\/\/sisu.ut.ee\/wp-content\/uploads\/sites\/547\/screenshot_2023-01-20_at_10.37.48-1024x145.png 1024w, https:\/\/sisu.ut.ee\/wp-content\/uploads\/sites\/547\/screenshot_2023-01-20_at_10.37.48-768x109.png 768w, https:\/\/sisu.ut.ee\/wp-content\/uploads\/sites\/547\/screenshot_2023-01-20_at_10.37.48-1536x217.png 1536w, https:\/\/sisu.ut.ee\/wp-content\/uploads\/sites\/547\/screenshot_2023-01-20_at_10.37.48-2048x290.png 2048w, https:\/\/sisu.ut.ee\/wp-content\/uploads\/sites\/547\/screenshot_2023-01-20_at_10.37.48-1920x272.png 1920w\" sizes=\"auto, (max-width: 2488px) 100vw, 2488px\"><\/p>\n<ul>\n<li>Sea sisse isiklik arengumapp. Digitaalse arengumapi loomiseks sobivad n\u00e4iteks e-portfolio,\u00a0\u00a0blogi, koduleht jt. Leia endale sobivaim vorm! Valitud keskkond peab v\u00f5imaldama failide lisamist.<\/li>\n<\/ul>\n<ul>\n<li>Kujunda oma arengumapile esileht.<\/li>\n<\/ul>\n<ul>\n<li>Lisa enda tutvustus. Kasuta teksti k\u00f5rval v\u00f5i asemel n\u00e4iteks fotosid, ikoone, sinuga seotud logosid v\u00f5i s\u00fcmboleid jne!<\/li>\n<\/ul>\n<ul>\n<li>Koonda arengumappi t\u00f6\u00f6lehed ja teised sinu karj\u00e4\u00e4riga seotud materjalid. T\u00e4ienda soovi korral fotode, artiklite ja muu teemakohasega.<\/li>\n<\/ul>\n<ul>\n<li>Kui arengumapp on mooduli hindamisvahendiks v\u00f5i n\u00f5ustamise aluseks, siis v\u00f5imalda \u00f5petajale v\u00f5i juhendajale sellele ligip\u00e4\u00e4s kokku lepitud perioodiks.<\/li>\n<\/ul>\n<ul>\n<li>Hoia arengumapp alles ja t\u00e4ienda seda \u00f5pingute l\u00f5puni.<\/li>\n<\/ul>\n<ul>\n<li>Kasuta arengumappi ka peale praegusi \u00f5pinguid, nt t\u00f6\u00f6le kandideerimiseks, kutse taotlemiseks valmistumisel v\u00f5i edasiste koolitusv\u00f5imaluste kavandamisel.<\/li>\n<\/ul>\n<p><\/p><\/div>\n        <\/div>\n        <\/div>\n    <\/div>\n<p><span lang=\"ET\" style=\"color: black;\"><div class=\"accordion mb-3\">\n        <div class=\"accordion-item accordion-item--white\">\n        <h2 class=\"accordion-header\" id=\"accordion-69e1bc22736c6-heading\">\n            <button class=\"accordion-button collapsed\" type=\"button\" data-bs-toggle=\"collapse\" data-bs-target=\"#accordion-69e1bc22736c6-collapse\" aria-expanded=\"true\" aria-controls=\"accordion-69e1bc22736c6-collapse\"><span style=\"color: #000000;\"><img loading=\"lazy\" decoding=\"async\" class=\"alignnone wp-image-12\" title=\"uued_moisted.png\" src=\"https:\/\/sisu.ut.ee\/wp-content\/uploads\/sites\/547\/uued_moisted.png\" alt=\"mv\" width=\"40\" height=\"40\" srcset=\"https:\/\/sisu.ut.ee\/wp-content\/uploads\/sites\/547\/uued_moisted.png 1080w, https:\/\/sisu.ut.ee\/wp-content\/uploads\/sites\/547\/uued_moisted-300x300.png 300w, https:\/\/sisu.ut.ee\/wp-content\/uploads\/sites\/547\/uued_moisted-1024x1024.png 1024w, https:\/\/sisu.ut.ee\/wp-content\/uploads\/sites\/547\/uued_moisted-150x150.png 150w, https:\/\/sisu.ut.ee\/wp-content\/uploads\/sites\/547\/uued_moisted-768x768.png 768w\" sizes=\"auto, (max-width: 40px) 100vw, 40px\"><span style=\"color: #ffd700;\"><strong> Kuidas kasutada t\u00f6\u00f6lehti?<\/strong><\/span><\/span><span lang=\"ET\" style=\"color: black;\"><\/span><\/button>\n        <\/h2>\n        <div id=\"accordion-69e1bc22736c6-collapse\" class=\"accordion-collapse collapse\" aria-labelledby=\"accordion-69e1bc22736c6-heading\">\n            <div class=\"accordion-body\">\n<p>Enamik selle \u00f5piobjekti t\u00f6\u00f6lehti asub e-koolikotis<\/p>\n<p>T\u00f6\u00f6lehti v\u00f5ib kasutada omal valikul kas<br>\n\u2013 digitaalselt (t\u00e4ita ja\u00a0\u00a0salvestada arvutis)\u00a0\u00a0v\u00f5i<\/p>\n<p>\u2013 printida enne v\u00f5i p\u00e4rast t\u00e4itmist.<\/p>\n<p>Enne t\u00e4itmist salvesta t\u00f6\u00f6leht enda arvutisse!<\/p>\n<p>\u00dclesannete t\u00e4itmiseks vajalikud \u00f5pijuhised on iga t\u00f6\u00f6lehe juures.<\/p>\n<p>T\u00f6\u00f6lehed koosnevad mitmest \u00fclesandest ja sageli suunavad edasistele tegevustele.<\/p>\n<p>T\u00e4idetud t\u00f6\u00f6lehed lisa enda isiklikku arengumappi\u00a0ja kasuta neid hindamis\u00fclesannetes.<br>\n<\/p><\/div>\n        <\/div>\n        <\/div>\n    <\/div><\/span><\/p>\n<p style=\"margin-bottom: .0001pt;\"><b><span lang=\"ET\"><span style=\"color: white;\">ettev\u00f5tlus<\/span><\/span><\/b><\/p>\n","protected":false},"excerpt":{"rendered":"<p>\u00a0ARENDUMAPP \u00a0Tutvu arengumapi koostamise ja t\u00f6\u00f6lehtede kasutamise juhisega. T\u00e4ida \u00f5pijuhistes kirjeldatud \u00fclesanded.\u00a0\u00a0 \u00a0Arengumapp \u00f5ppija t\u00f6\u00f6vahendina \u00a0Arengumapp on vahend \u00f5ppimise ja t\u00f6\u00f6tamise kavandamiseks. Arengumapi koostamist alustatakse kutse\u00f5pingute alguses ja j\u00e4tkatakse kogu \u00f5ppeperioodi ajal. Arengumapp toetab isikliku arenguga seotud tegevuste m\u00f5testamist ja &#8230;<\/p>\n","protected":false},"author":263,"featured_media":0,"parent":0,"menu_order":0,"comment_status":"closed","ping_status":"closed","template":"","meta":{"_acf_changed":false,"inline_featured_image":false,"footnotes":""},"class_list":["post-4","page","type-page","status-publish","hentry"],"acf":[],"_links":{"self":[{"href":"https:\/\/sisu.ut.ee\/edujategu14\/wp-json\/wp\/v2\/pages\/4","targetHints":{"allow":["GET"]}}],"collection":[{"href":"https:\/\/sisu.ut.ee\/edujategu14\/wp-json\/wp\/v2\/pages"}],"about":[{"href":"https:\/\/sisu.ut.ee\/edujategu14\/wp-json\/wp\/v2\/types\/page"}],"author":[{"embeddable":true,"href":"https:\/\/sisu.ut.ee\/edujategu14\/wp-json\/wp\/v2\/users\/263"}],"replies":[{"embeddable":true,"href":"https:\/\/sisu.ut.ee\/edujategu14\/wp-json\/wp\/v2\/comments?post=4"}],"version-history":[{"count":6,"href":"https:\/\/sisu.ut.ee\/edujategu14\/wp-json\/wp\/v2\/pages\/4\/revisions"}],"predecessor-version":[{"id":85,"href":"https:\/\/sisu.ut.ee\/edujategu14\/wp-json\/wp\/v2\/pages\/4\/revisions\/85"}],"wp:attachment":[{"href":"https:\/\/sisu.ut.ee\/edujategu14\/wp-json\/wp\/v2\/media?parent=4"}],"curies":[{"name":"wp","href":"https:\/\/api.w.org\/{rel}","templated":true}]}}