{"id":8,"date":"2024-04-04T07:40:01","date_gmt":"2024-04-04T04:40:01","guid":{"rendered":"https:\/\/sisu.ut.ee\/edujategu11\/minainfoyhiskonnas\/"},"modified":"2024-05-07T09:35:31","modified_gmt":"2024-05-07T06:35:31","slug":"minainfoyhiskonnas","status":"publish","type":"page","link":"https:\/\/sisu.ut.ee\/edujategu11\/minainfoyhiskonnas\/","title":{"rendered":"Mina info\u00fchiskonnas"},"content":{"rendered":"<h1 id=\"page-title\"><img loading=\"lazy\" decoding=\"async\" class=\"alignnone wp-image-79\" src=\"https:\/\/sisu.ut.ee\/wp-content\/uploads\/sites\/539\/sissejuhatus-1024x1024.png\" alt=\"\" width=\"50\" height=\"50\" srcset=\"https:\/\/sisu.ut.ee\/wp-content\/uploads\/sites\/539\/sissejuhatus-1024x1024.png 1024w, https:\/\/sisu.ut.ee\/wp-content\/uploads\/sites\/539\/sissejuhatus-300x300.png 300w, https:\/\/sisu.ut.ee\/wp-content\/uploads\/sites\/539\/sissejuhatus-150x150.png 150w, https:\/\/sisu.ut.ee\/wp-content\/uploads\/sites\/539\/sissejuhatus-768x768.png 768w, https:\/\/sisu.ut.ee\/wp-content\/uploads\/sites\/539\/sissejuhatus.png 1080w\" sizes=\"auto, (max-width: 50px) 100vw, 50px\">\u00a0<span style=\"color: #28aae1;\">MINA INFO\u00dcHISKONNAS<\/span><\/h1>\n<p>\u00d5ppej\u00f5ud: Maria Murumaa-Mengel ja Maia Klaassen<\/p>\n<p>Orienteeruv ajakulu 2-3 tundi.<\/p>\n<p>Kokkuv\u00f5te: isiklik mainekujundus sotsiaalmeedias \u2013 viis p\u00f5hiprobleemi, mis seonduvad info jagamise ja t\u00f6\u00f6\/karj\u00e4\u00e4ri\/personaalse mainega. Oma digij\u00e4lgede haldamine;, (\u00fcle kontrollimise) harjumuste kujundamine; iseenda piiramine sisu looja ja auditooriumi liikmena; aeg digij\u00e4lgede moonutajana; jagatud informatsiooni v\u00f5imalikud negatiivsed tagaj\u00e4rjed. Minu vastu suunatud k\u00fcberkuriteod ja nende \u00e4ra tundmine.<\/p>\n<hr>\n<p><img loading=\"lazy\" decoding=\"async\" class=\"alignnone wp-image-17\" title=\"video.png\" src=\"https:\/\/sisu.ut.ee\/wp-content\/uploads\/sites\/539\/video.png\" alt=\"video\" width=\"40\" height=\"40\" srcset=\"https:\/\/sisu.ut.ee\/wp-content\/uploads\/sites\/539\/video.png 1080w, https:\/\/sisu.ut.ee\/wp-content\/uploads\/sites\/539\/video-300x300.png 300w, https:\/\/sisu.ut.ee\/wp-content\/uploads\/sites\/539\/video-1024x1024.png 1024w, https:\/\/sisu.ut.ee\/wp-content\/uploads\/sites\/539\/video-150x150.png 150w, https:\/\/sisu.ut.ee\/wp-content\/uploads\/sites\/539\/video-768x768.png 768w\" sizes=\"auto, (max-width: 40px) 100vw, 40px\"><\/p>\n<p><\/p><div class=\"ratio ratio-16x9 mb-3\"><div class=\"video-placeholder-wrapper video-placeholder-wrapper--16x9\">\n\t\t\t    <div class=\"video-placeholder d-flex justify-content-center align-items-center\">\n\t\t\t        <div class=\"overlay text-white p-2 w-100 text-center d-block justify-content-center align-items-center\">\n\t\t\t            <div>Kolmandate osapoolte sisu n\u00e4gemiseks palun n\u00f5ustu k\u00fcpsistega.<\/div>\n\t\t\t            <button class=\"btn btn-secondary btn-sm mt-1 consent-change\">Muuda n\u00f5usolekut<\/button>\n\t\t\t        <\/div>\n\t\t\t    <\/div>\n\t\t\t<\/div>\n<\/div>\n<hr>\n<p><img loading=\"lazy\" decoding=\"async\" width=\"1920\" height=\"480\" class=\"alignnone wp-image-24\" title=\"3.png\" src=\"https:\/\/sisu.ut.ee\/wp-content\/uploads\/sites\/539\/3.png\" alt=\"eneserefl\" srcset=\"https:\/\/sisu.ut.ee\/wp-content\/uploads\/sites\/539\/3.png 1920w, https:\/\/sisu.ut.ee\/wp-content\/uploads\/sites\/539\/3-300x75.png 300w, https:\/\/sisu.ut.ee\/wp-content\/uploads\/sites\/539\/3-1024x256.png 1024w, https:\/\/sisu.ut.ee\/wp-content\/uploads\/sites\/539\/3-768x192.png 768w, https:\/\/sisu.ut.ee\/wp-content\/uploads\/sites\/539\/3-1536x384.png 1536w\" sizes=\"auto, (max-width: 1920px) 100vw, 1920px\"><\/p>\n<h2 dir=\"ltr\" style=\"line-height: 1.38; text-align: justify; margin-top: 18pt; margin-bottom: 6pt;\"><span style=\"font-weight: 400;\"><span style=\"vertical-align: baseline;\">Iseseisev eneseanal\u00fc\u00fcsil p\u00f5hinev \u00fclesanne \u201cMina internetis ehk digimina audit\u201d<\/span><\/span><\/h2>\n<p dir=\"ltr\" style=\"text-align: justify; margin-top: 0pt; margin-bottom: 0pt;\"><span style=\"line-height: 1.38;\"><span style=\"vertical-align: baseline;\">Guugelda ennast. Olgu r\u00f5hutatud, et enda digikuvandil silma peal hoidmine on oluline osa regulaarsest digih\u00fcgieenist, seega #noshame. Abistavaid k\u00fcsimusi: Mida sinu kohta veebist leida v\u00f5ib? Kus ja kuidas on vaja otsida, et sinu kohta k\u00e4iv info \u00fcles leida? Kes nii v\u00f5iks otsida? Vaata \u00fcle ka oma sotsiaalmeediakanalid \u2013 mis on avalik, mis poolavalik, mis privaatne? Mis on sinu kodanikunimega seotud? Mis on pseudon\u00fc\u00fcmiga seotud? Kas neid kahte on v\u00f5imalik kokku viia? Mida sa oled jaganud sotsiaalmeedias? Mida on teised sinu kohta jaganud sotsiaalmeedias? Milline sa internetis k\u00e4ttesaadava info p\u00f5hjal teistele (ja m\u00f5tle siin t\u00f5esti v\u00e4ga erinevate inimeste peale!) v\u00f5id tunduda? Kuidas see erineb \u201cterviklikust\u201d sinust? Kas see kuvand meeldib sulle? Kas see kuvand meeldiks sulle ka 18\/28\/58aastasena? Mida muudaksid? <\/span><\/span><\/p>\n<hr>\n<p><img loading=\"lazy\" decoding=\"async\" class=\"alignnone wp-image-11\" title=\"test.png\" src=\"https:\/\/sisu.ut.ee\/wp-content\/uploads\/sites\/539\/test.png\" alt=\"enesetest\" width=\"40\" height=\"40\" srcset=\"https:\/\/sisu.ut.ee\/wp-content\/uploads\/sites\/539\/test.png 1080w, https:\/\/sisu.ut.ee\/wp-content\/uploads\/sites\/539\/test-300x300.png 300w, https:\/\/sisu.ut.ee\/wp-content\/uploads\/sites\/539\/test-1024x1024.png 1024w, https:\/\/sisu.ut.ee\/wp-content\/uploads\/sites\/539\/test-150x150.png 150w, https:\/\/sisu.ut.ee\/wp-content\/uploads\/sites\/539\/test-768x768.png 768w\" sizes=\"auto, (max-width: 40px) 100vw, 40px\">\u00a0<strong>Enesetest<\/strong><\/p>\n\n\n<div class=\"h5p-iframe-wrapper\"><div class=\"video-placeholder-wrapper video-placeholder-wrapper--fixed\" style=\"height: 366px;\">\n\t\t\t    <div class=\"video-placeholder d-flex justify-content-center align-items-center\">\n\t\t\t        <div class=\"overlay text-white p-2 w-100 text-center d-block justify-content-center align-items-center\">\n\t\t\t            <div>Kolmandate osapoolte sisu n\u00e4gemiseks palun n\u00f5ustu k\u00fcpsistega.<\/div>\n\t\t\t            <button class=\"btn btn-secondary btn-sm mt-1 consent-change\">Muuda n\u00f5usolekut<\/button>\n\t\t\t        <\/div>\n\t\t\t    <\/div>\n\t\t\t<\/div>\n<\/div>\n\n\n<hr>\n<p>\n\t\t\t<a data-url=\"https:\/\/sisu.ut.ee\/edujategu11\/node\/35766\/take\" href=\"https:\/\/sisu.ut.ee\/edujategu11\/node\/35766\/take\" target=\"_blank\" title=\"\" rel=\"noopener\">Tagasiside testi kohta<\/a><\/p>","protected":false},"excerpt":{"rendered":"<p>\u00a0MINA INFO\u00dcHISKONNAS \u00d5ppej\u00f5ud: Maria Murumaa-Mengel ja Maia Klaassen Orienteeruv ajakulu 2-3 tundi. Kokkuv\u00f5te: isiklik mainekujundus sotsiaalmeedias \u2013 viis p\u00f5hiprobleemi, mis seonduvad info jagamise ja t\u00f6\u00f6\/karj\u00e4\u00e4ri\/personaalse mainega. Oma digij\u00e4lgede haldamine;, (\u00fcle kontrollimise) harjumuste kujundamine; iseenda piiramine sisu looja ja auditooriumi liikmena; &#8230;<\/p>\n","protected":false},"author":263,"featured_media":0,"parent":0,"menu_order":0,"comment_status":"closed","ping_status":"closed","template":"","meta":{"_acf_changed":false,"inline_featured_image":false,"footnotes":""},"class_list":["post-8","page","type-page","status-publish","hentry"],"acf":[],"_links":{"self":[{"href":"https:\/\/sisu.ut.ee\/edujategu11\/wp-json\/wp\/v2\/pages\/8","targetHints":{"allow":["GET"]}}],"collection":[{"href":"https:\/\/sisu.ut.ee\/edujategu11\/wp-json\/wp\/v2\/pages"}],"about":[{"href":"https:\/\/sisu.ut.ee\/edujategu11\/wp-json\/wp\/v2\/types\/page"}],"author":[{"embeddable":true,"href":"https:\/\/sisu.ut.ee\/edujategu11\/wp-json\/wp\/v2\/users\/263"}],"replies":[{"embeddable":true,"href":"https:\/\/sisu.ut.ee\/edujategu11\/wp-json\/wp\/v2\/comments?post=8"}],"version-history":[{"count":12,"href":"https:\/\/sisu.ut.ee\/edujategu11\/wp-json\/wp\/v2\/pages\/8\/revisions"}],"predecessor-version":[{"id":81,"href":"https:\/\/sisu.ut.ee\/edujategu11\/wp-json\/wp\/v2\/pages\/8\/revisions\/81"}],"wp:attachment":[{"href":"https:\/\/sisu.ut.ee\/edujategu11\/wp-json\/wp\/v2\/media?parent=8"}],"curies":[{"name":"wp","href":"https:\/\/api.w.org\/{rel}","templated":true}]}}