{"id":7,"date":"2024-04-04T07:40:01","date_gmt":"2024-04-04T04:40:01","guid":{"rendered":"https:\/\/sisu.ut.ee\/edujategu11\/avaleht-1\/"},"modified":"2024-05-03T15:46:09","modified_gmt":"2024-05-03T12:46:09","slug":"avaleht-1","status":"publish","type":"page","link":"https:\/\/sisu.ut.ee\/edujategu11\/avaleht-1\/","title":{"rendered":"Sissejuhatus"},"content":{"rendered":"<h1 dir=\"ltr\" style=\"text-align: justify; margin-top: 20pt; margin-bottom: 6pt;\"><span style=\"line-height: 1.38;\"><span style=\"vertical-align: baseline;\">\u00d5piobjekt:<\/span> <span style=\"vertical-align: baseline;\">info haldamise p\u00e4devus ja kriitiline m\u00f5tlemine <\/span><\/span><\/h1>\n<p dir=\"ltr\" style=\"margin-top: 0pt; margin-bottom: 0pt;\"><span style=\"line-height: 1.38;\"><span style=\"vertical-align: baseline;\">ehk kuidas mitte sattuda infokorratuse ohvriks? <\/span><\/span><\/p>\n<p dir=\"ltr\" style=\"text-align: justify; margin-top: 0pt; margin-bottom: 0pt;\"><span style=\"line-height: 1.38;\"><span style=\"font-weight: bold;\"><span style=\"vertical-align: baseline;\">Orienteeruv \u00f5piobjekti l\u00e4bimise ajakulu: 6-8 tundi<\/span><\/span><\/span><\/p>\n<p dir=\"ltr\" style=\"text-align: justify; margin-top: 0pt; margin-bottom: 0pt;\"><span style=\"line-height: 1.38;\"><span style=\"font-weight: bold;\"><span style=\"vertical-align: baseline;\">\u00d5ppej\u00f5ud: Maria Murumaa-Mengel ja Maia Klaassen<\/span><\/span><\/span><\/p>\n<p dir=\"ltr\" style=\"text-align: justify; margin-top: 0pt; margin-bottom: 0pt;\"><span style=\"line-height: 1.38;\"><span style=\"font-weight: bold;\"><span style=\"vertical-align: baseline;\">Sihtr\u00fchm: <\/span><\/span><span style=\"vertical-align: baseline;\">g\u00fcmnaasiumi\u00f5pilane, aga sobib (osaliselt) ka noorematele ja vanematele sihtr\u00fchmadele. Pigem on tegemist baaskursusega.<\/span><\/span><\/p>\n<p dir=\"ltr\" style=\"text-align: justify; margin-top: 0pt; margin-bottom: 0pt;\"><span style=\"line-height: 1.38;\"><span style=\"font-weight: bold;\"><span style=\"vertical-align: baseline;\">Eesm\u00e4rk ja \u00f5piv\u00e4ljundid: <\/span><\/span><\/span><\/p>\n<p dir=\"ltr\" style=\"text-align: justify; margin-top: 0pt; margin-bottom: 0pt;\"><span style=\"line-height: 1.38;\"><span style=\"vertical-align: baseline;\">Anda \u00f5ppijale baasteadmised ja -oskused, mis aitavad tal t\u00e4nases infokorratuses oma isiklikku digij\u00e4lge hallata ning teha teadlikke ja enda jaoks sobilikke karj\u00e4\u00e4ri ja professionaalse arenguga seonduvaid otsuseid. \u00d5piobjekti l\u00e4bimisel \u00f5ppija:<\/span><\/span><\/p>\n<ul style=\"margin-top: 0; margin-bottom: 0; padding-inline-start: 48px;\">\n<li dir=\"ltr\" style=\"list-style-type: disc; vertical-align: baseline;\">\n<p dir=\"ltr\" style=\"text-align: justify; margin-top: 0pt; margin-bottom: 0pt;\" role=\"presentation\"><span style=\"line-height: 1.38;\"><span style=\"vertical-align: baseline;\">teab, mis on infokorratus ja kuidas see tekib<\/span><\/span><\/p>\n<\/li>\n<li dir=\"ltr\" style=\"list-style-type: disc; vertical-align: baseline;\">\n<p dir=\"ltr\" style=\"text-align: justify; margin-top: 0pt; margin-bottom: 0pt;\" role=\"presentation\"><span style=\"line-height: 1.38;\"><span style=\"vertical-align: baseline;\">m\u00f5istab t\u00e4nase info\u00fchiskonna ohte ja v\u00f5imalusi nii indiviidi, organisatsiooni kui \u00fchiskonna vaates<\/span><\/span><\/p>\n<\/li>\n<li dir=\"ltr\" style=\"list-style-type: disc; vertical-align: baseline;\">\n<p dir=\"ltr\" style=\"text-align: justify; margin-top: 0pt; margin-bottom: 0pt;\" role=\"presentation\"><span style=\"line-height: 1.38;\"><span style=\"vertical-align: baseline;\">oskab hinnata veebis leiduva info usaldusv\u00e4\u00e4rsust<\/span><\/span><\/p>\n<\/li>\n<li dir=\"ltr\" style=\"list-style-type: disc; vertical-align: baseline;\">\n<p dir=\"ltr\" style=\"text-align: justify; margin-top: 0pt; margin-bottom: 0pt;\" role=\"presentation\"><span style=\"line-height: 1.38;\"><span style=\"vertical-align: baseline;\">omab ja kasutab esmaseid info kriitilise tarbimise alusp\u00e4devusi<\/span><\/span><\/p>\n<\/li>\n<li dir=\"ltr\" style=\"list-style-type: disc; vertical-align: baseline;\">\n<p dir=\"ltr\" style=\"text-align: justify; margin-top: 0pt; margin-bottom: 0pt;\" role=\"presentation\"><span style=\"line-height: 1.38;\"><span style=\"vertical-align: baseline;\">toob n\u00e4iteid peamistest infop\u00e4devuste ja sotsiaalmeediakasutusega seonduvatest probleemidest, mis t\u00e4nases t\u00f6\u00f6elus on t\u00f5statunud<\/span><\/span><\/p>\n<\/li>\n<\/ul>\n","protected":false},"excerpt":{"rendered":"<p>\u00d5piobjekt: info haldamise p\u00e4devus ja kriitiline m\u00f5tlemine ehk kuidas mitte sattuda infokorratuse ohvriks? Orienteeruv \u00f5piobjekti l\u00e4bimise ajakulu: 6-8 tundi \u00d5ppej\u00f5ud: Maria Murumaa-Mengel ja Maia Klaassen Sihtr\u00fchm: g\u00fcmnaasiumi\u00f5pilane, aga sobib (osaliselt) ka noorematele ja vanematele sihtr\u00fchmadele. Pigem on tegemist baaskursusega. Eesm\u00e4rk &#8230;<\/p>\n","protected":false},"author":263,"featured_media":0,"parent":0,"menu_order":0,"comment_status":"closed","ping_status":"closed","template":"","meta":{"_acf_changed":false,"inline_featured_image":false,"footnotes":""},"class_list":["post-7","page","type-page","status-publish","hentry"],"acf":[],"_links":{"self":[{"href":"https:\/\/sisu.ut.ee\/edujategu11\/wp-json\/wp\/v2\/pages\/7","targetHints":{"allow":["GET"]}}],"collection":[{"href":"https:\/\/sisu.ut.ee\/edujategu11\/wp-json\/wp\/v2\/pages"}],"about":[{"href":"https:\/\/sisu.ut.ee\/edujategu11\/wp-json\/wp\/v2\/types\/page"}],"author":[{"embeddable":true,"href":"https:\/\/sisu.ut.ee\/edujategu11\/wp-json\/wp\/v2\/users\/263"}],"replies":[{"embeddable":true,"href":"https:\/\/sisu.ut.ee\/edujategu11\/wp-json\/wp\/v2\/comments?post=7"}],"version-history":[{"count":3,"href":"https:\/\/sisu.ut.ee\/edujategu11\/wp-json\/wp\/v2\/pages\/7\/revisions"}],"predecessor-version":[{"id":75,"href":"https:\/\/sisu.ut.ee\/edujategu11\/wp-json\/wp\/v2\/pages\/7\/revisions\/75"}],"wp:attachment":[{"href":"https:\/\/sisu.ut.ee\/edujategu11\/wp-json\/wp\/v2\/media?parent=7"}],"curies":[{"name":"wp","href":"https:\/\/api.w.org\/{rel}","templated":true}]}}