{"id":3,"date":"2024-04-04T07:40:00","date_gmt":"2024-04-04T04:40:00","guid":{"rendered":"https:\/\/sisu.ut.ee\/edujategu11\/organisatsioon-infouhiskonnas\/"},"modified":"2024-05-07T09:37:04","modified_gmt":"2024-05-07T06:37:04","slug":"organisatsioon-infouhiskonnas","status":"publish","type":"page","link":"https:\/\/sisu.ut.ee\/edujategu11\/organisatsioon-infouhiskonnas\/","title":{"rendered":"Organisatsioon info\u00fchiskonnas"},"content":{"rendered":"<h1 id=\"page-title\"><img loading=\"lazy\" decoding=\"async\" class=\"alignnone wp-image-79\" src=\"https:\/\/sisu.ut.ee\/wp-content\/uploads\/sites\/539\/sissejuhatus-1024x1024.png\" alt=\"\" width=\"50\" height=\"50\" srcset=\"https:\/\/sisu.ut.ee\/wp-content\/uploads\/sites\/539\/sissejuhatus-1024x1024.png 1024w, https:\/\/sisu.ut.ee\/wp-content\/uploads\/sites\/539\/sissejuhatus-300x300.png 300w, https:\/\/sisu.ut.ee\/wp-content\/uploads\/sites\/539\/sissejuhatus-150x150.png 150w, https:\/\/sisu.ut.ee\/wp-content\/uploads\/sites\/539\/sissejuhatus-768x768.png 768w, https:\/\/sisu.ut.ee\/wp-content\/uploads\/sites\/539\/sissejuhatus.png 1080w\" sizes=\"auto, (max-width: 50px) 100vw, 50px\">\u00a0<span style=\"color: #28aae1;\">ORGANISATSIOON INFO\u00dcHISKONNAS<\/span><\/h1>\n<p style=\"text-align: justify;\">\u00d5ppej\u00f5ud: Maria Murumaa-Mengel ja Maia Klaassen<\/p>\n<p style=\"text-align: justify;\">Orienteeruv ajakulu 2-3 tundi.<\/p>\n<p style=\"text-align: justify;\"><img loading=\"lazy\" decoding=\"async\" class=\"alignnone wp-image-12\" title=\"lisalugemine.png\" src=\"https:\/\/sisu.ut.ee\/wp-content\/uploads\/sites\/539\/lisalugemine.png\" alt=\"lugemine\" width=\"40\" height=\"40\" srcset=\"https:\/\/sisu.ut.ee\/wp-content\/uploads\/sites\/539\/lisalugemine.png 1080w, https:\/\/sisu.ut.ee\/wp-content\/uploads\/sites\/539\/lisalugemine-300x300.png 300w, https:\/\/sisu.ut.ee\/wp-content\/uploads\/sites\/539\/lisalugemine-1024x1024.png 1024w, https:\/\/sisu.ut.ee\/wp-content\/uploads\/sites\/539\/lisalugemine-150x150.png 150w, https:\/\/sisu.ut.ee\/wp-content\/uploads\/sites\/539\/lisalugemine-768x768.png 768w\" sizes=\"auto, (max-width: 40px) 100vw, 40px\">\u00a0Kokkuv\u00f5te: teemaks on organisatsioonide enda erinev kommunikatsioon ja mainekujundus; t\u00f6\u00f6tajapoolne organisatsiooni esindamine sotsiaalmeedias (ka t\u00f6\u00f6v\u00e4lisel ajal!); tundlikud andmed ja t\u00f6\u00f6kohad, kus kindlasti ei tohi stoorisid teha; kehva digitaalse jalaj\u00e4lje tagaj\u00e4rjed karj\u00e4\u00e4rile.<\/p>\n<p><\/p><div class=\"ratio ratio-16x9 mb-3\"><div class=\"video-placeholder-wrapper video-placeholder-wrapper--16x9\">\n\t\t\t    <div class=\"video-placeholder d-flex justify-content-center align-items-center\">\n\t\t\t        <div class=\"overlay text-white p-2 w-100 text-center d-block justify-content-center align-items-center\">\n\t\t\t            <div>Kolmandate osapoolte sisu n\u00e4gemiseks palun n\u00f5ustu k\u00fcpsistega.<\/div>\n\t\t\t            <button class=\"btn btn-secondary btn-sm mt-1 consent-change\">Muuda n\u00f5usolekut<\/button>\n\t\t\t        <\/div>\n\t\t\t    <\/div>\n\t\t\t<\/div>\n<\/div>\n<hr>\n<h2>Desinfo test<\/h2>\n<p>Mine ja lahenda test aadressil <a title=\"\" href=\"https:\/\/disinfotest.org\/\" target=\"_blank\" rel=\"noopener\" data-url=\"https:\/\/disinfotest.org\/\">https:\/\/disinfotest.org<\/a> \u2013 see on riskimaatriksi tulemusega test, kus \u00f5pid (vaat et kogemata!) enda vastuste esitamise j\u00e4rel. Loe kaasuseid, m\u00f5tle kaasa. K\u00fcsimus pole testi t\u00e4ites veedetud ajas, vaid hoopis uue teadmise varasemaga sidumises. Test t\u00f6\u00f6tab k\u00f5ige paremini desktop versioonis (st mitte nutitelefonis, vaid arvutis).\u00a0<\/p>\n<hr>\n<h2>\u00dclevaatlikku videoloengut kokku v\u00f5ttev iseseisev enesetest<\/h2>\n\n\n\n<div class=\"h5p-iframe-wrapper\"><div class=\"video-placeholder-wrapper video-placeholder-wrapper--fixed\" style=\"height: 366px;\">\n\t\t\t    <div class=\"video-placeholder d-flex justify-content-center align-items-center\">\n\t\t\t        <div class=\"overlay text-white p-2 w-100 text-center d-block justify-content-center align-items-center\">\n\t\t\t            <div>Kolmandate osapoolte sisu n\u00e4gemiseks palun n\u00f5ustu k\u00fcpsistega.<\/div>\n\t\t\t            <button class=\"btn btn-secondary btn-sm mt-1 consent-change\">Muuda n\u00f5usolekut<\/button>\n\t\t\t        <\/div>\n\t\t\t    <\/div>\n\t\t\t<\/div>\n<\/div>\n\n\n<hr>\n<p><img loading=\"lazy\" decoding=\"async\" width=\"1920\" height=\"480\" class=\"alignnone wp-image-16\" title=\"1.png\" src=\"https:\/\/sisu.ut.ee\/wp-content\/uploads\/sites\/539\/1.png\" alt=\"m\u00f5tlemis\" srcset=\"https:\/\/sisu.ut.ee\/wp-content\/uploads\/sites\/539\/1.png 1920w, https:\/\/sisu.ut.ee\/wp-content\/uploads\/sites\/539\/1-300x75.png 300w, https:\/\/sisu.ut.ee\/wp-content\/uploads\/sites\/539\/1-1024x256.png 1024w, https:\/\/sisu.ut.ee\/wp-content\/uploads\/sites\/539\/1-768x192.png 768w, https:\/\/sisu.ut.ee\/wp-content\/uploads\/sites\/539\/1-1536x384.png 1536w\" sizes=\"auto, (max-width: 1920px) 100vw, 1920px\"><\/p>\n<p><img loading=\"lazy\" decoding=\"async\" title=\"\" src=\"https:\/\/sisu.ut.ee\/wp-content\/uploads\/sites\/539\/test.png\" alt=\"enesetest\" width=\"32\" height=\"32\" data-file_info=\"%7B%22fid%22:%2271719%22,%22view_mode%22:%22default%22,%22type%22:%22media%22%7D\">\u00a0<span style=\"line-height: 1.38;\"><span style=\"vertical-align: baseline;\">Nimeta \u00fcks organisatsioon\/ettev\u00f5tte, kellel on nende digij\u00e4lgede p\u00f5hjal otsustades hea maine? J\u00e4ta k\u00f5rvale isiklikud kokkupuuted, p\u00fc\u00fca otsustada ainult sotsiaalmeedia- ja veebikommunikatsiooni p\u00f5hjal.<\/span><\/span><\/p>\n<p><img loading=\"lazy\" decoding=\"async\" title=\"\" src=\"https:\/\/sisu.ut.ee\/wp-content\/uploads\/sites\/539\/test.png\" alt=\"enesetest\" width=\"32\" height=\"32\" data-file_info=\"%7B%22fid%22:%2271719%22,%22view_mode%22:%22default%22,%22type%22:%22media%22%7D\">\u00a0<span style=\"line-height: 1.38;\"><span style=\"vertical-align: baseline;\">Nimeta \u00fcks organisatsioon\/ettev\u00f5tte, kellel on nende digij\u00e4lgede p\u00f5hjal otsustades halb maine? J\u00e4ta k\u00f5rvale isiklikud kokkupuuted, p\u00fc\u00fca otsustada ainult sotsiaalmeedia- ja veebikommunikatsiooni p\u00f5hjal.<\/span><\/span><\/p>\n<hr>\n<p><img loading=\"lazy\" decoding=\"async\" width=\"1920\" height=\"480\" class=\"alignnone wp-image-15\" title=\"2.png\" src=\"https:\/\/sisu.ut.ee\/wp-content\/uploads\/sites\/539\/2.png\" alt=\"eneseanal\u00fc\u00fcs\" srcset=\"https:\/\/sisu.ut.ee\/wp-content\/uploads\/sites\/539\/2.png 1920w, https:\/\/sisu.ut.ee\/wp-content\/uploads\/sites\/539\/2-300x75.png 300w, https:\/\/sisu.ut.ee\/wp-content\/uploads\/sites\/539\/2-1024x256.png 1024w, https:\/\/sisu.ut.ee\/wp-content\/uploads\/sites\/539\/2-768x192.png 768w, https:\/\/sisu.ut.ee\/wp-content\/uploads\/sites\/539\/2-1536x384.png 1536w\" sizes=\"auto, (max-width: 1920px) 100vw, 1920px\"><\/p>\n<p dir=\"ltr\">M\u00f5tle situatsioonile, kus sa hakkad astuma \u00fclikooli, valima kutseharidusasutust, vahetama t\u00f6\u00f6kohta vms suurele professionaalsele elumuutusele. N\u00e4iteks v\u00f5id kujutleda, et soovid astuda Tartu \u00dclikooli mingile erialale, Tartu VoCo-sse m\u00f5nda elukutset \u00f5ppima minna v\u00f5i kandideerida t\u00f6\u00f6le Haridus- ja Teadusministeeriumisse. Aga v\u00f5id muidugi selles harjutuses kasutada neid organisatsioone ja ettev\u00f5tteid, millega seoses sa p\u00e4riselt plaanid mingeid karj\u00e4\u00e4rialaseid samme astuda. Guugelda ja otsi nende organisatsioonide kohta infot. Katseta erinevate s\u00f5nade kombineerides, et leida ka selline materjal, mida organisatsioon v\u00f5ib olla ei tahaks, et sa leiaksid (organisatsiooni nimi + \u201cskandaal\u201d v\u00f5i \u201cprobleem\u201d v\u00f5i \u201ckriitika\u201d v\u00f5i \u201ckonflikt\u201d).\u00a0<\/p>\n<p dir=\"ltr\" role=\"presentation\"><img loading=\"lazy\" decoding=\"async\" class=\"alignnone wp-image-11\" title=\"test.png\" src=\"https:\/\/sisu.ut.ee\/wp-content\/uploads\/sites\/539\/test.png\" alt=\"enesetest\" width=\"40\" height=\"40\" srcset=\"https:\/\/sisu.ut.ee\/wp-content\/uploads\/sites\/539\/test.png 1080w, https:\/\/sisu.ut.ee\/wp-content\/uploads\/sites\/539\/test-300x300.png 300w, https:\/\/sisu.ut.ee\/wp-content\/uploads\/sites\/539\/test-1024x1024.png 1024w, https:\/\/sisu.ut.ee\/wp-content\/uploads\/sites\/539\/test-150x150.png 150w, https:\/\/sisu.ut.ee\/wp-content\/uploads\/sites\/539\/test-768x768.png 768w\" sizes=\"auto, (max-width: 40px) 100vw, 40px\">\u00a0Milline on selle organisatsiooni\/ettev\u00f5tte maine?<\/p>\n<p dir=\"ltr\" role=\"presentation\"><img loading=\"lazy\" decoding=\"async\" class=\"alignnone wp-image-11\" title=\"test.png\" src=\"https:\/\/sisu.ut.ee\/wp-content\/uploads\/sites\/539\/test.png\" alt=\"enesetest\" width=\"40\" height=\"40\" srcset=\"https:\/\/sisu.ut.ee\/wp-content\/uploads\/sites\/539\/test.png 1080w, https:\/\/sisu.ut.ee\/wp-content\/uploads\/sites\/539\/test-300x300.png 300w, https:\/\/sisu.ut.ee\/wp-content\/uploads\/sites\/539\/test-1024x1024.png 1024w, https:\/\/sisu.ut.ee\/wp-content\/uploads\/sites\/539\/test-150x150.png 150w, https:\/\/sisu.ut.ee\/wp-content\/uploads\/sites\/539\/test-768x768.png 768w\" sizes=\"auto, (max-width: 40px) 100vw, 40px\">\u00a0Mille p\u00f5hjal sulle selline tunne j\u00e4\u00e4b?<\/p>\n<p dir=\"ltr\" role=\"presentation\"><img loading=\"lazy\" decoding=\"async\" class=\"alignnone wp-image-11\" title=\"test.png\" src=\"https:\/\/sisu.ut.ee\/wp-content\/uploads\/sites\/539\/test.png\" alt=\"enesetest\" width=\"40\" height=\"40\" srcset=\"https:\/\/sisu.ut.ee\/wp-content\/uploads\/sites\/539\/test.png 1080w, https:\/\/sisu.ut.ee\/wp-content\/uploads\/sites\/539\/test-300x300.png 300w, https:\/\/sisu.ut.ee\/wp-content\/uploads\/sites\/539\/test-1024x1024.png 1024w, https:\/\/sisu.ut.ee\/wp-content\/uploads\/sites\/539\/test-150x150.png 150w, https:\/\/sisu.ut.ee\/wp-content\/uploads\/sites\/539\/test-768x768.png 768w\" sizes=\"auto, (max-width: 40px) 100vw, 40px\">\u00a0Millist infot avaldab ja toetab organisatsioon\/ettev\u00f5te ise?<\/p>\n<p dir=\"ltr\" role=\"presentation\"><img loading=\"lazy\" decoding=\"async\" class=\"alignnone wp-image-11\" title=\"test.png\" src=\"https:\/\/sisu.ut.ee\/wp-content\/uploads\/sites\/539\/test.png\" alt=\"enesetest\" width=\"40\" height=\"40\" srcset=\"https:\/\/sisu.ut.ee\/wp-content\/uploads\/sites\/539\/test.png 1080w, https:\/\/sisu.ut.ee\/wp-content\/uploads\/sites\/539\/test-300x300.png 300w, https:\/\/sisu.ut.ee\/wp-content\/uploads\/sites\/539\/test-1024x1024.png 1024w, https:\/\/sisu.ut.ee\/wp-content\/uploads\/sites\/539\/test-150x150.png 150w, https:\/\/sisu.ut.ee\/wp-content\/uploads\/sites\/539\/test-768x768.png 768w\" sizes=\"auto, (max-width: 40px) 100vw, 40px\">\u00a0Millist infot avaldavad teised osapooled; konkurendid; ajakirjandus; kliendid\/kasutajad; (endised) t\u00f6\u00f6tajad jne?<\/p>\n<hr>\n<h3 style=\"text-align: justify;\">Lisamaterjalid<\/h3>\n<p dir=\"ltr\" role=\"presentation\"><img loading=\"lazy\" decoding=\"async\" class=\"alignnone wp-image-12\" title=\"lisalugemine.png\" src=\"https:\/\/sisu.ut.ee\/wp-content\/uploads\/sites\/539\/lisalugemine.png\" alt=\"lugemine\" width=\"40\" height=\"40\" srcset=\"https:\/\/sisu.ut.ee\/wp-content\/uploads\/sites\/539\/lisalugemine.png 1080w, https:\/\/sisu.ut.ee\/wp-content\/uploads\/sites\/539\/lisalugemine-300x300.png 300w, https:\/\/sisu.ut.ee\/wp-content\/uploads\/sites\/539\/lisalugemine-1024x1024.png 1024w, https:\/\/sisu.ut.ee\/wp-content\/uploads\/sites\/539\/lisalugemine-150x150.png 150w, https:\/\/sisu.ut.ee\/wp-content\/uploads\/sites\/539\/lisalugemine-768x768.png 768w\" sizes=\"auto, (max-width: 40px) 100vw, 40px\">\u00a0Infoteadlane Krista Lepik r\u00e4\u00e4gib info otsimisest ehk mis saab siis, kui tavalisest Google\u2019i otsingust enam ei piisa. Selle e-loengu peamine sihtr\u00fchm oli ajakirjanikud, aga Krista jutust on kaasa v\u00f5tta paljutki ka k\u00f5igil teistel: <a title=\"\" href=\"https:\/\/bbb.ut.ee\/playback\/presentation\/2.3\/8cdfb2589da12c825f493eac82ceec28930ad03b-1610701035900?meetingId=8cdfb2589da12c825f493eac82ceec28930ad03b-1610701035900\" target=\"_blank\" rel=\"noopener\" data-url=\"https:\/\/bbb.ut.ee\/playback\/presentation\/2.3\/8cdfb2589da12c825f493eac82ceec28930ad03b-1610701035900?meetingId=8cdfb2589da12c825f493eac82ceec28930ad03b-1610701035900\">https:\/\/bbb.ut.ee\/playback\/presentation\/2.3\/8cdfb2589da12c825f493eac82ceec28930ad03b-1610701035900?meetingId=8cdfb2589da12c825f493eac82ceec28930ad03b-1610701035900<\/a><\/p>\n<p dir=\"ltr\" role=\"presentation\"><img loading=\"lazy\" decoding=\"async\" class=\"alignnone wp-image-12\" title=\"lisalugemine.png\" src=\"https:\/\/sisu.ut.ee\/wp-content\/uploads\/sites\/539\/lisalugemine.png\" alt=\"lugemine\" width=\"40\" height=\"40\" srcset=\"https:\/\/sisu.ut.ee\/wp-content\/uploads\/sites\/539\/lisalugemine.png 1080w, https:\/\/sisu.ut.ee\/wp-content\/uploads\/sites\/539\/lisalugemine-300x300.png 300w, https:\/\/sisu.ut.ee\/wp-content\/uploads\/sites\/539\/lisalugemine-1024x1024.png 1024w, https:\/\/sisu.ut.ee\/wp-content\/uploads\/sites\/539\/lisalugemine-150x150.png 150w, https:\/\/sisu.ut.ee\/wp-content\/uploads\/sites\/539\/lisalugemine-768x768.png 768w\" sizes=\"auto, (max-width: 40px) 100vw, 40px\"> Ajakirjaniku kingadesse aitavad end asetada ka need Signe Ivaski l\u00fchiloengud:<br>(1) Mis on Uudis? (<a title=\"\" href=\"https:\/\/www.youtube.com\/watch?v=bRI__ALOY_o\" target=\"_blank\" rel=\"noopener\" data-url=\"https:\/\/www.youtube.com\/watch?v=bRI__ALOY_o\">eesti k<\/a>, <a title=\"\" href=\"https:\/\/www.youtube.com\/watch?v=awrHD9Uz2bs\" target=\"_blank\" rel=\"noopener\" data-url=\"https:\/\/www.youtube.com\/watch?v=awrHD9Uz2bs\">vene k<\/a>)<\/p>\n<p dir=\"ltr\" role=\"presentation\">(2) Uudiste pealkirjad ja sotsiaalmeedia (<a title=\"\" href=\"https:\/\/www.youtube.com\/watch?v=7KGvhKC3LzI&amp;t=2s\" target=\"_blank\" rel=\"noopener\" data-url=\"https:\/\/www.youtube.com\/watch?v=7KGvhKC3LzI&amp;t=2s\">eesti k<\/a>, <a title=\"\" href=\"https:\/\/www.youtube.com\/watch?v=uX9IgPHCvSM\" target=\"_blank\" rel=\"noopener\" data-url=\"https:\/\/www.youtube.com\/watch?v=uX9IgPHCvSM\">vene k<\/a>)\u00a0<\/p>\n<hr>","protected":false},"excerpt":{"rendered":"<p>\u00a0ORGANISATSIOON INFO\u00dcHISKONNAS \u00d5ppej\u00f5ud: Maria Murumaa-Mengel ja Maia Klaassen Orienteeruv ajakulu 2-3 tundi. \u00a0Kokkuv\u00f5te: teemaks on organisatsioonide enda erinev kommunikatsioon ja mainekujundus; t\u00f6\u00f6tajapoolne organisatsiooni esindamine sotsiaalmeedias (ka t\u00f6\u00f6v\u00e4lisel ajal!); tundlikud andmed ja t\u00f6\u00f6kohad, kus kindlasti ei tohi stoorisid teha; kehva digitaalse &#8230;<\/p>\n","protected":false},"author":263,"featured_media":0,"parent":0,"menu_order":0,"comment_status":"closed","ping_status":"closed","template":"","meta":{"_acf_changed":false,"inline_featured_image":false,"footnotes":""},"class_list":["post-3","page","type-page","status-publish","hentry"],"acf":[],"_links":{"self":[{"href":"https:\/\/sisu.ut.ee\/edujategu11\/wp-json\/wp\/v2\/pages\/3","targetHints":{"allow":["GET"]}}],"collection":[{"href":"https:\/\/sisu.ut.ee\/edujategu11\/wp-json\/wp\/v2\/pages"}],"about":[{"href":"https:\/\/sisu.ut.ee\/edujategu11\/wp-json\/wp\/v2\/types\/page"}],"author":[{"embeddable":true,"href":"https:\/\/sisu.ut.ee\/edujategu11\/wp-json\/wp\/v2\/users\/263"}],"replies":[{"embeddable":true,"href":"https:\/\/sisu.ut.ee\/edujategu11\/wp-json\/wp\/v2\/comments?post=3"}],"version-history":[{"count":8,"href":"https:\/\/sisu.ut.ee\/edujategu11\/wp-json\/wp\/v2\/pages\/3\/revisions"}],"predecessor-version":[{"id":84,"href":"https:\/\/sisu.ut.ee\/edujategu11\/wp-json\/wp\/v2\/pages\/3\/revisions\/84"}],"wp:attachment":[{"href":"https:\/\/sisu.ut.ee\/edujategu11\/wp-json\/wp\/v2\/media?parent=3"}],"curies":[{"name":"wp","href":"https:\/\/api.w.org\/{rel}","templated":true}]}}