{"id":10,"date":"2024-04-04T07:40:01","date_gmt":"2024-04-04T04:40:01","guid":{"rendered":"https:\/\/sisu.ut.ee\/edujategu11\/lisamaterjalid\/"},"modified":"2024-05-07T09:36:41","modified_gmt":"2024-05-07T06:36:41","slug":"lisamaterjalid","status":"publish","type":"page","link":"https:\/\/sisu.ut.ee\/edujategu11\/lisamaterjalid\/","title":{"rendered":"Lisamaterjalid"},"content":{"rendered":"<h1 id=\"page-title\"><img loading=\"lazy\" decoding=\"async\" class=\"alignnone wp-image-79\" src=\"https:\/\/sisu.ut.ee\/wp-content\/uploads\/sites\/539\/sissejuhatus-1024x1024.png\" alt=\"\" width=\"50\" height=\"50\" srcset=\"https:\/\/sisu.ut.ee\/wp-content\/uploads\/sites\/539\/sissejuhatus-1024x1024.png 1024w, https:\/\/sisu.ut.ee\/wp-content\/uploads\/sites\/539\/sissejuhatus-300x300.png 300w, https:\/\/sisu.ut.ee\/wp-content\/uploads\/sites\/539\/sissejuhatus-150x150.png 150w, https:\/\/sisu.ut.ee\/wp-content\/uploads\/sites\/539\/sissejuhatus-768x768.png 768w, https:\/\/sisu.ut.ee\/wp-content\/uploads\/sites\/539\/sissejuhatus.png 1080w\" sizes=\"auto, (max-width: 50px) 100vw, 50px\">\u00a0<span style=\"color: #28aae1;\">LISAMATERJALID<\/span><\/h1>\n<p dir=\"ltr\" style=\"line-height: 1.38;text-align: justify;margin-top: 18pt;margin-bottom: 6pt\">\n\t<img loading=\"lazy\" decoding=\"async\" alt=\"video\" data-file_info=\"%7B%22fid%22:%2271718%22,%22view_mode%22:%22default%22,%22type%22:%22media%22%7D\" height=\"32\" src=\"https:\/\/sisu.ut.ee\/wp-content\/uploads\/sites\/539\/video.png\" title=\"\" width=\"32\">\u00a0<span style=\"line-height:1.38\"><span><span><span><span style=\"vertical-align:baseline\"><span>Maia Klaassen r\u00e4\u00e4gib, kuidas kuuluvustunne meie sotsiaalmeediakasutust ja infotarbimist m\u00f5jutab: <\/span><\/span><\/span><\/span><\/span><\/span>\n<\/p>\n<p dir=\"ltr\" role=\"presentation\" style=\"list-style-type:disc;vertical-align:baseline;text-align:justify;margin-top:0pt;margin-bottom:0pt\">\n\t<\/p><div class=\"ratio ratio-16x9 mb-3\"><div class=\"video-placeholder-wrapper video-placeholder-wrapper--16x9\">\n\t\t\t    <div class=\"video-placeholder d-flex justify-content-center align-items-center\">\n\t\t\t        <div class=\"overlay text-white p-2 w-100 text-center d-block justify-content-center align-items-center\">\n\t\t\t            <div>Kolmandate osapoolte sisu n\u00e4gemiseks palun n\u00f5ustu k\u00fcpsistega.<\/div>\n\t\t\t            <button class=\"btn btn-secondary btn-sm mt-1 consent-change\">Muuda n\u00f5usolekut<\/button>\n\t\t\t        <\/div>\n\t\t\t    <\/div>\n\t\t\t<\/div>\n<\/div>\n\n<hr>\n<p dir=\"ltr\" role=\"presentation\" style=\"list-style-type:disc;vertical-align:baseline;text-align:justify;margin-top:0pt;margin-bottom:0pt\">\n\t<img loading=\"lazy\" decoding=\"async\" alt=\"video\" data-file_info=\"%7B%22fid%22:%2271718%22,%22view_mode%22:%22default%22,%22type%22:%22media%22%7D\" height=\"32\" src=\"https:\/\/sisu.ut.ee\/wp-content\/uploads\/sites\/539\/video.png\" title=\"\" width=\"32\">\u00a0<span style=\"line-height:1.38\"><span><span><span><span style=\"vertical-align:baseline\"><span>Maria Murumaa-Mengel m\u00f5tiskleb, miks inimesed sotsiaalmeedias r\u00e4uskavad<\/span><\/span><\/span><\/span><\/span><\/span>\n<\/p>\n<p dir=\"ltr\" role=\"presentation\" style=\"list-style-type:disc;vertical-align:baseline;text-align:justify;margin-top:0pt;margin-bottom:0pt\">\n\t<\/p><div class=\"ratio ratio-16x9 mb-3\"><div class=\"video-placeholder-wrapper video-placeholder-wrapper--16x9\">\n\t\t\t    <div class=\"video-placeholder d-flex justify-content-center align-items-center\">\n\t\t\t        <div class=\"overlay text-white p-2 w-100 text-center d-block justify-content-center align-items-center\">\n\t\t\t            <div>Kolmandate osapoolte sisu n\u00e4gemiseks palun n\u00f5ustu k\u00fcpsistega.<\/div>\n\t\t\t            <button class=\"btn btn-secondary btn-sm mt-1 consent-change\">Muuda n\u00f5usolekut<\/button>\n\t\t\t        <\/div>\n\t\t\t    <\/div>\n\t\t\t<\/div>\n<\/div>\n\n<hr>\n<p dir=\"ltr\" role=\"presentation\" style=\"list-style-type:disc;vertical-align:baseline;text-align:justify;margin-top:0pt;margin-bottom:0pt\">\n\t<img loading=\"lazy\" decoding=\"async\" alt=\"video\" data-file_info=\"%7B%22fid%22:%2271718%22,%22view_mode%22:%22default%22,%22type%22:%22media%22%7D\" height=\"32\" src=\"https:\/\/sisu.ut.ee\/wp-content\/uploads\/sites\/539\/video.png\" title=\"\" width=\"32\">\u00a0<span style=\"line-height:1.38\"><span><span><span><span style=\"vertical-align:baseline\"><span>Maria Murumaa-Mengel r\u00e4\u00e4kis koos Diana Poudeliga inimeste sotsiaalmeediakasutuse plussidest ja miinustest<\/span><\/span><\/span><\/span><\/span><\/span>\n<\/p>\n<p dir=\"ltr\" role=\"presentation\" style=\"list-style-type:disc;vertical-align:baseline;text-align:justify;margin-top:0pt;margin-bottom:0pt\">\n\t<\/p><div class=\"ratio ratio-16x9 mb-3\"><div class=\"video-placeholder-wrapper video-placeholder-wrapper--16x9\">\n\t\t\t    <div class=\"video-placeholder d-flex justify-content-center align-items-center\">\n\t\t\t        <div class=\"overlay text-white p-2 w-100 text-center d-block justify-content-center align-items-center\">\n\t\t\t            <div>Kolmandate osapoolte sisu n\u00e4gemiseks palun n\u00f5ustu k\u00fcpsistega.<\/div>\n\t\t\t            <button class=\"btn btn-secondary btn-sm mt-1 consent-change\">Muuda n\u00f5usolekut<\/button>\n\t\t\t        <\/div>\n\t\t\t    <\/div>\n\t\t\t<\/div>\n<\/div>\n\n<hr>\n<p dir=\"ltr\" role=\"presentation\" style=\"list-style-type:disc;vertical-align:baseline;text-align:justify;margin-top:0pt;margin-bottom:0pt\">\n\t<img loading=\"lazy\" decoding=\"async\" alt=\"video\" data-file_info=\"%7B%22fid%22:%2271718%22,%22view_mode%22:%22default%22,%22type%22:%22media%22%7D\" height=\"32\" src=\"https:\/\/sisu.ut.ee\/wp-content\/uploads\/sites\/539\/video.png\" title=\"\" width=\"32\">\u00a0<span style=\"line-height:1.38\"><span><span><span><span style=\"vertical-align:baseline\"><span>Kuula meedia ja infokasutusega seonduvaid arutelusid Tartu \u00dclikooli \u00fchiskonnateaduste instituudi podcastis Meedialoogid: <\/span><\/span><\/span><\/span><\/span><\/span><a data-url=\"https:\/\/anchor.fm\/meedialoogid\" href=\"https:\/\/anchor.fm\/meedialoogid\" target=\"_blank\" title=\"\" rel=\"noopener\"><span><span style=\"color:#1155cc\"><span><span><span style=\"text-decoration:underline\"><span><span style=\"vertical-align:baseline\"><span>https:\/\/anchor.fm\/meedialoogid<\/span><\/span><\/span><\/span><\/span><\/span><\/span><\/span><\/a><span style=\"line-height:1.38\"> <\/span>\n<\/p>\n<hr>\n<p>\n\t\u00a0<\/p>\n","protected":false},"excerpt":{"rendered":"<p>\u00a0LISAMATERJALID \u00a0Maia Klaassen r\u00e4\u00e4gib, kuidas kuuluvustunne meie sotsiaalmeediakasutust ja infotarbimist m\u00f5jutab: Kolmandate osapoolte sisu n\u00e4gemiseks palun n\u00f5ustu k\u00fcpsistega. Muuda n\u00f5usolekut \u00a0Maria Murumaa-Mengel m\u00f5tiskleb, miks inimesed sotsiaalmeedias r\u00e4uskavad Kolmandate osapoolte sisu n\u00e4gemiseks palun n\u00f5ustu k\u00fcpsistega. Muuda n\u00f5usolekut \u00a0Maria Murumaa-Mengel r\u00e4\u00e4kis koos &#8230;<\/p>\n","protected":false},"author":263,"featured_media":0,"parent":0,"menu_order":0,"comment_status":"closed","ping_status":"closed","template":"","meta":{"_acf_changed":false,"inline_featured_image":false,"footnotes":""},"class_list":["post-10","page","type-page","status-publish","hentry"],"acf":[],"_links":{"self":[{"href":"https:\/\/sisu.ut.ee\/edujategu11\/wp-json\/wp\/v2\/pages\/10","targetHints":{"allow":["GET"]}}],"collection":[{"href":"https:\/\/sisu.ut.ee\/edujategu11\/wp-json\/wp\/v2\/pages"}],"about":[{"href":"https:\/\/sisu.ut.ee\/edujategu11\/wp-json\/wp\/v2\/types\/page"}],"author":[{"embeddable":true,"href":"https:\/\/sisu.ut.ee\/edujategu11\/wp-json\/wp\/v2\/users\/263"}],"replies":[{"embeddable":true,"href":"https:\/\/sisu.ut.ee\/edujategu11\/wp-json\/wp\/v2\/comments?post=10"}],"version-history":[{"count":2,"href":"https:\/\/sisu.ut.ee\/edujategu11\/wp-json\/wp\/v2\/pages\/10\/revisions"}],"predecessor-version":[{"id":83,"href":"https:\/\/sisu.ut.ee\/edujategu11\/wp-json\/wp\/v2\/pages\/10\/revisions\/83"}],"wp:attachment":[{"href":"https:\/\/sisu.ut.ee\/edujategu11\/wp-json\/wp\/v2\/media?parent=10"}],"curies":[{"name":"wp","href":"https:\/\/api.w.org\/{rel}","templated":true}]}}