{"id":11,"date":"2024-04-04T07:39:42","date_gmt":"2024-04-04T04:39:42","guid":{"rendered":"https:\/\/sisu.ut.ee\/edujategu10\/harjutus\/"},"modified":"2024-05-02T10:47:21","modified_gmt":"2024-05-02T07:47:21","slug":"harjutus","status":"publish","type":"page","link":"https:\/\/sisu.ut.ee\/edujategu10\/harjutus\/","title":{"rendered":"Harjutus"},"content":{"rendered":"<h1 class=\"wp-block-heading\"><img loading=\"lazy\" decoding=\"async\" width=\"50\" height=\"50\" class=\"wp-image-100\" style=\"width: 50px;\" src=\"https:\/\/sisu.ut.ee\/wp-content\/uploads\/sites\/538\/sissejuhatus.png\" alt=\"\" srcset=\"https:\/\/sisu.ut.ee\/wp-content\/uploads\/sites\/538\/sissejuhatus.png 1080w, https:\/\/sisu.ut.ee\/wp-content\/uploads\/sites\/538\/sissejuhatus-300x300.png 300w, https:\/\/sisu.ut.ee\/wp-content\/uploads\/sites\/538\/sissejuhatus-1024x1024.png 1024w, https:\/\/sisu.ut.ee\/wp-content\/uploads\/sites\/538\/sissejuhatus-150x150.png 150w, https:\/\/sisu.ut.ee\/wp-content\/uploads\/sites\/538\/sissejuhatus-768x768.png 768w\" sizes=\"auto, (max-width: 50px) 100vw, 50px\"> <span style=\"color: #28aae1;\">HARJUTUS<\/span><\/h1>\n\n\n<p dir=\"ltr\" style=\"margin-top: 10pt; margin-bottom: 0pt;\"><span style=\"line-height: 1.56;\"><span style=\"color: #353744;\"><span style=\"vertical-align: baseline;\">Loe l\u00e4bi allolev jutt. Lugedes otsi vastuseid j\u00e4rgmistele k\u00fcsimustele:<\/span><\/span><\/span><\/p>\n<p dir=\"ltr\" style=\"list-style-type: upper-alpha; sans-serif;color: #353744; vertical-align: baseline; margin-left: 36pt; margin-top: 12pt; margin-bottom: 0pt;\" role=\"presentation\"><span style=\"line-height: 1.56;\"><span style=\"font-style: italic;\"><span style=\"vertical-align: baseline;\">A. Milliseid eneseusu allikaid on loos kirjeldatud? <\/span><\/span><\/span><\/p>\n<p dir=\"ltr\" style=\"list-style-type: lower-alpha; vertical-align: baseline; margin-left: 80px; margin-top: 0pt; margin-bottom: 0pt;\" role=\"presentation\"><span style=\"line-height: 1.56;\"><span style=\"font-style: italic;\"><span style=\"vertical-align: baseline;\">a. Millised olid tegelaste varasemad v\u00f5imestavad kogemused avameres ujumisel?<\/span><\/span><\/span><\/p>\n<p dir=\"ltr\" style=\"list-style-type: lower-alpha; vertical-align: baseline; margin-left: 80px; margin-top: 0pt; margin-bottom: 0pt;\" role=\"presentation\"><span style=\"line-height: 1.56;\"><span style=\"font-style: italic;\"><span style=\"vertical-align: baseline;\">b. Keda kasutasid tegelased rollimudelina? <\/span><\/span><\/span><\/p>\n<p dir=\"ltr\" style=\"list-style-type: lower-alpha; font-style: italic; vertical-align: baseline; margin-left: 80px; margin-top: 0pt; margin-bottom: 0pt;\" role=\"presentation\"><span style=\"line-height: 1.56;\"><span style=\"vertical-align: baseline;\">c. Kas m\u00e4rkad s\u00f5nalise veenmise kasutamist eneseusu suurendamiseks? <\/span><\/span><\/p>\n<p dir=\"ltr\" style=\"list-style-type: lower-alpha; vertical-align: baseline; margin-left: 80px; margin-top: 0pt; margin-bottom: 0pt;\" role=\"presentation\"><span style=\"line-height: 1.56;\"><span style=\"font-style: italic;\"><span style=\"vertical-align: baseline;\">d. Milliseid eneseusku m\u00f5jutavaid kehalise\/ps\u00fchholoogilise seisundi kirjeldusi on leida? <\/span><\/span><\/span><\/p>\n<p dir=\"ltr\" style=\"list-style-type: lower-alpha; font-style: italic; vertical-align: baseline; margin-left: 80px; margin-top: 0pt; margin-bottom: 0pt;\" role=\"presentation\"><span style=\"line-height: 1.56;\"><span style=\"vertical-align: baseline;\">e. Kuiv\u00f5rd oli tegelastel v\u00f5imalik kasutada peegeldatud usku?<\/span><\/span><\/p>\n<p dir=\"ltr\" style=\"list-style-type: upper-alpha; sans-serif;color: #353744; font-style: italic; vertical-align: baseline; margin-left: 36pt; margin-top: 0pt; margin-bottom: 0pt;\" role=\"presentation\"><span style=\"line-height: 1.56;\"><span style=\"vertical-align: baseline;\">B. Mida \u00f5petab see lugu <\/span><\/span><\/p>\n<p dir=\"ltr\" style=\"list-style-type: lower-alpha; font-style: italic; vertical-align: baseline; margin-left: 80px; margin-top: 0pt; margin-bottom: 0pt;\" role=\"presentation\"><span style=\"line-height: 1.56;\"><span style=\"vertical-align: baseline;\">a. eesm\u00e4rkide,<\/span><\/span><\/p>\n<p dir=\"ltr\" style=\"list-style-type: lower-alpha; font-style: italic; vertical-align: baseline; margin-left: 80px; margin-top: 0pt; margin-bottom: 0pt;\" role=\"presentation\"><span style=\"line-height: 1.56;\"><span style=\"vertical-align: baseline;\">b. motivatsiooni, <\/span><\/span><\/p>\n<p dir=\"ltr\" style=\"list-style-type: lower-alpha; font-style: italic; vertical-align: baseline; margin-left: 80px; margin-top: 0pt; margin-bottom: 0pt;\" role=\"presentation\"><span style=\"line-height: 1.56;\"><span style=\"vertical-align: baseline;\">c. huumori, <\/span><\/span><\/p>\n<p dir=\"ltr\" style=\"list-style-type: lower-alpha; font-style: italic; vertical-align: baseline; margin-left: 80px; margin-top: 0pt; margin-bottom: 12pt;\" role=\"presentation\"><span style=\"line-height: 1.56;\"><span style=\"vertical-align: baseline;\">d. hindamise, tunnustuse ja tagasiside <\/span><\/span><span style=\"line-height: 1.56;\"><span style=\"color: #353744;\"><span style=\"font-style: italic;\"><span style=\"vertical-align: baseline;\">kohta? <\/span><\/span><\/span><\/span><\/p>\n<p dir=\"ltr\" style=\"list-style-type: upper-alpha; sans-serif;color: #353744; font-style: italic; vertical-align: baseline; margin-left: 36pt; margin-top: 12pt; margin-bottom: 12pt;\" role=\"presentation\"><span style=\"line-height: 1.56;\"><span style=\"vertical-align: baseline;\">C. Mida oleks saanud selle projekti juures paremini v\u00f5i teisiti teha ning miks? T\u00e4iendavaid ideid leiad j\u00e4rgmistelt lehek\u00fclgedelt. <\/span><\/span><\/p>\n<p dir=\"ltr\" style=\"list-style-type: upper-alpha; sans-serif;color: #353744; font-style: italic; vertical-align: baseline; margin-left: 36pt; margin-top: 12pt; margin-bottom: 12pt;\" role=\"presentation\"><span style=\"line-height: 1.56;\"><span style=\"vertical-align: baseline;\">D. Kuidas selles loos esitatud n\u00e4iteid kasutada enda elus ja oma t\u00f6\u00f6s?<\/span><\/span><\/p>\n<hr>\n<p style=\"text-align: center;\"><span style=\"line-height: 1.56;\"><span style=\"color: #353744;\"><span style=\"font-style: italic;\"><span style=\"vertical-align: baseline;\">Leandrose kiiluvees: ujudes Euroopast Aasiasse<\/span><\/span><\/span><\/span><\/p>\n<p dir=\"ltr\" style=\"margin-top: 12pt; margin-bottom: 12pt;\"><span style=\"line-height: 1.56;\"><span style=\"color: #353744;\"><span style=\"font-style: italic;\"><span style=\"vertical-align: baseline;\">H\u00f5ikudes, palvetades ning vandudes h\u00fcppasime me koidikul paadist Dardanellide vette ning hakkasime Euroopast Aasiasse ujuma.<\/span><\/span><\/span><\/span><\/p>\n<p dir=\"ltr\" style=\"margin-top: 12pt; margin-bottom: 12pt;\"><span style=\"line-height: 1.56;\"><span style=\"color: #353744;\"><span style=\"font-style: italic;\"><span style=\"vertical-align: baseline;\">K\u00f5ik oli alguse saanud Londonis musttuhandenda Bulgaaria punase veini pudeli taga. R\u00e4\u00e4kisin, et olin juba ammu tahtnud ujuda \u00fcle Hellespontose v\u00e4ina \u2013 kitsa kanali Marmara mere ja Egeuse mere vahel. Hellespontos oli hulk aega tagasi kuum m\u00fc\u00fctiline paik. Aasia poolel elanud Leandros armus oma \u00f5nnetuseks Herosse, kes elas Euroopas. T\u00f5elise armastuse rada ei olnud sugugi sile. Geograafia ei olnud nende poolt. Hellespontose keskel on \u00fcks vastik kiire hoovus, mis pidavat laevu neelama \u2013 isegi usk ei aidanud siin. Hero oli Afrodite printsess ja m\u00e4\u00e4ratud igavesse ts\u00f6libaati. Seega pidid nende kohtumised leidma aset salaja ning \u00f6\u00f6siti. Nii nagu enamikus antiiksetes ja kaasaegsetes suhetses, oli ikka mees see, kes r\u00e4ndama pidi. Hero hoidis kaldal laternat ning Leandros ujus igal \u00f6\u00f6sel selle j\u00e4rgi tema juurde. Nad armatsesid kogu \u00f6\u00f6 ning siis ujus Leandros tagasi. \u00dchel \u00f6\u00f6l puhus tuul aga laterna \u00e4ra ja vool kandis mehe Egeuse merele, kust ta iial tagasi ei p\u00f6\u00f6rdunud. Murtud s\u00fcdamega Herol j\u00e4tkus s\u00fcndsustunnet end Hellespontosesse heita ja nii s\u00fcndiski legend.<\/span><\/span><\/span><\/span><\/p>\n<p dir=\"ltr\" style=\"margin-top: 12pt; margin-bottom: 12pt;\"><span style=\"line-height: 1.56;\"><span style=\"color: #353744;\"><span style=\"font-style: italic;\"><span style=\"vertical-align: baseline;\">Arvati, et Hellespontoses saavad ujuda vaid jumalad. Ent peale \u00fchte eba\u00f5nnestunud katset sai sellega hakkama Byron ning n\u00fc\u00fcdseks on seda korduvalt tehtud.<\/span><\/span><\/span><\/span><\/p>\n<p dir=\"ltr\" style=\"margin-top: 12pt; margin-bottom: 12pt;\"><span style=\"line-height: 1.56;\"><span style=\"color: #353744;\"><span style=\"font-style: italic;\"><span style=\"vertical-align: baseline;\">Me peame seda tegema, \u00fctlesin ma Stevele ja Davidile (paksud, kahvatud, \u00fcle-kolmek\u00fcmnesed h\u00e4davaresed, nagu ma isegi). Kui Byroni sugune kompjalast s\u00fcfiliitik sellega hakkama sai, siis saame ka meie. Bulgaaria punane vein k\u00f5neles enda eest, andis oma n\u00f5usoleku ja enne, kui j\u00f5udis selle tagasi v\u00f5tta, olin veksli v\u00e4lja k\u00e4inud ning kohustanud meid ujuma.<\/span><\/span><\/span><\/span><\/p>\n<p dir=\"ltr\" style=\"margin-top: 12pt; margin-bottom: 12pt;\"><span style=\"line-height: 1.56;\"><span style=\"color: #353744;\"><span style=\"font-style: italic;\"><span style=\"vertical-align: baseline;\">Paberit\u00f6\u00f6 oli ko\u0161maarne. Euroopa rannik Abydose l\u00e4histel asub militaartsoonis ja on kuulu j\u00e4rgi mineeritud. Hellespontos ise kujutab endast merelaevastiku veeteed, mida m\u00f6\u00f6da voorib tohutu liiklus Vahemere, Istanbuli ning Musta mere vahel. T\u00fcrgi v\u00f5imudele ei meeldi m\u00f5te konteinerlaevade propelleritesse sattuvatest inglaste laipadest ja nad n\u00f5uavad hulgaliselt lube. Selle k\u00f5igega tegeleb mees nimega Huseyin, kellele pikad valged kr\u00e4sus juuksed annavad talle meriroosi v\u00e4limuse. Tema on korraldanud enamuse viimaste aastate edukatest katsetest Hellespontoses.<\/span><\/span><\/span><\/span><\/p>\n<p dir=\"ltr\" style=\"margin-top: 12pt; margin-bottom: 12pt;\"><span style=\"line-height: 1.56;\"><span style=\"color: #353744;\"><span style=\"font-style: italic;\"><span style=\"vertical-align: baseline;\">Me siis treenisime natuke. Vedasime end avalikesse basseinidesse ning kahlasime edasi-tagasi. Me ei paistnud k\u00fcll muutuvat kiiremaks ega v\u00e4sinud v\u00e4hem, kuid paistsime muutuvat veidi k\u00f5hnemaks. Motiveerida oli ennast raske, kuna paralleele avalike basseinide kuuma inimsupi ja suure laevatee vahele t\u00f5mmata tundus kohatu. Kuid aeg tiksus edasi, me l\u00e4ksime ikka veel pisut h\u00e4mmeldunult lennukile ja leidsime ennast miskip\u00e4rast Cannakalest.<\/span><\/span><\/span><\/span><\/p>\n<p dir=\"ltr\" style=\"margin-top: 12pt; margin-bottom: 12pt;\"><span style=\"line-height: 1.56;\"><span style=\"color: #353744;\"><span style=\"font-style: italic;\"><span style=\"vertical-align: baseline;\">Saime Huseyiniga kokku. Ta n\u00e4itas k\u00e4tte meie marsruudi (\u00fcks miil otse hoovuse suunas ja siis meeldiv ujumine kaldale), sundis meid moussakat ja vitamiinitablette s\u00f6\u00f6ma, andis baarmanile korralduse \u00f5lut enam mitte serveerida ja tellis meile hommikuks \u00e4ratuse, et ei oleks mingeid vabandusi.<\/span><\/span><\/span><\/span><\/p>\n<p dir=\"ltr\" style=\"margin-top: 12pt; margin-bottom: 12pt;\"><span style=\"line-height: 1.56;\"><span style=\"color: #353744;\"><span style=\"font-style: italic;\"><span style=\"vertical-align: baseline;\">Koos koiduga ilmutas end meie idiootsus. Oli k\u00fclm, edasi-tagasi kurseerisid m\u00f5ned hiiglaslikud tankerid ning kanali keskel paiskas hoovus \u00fcles laineid kui valgeid hobuseid, kes n\u00e4gid v\u00e4lja nagu Grand Nationali<\/span><\/span><\/span><a style=\"text-decoration: none;\" href=\"https:\/\/tartuulikool-my.sharepoint.com\/personal\/aave_ut_ee\/Documents\/vanad\/Koolitused%202013\/T%C3%9C%20personaliosakond\/Leandrose%20kiiluvees_T%C3%9C%202013.doc#_ftn1\"><span style=\"color: #1155cc;\"><span style=\"font-style: italic;\"><span style=\"text-decoration: underline;\"><span style=\"vertical-align: baseline;\">[1]<\/span><\/span><\/span><\/span><\/a><span style=\"color: #353744;\"><span style=\"font-style: italic;\"><span style=\"vertical-align: baseline;\"> v\u00f5itjad. Huseyin oli meie \u00fcritusest r\u00e4\u00e4kinud ka ajakirjanikele. Meile j\u00e4rgnes kamp fotograafe, et eba\u00f5nnestumine ei j\u00e4\u00e4ks saladuseks.<\/span><\/span><\/span><\/span><\/p>\n<p dir=\"ltr\" style=\"margin-top: 12pt; margin-bottom: 12pt;\"><span style=\"line-height: 1.56;\"><span style=\"color: #353744;\"><span style=\"font-style: italic;\"><span style=\"vertical-align: baseline;\">P\u00e4ikeset\u00f5usul riietusime lahti. Paadis olnud poisid h\u00f5\u00f5rusid meid ratta\u00f5liga sisse ja valju kisaga heitsime end s\u00fcgavusse. Minust rullus \u00fcle veealune voog ning edasi hakkas juba hoovus mind raevukalt p\u00f6\u00f6ritama.<\/span><\/span><\/span><\/span><\/p>\n<p dir=\"ltr\" style=\"margin-top: 12pt; margin-bottom: 12pt;\"><span style=\"line-height: 1.56;\"><span style=\"color: #353744;\"><span style=\"font-style: italic;\"><span style=\"vertical-align: baseline;\">Niipea, kui merele j\u00f5udsin, olin iseendaga \u00fcksi. Jah, kusagil selja taga m\u00fcrises saatepaadi mootor, kuskil kaugel ees kahlas Steve kuulsuse suunas ning kuskil teisel pool puristas ja neelas David vett, ent mina olin enda tillukeses maailmas, mida piirasid lained ja ujumisprillid, \u00e4hmaselt teadlik sellest, kuidas rohekas vesi minust m\u00f6\u00f6dus. See oli \u00fcksildane ja segadust t\u00e4is tegevus. Kui kaela v\u00e4lja sirutasin, v\u00f5isin kohati n\u00e4ha Aasia k\u00fcnkaid, kuid mingit liikumist ei olnud n\u00e4ha. Paadist h\u00f5iguti aeg-ajalt n\u00f5uandeid ja julgustavaid s\u00f5nu, n\u00e4iteks \u201cHeitveelaik otse ees: hoia suu kinni\u201d ja \u201cSee on koht, kus ukrainlasel hakkas k\u00f5rvadest verd jooksma.\u201d<\/span><\/span><\/span><\/span><\/p>\n<p dir=\"ltr\" style=\"margin-top: 12pt; margin-bottom: 12pt;\"><span style=\"line-height: 1.56;\"><span style=\"color: #353744;\"><span style=\"font-style: italic;\"><span style=\"vertical-align: baseline;\">Steve oli sihikindlalt rinnuli krooli ujudes minema p\u00fchkinud nii, nagu ta oli teinud varem vaid korra elus, mil p\u00fc\u00fcdis endale baari p\u00e4\u00e4semiseks k\u00fc\u00fcnarnukkidega teed rajada. Mina olin m\u00f5elnud, et lained ei lase nagunii korralikult krooli ujuda ja harjutanud peamiselt konna. See oli rumal viga. Rinnuliujumises on \u00fcks faas, kus edasiliikumist on v\u00e4he. Kui sa ujud hoovusesse, siis kaotad poole l\u00e4bitud vahemaast. Mul kulus selle taipamiseks ja kroolile \u00fcleminekuks 50 minutit, mille jooksul Steve oli juba peaaegu enda Hero k\u00e4te vahel.<\/span><\/span><\/span><\/span><\/p>\n<p dir=\"ltr\" style=\"margin-top: 12pt; margin-bottom: 12pt;\"><span style=\"line-height: 1.56;\"><span style=\"color: #353744;\"><span style=\"font-style: italic;\"><span style=\"vertical-align: baseline;\">Head ujujad \u00fctlevad, et k\u00f5ige t\u00e4htsam on r\u00fctm. R\u00fctm on keeruline, kui sinu \u00fcmber pulbitseval merel pole sellest \u00f5rna aimugi. Sa tundud paigal p\u00fcsivat. Tundsin hoovust k\u00fcndes rinna vastas kerget survet, ent mul ei olnud \u00fchtegi n\u00e4htavat fikseeritud punkti, millega v\u00f5rreldes oma edasiminekut saanuksin hinnata. Eba\u00f5nnestumine ei olnud siiski m\u00f5eldav. Liiga paljud inimesed teadsid sellest julgust\u00fckist. Kui ma ei j\u00f5ua Sestosesse, ei v\u00f5i ma kunagi koju tagasi p\u00f6\u00f6rduda. Nii ma j\u00e4tkasin metronoomiliselt t\u00f5mbeid ning siis \u00e4kki hoovus vaibus.<\/span><\/span><\/span><\/span><\/p>\n<p dir=\"ltr\" style=\"margin-top: 12pt; margin-bottom: 12pt;\"><span style=\"line-height: 1.56;\"><span style=\"color: #353744;\"><span style=\"font-style: italic;\"><span style=\"vertical-align: baseline;\">H\u00fc\u00fce paadist lubas mul end l\u00f5dvemaks lasta. Seda korraldust olin ma oodanud. See t\u00e4hendas, et Hellespontose selgroog oli murtud. Hakkasin taipama, et ei olnud tarvis enam palju varusid kokku hoida.<\/span><\/span><\/span><\/span><\/p>\n<p dir=\"ltr\" style=\"margin-top: 12pt; margin-bottom: 12pt;\"><span style=\"line-height: 1.56;\"><span style=\"color: #353744;\"><span style=\"font-style: italic;\"><span style=\"vertical-align: baseline;\">Edasi l\u00e4ks k\u00f5ik kiiresti. P\u00f5hjas tabas jalg mererohu tuusti ning h\u00e4marusest ilmus v\u00e4lja kivi. \u00dcles vaadates v\u00f5isin n\u00e4ha astelhernestega kaetud Aasia k\u00fcngastel Sestose kindluse fassaadi. Tuhande miili kauguselt kostis ajakirjanike r\u00f5katusi, kes Steve\u2019 kaldale t\u00f5mbasid ja k\u00fcsisid, miks p\u00f5rgu p\u00e4ralt ta seda oli teinud. Ja siis j\u00e4rsku olime meiegi seal, komberdades veest v\u00e4lja r\u00e4tikute vahele. Trobikond teleoperaatoreid palus meilt kommentaari. Pingutusest oimetu David andis neile piinlikult p\u00f5hjaliku seletuse Leandrose sugutungist, mis vaevaliselt t\u00fcrgi keelde t\u00f5lgituna k\u00f5las alguses nagu lalin ja l\u00f5pus nagu roppus. Me s\u00f5ime p\u00e4hkleid ja p\u00f6\u00f6ritasime end T\u00fcrgi televisiooni tippeetriaja saate jaoks, j\u00f5ime br\u00e4ndit suure kange mehe Leandrose m\u00e4letuseks, kes oli seda teinud armastuse, mitte kuulsuse p\u00e4rast.<\/span><\/span><\/span><\/span><\/p>\n<p dir=\"ltr\" style=\"margin-top: 12pt; margin-bottom: 12pt;\"><span style=\"line-height: 1.56;\"><span style=\"color: #353744;\"><span style=\"font-style: italic;\"><span style=\"vertical-align: baseline;\">Kreeka jumaluse karj\u00e4\u00e4r tundub t\u00e4iesti k\u00e4ttesaadavana. See on klassikaline ujumine, mitte kuigi keeruline. David ja mina, kes me m\u00f5lemad kasutasime rohkem kui kaks miili haletsusv\u00e4\u00e4rselt ebaefektiivset konnaujumist, saime sellega hakkama umbes 80 minutiga. Steve, kes on t\u00e4iesti tavaline k\u00fcmne-pindi-ja-kolme-chipsipaki-mees, veeres randa v\u00e4hem kui tunniga. Kuulujutud vasarhaidest, hiidkalmaaridest ja suurtest meduusiparvedest ei pidanud paika. Kuulujutud k\u00f5hulahtisusest ja oksendamisest vastavad siiski t\u00e4ielikult t\u00f5ele. Need Euroopa ja Aasia vahelise s\u00fcgava v\u00e4ina asukad on t\u00f5esti m\u00fctoloogilised tegelased. Kuid see on \u00fcks teine lugu. Olympose parimate asjatundjate s\u00f5nade kohaselt oleme me ametlikult jumalad.<\/span><\/span><\/span><\/span><\/p>\n<p dir=\"ltr\" style=\"margin-top: 12pt; margin-bottom: 12pt;\"><span style=\"line-height: 1.56;\"><span style=\"color: #353744;\"><span style=\"font-style: italic;\"><span style=\"vertical-align: baseline;\">Allikas: <\/span><\/span><\/span><a style=\"text-decoration: none;\" href=\"https:\/\/www.charlesfoster.co.uk\/?p=1\" target=\"_blank\" rel=\"noopener\"><span style=\"color: #1155cc;\"><span style=\"font-style: italic;\"><span style=\"text-decoration: underline;\"><span style=\"vertical-align: baseline;\">https:\/\/www.charlesfoster.co.uk\/?p=1<\/span><\/span><\/span><\/span><\/a><span style=\"color: #353744;\"><span style=\"font-style: italic;\"><span style=\"vertical-align: baseline;\"> (vaadatud 05.12.2021). T\u00f5lkinud ja kohandanud Aave Hannus<\/span><\/span><\/span><\/span><\/p>\n<hr>\n<div><a style=\"text-decoration: none;\" href=\"https:\/\/tartuulikool-my.sharepoint.com\/personal\/aave_ut_ee\/Documents\/vanad\/Koolitused%202013\/T%C3%9C%20personaliosakond\/Leandrose%20kiiluvees_T%C3%9C%202013.doc#_ftnref1\"><span style=\"color: #1155cc;\"><span style=\"font-style: italic;\"><span style=\"text-decoration: underline;\"><span style=\"vertical-align: baseline;\">[1]<\/span><\/span><\/span><\/span><\/a><span style=\"color: #353744;\"><span style=\"font-style: italic;\"><span style=\"vertical-align: baseline;\"> Suurbritannia t\u00e4htsaim National Hunt racing hobuste v\u00f5iduajamine.<\/span><\/span><\/span><\/div>\n<p>\u00a0<\/p>","protected":false},"excerpt":{"rendered":"<p>HARJUTUS Loe l\u00e4bi allolev jutt. Lugedes otsi vastuseid j\u00e4rgmistele k\u00fcsimustele: A. Milliseid eneseusu allikaid on loos kirjeldatud? a. Millised olid tegelaste varasemad v\u00f5imestavad kogemused avameres ujumisel? b. Keda kasutasid tegelased rollimudelina? c. Kas m\u00e4rkad s\u00f5nalise veenmise kasutamist eneseusu suurendamiseks? d. &#8230;<\/p>\n","protected":false},"author":263,"featured_media":0,"parent":0,"menu_order":0,"comment_status":"closed","ping_status":"closed","template":"","meta":{"_acf_changed":false,"inline_featured_image":false,"footnotes":""},"class_list":["post-11","page","type-page","status-publish","hentry"],"acf":[],"_links":{"self":[{"href":"https:\/\/sisu.ut.ee\/edujategu10\/wp-json\/wp\/v2\/pages\/11","targetHints":{"allow":["GET"]}}],"collection":[{"href":"https:\/\/sisu.ut.ee\/edujategu10\/wp-json\/wp\/v2\/pages"}],"about":[{"href":"https:\/\/sisu.ut.ee\/edujategu10\/wp-json\/wp\/v2\/types\/page"}],"author":[{"embeddable":true,"href":"https:\/\/sisu.ut.ee\/edujategu10\/wp-json\/wp\/v2\/users\/263"}],"replies":[{"embeddable":true,"href":"https:\/\/sisu.ut.ee\/edujategu10\/wp-json\/wp\/v2\/comments?post=11"}],"version-history":[{"count":3,"href":"https:\/\/sisu.ut.ee\/edujategu10\/wp-json\/wp\/v2\/pages\/11\/revisions"}],"predecessor-version":[{"id":150,"href":"https:\/\/sisu.ut.ee\/edujategu10\/wp-json\/wp\/v2\/pages\/11\/revisions\/150"}],"wp:attachment":[{"href":"https:\/\/sisu.ut.ee\/edujategu10\/wp-json\/wp\/v2\/media?parent=11"}],"curies":[{"name":"wp","href":"https:\/\/api.w.org\/{rel}","templated":true}]}}