{"id":8,"date":"2024-04-03T23:07:09","date_gmt":"2024-04-03T20:07:09","guid":{"rendered":"https:\/\/sisu.ut.ee\/edsjuhend\/otsingutulemuste-haldamine\/"},"modified":"2026-02-10T14:51:29","modified_gmt":"2026-02-10T12:51:29","slug":"otsingutulemuste-haldamine","status":"publish","type":"page","link":"https:\/\/sisu.ut.ee\/edsjuhend\/otsingutulemuste-haldamine\/","title":{"rendered":"Otsingutulemuste salvestamine ja edastamine"},"content":{"rendered":"<p>Siin esitame veelkord \u00fclevaatlikult otsingutulemuste salvestamise ja edastamise v\u00f5imalused, mis on olemas nii tulemuste nimekirjas artiklite l\u00fchikirjete juures, artikli t\u00e4iskirjes, kui ka t\u00e4isteksti eelvaates.<br>\nOtsingutulemusi saab ka tulemuste nimekirjas \u00e4ra m\u00e4rkida kl\u00f5psates nende ees m\u00e4rkeruutudel. Siis tekivad vastavad nupud ka tulemuste nimekirja algusesse, kus on n\u00e4ha, mitu tulemust on valitud.<\/p>\n<p>K\u00f5ikjal, kus n\u00e4ete j\u00e4rjehoidjaikooni <img loading=\"lazy\" decoding=\"async\" class=\"alignnone size-full wp-image-302\" src=\"https:\/\/sisu.ut.ee\/wp-content\/uploads\/sites\/6\/Screenshot-2024-08-27-164750.png\" alt=\"\" width=\"18\" height=\"30\"> (tulemuste nimekirias artikli l\u00fchikirjete juurse, artikli t\u00e4iskirjes, t\u00e4isteksti vaates), saate sellel kl\u00f5psates salvestada artikli oma EBSCO t\u00f6\u00f6lauale (<strong>Dashboard<\/strong>), mis on vasakul alati n\u00e4htaval. Kl\u00f5psates muutub ikoon siniseks, mis n\u00e4itab, et lisasite artikli j\u00e4rjehoidjasse ja see on saadaval teie t\u00f6\u00f6laual. J\u00e4rjehoidja eemaldamiseks kl\u00f5psake sellel uuesti. Nii lisatud artiklid on k\u00e4ttesaadavad teie EBSCO t\u00f6\u00f6laual (My Dashboard) <strong>Saved<\/strong> kaustas. Kui soovite, et salvestatud artiklite kirjed j\u00e4\u00e4ksid t\u00f6\u00f6lauale alles ka peale andmebaasiga t\u00f6\u00f6 l\u00f5petamist, peate olema sisse loginud oma EBSCO kontoga.<\/p>\n<p>L\u00fchikirjes paremal on \u00fclalmainitud salvestamise nupp ning selle k\u00f5rval kolme punktiga nupp <strong>Tools<\/strong> lisav\u00f5imalustega,\u00a0mille all saate kopeerida artikli viite valitud stiilis, lisada artikkel EBSCO t\u00f6\u00f6lauale oma t\u00f6\u00f6projekti, jagada artikli linki v\u00f5i alla laadida t\u00e4istekst v\u00f5i artikli metaandmed.<\/p>\n<p><img loading=\"lazy\" decoding=\"async\" class=\"alignnone size-full wp-image-334\" src=\"https:\/\/sisu.ut.ee\/wp-content\/uploads\/sites\/6\/Screenshot-2024-08-28-111053-1.png\" alt=\"\" width=\"903\" height=\"221\" srcset=\"https:\/\/sisu.ut.ee\/wp-content\/uploads\/sites\/6\/Screenshot-2024-08-28-111053-1.png 903w, https:\/\/sisu.ut.ee\/wp-content\/uploads\/sites\/6\/Screenshot-2024-08-28-111053-1-300x73.png 300w, https:\/\/sisu.ut.ee\/wp-content\/uploads\/sites\/6\/Screenshot-2024-08-28-111053-1-768x188.png 768w\" sizes=\"auto, (max-width: 903px) 100vw, 903px\"><\/p>\n<p><img loading=\"lazy\" decoding=\"async\" class=\"alignnone size-full wp-image-311\" src=\"https:\/\/sisu.ut.ee\/wp-content\/uploads\/sites\/6\/Screenshot-2024-08-28-111822.png\" alt=\"\" width=\"37\" height=\"43\"> See on nupp <strong>Cite<\/strong>, mille kl\u00f5psates saate kopeerida artikli viite valitud stiilis.<\/p>\n<p><img loading=\"lazy\" decoding=\"async\" class=\"alignnone size-full wp-image-313\" src=\"https:\/\/sisu.ut.ee\/wp-content\/uploads\/sites\/6\/Screenshot-2024-08-28-112628.png\" alt=\"\" width=\"33\" height=\"33\"> <strong>Add to project<\/strong> nupul kl\u00f5psates saate lisada artikli oma t\u00f6\u00f6lauale tehtud kausta. Selleks peate olema sisse loginud oma EBSCO kasutajakontoga.<\/p>\n<p><img loading=\"lazy\" decoding=\"async\" class=\"alignnone size-full wp-image-316\" src=\"https:\/\/sisu.ut.ee\/wp-content\/uploads\/sites\/6\/Screenshot-2024-08-28-113021.png\" alt=\"\" width=\"48\" height=\"40\"> <strong>Share <\/strong>nupul kl\u00f5psates avanevas aknas n\u00e4ete v\u00f5imalusi artikli jagamiseks <strong>Google Drive<\/strong>\u2019i v\u00f5i <strong>OneDrive<\/strong>\u2019i ning kl\u00f5psates <strong>Create lin<\/strong>k,\u00a0 saate endale kopeerida artikli otselingi.\u00a0 Samuti on v\u00f5imalus saata artikli kirje oma postkasti.<\/p>\n<p><img loading=\"lazy\" decoding=\"async\" class=\"alignnone size-full wp-image-317\" src=\"https:\/\/sisu.ut.ee\/wp-content\/uploads\/sites\/6\/Screenshot-2024-08-28-113222.png\" alt=\"\" width=\"531\" height=\"483\" srcset=\"https:\/\/sisu.ut.ee\/wp-content\/uploads\/sites\/6\/Screenshot-2024-08-28-113222.png 531w, https:\/\/sisu.ut.ee\/wp-content\/uploads\/sites\/6\/Screenshot-2024-08-28-113222-300x273.png 300w\" sizes=\"auto, (max-width: 531px) 100vw, 531px\"><\/p>\n<p><img loading=\"lazy\" decoding=\"async\" class=\"alignnone size-full wp-image-325\" src=\"https:\/\/sisu.ut.ee\/wp-content\/uploads\/sites\/6\/Screenshot-2024-08-28-144955.png\" alt=\"\" width=\"32\" height=\"36\"> <strong>Download<\/strong> \u2013 siin saate artikli kirje andmed alla laadida erinevates formaatides,<\/p>\n<p>Saate hallata (alla laadida, salvestada, jagada v\u00f5i tsiteerida) kuni 50 kirjet, kasutades otsingutulemuste nimekirjas m\u00e4rkeruutusid l\u00fchikirjete ees v\u00f5i mitme kirje korraga valimiseks m\u00e4rkeruutu tulemuste nimekirja \u00fclaosas.<\/p>\n<p>Kui kasutate tulemuste \u00fclaosas olevat m\u00e4rkeruutu, kl\u00f5psake saadaolevate valikute vaatamiseks rippmen\u00fc\u00fc noolt. Saate valida k\u00f5ik loendis hetkel kuvatavad tulemused, mitte \u00fchtegi v\u00f5i nimekirja esimesed 50 tulemust, olenemata sellest, kas neid hetkel kuvatakse v\u00f5i mitte.<\/p>\n<p>Valitud kirjeid saab eksportida viidete halduritesse. Zoterosse kirjete lisamise kohta vt <a href=\"https:\/\/sisu.ut.ee\/zoterojuhend\/kirjete-kogumine-zoterosse\/\" target=\"_blank\" rel=\"noopener\">https:\/\/sisu.ut.ee\/zoterojuhend\/kirjete-kogumine-zoterosse\/<\/a><\/p>\n","protected":false},"excerpt":{"rendered":"<p>Siin esitame veelkord \u00fclevaatlikult otsingutulemuste salvestamise ja edastamise v\u00f5imalused, mis on olemas nii tulemuste nimekirjas artiklite l\u00fchikirjete juures, artikli t\u00e4iskirjes, kui ka t\u00e4isteksti eelvaates. Otsingutulemusi saab ka tulemuste nimekirjas \u00e4ra m\u00e4rkida kl\u00f5psates nende ees m\u00e4rkeruutudel. Siis tekivad vastavad nupud ka &#8230;<\/p>\n","protected":false},"author":5,"featured_media":0,"parent":0,"menu_order":0,"comment_status":"closed","ping_status":"closed","template":"","meta":{"_acf_changed":false,"inline_featured_image":false,"footnotes":""},"class_list":["post-8","page","type-page","status-publish","hentry"],"acf":[],"_links":{"self":[{"href":"https:\/\/sisu.ut.ee\/edsjuhend\/wp-json\/wp\/v2\/pages\/8","targetHints":{"allow":["GET"]}}],"collection":[{"href":"https:\/\/sisu.ut.ee\/edsjuhend\/wp-json\/wp\/v2\/pages"}],"about":[{"href":"https:\/\/sisu.ut.ee\/edsjuhend\/wp-json\/wp\/v2\/types\/page"}],"author":[{"embeddable":true,"href":"https:\/\/sisu.ut.ee\/edsjuhend\/wp-json\/wp\/v2\/users\/5"}],"replies":[{"embeddable":true,"href":"https:\/\/sisu.ut.ee\/edsjuhend\/wp-json\/wp\/v2\/comments?post=8"}],"version-history":[{"count":24,"href":"https:\/\/sisu.ut.ee\/edsjuhend\/wp-json\/wp\/v2\/pages\/8\/revisions"}],"predecessor-version":[{"id":470,"href":"https:\/\/sisu.ut.ee\/edsjuhend\/wp-json\/wp\/v2\/pages\/8\/revisions\/470"}],"wp:attachment":[{"href":"https:\/\/sisu.ut.ee\/edsjuhend\/wp-json\/wp\/v2\/media?parent=8"}],"curies":[{"name":"wp","href":"https:\/\/api.w.org\/{rel}","templated":true}]}}