{"id":6,"date":"2024-04-03T23:07:09","date_gmt":"2024-04-03T20:07:09","guid":{"rendered":"https:\/\/sisu.ut.ee\/edsjuhend\/tapsema-otsingu-naide\/"},"modified":"2026-02-12T18:31:48","modified_gmt":"2026-02-12T16:31:48","slug":"tapsema-otsingu-naide","status":"publish","type":"page","link":"https:\/\/sisu.ut.ee\/edsjuhend\/tapsema-otsingu-naide\/","title":{"rendered":"Otsingu n\u00e4ide"},"content":{"rendered":"<p><span style=\"line-height: 1.6em;\">Teeme otsingu teemal, kuidas m\u00f5jutab v\u00e4givalla kujutamine televisioonis noorte agressiivset k\u00e4itumist.<br><\/span><\/p>\n<p><span style=\"line-height: 1.6em;\">P\u00e4ringu n\u00e4ide lihtotsingu (<em>Basic Search)<\/em> vormis:<br><\/span><strong><span style=\"line-height: 1.6em;\">(television OR tv) AND (aggressi* OR violen*) AND (child* OR adolescen* OR teen*) .<br><\/span><\/strong><\/p>\n<p><span style=\"line-height: 1.6em;\">Teeme \u00a0sama otsingu ka\u00a0<em>Advanced Search<\/em>\u00a0 vormis. Siin otsinguvormis sisestame\u00a0<\/span><strong style=\"line-height: 1.6em;\">\u00fchele reale \u00fchte m\u00f5istet v\u00e4ljendavad s\u00f5nad<\/strong><span style=\"line-height: 1.6em;\">\u00a0ning \u00fchendame need operaatoriga OR. See vastab lihtotsingu n\u00e4ites\u00a0<\/span><span style=\"line-height: 1.6em;\">sulgudes olevale p\u00e4ringu osale. \u00a0<\/span><span style=\"line-height: 1.6em;\">Read \u00fchendame operaatoriga AND. \u00a0Paremal saab valida otsinguv\u00e4lja, valime n\u00e4iteks otsinguv\u00e4ljaks k\u00f5igi s\u00f5nade puhul sisukokkuv\u00f5tte (<\/span><em style=\"line-height: 1.6em;\">Abstract \u2013 AB)<\/em><span style=\"line-height: 1.6em;\">.<\/span><\/p>\n<p>Et otsitaks ainult t\u00e4istekstidena k\u00e4ttesaadavaid eelretsenseeritud teadusartikleid, valime piirangutest <em>Full\u00a0<\/em><em>text \u00a0<\/em>ja <em>Academic <em>Peer Reviewed) Journals\u00a0<\/em><\/em>ja valime, et leitakse viimased 10 aasta jooksul ilmunud artiklid.<\/p>\n<p><img loading=\"lazy\" decoding=\"async\" class=\"alignnone size-large wp-image-217\" src=\"https:\/\/sisu.ut.ee\/wp-content\/uploads\/sites\/6\/Screenshot-2024-08-12-165735-1024x773.png\" alt=\"\" width=\"1024\" height=\"773\" srcset=\"https:\/\/sisu.ut.ee\/wp-content\/uploads\/sites\/6\/Screenshot-2024-08-12-165735-1024x773.png 1024w, https:\/\/sisu.ut.ee\/wp-content\/uploads\/sites\/6\/Screenshot-2024-08-12-165735-300x226.png 300w, https:\/\/sisu.ut.ee\/wp-content\/uploads\/sites\/6\/Screenshot-2024-08-12-165735-768x580.png 768w, https:\/\/sisu.ut.ee\/wp-content\/uploads\/sites\/6\/Screenshot-2024-08-12-165735.png 1061w\" sizes=\"auto, (max-width: 1024px) 100vw, 1024px\"><\/p>\n<h4>Loomuliku keele otsingu n\u00e4ide<\/h4>\n<p><strong><em>Natural language<\/em><\/strong> otsing t\u00f6\u00f6tab k\u00f5ige paremini p\u00e4ringute puhul, mis on s\u00f5nastatud loomulikus keeles esitatud k\u00fcsimuste kujul.<\/p>\n<p><img loading=\"lazy\" decoding=\"async\" class=\"alignnone size-large wp-image-405\" src=\"https:\/\/sisu.ut.ee\/wp-content\/uploads\/sites\/6\/Screenshot-2025-05-23-210027-1024x184.png\" alt=\"\" width=\"1024\" height=\"184\" srcset=\"https:\/\/sisu.ut.ee\/wp-content\/uploads\/sites\/6\/Screenshot-2025-05-23-210027-1024x184.png 1024w, https:\/\/sisu.ut.ee\/wp-content\/uploads\/sites\/6\/Screenshot-2025-05-23-210027-300x54.png 300w, https:\/\/sisu.ut.ee\/wp-content\/uploads\/sites\/6\/Screenshot-2025-05-23-210027-768x138.png 768w, https:\/\/sisu.ut.ee\/wp-content\/uploads\/sites\/6\/Screenshot-2025-05-23-210027.png 1061w\" sizes=\"auto, (max-width: 1024px) 100vw, 1024px\"><\/p>\n<p>Kl\u00f5psates <em>Show refined query<\/em> n\u00e4ete ka s\u00fcsteemi koostatud Boole\u2019i operaatoritega p\u00e4ringut. Saate hinnata, kas s\u00fcsteem t\u00f5lgendas loomuliku keele p\u00e4ringut \u00f5igesti ja otsustada, kas soovite oma p\u00e4ringut muuta.<\/p>\n<p><img loading=\"lazy\" decoding=\"async\" class=\"alignnone size-full wp-image-408\" src=\"https:\/\/sisu.ut.ee\/wp-content\/uploads\/sites\/6\/Screenshot-2025-05-23-210610.png\" alt=\"\" width=\"905\" height=\"176\" srcset=\"https:\/\/sisu.ut.ee\/wp-content\/uploads\/sites\/6\/Screenshot-2025-05-23-210610.png 905w, https:\/\/sisu.ut.ee\/wp-content\/uploads\/sites\/6\/Screenshot-2025-05-23-210610-300x58.png 300w, https:\/\/sisu.ut.ee\/wp-content\/uploads\/sites\/6\/Screenshot-2025-05-23-210610-768x149.png 768w\" sizes=\"auto, (max-width: 905px) 100vw, 905px\"><\/p>\n<table class=\"table table-hover\" style=\"width: 100%;\" border=\"0\" align=\"center\">\n<tbody>\n<tr>\n<td><strong><img loading=\"lazy\" decoding=\"async\" width=\"44\" height=\"44\" class=\"alignnone wp-image-23\" style=\"float: left;\" title=\"kusimus.png\" src=\"https:\/\/sisu.ut.ee\/wp-content\/uploads\/sites\/6\/kusimus.png\" alt=\"kusimus.png\"><\/strong> Koostage oma otsis\u00f5nadega <em>Advanced Search<\/em> p\u00e4ring. M\u00f5elge, milliseid otsinguv\u00e4lju ja milliseid piiranguid soovite rakendada. Katsetada v\u00f5ib k\u00f5ike ja otsingutingimusi saab igas etapis muuta. Kui j\u00e4tate v\u00e4lja valimata (<em>All fields),<\/em>\u00a0siis otsitakse kirje k\u00f5ikidelt v\u00e4ljadelt, kuid mitte t\u00e4istekstist. Nii v\u00f5ibki oma otsingut alustada.<br>Katsetage samal teemal ka <em>Natural language<\/em> p\u00e4ringut ja v\u00f5rrelge saadud tulemuste asjakohasust ja hulka.<\/td>\n<\/tr>\n<\/tbody>\n<\/table>\n\n\n<p><\/p>\n","protected":false},"excerpt":{"rendered":"<p>Teeme otsingu teemal, kuidas m\u00f5jutab v\u00e4givalla kujutamine televisioonis noorte agressiivset k\u00e4itumist. P\u00e4ringu n\u00e4ide lihtotsingu (Basic Search) vormis:(television OR tv) AND (aggressi* OR violen*) AND (child* OR adolescen* OR teen*) . Teeme \u00a0sama otsingu ka\u00a0Advanced Search\u00a0 vormis. Siin otsinguvormis sisestame\u00a0\u00fchele reale &#8230;<\/p>\n","protected":false},"author":5,"featured_media":0,"parent":0,"menu_order":0,"comment_status":"closed","ping_status":"closed","template":"","meta":{"_acf_changed":false,"inline_featured_image":false,"footnotes":""},"class_list":["post-6","page","type-page","status-publish","hentry"],"acf":[],"_links":{"self":[{"href":"https:\/\/sisu.ut.ee\/edsjuhend\/wp-json\/wp\/v2\/pages\/6","targetHints":{"allow":["GET"]}}],"collection":[{"href":"https:\/\/sisu.ut.ee\/edsjuhend\/wp-json\/wp\/v2\/pages"}],"about":[{"href":"https:\/\/sisu.ut.ee\/edsjuhend\/wp-json\/wp\/v2\/types\/page"}],"author":[{"embeddable":true,"href":"https:\/\/sisu.ut.ee\/edsjuhend\/wp-json\/wp\/v2\/users\/5"}],"replies":[{"embeddable":true,"href":"https:\/\/sisu.ut.ee\/edsjuhend\/wp-json\/wp\/v2\/comments?post=6"}],"version-history":[{"count":21,"href":"https:\/\/sisu.ut.ee\/edsjuhend\/wp-json\/wp\/v2\/pages\/6\/revisions"}],"predecessor-version":[{"id":478,"href":"https:\/\/sisu.ut.ee\/edsjuhend\/wp-json\/wp\/v2\/pages\/6\/revisions\/478"}],"wp:attachment":[{"href":"https:\/\/sisu.ut.ee\/edsjuhend\/wp-json\/wp\/v2\/media?parent=6"}],"curies":[{"name":"wp","href":"https:\/\/api.w.org\/{rel}","templated":true}]}}