{"id":5,"date":"2024-04-03T23:07:09","date_gmt":"2024-04-03T20:07:09","guid":{"rendered":"https:\/\/sisu.ut.ee\/edsjuhend\/juhiseid-paringu-koostamiseks\/"},"modified":"2026-03-23T13:23:14","modified_gmt":"2026-03-23T11:23:14","slug":"juhiseid-paringu-koostamiseks","status":"publish","type":"page","link":"https:\/\/sisu.ut.ee\/edsjuhend\/juhiseid-paringu-koostamiseks\/","title":{"rendered":"Juhiseid p\u00e4ringu koostamiseks"},"content":{"rendered":"<div><\/div>\n<div>Enne otsingu alustamist eraldage oma teemast olulised m\u00f5isted ning koostage iga m\u00f5iste kohta nimekiri s\u00f5nadest ja v\u00e4ljenditest. Need v\u00f5ivad olla s\u00fcnon\u00fc\u00fcmid, laiema v\u00f5i kitsama t\u00e4hendusega s\u00f5nad, seotud terminid.<\/div>\n<div><\/div>\n<table class=\"table table-hover\" style=\"width: 100%;\" align=\"center\">\n<tbody>\n<tr>\n<td><strong>N\u00e4ide:<\/strong>\u00a0Kuidas m\u00f5jutab v\u00e4givalla kujutamine televisioonis noorte agressiivset k\u00e4itumist.<\/td>\n<\/tr>\n<\/tbody>\n<\/table>\n<p>Antud teema erinevad aspektid on v\u00e4givald, televisioon, noored ja neid k\u00f5iki tuleb p\u00e4ringu koostamisel arvesse v\u00f5tta.<\/p>\n<p><img loading=\"lazy\" decoding=\"async\" width=\"443\" height=\"239\" class=\"alignnone wp-image-22\" style=\"margin-left: auto; margin-right: auto;\" title=\"tabel.png\" src=\"https:\/\/sisu.ut.ee\/wp-content\/uploads\/sites\/6\/tabel.png\" alt=\"tabel.png\" srcset=\"https:\/\/sisu.ut.ee\/wp-content\/uploads\/sites\/6\/tabel.png 443w, https:\/\/sisu.ut.ee\/wp-content\/uploads\/sites\/6\/tabel-300x162.png 300w\" sizes=\"auto, (max-width: 443px) 100vw, 443px\"><\/p>\n<p id=\"yui_3_9_1_2_1380829119385_123\"><span style=\"line-height: 1.6em;\">P\u00e4ringu s\u00f5nastamisel on oluline otsingus\u00f5nade oskuslik kombineerimine, et piiritleda teema v\u00f5imalikult selgelt ja t\u00e4pselt. Selleks saab kasutada j\u00e4rgmisi tehnikaid:\u00a0<\/span><\/p>\n<div>\n<div>\n<h2>Boole\u2019i loogikaoperaatorid<\/h2>\n<p style=\"text-align: left;\">\u00dchendades otsis\u00f5nu Boole\u2019i loogikaoperaatoritega\u00a0<strong>AND<\/strong>,\u00a0<strong>OR<\/strong>\u00a0v\u00f5i\u00a0<strong>NOT<\/strong>\u00a0saab otsingut piirata v\u00f5i \u00a0laiendada. Operaatorite kasutamisest annab \u00fclevaate <strong><em>Boolean \u00a0machine\u00a0 <a href=\"https:\/\/www.schrockwell.com\/rbs3k\/boolean\/\" target=\"_blank\" rel=\"noopener\">https:\/\/www.schrockwell.com\/rbs3k\/boolean\/<\/a><\/em><\/strong><\/p>\n<p style=\"text-align: left;\"><strong style=\"line-height: 1.6em;\">AND<\/strong>\u00a0piirab otsingut, p\u00e4ringus sellega \u00fchendatud s\u00f5nad peavad k\u00f5ik leitavates dokumentides esinema.<\/p>\n<\/div>\n<div style=\"text-align: left;\">\n<p style=\"padding-left: 60px;\"><strong><em>television AND violence \u00a0<\/em><\/strong>\u2013 leitakse dokumendid, kus esinevad nii s\u00f5na\u00a0<em><strong>television <\/strong>\u00a0<\/em>kui ka <strong><em>violence<\/em><\/strong>.<\/p>\n<p style=\"text-align: left;\"><strong style=\"line-height: 1.6em;\">OR\u00a0<\/strong><span style=\"line-height: 1.6em;\">laiendab otsingut, leitavates dokumentides peab esinema kas \u00fcks v\u00f5i teine\u00a0(v\u00e4hemalt \u00fcks) p\u00e4ringus operaatoriga OR\u00a0\u00fchendatud s\u00f5nadest.\u00a0Operaatoriga\u00a0OR\u00a0on otstarbekas \u00fchendada\u00a0s\u00fcnon\u00fc\u00fcme ja sarnase t\u00e4hendusega s\u00f5nu, erineva kirjaviisiga s\u00f5nu. \u00a0<\/span><\/p>\n<p style=\"padding-left: 60px;\"><strong style=\"line-height: 1.6em;\"><em>violence OR aggression <\/em><\/strong><em style=\"line-height: 1.6em;\">\u00a0<\/em>\u2013 leitakse artiklid, kus esinevad ainult <em style=\"line-height: 1.6em;\"><strong>violence<\/strong><\/em> ainult\u00a0<strong style=\"line-height: 1.6em;\"><em>aggression<\/em><\/strong>, v\u00f5i nii\u00a0<strong style=\"line-height: 1.6em;\"><em>violence \u00a0<\/em><\/strong>kui ka\u00a0<strong style=\"line-height: 1.6em;\"><em>aggression<\/em><\/strong><em>.<\/em><\/p>\n<p style=\"text-align: left;\"><strong style=\"line-height: 1.6em;\">NOT<\/strong><span style=\"line-height: 1.6em;\">\u00a0kitsendab otsingut, esimene s\u00f5na peab esinema, teine ei tohi esineda. Nii saab v\u00e4listada m\u00f5ne s\u00f5na esinemist leitavates artiklites.\u00a0<\/span><\/p>\n<p style=\"padding-left: 60px;\"><strong><em>violence NOT aggression <\/em><\/strong><em>\u2013<\/em>\u00a0leitakse dokumendid, kus esineb s\u00f5na <em>violence<\/em>, kuid j\u00e4etakse v\u00e4lja dokumendid, kus esineb s\u00f5na <em>aggression<\/em>.<\/p>\n<p><strong>L<span data-mce-mark=\"1\">\u00e4hedusoperaatoritena<\/span>\u00a0<\/strong>on kasutusel <strong>NEAR (N<\/strong>) ja <strong>WITHIN (W)<\/strong>.<\/p>\n<\/div>\n<\/div>\n<p style=\"text-align: left; padding-left: 60px;\"><strong>t<em>ax N5 reform <\/em><\/strong><em>\u2013\u00a0<\/em>leitakse tulemused, kus need s\u00f5nad asuvad teineteisest 5 s\u00f5na kaugusel v\u00f5i l\u00e4hemal, olenemata nende esinemise j\u00e4rjekorrast. N\u00e4iteks leitakse\u00a0<em style=\"line-height: 1.6em;\">tax reform<\/em>\u00a0ja\u00a0<em style=\"line-height: 1.6em;\">reform of income tax.<\/em><\/p>\n<p style=\"text-align: left; padding-left: 60px;\"><strong><em>tax W5<\/em>\u00a0reform<\/strong>\u00a0\u2013\u00a0leitakse tulemused, kus need s\u00f5nad asuvad teineteisest 5 s\u00f5na kaugusel v\u00f5i l\u00e4hemal ja esinevad samas j\u00e4rjekorras. Nii leitakse\u00a0<em style=\"line-height: 1.6em;\">tax reform<\/em>, kuid ei leita\u00a0<em style=\"line-height: 1.6em;\">reform of income tax<\/em>.<\/p>\n<p><strong><span data-mce-mark=\"1\">T\u00e4pse fraasi<\/span>\u00a0otsimiseks kasutage jutum\u00e4rke.<\/strong><\/p>\n<p><strong>\u201e<em>media violence<\/em>\u201c<\/strong>\u00a0\u2013\u00a0leitakse dokumendid, kus on t\u00e4pselt selline fraas.<\/p>\n<p style=\"text-align: left;\"><strong style=\"line-height: 1.6em;\">Kasutage t\u00e4rni\u00a0* <\/strong><strong><span data-mce-mark=\"1\">erinevate s\u00f5nal\u00f5ppude asendamiseks.<\/span><\/strong><br>\n<em><strong>computer*<\/strong>\u00a0\u2013\u00a0<\/em>leitakse:\u00a0<em style=\"line-height: 1.6em;\">computer, computers, computerized, computerization<\/em>\u00a0jne.<\/p>\n<p>T\u00e4rni saab kasutada ka s\u00f5na sees mitme t\u00e4he asendamiseks.<br>\n<strong>hea*one\u00a0<\/strong><em>\u2013\u00a0<\/em>leitakse s\u00f5nad algusega\u00a0\u201c<strong>hea<\/strong>\u201d ja l\u00f5puga \u201c<strong>one<\/strong>\u201d , nt <strong>eadphone<\/strong>,\u00a0<strong>headstone<\/strong>,\u00a0<strong>hearthstone<\/strong>.<\/p>\n<p>T\u00e4rni saab kasutada ka s\u00f5nade vahel \u00fche suvalise s\u00f5na asendamiseks.<br>\n<strong>midsummer * dream<\/strong>\u00a0leiab <strong>midsummer\u00a0night\u2019s\u00a0dream<\/strong>\u00a0ja <strong>midsummer\u00a0day\u2019s\u00a0dream<\/strong>.<\/p>\n<p style=\"text-align: left;\"><strong>Kasutage k\u00fcsim\u00e4rki\u00a0? ainult \u00fche t\u00e4he asendamiseks. NB!\u00a0<\/strong>K\u00fcsim\u00e4rk s\u00f5na l\u00f5pus ei toimi, see eemaldatakse automaatselt p\u00e4ringust.\u00a0<strong><em>globali?ation\u00a0<\/em><\/strong><em>\u2013\u00a0<\/em>leitakse\u00a0<em style=\"line-height: 1.6em;\">globalisation<\/em>\u00a0ja\u00a0<em style=\"line-height: 1.6em;\">globalization<\/em><\/p>\n<p><strong style=\"line-height: 1.6em;\">Kasutage\u00a0# <\/strong><strong><span data-mce-mark=\"1\">\u00fche v\u00f5i mitte \u00fche<\/span>gi<span data-mce-mark=\"1\"> t\u00e4he asendamiseks.<\/span><\/strong><br>\n<em style=\"line-height: 1.6em;\"><strong>colo#r\u00a0<\/strong>\u2013\u00a0<\/em>leitakse\u00a0<em style=\"line-height: 1.6em;\">color<\/em>\u00a0ja\u00a0<em style=\"line-height: 1.6em;\">colour.<\/em><\/p>\n<h2 style=\"text-align: left;\"><span data-mce-mark=\"1\">Sulgude kasutamine\u00a0<\/span><\/h2>\n<p style=\"text-align: left;\">Kui te kasutate \u00fches p\u00e4ringus erinevaid operaatoreid, tuleb arvestada, \u00a0et \u00a0operaatoritega \u00a0NOT \u00a0ja \u00a0AND \u00a0\u00fchendatud avaldisi otsitakse enne,\u00a0OR\u00a0j\u00e4\u00e4b k\u00f5ige viimaseks.\u00a0Seega, kui soovite seda j\u00e4rjekorda muuta, tuleb kasutada sulge. Sulgudes olevat avaldist otsitakse enne.<\/p>\n<p>Kasutades eelpool toodud otsingus\u00f5nade tabelit, \u00fchendame s\u00fcnon\u00fc\u00fcmid ja sarnase t\u00e4hendusega s\u00f5nad operaatoriga\u00a0OR, eraldame need grupid sulgudega ning \u00fchendame operaatoriga\u00a0AND, et leida nende k\u00f5igi \u00fchisosa. Kasutame ka k\u00e4rpimist, et ei peaks v\u00e4lja kirjutama k\u00f5iki sama t\u00fcvega erinevate l\u00f5ppudega s\u00f5nu.<\/p>\n<table class=\"table table-hover\" style=\"width: 1028px; height: 39px;\" border=\"0\">\n<tbody>\n<tr>\n<td><span style=\"font-size: large;\"><strong><em>(aggressi* OR violen*) AND (tv OR television) AND (child* OR adolescen* OR teenager*)<\/em><\/strong><\/span><\/td>\n<\/tr>\n<\/tbody>\n<\/table>\n<p style=\"text-align: left; padding-left: 60px;\"><strong style=\"line-height: 1.6em;\"><em>\u00a0<\/em><\/strong><\/p>\n<table class=\"table table-hover\">\n<tbody>\n<tr>\n<td><strong><img loading=\"lazy\" decoding=\"async\" width=\"44\" height=\"44\" class=\"alignnone wp-image-23\" style=\"float: left;\" title=\"kusimus.png\" src=\"https:\/\/sisu.ut.ee\/wp-content\/uploads\/sites\/6\/kusimus.png\" alt=\"kusimus.png\"><\/strong>Koostage nimekiri oma teema olulistest m\u00f5istetest ja iga m\u00f5istet v\u00e4ljendavatest s\u00f5nadest, mida otsingul kasutate. M\u00f5elge, milliseid s\u00fcnon\u00fc\u00fcme saate kasutada.<\/td>\n<\/tr>\n<\/tbody>\n<\/table>\n<p>Harjutage p\u00e4ringu koostamist. Koostage oma otsingus\u00f5nadega m\u00f5ned p\u00e4ringud, kasutades vastavalt vajadusele loogikaoperaatoreid v\u00f5i l\u00e4hedusoperaatoreid, jutum\u00e4rke, k\u00e4rpimist ning sulge p\u00e4ringu struktureerimiseks.<\/p>\n","protected":false},"excerpt":{"rendered":"<p>Enne otsingu alustamist eraldage oma teemast olulised m\u00f5isted ning koostage iga m\u00f5iste kohta nimekiri s\u00f5nadest ja v\u00e4ljenditest. Need v\u00f5ivad olla s\u00fcnon\u00fc\u00fcmid, laiema v\u00f5i kitsama t\u00e4hendusega s\u00f5nad, seotud terminid. N\u00e4ide:\u00a0Kuidas m\u00f5jutab v\u00e4givalla kujutamine televisioonis noorte agressiivset k\u00e4itumist. Antud teema erinevad aspektid &#8230;<\/p>\n","protected":false},"author":5,"featured_media":0,"parent":0,"menu_order":0,"comment_status":"closed","ping_status":"closed","template":"","meta":{"_acf_changed":false,"inline_featured_image":false,"footnotes":""},"class_list":["post-5","page","type-page","status-publish","hentry"],"acf":[],"_links":{"self":[{"href":"https:\/\/sisu.ut.ee\/edsjuhend\/wp-json\/wp\/v2\/pages\/5","targetHints":{"allow":["GET"]}}],"collection":[{"href":"https:\/\/sisu.ut.ee\/edsjuhend\/wp-json\/wp\/v2\/pages"}],"about":[{"href":"https:\/\/sisu.ut.ee\/edsjuhend\/wp-json\/wp\/v2\/types\/page"}],"author":[{"embeddable":true,"href":"https:\/\/sisu.ut.ee\/edsjuhend\/wp-json\/wp\/v2\/users\/5"}],"replies":[{"embeddable":true,"href":"https:\/\/sisu.ut.ee\/edsjuhend\/wp-json\/wp\/v2\/comments?post=5"}],"version-history":[{"count":3,"href":"https:\/\/sisu.ut.ee\/edsjuhend\/wp-json\/wp\/v2\/pages\/5\/revisions"}],"predecessor-version":[{"id":487,"href":"https:\/\/sisu.ut.ee\/edsjuhend\/wp-json\/wp\/v2\/pages\/5\/revisions\/487"}],"wp:attachment":[{"href":"https:\/\/sisu.ut.ee\/edsjuhend\/wp-json\/wp\/v2\/media?parent=5"}],"curies":[{"name":"wp","href":"https:\/\/api.w.org\/{rel}","templated":true}]}}