{"id":4,"date":"2024-04-03T23:07:09","date_gmt":"2024-04-03T20:07:09","guid":{"rendered":"https:\/\/sisu.ut.ee\/edsjuhend\/avaleht-5\/"},"modified":"2024-04-11T21:40:35","modified_gmt":"2024-04-11T18:40:35","slug":"avaleht-5","status":"publish","type":"page","link":"https:\/\/sisu.ut.ee\/edsjuhend\/","title":{"rendered":"Sissejuhatus"},"content":{"rendered":"<p><span style=\"line-height: 1.6em\">K\u00e4esoleva \u00f5piobjekti eesm\u00e4rgiks on arendada \u00f5ppijate teadmisi ja praktilisi oskusi erialase teadusinformatsiooni leidmiseks\u00a0 EBSCO Discovery Service (EDS) vahendusel.<\/span><\/p>\n<p>\u00d5piobjekti sihtr\u00fchmaks on Tartu \u00dclikooli k\u00f5ikide erialade \u00fcli\u00f5pilased ja t\u00f6\u00f6tajad, kes vajavad oma uurimisteema kohta teadusinformatsiooni.\u00a0<\/p>\n<p>\u00d5piobjekt on m\u00f5eldud iseseisvaks l\u00e4bimiseks.\u00a0 Lugege \u00f5ppematerjali, j\u00e4lgige lisatud otsinguv\u00f5imalusi illustreerivaid ekraanipilte, tehke juhendeid j\u00e4rgides otsinguid oma uurimisteemal \u00a0ning anal\u00fc\u00fcsige oma otsingute tulemuslikkust. Selleks kulub ligikaudu 6 akadeemilist tundi.<\/p>\n<p>\u00d5piobjekti l\u00e4binud\u00a0<\/p>\n<ul>\n<ul>\n<li>tunnevad ja oskavad kasutada EBSCO Discovery Service otsinguv\u00f5imalusi,<\/li>\n<li>tunnevad p\u00e4ringu koostamise tehnikaid ning oskavad koostada tulemuslikke infop\u00e4ringuid oma teema kohta, \u00a0<\/li>\n<li>tunnevad ja oskavad kasutada otsingutulemuste t\u00e4psustamise ja piiramise v\u00f5imalusi,<\/li>\n<li>tunnevad ja oskavad kasutada otsingutulemuste salvestamise ja edastamise v\u00f5imalusi.<\/li>\n<\/ul>\n<\/ul>\n<p><span style=\"line-height: 1.6em\">Tulemuslikke otsinguid!<\/span><\/p>\n<p><img loading=\"lazy\" decoding=\"async\" width=\"213\" height=\"119\" class=\"alignnone wp-image-21\" style=\"margin-left: auto;margin-right: auto\" src=\"https:\/\/sisu.ut.ee\/wp-content\/uploads\/sites\/6\/esf213.gif\" title=\"esf213.gif\" alt=\"esf213.gif\"><\/p>\n","protected":false},"excerpt":{"rendered":"<p>K\u00e4esoleva \u00f5piobjekti eesm\u00e4rgiks on arendada \u00f5ppijate teadmisi ja praktilisi oskusi erialase teadusinformatsiooni leidmiseks\u00a0 EBSCO Discovery Service (EDS) vahendusel. \u00d5piobjekti sihtr\u00fchmaks on Tartu \u00dclikooli k\u00f5ikide erialade \u00fcli\u00f5pilased ja t\u00f6\u00f6tajad, kes vajavad oma uurimisteema kohta teadusinformatsiooni.\u00a0 \u00d5piobjekt on m\u00f5eldud iseseisvaks l\u00e4bimiseks.\u00a0 Lugege &#8230;<\/p>\n","protected":false},"author":5,"featured_media":0,"parent":0,"menu_order":0,"comment_status":"closed","ping_status":"closed","template":"","meta":{"_acf_changed":false,"inline_featured_image":false,"footnotes":""},"class_list":["post-4","page","type-page","status-publish","hentry"],"acf":[],"_links":{"self":[{"href":"https:\/\/sisu.ut.ee\/edsjuhend\/wp-json\/wp\/v2\/pages\/4","targetHints":{"allow":["GET"]}}],"collection":[{"href":"https:\/\/sisu.ut.ee\/edsjuhend\/wp-json\/wp\/v2\/pages"}],"about":[{"href":"https:\/\/sisu.ut.ee\/edsjuhend\/wp-json\/wp\/v2\/types\/page"}],"author":[{"embeddable":true,"href":"https:\/\/sisu.ut.ee\/edsjuhend\/wp-json\/wp\/v2\/users\/5"}],"replies":[{"embeddable":true,"href":"https:\/\/sisu.ut.ee\/edsjuhend\/wp-json\/wp\/v2\/comments?post=4"}],"version-history":[{"count":3,"href":"https:\/\/sisu.ut.ee\/edsjuhend\/wp-json\/wp\/v2\/pages\/4\/revisions"}],"predecessor-version":[{"id":181,"href":"https:\/\/sisu.ut.ee\/edsjuhend\/wp-json\/wp\/v2\/pages\/4\/revisions\/181"}],"wp:attachment":[{"href":"https:\/\/sisu.ut.ee\/edsjuhend\/wp-json\/wp\/v2\/media?parent=4"}],"curies":[{"name":"wp","href":"https:\/\/api.w.org\/{rel}","templated":true}]}}