{"id":3,"date":"2024-04-03T23:07:09","date_gmt":"2024-04-03T20:07:09","guid":{"rendered":"https:\/\/sisu.ut.ee\/edsjuhend\/1teema\/"},"modified":"2025-10-02T21:52:12","modified_gmt":"2025-10-02T18:52:12","slug":"1teema","status":"publish","type":"page","link":"https:\/\/sisu.ut.ee\/edsjuhend\/1teema\/","title":{"rendered":"Otsing"},"content":{"rendered":"<p>Vaikimisi on ees lihtotsing (<em>Basic Search<\/em>), kus sisestatud s\u00f5nu otsitakse pealkirjast, autorite ning lisatud v\u00f5tme- ja m\u00e4rks\u00f5nade hulgast ja sisukokkuv\u00f5ttest.\u00a0 \u00a0P\u00e4ringu koostamiseks saab kasutada <em>Boole\u2019i<\/em> operaatoreid ja metam\u00e4rke, vt j\u00e4rgmine peat\u00fckk \u00a0<em>Juhiseid p\u00e4ringu koostamisks.<br>\n<\/em>Enne otsingu tegemist saab otsingut piirata mitmete tunnuste j\u00e4rgi, kl\u00f5psates vastavaid valikuid otsingukasti all.\u00a0 Saate valida, et leitakse ainult tulemused, mis sisaldavad artikli t\u00e4isteksti, mis on eelretsenseeritud v\u00f5i on avaldatud teatud aja jooksul.<\/p>\n<p><img loading=\"lazy\" decoding=\"async\" class=\"alignnone size-large wp-image-429\" src=\"https:\/\/sisu.ut.ee\/wp-content\/uploads\/sites\/6\/Screenshot-2025-05-29-144233-1024x218.png\" alt=\"\" width=\"1024\" height=\"218\" srcset=\"https:\/\/sisu.ut.ee\/wp-content\/uploads\/sites\/6\/Screenshot-2025-05-29-144233-1024x218.png 1024w, https:\/\/sisu.ut.ee\/wp-content\/uploads\/sites\/6\/Screenshot-2025-05-29-144233-300x64.png 300w, https:\/\/sisu.ut.ee\/wp-content\/uploads\/sites\/6\/Screenshot-2025-05-29-144233-768x164.png 768w, https:\/\/sisu.ut.ee\/wp-content\/uploads\/sites\/6\/Screenshot-2025-05-29-144233.png 1219w\" sizes=\"auto, (max-width: 1024px) 100vw, 1024px\"><\/p>\n<p>Saate oma otsingut t\u00e4psemini suunata, kui valite\u00a0<strong style=\"line-height: 1.6em;\"><em>Advanced Search<\/em><\/strong> otsinguv\u00f5imaluse.\u00a0See v\u00f5imaldab korraga otsida <a href=\"#\" data-bs-toggle=\"modal\" data-bs-target=\"#popup-modal\" data-title=\"kirje\" data-content=\"Andmebaasid koosnevad kirjetest. Iga kirje kirjeldab \u00fchte publikatsiooni, n\u00e4iteks raamatut v\u00f5i artiklit vastavalt kindlaksm\u00e4\u00e4ratud tunnustele. Kirje koosneb paljudest andmev\u00e4ljadest: autor, artikli pealkiri, ajakirja nimetus, ilmumisaasta jne. Andmebaasis otsides saab m\u00e4\u00e4rata, millistelt v\u00e4ljadelt otsida (nt otsida autori, pealkirja, m\u00e4rks\u00f5nade v\u00f5i aastate j\u00e4rgi).\">kirje<\/a>\u00a0erinevatel v\u00e4ljadel asuvaid s\u00f5nu \u00a0(kogu tekst, autori nimi,\u00a0 pealkiri, <a href=\"#\" data-bs-toggle=\"modal\" data-bs-target=\"#popup-modal\" data-title=\"m\u00e4rks\u00f5na\" data-content=\"M\u00e4rks\u00f5na (ingl k &lt;em&gt;subject heading, descriptor&lt;\/em&gt;) on s\u00f5na, millega kirjeldatakse raamatute, artiklite, heliplaatide, filmide jms sisu. Mingi m\u00f5iste v\u00e4ljendamiseks on valitud \u00fcks s\u00f5na, mille alla on koondatud k\u00f5ik samasisulised dokumendid. M\u00e4rks\u00f5na ise ei pruugigi kirjeldatavas tekstis esineda.\">m\u00e4rks\u00f5na<\/a>, ajakirja v\u00f5i muu allika pealkiri, sisukokkuv\u00f5te, ISSN, ISBN) \u00a0ning kombineerida erinevatel v\u00e4ljadel asuvaid otsingus\u00f5nu operaatoritega AND, OR, NOT.<\/p>\n<p><img loading=\"lazy\" decoding=\"async\" class=\"alignnone size-large wp-image-463\" src=\"https:\/\/sisu.ut.ee\/wp-content\/uploads\/sites\/6\/Screenshot-2025-08-12-162740-1024x350.png\" alt=\"\" width=\"1024\" height=\"350\" srcset=\"https:\/\/sisu.ut.ee\/wp-content\/uploads\/sites\/6\/Screenshot-2025-08-12-162740-1024x350.png 1024w, https:\/\/sisu.ut.ee\/wp-content\/uploads\/sites\/6\/Screenshot-2025-08-12-162740-300x103.png 300w, https:\/\/sisu.ut.ee\/wp-content\/uploads\/sites\/6\/Screenshot-2025-08-12-162740-768x263.png 768w, https:\/\/sisu.ut.ee\/wp-content\/uploads\/sites\/6\/Screenshot-2025-08-12-162740.png 1193w\" sizes=\"auto, (max-width: 1024px) 100vw, 1024px\"><\/p>\n<p><strong>Filters\u00a0<\/strong>all saate valida erinevaid tunnuseid, millega otsingut piirata. Lisaks <em>Basic Search<\/em> filtritele (t\u00e4istekst, eelretsenseeritud ajakirjad, ajavahemik) on v\u00f5imalik m\u00e4\u00e4rata, millisest ajakirjast artikleid leitakse, et leitakse artiklid, mis sisaldavad pdf formaadis t\u00e4isteksti ning mis keeles artikleid soovite.<\/p>\n<p><img loading=\"lazy\" decoding=\"async\" class=\"alignnone size-full wp-image-210\" src=\"https:\/\/sisu.ut.ee\/wp-content\/uploads\/sites\/6\/Screenshot-2024-08-12-160832.png\" alt=\"\" width=\"625\" height=\"762\" srcset=\"https:\/\/sisu.ut.ee\/wp-content\/uploads\/sites\/6\/Screenshot-2024-08-12-160832.png 625w, https:\/\/sisu.ut.ee\/wp-content\/uploads\/sites\/6\/Screenshot-2024-08-12-160832-246x300.png 246w\" sizes=\"auto, (max-width: 625px) 100vw, 625px\"><\/p>\n<p><strong style=\"line-height: 1.6em;\"><em>Search Options<\/em>\u00a0<\/strong><span style=\"line-height: 1.6em;\">all saab valida otsinguviise ning otsingut laiendada allpool <em>Expanders<\/em> all .<\/span><strong style=\"line-height: 1.6em;\">\u00a0<\/strong><\/p>\n<p><img loading=\"lazy\" decoding=\"async\" class=\"alignnone size-full wp-image-372\" src=\"https:\/\/sisu.ut.ee\/wp-content\/uploads\/sites\/6\/image-1.png\" alt=\"\" width=\"708\" height=\"558\" srcset=\"https:\/\/sisu.ut.ee\/wp-content\/uploads\/sites\/6\/image-1.png 708w, https:\/\/sisu.ut.ee\/wp-content\/uploads\/sites\/6\/image-1-300x236.png 300w\" sizes=\"auto, (max-width: 708px) 100vw, 708px\"><\/p>\n<h4><strong>Otsinguviisid<\/strong><\/h4>\n<p><strong>Proximity<br>\n<\/strong>Otsitakse termineid \u00fcksteise l\u00e4hedal. Vaikimisi \u00a0on siin kasutusel l\u00e4hedusoperaator N5 (leitakse dokumendid, kus otsis\u00f5nad asuvad \u00fcksteisest kuni 5 s\u00f5na kaugusel \u00fcksk\u00f5ik mis j\u00e4rjekorras). Leitakse ainult kirjed, kus otsitavad s\u00f5nad asuvad \u00fcksteise l\u00e4hedal samal v\u00e4ljal, nt pealkirjas v\u00f5i sisukokkuv\u00f5ttes v\u00f5i mujal, nii nagu otsingus m\u00e4\u00e4ratud. See otsinguviis toetab ka Boole\u2019i operaatorite kasutamist otsingus\u00f5nade vahel. \u00a0Kui soovite leida t\u00e4pset fraasi, tuleb see panna jutum\u00e4rkidesse. \u00a0T\u00e4psemalt saate operaatorite kohta lugeda selle \u00f5piobjekti j\u00e4rgmisest peat\u00fckist \u00a0<em>Juhiseid p\u00e4ringu koostamiseks<\/em>.<\/p>\n<p><strong>Find all my search terms<\/strong> (see otsinguviis on vaikimisi valitud)<br>\nLeitakse tulemused, kus esinevad k\u00f5ik sisestatud otsis\u00f5nad, st \u00a0need \u00fchendatakse automaatselt operaatoriga AND.<\/p>\n<p><strong>Find any of my search terms<br>\n<\/strong>Leitakse tulemused, kus esineb v\u00e4hemalt \u00fcks otsis\u00f5na, st need \u00fchendatakse operaatoriga OR.<\/p>\n<p><strong>Smart text searching<\/strong><br>\nv\u00f5imaldab otsinguks sisestada lauseid v\u00f5i ka pikemat teksti, et leida neile sarnaseid dokumente.\u00a0 S\u00fcsteem anal\u00fc\u00fcsib sisestatud teksti ja reastab tulemused relevantsuse j\u00e4rgi. \u00a0Tulemuste hulk v\u00f5ib olla v\u00e4ga suur ning enamus ei pruugi olla teemakohane. \u00a0Ka siis, kui tavaline v\u00f5tmes\u00f5naotsing ei anna tulemusi, tehakse automaatselt <em>Smart Text<\/em> otsing. Otsitakse siis ainult EBSCO andmebaasides.<\/p>\n<p><strong>Natural language<\/strong><br>\nLoomuliku keele otsing on EBSCO-s uus otsingufunktsioon, mis v\u00f5imaldab teha p\u00e4ringuid igap\u00e4evakeeles. Siin ei pea m\u00f5tlema t\u00e4psete otsingus\u00f5nade peale, vaid v\u00f5ib lihtsalt esitada k\u00fcsimuse v\u00f5i kirjeldada oma otsinguteemat. P\u00e4ring saadetakse suurele keelemudelile (LLM). See mudel t\u00f5lgendab loomuliku keele sisendit ja EBSCO otsingus\u00fcsteem genereerib asjakohaseid otsingutulemusi, mis p\u00f5hinevad tehisintellekti t\u00f5lgendusel. Otsingutulemuste lehel n\u00e4ete ka s\u00fcsteemi koostatud Boole\u2019i operaatoritega p\u00e4ringut, selleks on vaja kl\u00f5psata <em>Show refined query<\/em>.\u00a0 Saate hinnata, kas s\u00fcsteem t\u00f5lgendas loomuliku keele p\u00e4ringut \u00f5igesti ja otsustada, kas soovite oma p\u00e4ringut muuta.\u00a0 Kui tulemused ei rahulda, v\u00f5ite proovida oma k\u00fcsimust \u00fcmber s\u00f5nastada. See otsinguviis v\u00f5ib olla kasulik, kui olete uurimist\u00f6\u00f6 alguses ja soovite saada \u00fcldist \u00fclevaadet teemast. Loomuliku keele otsing t\u00e4iendab traditsioonilisi otsingumeetodeid. Otsingutulemusi saab piirata samuti nagu teiste otsinguviiside puhul.<br>\n<em>Natural Language<\/em> otsinguviisi saab sisse l\u00fclitada ka <em>Basic Search<\/em> otsingukasti all paremal ja teiste otsinguviisidega saadud otsingutulemuste lehel.<br>\nLisateavet selle kohta, kuidas\u00a0 kasutatakse tehisintellekti loomuliku keeleotsingu toetamiseks, leiate EBSCO veebilehelt <a title=\"Original URL: https:\/\/connect.ebsco.com\/s\/article\/Artificial-Intelligence-AI-Transparency-Fact-Sheet. Click or tap if you trust this link.\" href=\"https:\/\/nam12.safelinks.protection.outlook.com\/?url=https%3A%2F%2Fconnect.ebsco.com%2Fs%2Farticle%2FArtificial-Intelligence-AI-Transparency-Fact-Sheet&amp;data=05%7C02%7Canne1%40clemson.edu%7C2d05addefd1b44e1f4e608dd8829af59%7C0c9bf8f6ccad4b87818d49026938aa97%7C0%7C0%7C638816434814969143%7CUnknown%7CTWFpbGZsb3d8eyJFbXB0eU1hcGkiOnRydWUsIlYiOiIwLjAuMDAwMCIsIlAiOiJXaW4zMiIsIkFOIjoiTWFpbCIsIldUIjoyfQ%3D%3D%7C0%7C%7C%7C&amp;sdata=Ye%2BRYzSAQX10w4XYE%2FnwWOkHHOtWQfntuPgXYGAhRm0%3D&amp;reserved=0\" data-auth=\"NotApplicable\" data-linkindex=\"3\">Artificial Intelligence (AI) Transparency Fact Sheet \u2013 Natural Language Search<\/a>.<\/p>\n<h4><strong>Otsingu laiendamine<\/strong><\/h4>\n<p><strong>Apply related words\u00a0<\/strong>\u00a0\u2013 otsitakse ka s\u00fcnon\u00fc\u00fcme ja muid otsingus\u00f5nadega seotud s\u00f5nu, s\u00f5na erinevaid vorme ja erineva kirjaviisiga s\u00f5nu.<\/p>\n<p><strong>Also search within the full text of the articles<\/strong>\u00a0\u00a0\u2013 otsingus\u00f5nu otsitakse ka artiklite t\u00e4istekstist, tavaliselt otsitakse kirje v\u00e4ljadelt. Kasutage seda v\u00f5imalust, kui saate esialgse otsinguga liiga v\u00e4he tulemusi.<\/p>\n<table class=\"table table-hover\" border=\"0\" align=\"center\">\n<tbody>\n<tr>\n<td><img loading=\"lazy\" decoding=\"async\" class=\"alignnone wp-image-26 lazy loaded\" title=\"oluline.png\" src=\"https:\/\/sisu.ut.ee\/wp-content\/uploads\/sites\/6\/oluline.png\" alt=\"oluline.png\" width=\"44\" height=\"44\" data-src=\"https:\/\/sisu.ut.ee\/wp-content\/uploads\/sites\/6\/oluline.png\" data-was-processed=\"true\">Enne otsingu alustamist tulekski\u00a0alati \u00fcle vaadata, millised v\u00f5imalused on vaikimisi valitud ning teha oma valik.<\/td>\n<\/tr>\n<\/tbody>\n<\/table>\n","protected":false},"excerpt":{"rendered":"<p>Vaikimisi on ees lihtotsing (Basic Search), kus sisestatud s\u00f5nu otsitakse pealkirjast, autorite ning lisatud v\u00f5tme- ja m\u00e4rks\u00f5nade hulgast ja sisukokkuv\u00f5ttest.\u00a0 \u00a0P\u00e4ringu koostamiseks saab kasutada Boole\u2019i operaatoreid ja metam\u00e4rke, vt j\u00e4rgmine peat\u00fckk \u00a0Juhiseid p\u00e4ringu koostamisks. Enne otsingu tegemist saab otsingut piirata &#8230;<\/p>\n","protected":false},"author":5,"featured_media":0,"parent":0,"menu_order":0,"comment_status":"closed","ping_status":"closed","template":"","meta":{"_acf_changed":false,"inline_featured_image":false,"footnotes":""},"class_list":["post-3","page","type-page","status-publish","hentry"],"acf":[],"_links":{"self":[{"href":"https:\/\/sisu.ut.ee\/edsjuhend\/wp-json\/wp\/v2\/pages\/3","targetHints":{"allow":["GET"]}}],"collection":[{"href":"https:\/\/sisu.ut.ee\/edsjuhend\/wp-json\/wp\/v2\/pages"}],"about":[{"href":"https:\/\/sisu.ut.ee\/edsjuhend\/wp-json\/wp\/v2\/types\/page"}],"author":[{"embeddable":true,"href":"https:\/\/sisu.ut.ee\/edsjuhend\/wp-json\/wp\/v2\/users\/5"}],"replies":[{"embeddable":true,"href":"https:\/\/sisu.ut.ee\/edsjuhend\/wp-json\/wp\/v2\/comments?post=3"}],"version-history":[{"count":30,"href":"https:\/\/sisu.ut.ee\/edsjuhend\/wp-json\/wp\/v2\/pages\/3\/revisions"}],"predecessor-version":[{"id":468,"href":"https:\/\/sisu.ut.ee\/edsjuhend\/wp-json\/wp\/v2\/pages\/3\/revisions\/468"}],"wp:attachment":[{"href":"https:\/\/sisu.ut.ee\/edsjuhend\/wp-json\/wp\/v2\/media?parent=3"}],"curies":[{"name":"wp","href":"https:\/\/api.w.org\/{rel}","templated":true}]}}