{"id":18,"date":"2024-04-03T23:07:10","date_gmt":"2024-04-03T20:07:10","guid":{"rendered":"https:\/\/sisu.ut.ee\/edsjuhend\/otsingutulemuste-piiramine-peale-otsingut\/"},"modified":"2025-08-11T10:56:24","modified_gmt":"2025-08-11T07:56:24","slug":"otsingutulemuste-piiramine-peale-otsingut","status":"publish","type":"page","link":"https:\/\/sisu.ut.ee\/edsjuhend\/otsingutulemuste-piiramine-peale-otsingut\/","title":{"rendered":"Otsingutulemuste piiramine peale otsingut"},"content":{"rendered":"<p>Ka peale otsingu tegemist on v\u00f5imalik saadud tulemusi erinevate tunnuste j\u00e4rgi piirata. Selleks kl\u00f5psake tulemuste lehel vasakul \u00fcleval <strong>All filters<\/strong>. Paremal kuvatakse k\u00f5igepealt juba rakendatud filtrid ning seej\u00e4rel muud v\u00f5imalused. K\u00f5ikide otsinguviiside puhul on olemas samad otsingutulemuste piiramise v\u00f5imalused.<\/p>\n<p><img loading=\"lazy\" decoding=\"async\" class=\"alignnone size-large wp-image-238\" src=\"https:\/\/sisu.ut.ee\/wp-content\/uploads\/sites\/6\/Screenshot-2024-08-13-121727-1024x587.png\" alt=\"\" width=\"1024\" height=\"587\" srcset=\"https:\/\/sisu.ut.ee\/wp-content\/uploads\/sites\/6\/Screenshot-2024-08-13-121727-1024x587.png 1024w, https:\/\/sisu.ut.ee\/wp-content\/uploads\/sites\/6\/Screenshot-2024-08-13-121727-300x172.png 300w, https:\/\/sisu.ut.ee\/wp-content\/uploads\/sites\/6\/Screenshot-2024-08-13-121727-768x441.png 768w, https:\/\/sisu.ut.ee\/wp-content\/uploads\/sites\/6\/Screenshot-2024-08-13-121727-1536x881.png 1536w, https:\/\/sisu.ut.ee\/wp-content\/uploads\/sites\/6\/Screenshot-2024-08-13-121727.png 1590w\" sizes=\"auto, (max-width: 1024px) 100vw, 1024px\"><\/p>\n<p><strong style=\"line-height: 1.6em;\">Content provider<\/strong><span style=\"line-height: 1.6em;\">\u00a0all on n\u00e4ha, millistest andmebaasidest kui palju tulemusi saadi, andmebaasi nimel kl\u00f5psates kuvatakse ainult sellest leitud kirjed.<br>\nKuvatavad piirangud s\u00f5ltuvad ka algsetest valikutest, nt kui juba otsingu alguses on paika pandud, et otsitakse ainult eelretsenseeritud teadusajakirjade artikleid, siis grupis <strong>Source Types <\/strong>ongi ainult sellised valikud.<br>\n<\/span><\/p>\n<p><strong>Subject<\/strong> all on v\u00e4lja toodud m\u00e4rks\u00f5nad, mis leitud kirjetes k\u00f5ige rohkem esinevad. Kui need on k\u00f5ik teemaga seotud, siis olete koostanud p\u00e4ringu korrektselt. Siin saate sobival m\u00e4rks\u00f5nal kl\u00f5psates v\u00f5i m\u00e4rks\u00f5nu \u00e4ra m\u00e4rkides saadud tulemusi piirata nende artiklitega, millele vastav m\u00e4rks\u00f5na on lisatgud.<\/p>\n<p>V\u00f5imalik on veel n\u00e4ha, millistest ajakirjadest artikleid leiti. Kl\u00f5psates <em><strong>Publication,<\/strong>\u00a0<strong>\u00a0<\/strong><\/em>n\u00e4ete kuue\u00a0ajakirja nimetust, mis teie otsinguteema kohta k\u00f5ige rohkem infot sisaldavad. Kl\u00f5psates <em>Show more<\/em>, n\u00e4ete 50 nimetust, j\u00e4rjestatuna tulemuste arvu j\u00e4rgi. Kl\u00f5psates <em>Name,\u00a0<\/em>n\u00e4ete neid t\u00e4hestikulises j\u00e4rjekorras.<\/p>\n<p>Kirjastuste kaupa saab tulemusi n\u00e4ha, kl\u00f5psates vasakul\u00a0<strong><em>Publisher<\/em><\/strong>. Nende kirjastuste andmebaasides, millele on Tartu \u00dclikoolile juurdep\u00e4\u00e4s ostetud, v\u00f5ite siis edaspidi teha ka eraldi otsinguid.<\/p>\n<p>Saate ka vaadata, mis keeles kui palju tulemusi leiti ning piirata soovitud keelega. Kl\u00f5psates <strong><em>Geography, <\/em><\/strong>n\u00e4ete,\u00a0millise geograafilise piirkonnaga need seotud on.<\/p>\n<table class=\"table table-hover\" style=\"width: 100%;\" border=\"0\" align=\"center\">\n<tbody>\n<tr>\n<td><img loading=\"lazy\" decoding=\"async\" width=\"44\" height=\"44\" class=\"alignnone wp-image-26\" style=\"float: left;\" title=\"oluline.png\" src=\"https:\/\/sisu.ut.ee\/wp-content\/uploads\/sites\/6\/oluline.png\" alt=\"oluline.png\">Kui saite oma otsinguga liiga palju tulemusi, siis kasutage erinevaid v\u00f5imalusi otsingutulemuste piiramiseks. Kui vastupidi, tulemusi oli liiga v\u00e4he, siis laiendage oma otsingut nii, et otsitakse ka artiklite t\u00e4istektist.P\u00f6\u00f6rake t\u00e4helepanu ka sellele, millistest andmebaasidest k\u00f5ige rohkem relevantseid tulemusi saadi. Nendes v\u00f5ite edaspidi teha eraldi otsinguid.<\/td>\n<\/tr>\n<\/tbody>\n<\/table>\n","protected":false},"excerpt":{"rendered":"<p>Ka peale otsingu tegemist on v\u00f5imalik saadud tulemusi erinevate tunnuste j\u00e4rgi piirata. Selleks kl\u00f5psake tulemuste lehel vasakul \u00fcleval All filters. Paremal kuvatakse k\u00f5igepealt juba rakendatud filtrid ning seej\u00e4rel muud v\u00f5imalused. K\u00f5ikide otsinguviiside puhul on olemas samad otsingutulemuste piiramise v\u00f5imalused. Content &#8230;<\/p>\n","protected":false},"author":5,"featured_media":0,"parent":0,"menu_order":0,"comment_status":"closed","ping_status":"closed","template":"","meta":{"_acf_changed":false,"inline_featured_image":false,"footnotes":""},"class_list":["post-18","page","type-page","status-publish","hentry"],"acf":[],"_links":{"self":[{"href":"https:\/\/sisu.ut.ee\/edsjuhend\/wp-json\/wp\/v2\/pages\/18","targetHints":{"allow":["GET"]}}],"collection":[{"href":"https:\/\/sisu.ut.ee\/edsjuhend\/wp-json\/wp\/v2\/pages"}],"about":[{"href":"https:\/\/sisu.ut.ee\/edsjuhend\/wp-json\/wp\/v2\/types\/page"}],"author":[{"embeddable":true,"href":"https:\/\/sisu.ut.ee\/edsjuhend\/wp-json\/wp\/v2\/users\/5"}],"replies":[{"embeddable":true,"href":"https:\/\/sisu.ut.ee\/edsjuhend\/wp-json\/wp\/v2\/comments?post=18"}],"version-history":[{"count":5,"href":"https:\/\/sisu.ut.ee\/edsjuhend\/wp-json\/wp\/v2\/pages\/18\/revisions"}],"predecessor-version":[{"id":454,"href":"https:\/\/sisu.ut.ee\/edsjuhend\/wp-json\/wp\/v2\/pages\/18\/revisions\/454"}],"wp:attachment":[{"href":"https:\/\/sisu.ut.ee\/edsjuhend\/wp-json\/wp\/v2\/media?parent=18"}],"curies":[{"name":"wp","href":"https:\/\/api.w.org\/{rel}","templated":true}]}}