{"id":14,"date":"2024-04-03T23:07:10","date_gmt":"2024-04-03T20:07:10","guid":{"rendered":"https:\/\/sisu.ut.ee\/edsjuhend\/otsingulugu\/"},"modified":"2026-02-10T15:17:19","modified_gmt":"2026-02-10T13:17:19","slug":"otsingulugu","status":"publish","type":"page","link":"https:\/\/sisu.ut.ee\/edsjuhend\/otsingulugu\/","title":{"rendered":"Otsingulugu. Otsingute salvestamine"},"content":{"rendered":"<p><span style=\"line-height: 1.6em;\">N\u00e4ete oma k\u00e4esoleva otsingusessiooni ajal tehtud otsinguid, kui valite vasakul <strong>Dashbord<\/strong> ribal <strong>Recent Activity<\/strong> ja valite <strong>Search history<\/strong>. <\/span><span style=\"line-height: 1.6em;\">Iga tehtud otsing on eraldi real. N\u00e4ha on p\u00e4ring, valitud otsinguviis ja ra<\/span><span style=\"line-height: 1.6em;\">kendatud piirangud. Kl\u00f5psates <strong>Add to project<\/strong>, saate otsingu lisada oma kausta.<br>\n<em>Search History<\/em> lehel saate ka oma otsinguid salvestada, kl\u00f5psates <strong>Save<\/strong> nupul. Kui soovite, et salvestatud otsingud oleksid alles ka peale andmebaasiga t\u00f6\u00f6 l\u00f5petamist, et nt j\u00e4rgmine kord sama otsingu juurde tagasi p\u00f6\u00f6rduda, peate olema sisse loginud oma EBSCO kasutajakontoga (My EBSCO).<br>\n<\/span><\/p>\n<p><img loading=\"lazy\" decoding=\"async\" class=\"alignnone size-large wp-image-363\" src=\"https:\/\/sisu.ut.ee\/wp-content\/uploads\/sites\/6\/recent-1024x448.png\" alt=\"\" width=\"1024\" height=\"448\" srcset=\"https:\/\/sisu.ut.ee\/wp-content\/uploads\/sites\/6\/recent-1024x448.png 1024w, https:\/\/sisu.ut.ee\/wp-content\/uploads\/sites\/6\/recent-300x131.png 300w, https:\/\/sisu.ut.ee\/wp-content\/uploads\/sites\/6\/recent-768x336.png 768w, https:\/\/sisu.ut.ee\/wp-content\/uploads\/sites\/6\/recent.png 1537w\" sizes=\"auto, (max-width: 1024px) 100vw, 1024px\"><\/p>\n<p>Samuti saate oma otsinguid oma t\u00f6\u00f6lauale salvestada otsingutulemuste nimekirjast, kl\u00f5psates \u00fcleval paremal kolme punkti ikoonil ja seej\u00e4rel nupul <strong>Save search<\/strong>.<\/p>\n<p><span style=\"line-height: 1.6em;\">EBSCO Discovery pakub ka <strong><em>Alert\u00a0<\/em><\/strong>\u2013 teenust, st regulaarset informatsiooni salvestatud otsingule vastavate andmebaasidesse lisandunud kirjete kohta. Selleks tuleb otsingutulemuste lehel paremal \u00fcleval kl\u00f5psata kolme nupuga ikoonil ja valida <strong>Create Alert<\/strong> (peate sisse logima oma EBSCO kasutajatunnustega) ning m\u00e4\u00e4rata kindlaks, kui sageli ja kui kaua soovite vastavat informatsiooni saada, lisada oma e-posti aadress ning hakkategi saama kirju, kui teie p\u00e4ringule vastavaid dokumente on lisandunud. Nii olete uute teemakohaste artiklitega kursis ega pea korduvalt otsinguid tegema.\u00a0<\/span><\/p>\n","protected":false},"excerpt":{"rendered":"<p>N\u00e4ete oma k\u00e4esoleva otsingusessiooni ajal tehtud otsinguid, kui valite vasakul Dashbord ribal Recent Activity ja valite Search history. Iga tehtud otsing on eraldi real. N\u00e4ha on p\u00e4ring, valitud otsinguviis ja rakendatud piirangud. Kl\u00f5psates Add to project, saate otsingu lisada oma &#8230;<\/p>\n","protected":false},"author":5,"featured_media":0,"parent":0,"menu_order":0,"comment_status":"closed","ping_status":"closed","template":"","meta":{"_acf_changed":false,"inline_featured_image":false,"footnotes":""},"class_list":["post-14","page","type-page","status-publish","hentry"],"acf":[],"_links":{"self":[{"href":"https:\/\/sisu.ut.ee\/edsjuhend\/wp-json\/wp\/v2\/pages\/14","targetHints":{"allow":["GET"]}}],"collection":[{"href":"https:\/\/sisu.ut.ee\/edsjuhend\/wp-json\/wp\/v2\/pages"}],"about":[{"href":"https:\/\/sisu.ut.ee\/edsjuhend\/wp-json\/wp\/v2\/types\/page"}],"author":[{"embeddable":true,"href":"https:\/\/sisu.ut.ee\/edsjuhend\/wp-json\/wp\/v2\/users\/5"}],"replies":[{"embeddable":true,"href":"https:\/\/sisu.ut.ee\/edsjuhend\/wp-json\/wp\/v2\/comments?post=14"}],"version-history":[{"count":12,"href":"https:\/\/sisu.ut.ee\/edsjuhend\/wp-json\/wp\/v2\/pages\/14\/revisions"}],"predecessor-version":[{"id":474,"href":"https:\/\/sisu.ut.ee\/edsjuhend\/wp-json\/wp\/v2\/pages\/14\/revisions\/474"}],"wp:attachment":[{"href":"https:\/\/sisu.ut.ee\/edsjuhend\/wp-json\/wp\/v2\/media?parent=14"}],"curies":[{"name":"wp","href":"https:\/\/api.w.org\/{rel}","templated":true}]}}