{"id":12,"date":"2024-04-03T23:07:10","date_gmt":"2024-04-03T20:07:10","guid":{"rendered":"https:\/\/sisu.ut.ee\/edsjuhend\/otsingutulemuste-kogumine-kausta\/"},"modified":"2025-10-19T19:07:26","modified_gmt":"2025-10-19T16:07:26","slug":"otsingutulemuste-kogumine-kausta","status":"publish","type":"page","link":"https:\/\/sisu.ut.ee\/edsjuhend\/otsingutulemuste-kogumine-kausta\/","title":{"rendered":"EBSCO kasutajakonto"},"content":{"rendered":"<p><span style=\"line-height: 1.6em;\" data-mce-mark=\"1\">Kasulik on teha endale\u00a0<\/span><strong style=\"line-height: 1.6em;\">EBSCO kasutajakonto<\/strong><span style=\"line-height: 1.6em;\" data-mce-mark=\"1\">, siis on v\u00f5imalik kogutud artikleid ja tehtud otsinguid s\u00e4ilitada ka peale andmebaasiga t\u00f6\u00f6 l\u00f5petamist. Selleks kl\u00f5psake \u00fcleval paremal lingile<\/span> <strong>My EBSCO,<\/strong> <span style=\"line-height: 1.6em;\" data-mce-mark=\"1\">konto loomiseks valige k\u00f5ige all\u00a0<\/span><strong style=\"line-height: 1.6em;\">Create an account <\/strong><span style=\"line-height: 1.6em;\" data-mce-mark=\"1\">\u00a0ning t\u00e4itke v\u00e4ljad n\u00f5utavate andmetega.<\/span><\/p>\n<p><img loading=\"lazy\" decoding=\"async\" class=\"alignnone size-full wp-image-271\" src=\"https:\/\/sisu.ut.ee\/wp-content\/uploads\/sites\/6\/Screenshot-2024-08-15-105934.png\" alt=\"\" width=\"304\" height=\"517\" srcset=\"https:\/\/sisu.ut.ee\/wp-content\/uploads\/sites\/6\/Screenshot-2024-08-15-105934.png 304w, https:\/\/sisu.ut.ee\/wp-content\/uploads\/sites\/6\/Screenshot-2024-08-15-105934-176x300.png 176w\" sizes=\"auto, (max-width: 304px) 100vw, 304px\"><\/p>\n<p>Kui olete oma EBSCO kontoga sisse loginud, saate kasutada EBSCO Discovery t\u00f6\u00f6laua (<strong>Dashboard<\/strong>) funktsioone oma otsingute ja otsingutulemuste p\u00fcsivaks salvestamiseks ja haldamiseks.<br>\nNB! Kui kasutate andmebaasi \u00fclikooli kasutajatunnustega ja ei logi lisaks sisse oma EBSCO kasutajatunnustega, siis te oma otsinguid ja otsingutulemusi oma EBSCO t\u00f6\u00f6lauale p\u00fcsivaks kasutamiseks salvestada ei saa ja need kaovad peale andmebaasiga t\u00f6\u00f6 l\u00f5petamist.<\/p>\n<table class=\"table table-hover\" style=\"width: 100%;\" border=\"0\" align=\"center\">\n<tbody>\n<tr>\n<td><img loading=\"lazy\" decoding=\"async\" width=\"44\" height=\"44\" class=\"alignnone wp-image-23\" style=\"float: left;\" title=\"kusimus.png\" src=\"https:\/\/sisu.ut.ee\/wp-content\/uploads\/sites\/6\/kusimus.png\" alt=\"kusimus.png\">Tehke omale EBSCO Discovery kasutajakonto ja salvestage k\u00f5ige relevantsemaid tulemusi andnud otsing ning tellige endale selle kohta teavitusteenus (<em>Alert<\/em>).<\/td>\n<\/tr>\n<\/tbody>\n<\/table>\n","protected":false},"excerpt":{"rendered":"<p>Kasulik on teha endale\u00a0EBSCO kasutajakonto, siis on v\u00f5imalik kogutud artikleid ja tehtud otsinguid s\u00e4ilitada ka peale andmebaasiga t\u00f6\u00f6 l\u00f5petamist. Selleks kl\u00f5psake \u00fcleval paremal lingile My EBSCO, konto loomiseks valige k\u00f5ige all\u00a0Create an account \u00a0ning t\u00e4itke v\u00e4ljad n\u00f5utavate andmetega. Kui olete &#8230;<\/p>\n","protected":false},"author":5,"featured_media":0,"parent":0,"menu_order":0,"comment_status":"closed","ping_status":"closed","template":"","meta":{"_acf_changed":false,"inline_featured_image":false,"footnotes":""},"class_list":["post-12","page","type-page","status-publish","hentry"],"acf":[],"_links":{"self":[{"href":"https:\/\/sisu.ut.ee\/edsjuhend\/wp-json\/wp\/v2\/pages\/12","targetHints":{"allow":["GET"]}}],"collection":[{"href":"https:\/\/sisu.ut.ee\/edsjuhend\/wp-json\/wp\/v2\/pages"}],"about":[{"href":"https:\/\/sisu.ut.ee\/edsjuhend\/wp-json\/wp\/v2\/types\/page"}],"author":[{"embeddable":true,"href":"https:\/\/sisu.ut.ee\/edsjuhend\/wp-json\/wp\/v2\/users\/5"}],"replies":[{"embeddable":true,"href":"https:\/\/sisu.ut.ee\/edsjuhend\/wp-json\/wp\/v2\/comments?post=12"}],"version-history":[{"count":12,"href":"https:\/\/sisu.ut.ee\/edsjuhend\/wp-json\/wp\/v2\/pages\/12\/revisions"}],"predecessor-version":[{"id":358,"href":"https:\/\/sisu.ut.ee\/edsjuhend\/wp-json\/wp\/v2\/pages\/12\/revisions\/358"}],"wp:attachment":[{"href":"https:\/\/sisu.ut.ee\/edsjuhend\/wp-json\/wp\/v2\/media?parent=12"}],"curies":[{"name":"wp","href":"https:\/\/api.w.org\/{rel}","templated":true}]}}