{"id":11,"date":"2024-04-03T23:07:10","date_gmt":"2024-04-03T20:07:10","guid":{"rendered":"https:\/\/sisu.ut.ee\/edsjuhend\/sissejuhatus\/"},"modified":"2026-02-19T13:10:07","modified_gmt":"2026-02-19T11:10:07","slug":"sissejuhatus","status":"publish","type":"page","link":"https:\/\/sisu.ut.ee\/edsjuhend\/sissejuhatus\/","title":{"rendered":"EBSCO Discovery tutvustus"},"content":{"rendered":"<p><strong><a title=\"\" href=\"http:\/\/search.ebscohost.com\/login.aspx?authtype=ip%2Cuid&amp;profile=eds\" target=\"_blank\" rel=\"noopener\" data-url=\"http:\/\/search.ebscohost.com\/login.aspx?authtype=ip%2Cuid&amp;profile=eds\">EBSCO Discovery <\/a><\/strong>\u00a0(see link viib andmebaasi, kui kasutate\u00a0<a title=\"\" href=\"https:\/\/wiki.ut.ee\/pages\/viewpage.action?pageId=17105590\" target=\"_blank\" rel=\"noopener\" data-url=\"https:\/\/wiki.ut.ee\/pages\/viewpage.action?pageId=17105590\">VPN \u00fchendust<\/a>) v\u00f5imaldab otsida korraga enamikus Tartu \u00fclikoolile avatud teadusandmebaasides ja muudes teadusinfo ressurssides.\u00a0 E-kataloog ESTER ja Eesti artiklite andmebaas ISE ei ole Discovery otsingusse integreeritud, samuti m\u00f5ned teised andmebaasid.<\/p>\n<p>EBSCO Discovery sobib k\u00f5ige paremini esmasteks otsinguteks ja \u00fclevaate saamiseks mingi teema kohta. Kuna otsing toimub v\u00e4ga paljudes andmebaasides korraga, siis ei toimi siin k\u00f5ik \u00fcksikute andmebaaside t\u00e4psemad otsinguv\u00f5imalused.<\/p>\n<p>Otsingutulemuste\u00a0 lehel <em style=\"line-height: 1.6em;\">Content Provider<\/em>\u00a0all on n\u00e4ha andmebaaside nimekiri, kust leiti teie teema kohta informatsiooni. Ammendavaks otsinguks on soovitav teha nendes eraldi otsinguid.<\/p>\n<p><a href=\"https:\/\/ut.cloud.panopto.eu\/Panopto\/Pages\/Viewer.aspx?id=73c9729c-3df2-4c9a-b221-b1f5009d534a&amp;start=0\">EBSCO Discoveryt tutvustav video<\/a><\/p>\n\n\n<div class=\"ratio ratio-16x9 mb-3\"><div class=\"video-placeholder-wrapper video-placeholder-wrapper--16x9\">\n\t\t\t    <div class=\"video-placeholder d-flex justify-content-center align-items-center\">\n\t\t\t        <div class=\"overlay text-white p-2 w-100 text-center d-block justify-content-center align-items-center\">\n\t\t\t            <div>Kolmandate osapoolte sisu n\u00e4gemiseks palun n\u00f5ustu k\u00fcpsistega.<\/div>\n\t\t\t            <button class=\"btn btn-secondary btn-sm mt-1 consent-change\">Muuda n\u00f5usolekut<\/button>\n\t\t\t        <\/div>\n\t\t\t    <\/div>\n\t\t\t<\/div>\n<\/div>\n\n\n\n<p>Video ei k\u00e4sitle uusimat otsinguviisi<em> Natural language search<\/em>.<\/p>\n\n\n\n<p><\/p>\n","protected":false},"excerpt":{"rendered":"<p>EBSCO Discovery \u00a0(see link viib andmebaasi, kui kasutate\u00a0VPN \u00fchendust) v\u00f5imaldab otsida korraga enamikus Tartu \u00fclikoolile avatud teadusandmebaasides ja muudes teadusinfo ressurssides.\u00a0 E-kataloog ESTER ja Eesti artiklite andmebaas ISE ei ole Discovery otsingusse integreeritud, samuti m\u00f5ned teised andmebaasid. EBSCO Discovery sobib &#8230;<\/p>\n","protected":false},"author":5,"featured_media":0,"parent":0,"menu_order":0,"comment_status":"closed","ping_status":"closed","template":"","meta":{"_acf_changed":false,"inline_featured_image":false,"footnotes":""},"class_list":["post-11","page","type-page","status-publish","hentry"],"acf":[],"_links":{"self":[{"href":"https:\/\/sisu.ut.ee\/edsjuhend\/wp-json\/wp\/v2\/pages\/11","targetHints":{"allow":["GET"]}}],"collection":[{"href":"https:\/\/sisu.ut.ee\/edsjuhend\/wp-json\/wp\/v2\/pages"}],"about":[{"href":"https:\/\/sisu.ut.ee\/edsjuhend\/wp-json\/wp\/v2\/types\/page"}],"author":[{"embeddable":true,"href":"https:\/\/sisu.ut.ee\/edsjuhend\/wp-json\/wp\/v2\/users\/5"}],"replies":[{"embeddable":true,"href":"https:\/\/sisu.ut.ee\/edsjuhend\/wp-json\/wp\/v2\/comments?post=11"}],"version-history":[{"count":9,"href":"https:\/\/sisu.ut.ee\/edsjuhend\/wp-json\/wp\/v2\/pages\/11\/revisions"}],"predecessor-version":[{"id":483,"href":"https:\/\/sisu.ut.ee\/edsjuhend\/wp-json\/wp\/v2\/pages\/11\/revisions\/483"}],"wp:attachment":[{"href":"https:\/\/sisu.ut.ee\/edsjuhend\/wp-json\/wp\/v2\/media?parent=11"}],"curies":[{"name":"wp","href":"https:\/\/api.w.org\/{rel}","templated":true}]}}