{"id":11,"date":"2024-04-04T04:42:47","date_gmt":"2024-04-04T04:42:47","guid":{"rendered":"https:\/\/sisu.ut.ee\/ecotech\/field-sites\/"},"modified":"2025-09-30T16:36:41","modified_gmt":"2025-09-30T13:36:41","slug":"field-sites","status":"publish","type":"page","link":"https:\/\/sisu.ut.ee\/ecotech\/field-sites\/","title":{"rendered":"Field sites"},"content":{"rendered":"<p>Our main research areas are the 24 sites of <a href=\"https:\/\/futurescapes.ee\/\">FutureScapes<\/a>, the Centre of Excellence for Sustainable Land Use, which include wetlands (Lavassaare, Tellissaare, Laiuse, Selgise\/Alaj\u00f5e), grasslands (Saastna nina, Penij\u00f5e, Laelatu, Uusk\u00fcla, Pikknurme, M\u00e4lgi), forests (Rumba, N\u00f5mmk\u00fcla, Kanak\u00fcla, Koljaku, V\u00e4lgi, Selgise), and agricultural land (Haljala, Sadala, K\u00e4mara, Vana-Kuuste, Andre Farm). In addition, we also have research sites in Lavassaare, Rumba, Ess-soo and V\u00e4nda.<\/p>\n\n\n<figure class=\"wp-block-image size-large\"><img loading=\"lazy\" decoding=\"async\" width=\"1024\" height=\"724\" src=\"https:\/\/sisu.ut.ee\/wp-content\/uploads\/sites\/544\/COE_kaart-1024x724.png\" alt=\"\" class=\"wp-image-494\" srcset=\"https:\/\/sisu.ut.ee\/wp-content\/uploads\/sites\/544\/COE_kaart-1024x724.png 1024w, https:\/\/sisu.ut.ee\/wp-content\/uploads\/sites\/544\/COE_kaart-300x212.png 300w, https:\/\/sisu.ut.ee\/wp-content\/uploads\/sites\/544\/COE_kaart-768x543.png 768w, https:\/\/sisu.ut.ee\/wp-content\/uploads\/sites\/544\/COE_kaart-1536x1086.png 1536w, https:\/\/sisu.ut.ee\/wp-content\/uploads\/sites\/544\/COE_kaart-2048x1448.png 2048w, https:\/\/sisu.ut.ee\/wp-content\/uploads\/sites\/544\/COE_kaart-1920x1358.png 1920w\" sizes=\"auto, (max-width: 1024px) 100vw, 1024px\"><\/figure>\n\n\n<p><b><span lang=\"EN-GB\"><span style=\"line-height: 115%;\">Lavassaare extracted peat fields<\/span><\/span><\/b><\/p>\n\n\n<figure class=\"wp-block-image size-large\"><img loading=\"lazy\" decoding=\"async\" width=\"1024\" height=\"714\" class=\"wp-image-510\" src=\"https:\/\/sisu.ut.ee\/wp-content\/uploads\/sites\/544\/Lavassaare-1024x714.png\" alt=\"\" srcset=\"https:\/\/sisu.ut.ee\/wp-content\/uploads\/sites\/544\/Lavassaare-1024x714.png 1024w, https:\/\/sisu.ut.ee\/wp-content\/uploads\/sites\/544\/Lavassaare-300x209.png 300w, https:\/\/sisu.ut.ee\/wp-content\/uploads\/sites\/544\/Lavassaare-768x536.png 768w, https:\/\/sisu.ut.ee\/wp-content\/uploads\/sites\/544\/Lavassaare.png 1032w\" sizes=\"auto, (max-width: 1024px) 100vw, 1024px\">\n\n\n<\/figure>\n<p>There are vast extracted peatlands in western part of Estonia. Most of them are near Lavassaare settlement (807 ha). They are currently drained and have almost no vegetation cover and represent a huge carbon emitter. This site has great potential for integrated wetland restoration and green energy development (wind and\/or solar). Nearby, currently active peat extraction sites (&gt;5000 ha) offer clear upscaling potential for the future.<\/p>\n<p>Lavassaare areas have been selected for restoration. Rewetting will restore long-term carbon sinks and will prevent further oxidative emissions. Our workgroup aim is to measure greenhouse gases in two sample areas. Eddy covariance measurements will start in one of those areas (N 58.562, E 24.370) with no vegetation in summer 2022, equipped with LI-7700 Open Path CH<sub>4<\/sub> Analyzer and LI-7500DS Open Path CO<sub>2<\/sub>\/H<sub>2<\/sub>O Analyzer. Second area have vegetation coverage and measurements are planned to start in end of 2022. Results will hopefully show that after restoration, peatland starts to accumulate carbon again.<\/p>\n<div><\/div>\n<p><strong>Rumba drainage ditch reconstruction works site<\/strong><\/p>\n<div>\n\n\n<figure class=\"wp-block-image size-large\"><img loading=\"lazy\" decoding=\"async\" width=\"1024\" height=\"495\" class=\"wp-image-511\" src=\"https:\/\/sisu.ut.ee\/wp-content\/uploads\/sites\/544\/Rumba-uus-1024x495.png\" alt=\"\" srcset=\"https:\/\/sisu.ut.ee\/wp-content\/uploads\/sites\/544\/Rumba-uus-1024x495.png 1024w, https:\/\/sisu.ut.ee\/wp-content\/uploads\/sites\/544\/Rumba-uus-300x145.png 300w, https:\/\/sisu.ut.ee\/wp-content\/uploads\/sites\/544\/Rumba-uus-768x371.png 768w, https:\/\/sisu.ut.ee\/wp-content\/uploads\/sites\/544\/Rumba-uus.png 1280w\" sizes=\"auto, (max-width: 1024px) 100vw, 1024px\"><\/figure>\n<\/div>\n<p style=\"text-align: justify;\">State Forest Management Centre is planning to build sediment basins and small fens in managed\u00a0forest site located in Rumba village, P\u00e4rnu county (N 58.718135, E 24.127875). We are collecting water samples from ditches before entering sediment basin\/fen to analyze water chemistry parameters.<\/p>\n<strong>Ess-soo bog<\/strong>\n\n<figure class=\"wp-block-image size-large\"><img loading=\"lazy\" decoding=\"async\" width=\"1024\" height=\"707\" class=\"wp-image-512\" src=\"https:\/\/sisu.ut.ee\/wp-content\/uploads\/sites\/544\/Ess-soo_asukoht-1024x707.jpeg\" alt=\"\" srcset=\"https:\/\/sisu.ut.ee\/wp-content\/uploads\/sites\/544\/Ess-soo_asukoht-1024x707.jpeg 1024w, https:\/\/sisu.ut.ee\/wp-content\/uploads\/sites\/544\/Ess-soo_asukoht-300x207.jpeg 300w, https:\/\/sisu.ut.ee\/wp-content\/uploads\/sites\/544\/Ess-soo_asukoht-768x530.jpeg 768w, https:\/\/sisu.ut.ee\/wp-content\/uploads\/sites\/544\/Ess-soo_asukoht-1536x1060.jpeg 1536w, https:\/\/sisu.ut.ee\/wp-content\/uploads\/sites\/544\/Ess-soo_asukoht-2048x1414.jpeg 2048w, https:\/\/sisu.ut.ee\/wp-content\/uploads\/sites\/544\/Ess-soo_asukoht-1920x1325.jpeg 1920w\" sizes=\"auto, (max-width: 1024px) 100vw, 1024px\"><\/figure>\n\nEss-soo bog in southwest Estonia is largely protected (212 ha) with peat depths of 4\u20136 m, while its eastern section (50 ha), drained for peat extraction and abandoned in 1994, remains unprotected with 2\u20134 m of peat. The former extraction area has sparse vegetation dominated by characteristic bog species, and the site illustrates active civic efforts to halt further drainage and promote restoration. The main focus of our work is on monitoring greenhouse gases and energy balance in restored areas, with CO\u2082 and CH\u2084 measured using the <em data-start=\"115\" data-end=\"132\">eddy covariance<\/em> method and CO\u2082, CH\u2084, and N\u2082O measured using the <em data-start=\"175\" data-end=\"201\">closed chamber <\/em>method.\n\n\n\n<p><\/p>\n\n\n\n<p><strong>V\u00e4nda constructed wetland<\/strong><\/p>\n\n\n\n<figure class=\"wp-block-image size-large is-resized\"><img loading=\"lazy\" decoding=\"async\" width=\"1024\" height=\"372\" src=\"https:\/\/sisu.ut.ee\/wp-content\/uploads\/sites\/544\/image-1024x372.png\" alt=\"\" class=\"wp-image-544\" style=\"width:1013px;height:auto\" srcset=\"https:\/\/sisu.ut.ee\/wp-content\/uploads\/sites\/544\/image-1024x372.png 1024w, https:\/\/sisu.ut.ee\/wp-content\/uploads\/sites\/544\/image-300x109.png 300w, https:\/\/sisu.ut.ee\/wp-content\/uploads\/sites\/544\/image-768x279.png 768w, https:\/\/sisu.ut.ee\/wp-content\/uploads\/sites\/544\/image-1536x558.png 1536w, https:\/\/sisu.ut.ee\/wp-content\/uploads\/sites\/544\/image.png 1754w\" sizes=\"auto, (max-width: 1024px) 100vw, 1024px\"><\/figure>\n\n\n\n<p>V\u00e4nda constructed wetland (CW), located <em>ca<\/em> 12 km south of Tartu (58\u00b016\u201957\u201d N 26\u00b043\u201919\u2033E), was established in 2015 with support of Estonian Fund for Nature and World Wildlife Fund. Its goal is to reduce agricultural pollution from agricultural lands. Also, to study parameters that affect nutrient reduction and greenhouse gas emissions (Estonian Fund for Nature). CW consists of upper and lower ponds with total 2.2 km<sup>2<\/sup>. Upper pond was planted with cattail (<em>Typha latifolia<\/em>) and common reed <em>(Phragmites australis<\/em>), while lower pond was left to be vegetated naturally. Water samples collected in 2017 \u2013 2021 showed that nutrient removal efficiency and greenhouse gas emissions depend highly on water parameters and wetland design. V\u00e4nda CW can effectively reduce phosphorus. However, due to nitrate-contaminated groundwater, CW it acts more as source of nitrogen. After the second study year, the TN removal efficiency was over 15.0% and that of NO<sub>3<\/sub>-N to over 11.7% in the lower pond. The annual removal efficiency in the first study year was 11.7\u00b14.8% for TP and 12.6\u00b15.7% for PO<sub>4<\/sub>-P, which increased to 46.0\u00b16.2% and 33.0\u00b16.6%, respectively, for the fourth study year (Kill, K.\u00a02022).<\/p>\n","protected":false},"excerpt":{"rendered":"<p>Our main research areas are the 24 sites of FutureScapes, the Centre of Excellence for Sustainable Land Use, which include wetlands (Lavassaare, Tellissaare, Laiuse, Selgise\/Alaj\u00f5e), grasslands (Saastna nina, Penij\u00f5e, Laelatu, Uusk\u00fcla, Pikknurme, M\u00e4lgi), forests (Rumba, N\u00f5mmk\u00fcla, Kanak\u00fcla, Koljaku, V\u00e4lgi, Selgise), &#8230;<\/p>\n","protected":false},"author":275,"featured_media":647,"parent":0,"menu_order":0,"comment_status":"closed","ping_status":"closed","template":"","meta":{"_acf_changed":false,"inline_featured_image":false,"footnotes":""},"class_list":["post-11","page","type-page","status-publish","has-post-thumbnail","hentry"],"acf":[],"_links":{"self":[{"href":"https:\/\/sisu.ut.ee\/ecotech\/wp-json\/wp\/v2\/pages\/11","targetHints":{"allow":["GET"]}}],"collection":[{"href":"https:\/\/sisu.ut.ee\/ecotech\/wp-json\/wp\/v2\/pages"}],"about":[{"href":"https:\/\/sisu.ut.ee\/ecotech\/wp-json\/wp\/v2\/types\/page"}],"author":[{"embeddable":true,"href":"https:\/\/sisu.ut.ee\/ecotech\/wp-json\/wp\/v2\/users\/275"}],"replies":[{"embeddable":true,"href":"https:\/\/sisu.ut.ee\/ecotech\/wp-json\/wp\/v2\/comments?post=11"}],"version-history":[{"count":6,"href":"https:\/\/sisu.ut.ee\/ecotech\/wp-json\/wp\/v2\/pages\/11\/revisions"}],"predecessor-version":[{"id":546,"href":"https:\/\/sisu.ut.ee\/ecotech\/wp-json\/wp\/v2\/pages\/11\/revisions\/546"}],"wp:featuredmedia":[{"embeddable":true,"href":"https:\/\/sisu.ut.ee\/ecotech\/wp-json\/wp\/v2\/media\/647"}],"wp:attachment":[{"href":"https:\/\/sisu.ut.ee\/ecotech\/wp-json\/wp\/v2\/media?parent=11"}],"curies":[{"name":"wp","href":"https:\/\/api.w.org\/{rel}","templated":true}]}}