{"id":996,"date":"2024-04-04T04:42:48","date_gmt":"2024-04-04T01:42:48","guid":{"rendered":"https:\/\/sisu.ut.ee\/ecotech\/?page_id=996"},"modified":"2026-02-02T13:30:52","modified_gmt":"2026-02-02T11:30:52","slug":"vanda-valitooala-fotod","status":"publish","type":"page","link":"https:\/\/sisu.ut.ee\/ecotech\/et\/vanda-valitooala-fotod\/","title":{"rendered":"V\u00e4nda v\u00e4lit\u00f6\u00f6ala fotod"},"content":{"rendered":"<p><\/p>\n\n\n\n<figure class=\"wp-block-gallery has-nested-images columns-default is-cropped wp-block-gallery-1 is-layout-flex wp-block-gallery-is-layout-flex\">\n<figure class=\"wp-block-image size-large\"><img loading=\"lazy\" decoding=\"async\" width=\"1024\" height=\"768\" data-id=\"651\" src=\"https:\/\/sisu.ut.ee\/wp-content\/uploads\/sites\/544\/IMG_20250506_111655-1024x768.jpg\" alt=\"\" class=\"wp-image-651\" srcset=\"https:\/\/sisu.ut.ee\/wp-content\/uploads\/sites\/544\/IMG_20250506_111655-1024x768.jpg 1024w, https:\/\/sisu.ut.ee\/wp-content\/uploads\/sites\/544\/IMG_20250506_111655-300x225.jpg 300w, https:\/\/sisu.ut.ee\/wp-content\/uploads\/sites\/544\/IMG_20250506_111655-768x576.jpg 768w, https:\/\/sisu.ut.ee\/wp-content\/uploads\/sites\/544\/IMG_20250506_111655-1536x1152.jpg 1536w, https:\/\/sisu.ut.ee\/wp-content\/uploads\/sites\/544\/IMG_20250506_111655-2048x1536.jpg 2048w, https:\/\/sisu.ut.ee\/wp-content\/uploads\/sites\/544\/IMG_20250506_111655-1920x1440.jpg 1920w\" sizes=\"auto, (max-width: 1024px) 100vw, 1024px\"><\/figure>\n\n\n\n<figure class=\"wp-block-image size-large\"><img loading=\"lazy\" decoding=\"async\" width=\"1024\" height=\"768\" data-id=\"649\" src=\"https:\/\/sisu.ut.ee\/wp-content\/uploads\/sites\/544\/IMG_8771-1024x768.jpg\" alt=\"\" class=\"wp-image-649\" srcset=\"https:\/\/sisu.ut.ee\/wp-content\/uploads\/sites\/544\/IMG_8771-1024x768.jpg 1024w, https:\/\/sisu.ut.ee\/wp-content\/uploads\/sites\/544\/IMG_8771-300x225.jpg 300w, https:\/\/sisu.ut.ee\/wp-content\/uploads\/sites\/544\/IMG_8771-768x576.jpg 768w, https:\/\/sisu.ut.ee\/wp-content\/uploads\/sites\/544\/IMG_8771-1536x1152.jpg 1536w, https:\/\/sisu.ut.ee\/wp-content\/uploads\/sites\/544\/IMG_8771-2048x1536.jpg 2048w, https:\/\/sisu.ut.ee\/wp-content\/uploads\/sites\/544\/IMG_8771-1920x1440.jpg 1920w\" sizes=\"auto, (max-width: 1024px) 100vw, 1024px\"><\/figure>\n\n\n\n<figure class=\"wp-block-image size-large\"><img loading=\"lazy\" decoding=\"async\" width=\"768\" height=\"1024\" data-id=\"650\" src=\"https:\/\/sisu.ut.ee\/wp-content\/uploads\/sites\/544\/IMG_8774-768x1024.jpg\" alt=\"\" class=\"wp-image-650\" srcset=\"https:\/\/sisu.ut.ee\/wp-content\/uploads\/sites\/544\/IMG_8774-768x1024.jpg 768w, https:\/\/sisu.ut.ee\/wp-content\/uploads\/sites\/544\/IMG_8774-225x300.jpg 225w, https:\/\/sisu.ut.ee\/wp-content\/uploads\/sites\/544\/IMG_8774-1152x1536.jpg 1152w, https:\/\/sisu.ut.ee\/wp-content\/uploads\/sites\/544\/IMG_8774-1536x2048.jpg 1536w, https:\/\/sisu.ut.ee\/wp-content\/uploads\/sites\/544\/IMG_8774-scaled.jpg 1920w\" sizes=\"auto, (max-width: 768px) 100vw, 768px\"><\/figure>\n\n\n\n<figure class=\"wp-block-image size-large\"><img loading=\"lazy\" decoding=\"async\" width=\"1024\" height=\"768\" data-id=\"652\" src=\"https:\/\/sisu.ut.ee\/wp-content\/uploads\/sites\/544\/May_2020_upper_pond_3-1024x768.jpg\" alt=\"\" class=\"wp-image-652\" srcset=\"https:\/\/sisu.ut.ee\/wp-content\/uploads\/sites\/544\/May_2020_upper_pond_3-1024x768.jpg 1024w, https:\/\/sisu.ut.ee\/wp-content\/uploads\/sites\/544\/May_2020_upper_pond_3-300x225.jpg 300w, https:\/\/sisu.ut.ee\/wp-content\/uploads\/sites\/544\/May_2020_upper_pond_3-768x576.jpg 768w, https:\/\/sisu.ut.ee\/wp-content\/uploads\/sites\/544\/May_2020_upper_pond_3-1536x1152.jpg 1536w, https:\/\/sisu.ut.ee\/wp-content\/uploads\/sites\/544\/May_2020_upper_pond_3-2048x1536.jpg 2048w, https:\/\/sisu.ut.ee\/wp-content\/uploads\/sites\/544\/May_2020_upper_pond_3-1920x1440.jpg 1920w\" sizes=\"auto, (max-width: 1024px) 100vw, 1024px\"><\/figure>\n\n\n\n<figure class=\"wp-block-image size-large\"><img loading=\"lazy\" decoding=\"async\" width=\"1024\" height=\"768\" data-id=\"647\" src=\"https:\/\/sisu.ut.ee\/wp-content\/uploads\/sites\/544\/\/IMG_7893-1024x768.jpg\" alt=\"\" class=\"wp-image-647\" srcset=\"https:\/\/sisu.ut.ee\/wp-content\/uploads\/sites\/544\/IMG_7893-1024x768.jpg 1024w, https:\/\/sisu.ut.ee\/wp-content\/uploads\/sites\/544\/IMG_7893-300x225.jpg 300w, https:\/\/sisu.ut.ee\/wp-content\/uploads\/sites\/544\/IMG_7893-768x576.jpg 768w, https:\/\/sisu.ut.ee\/wp-content\/uploads\/sites\/544\/IMG_7893-1536x1152.jpg 1536w, https:\/\/sisu.ut.ee\/wp-content\/uploads\/sites\/544\/IMG_7893-2048x1536.jpg 2048w, https:\/\/sisu.ut.ee\/wp-content\/uploads\/sites\/544\/IMG_7893-1920x1440.jpg 1920w\" sizes=\"auto, (max-width: 1024px) 100vw, 1024px\"><\/figure>\n\n\n\n<figure class=\"wp-block-image size-large\"><img loading=\"lazy\" decoding=\"async\" width=\"1024\" height=\"768\" data-id=\"648\" src=\"https:\/\/sisu.ut.ee\/wp-content\/uploads\/sites\/544\/IMG_8373-1024x768.jpg\" alt=\"\" class=\"wp-image-648\" srcset=\"https:\/\/sisu.ut.ee\/wp-content\/uploads\/sites\/544\/IMG_8373-1024x768.jpg 1024w, https:\/\/sisu.ut.ee\/wp-content\/uploads\/sites\/544\/IMG_8373-300x225.jpg 300w, https:\/\/sisu.ut.ee\/wp-content\/uploads\/sites\/544\/IMG_8373-768x576.jpg 768w, https:\/\/sisu.ut.ee\/wp-content\/uploads\/sites\/544\/IMG_8373-1536x1152.jpg 1536w, https:\/\/sisu.ut.ee\/wp-content\/uploads\/sites\/544\/IMG_8373-2048x1536.jpg 2048w, https:\/\/sisu.ut.ee\/wp-content\/uploads\/sites\/544\/IMG_8373-1920x1440.jpg 1920w\" sizes=\"auto, (max-width: 1024px) 100vw, 1024px\"><\/figure>\n\n\n\n<figure class=\"wp-block-image size-large\"><img loading=\"lazy\" decoding=\"async\" width=\"1024\" height=\"768\" data-id=\"646\" src=\"https:\/\/sisu.ut.ee\/wp-content\/uploads\/sites\/544\/IMG_7889-1024x768.jpg\" alt=\"\" class=\"wp-image-646\" srcset=\"https:\/\/sisu.ut.ee\/wp-content\/uploads\/sites\/544\/IMG_7889-1024x768.jpg 1024w, https:\/\/sisu.ut.ee\/wp-content\/uploads\/sites\/544\/IMG_7889-300x225.jpg 300w, https:\/\/sisu.ut.ee\/wp-content\/uploads\/sites\/544\/IMG_7889-768x576.jpg 768w, https:\/\/sisu.ut.ee\/wp-content\/uploads\/sites\/544\/IMG_7889-1536x1152.jpg 1536w, https:\/\/sisu.ut.ee\/wp-content\/uploads\/sites\/544\/IMG_7889-2048x1536.jpg 2048w, https:\/\/sisu.ut.ee\/wp-content\/uploads\/sites\/544\/IMG_7889-1920x1440.jpg 1920w\" sizes=\"auto, (max-width: 1024px) 100vw, 1024px\"><\/figure>\n\n\n\n<figure class=\"wp-block-image size-large\"><img loading=\"lazy\" decoding=\"async\" width=\"1024\" height=\"768\" data-id=\"673\" src=\"https:\/\/sisu.ut.ee\/wp-content\/uploads\/sites\/544\/20230524_134524-1024x768.jpg\" alt=\"\" class=\"wp-image-673\" srcset=\"https:\/\/sisu.ut.ee\/wp-content\/uploads\/sites\/544\/20230524_134524-1024x768.jpg 1024w, https:\/\/sisu.ut.ee\/wp-content\/uploads\/sites\/544\/20230524_134524-300x225.jpg 300w, https:\/\/sisu.ut.ee\/wp-content\/uploads\/sites\/544\/20230524_134524-768x576.jpg 768w, https:\/\/sisu.ut.ee\/wp-content\/uploads\/sites\/544\/20230524_134524-1536x1152.jpg 1536w, https:\/\/sisu.ut.ee\/wp-content\/uploads\/sites\/544\/20230524_134524-2048x1536.jpg 2048w, https:\/\/sisu.ut.ee\/wp-content\/uploads\/sites\/544\/20230524_134524-1920x1440.jpg 1920w\" sizes=\"auto, (max-width: 1024px) 100vw, 1024px\"><\/figure>\n\n\n\n<figure class=\"wp-block-image size-large\"><img loading=\"lazy\" decoding=\"async\" width=\"768\" height=\"1024\" data-id=\"106\" src=\"https:\/\/sisu.ut.ee\/wp-content\/uploads\/sites\/544\/august_2020_khg_measuremnt_site_3-768x1024.jpg\" alt=\"\" class=\"wp-image-106\" srcset=\"https:\/\/sisu.ut.ee\/wp-content\/uploads\/sites\/544\/august_2020_khg_measuremnt_site_3-768x1024.jpg 768w, https:\/\/sisu.ut.ee\/wp-content\/uploads\/sites\/544\/august_2020_khg_measuremnt_site_3-225x300.jpg 225w, https:\/\/sisu.ut.ee\/wp-content\/uploads\/sites\/544\/august_2020_khg_measuremnt_site_3-1152x1536.jpg 1152w, https:\/\/sisu.ut.ee\/wp-content\/uploads\/sites\/544\/august_2020_khg_measuremnt_site_3-1536x2048.jpg 1536w, https:\/\/sisu.ut.ee\/wp-content\/uploads\/sites\/544\/august_2020_khg_measuremnt_site_3-scaled.jpg 1920w\" sizes=\"auto, (max-width: 768px) 100vw, 768px\"><\/figure>\n\n\n\n<figure class=\"wp-block-image size-large\"><img loading=\"lazy\" decoding=\"async\" width=\"1024\" height=\"768\" data-id=\"91\" src=\"https:\/\/sisu.ut.ee\/wp-content\/uploads\/sites\/544\/april_2020_upper_pond-1024x768.jpg\" alt=\"\" class=\"wp-image-91\" srcset=\"https:\/\/sisu.ut.ee\/wp-content\/uploads\/sites\/544\/april_2020_upper_pond-1024x768.jpg 1024w, https:\/\/sisu.ut.ee\/wp-content\/uploads\/sites\/544\/april_2020_upper_pond-300x225.jpg 300w, https:\/\/sisu.ut.ee\/wp-content\/uploads\/sites\/544\/april_2020_upper_pond-768x576.jpg 768w, https:\/\/sisu.ut.ee\/wp-content\/uploads\/sites\/544\/april_2020_upper_pond-1536x1152.jpg 1536w, https:\/\/sisu.ut.ee\/wp-content\/uploads\/sites\/544\/april_2020_upper_pond-2048x1536.jpg 2048w, https:\/\/sisu.ut.ee\/wp-content\/uploads\/sites\/544\/april_2020_upper_pond-1920x1440.jpg 1920w\" sizes=\"auto, (max-width: 1024px) 100vw, 1024px\"><\/figure>\n\n\n\n<figure class=\"wp-block-image size-large\"><img loading=\"lazy\" decoding=\"async\" width=\"1024\" height=\"576\" data-id=\"96\" src=\"https:\/\/sisu.ut.ee\/wp-content\/uploads\/sites\/544\/\/april_2020_flood_4-1024x576.jpeg\" alt=\"\" class=\"wp-image-96\" srcset=\"https:\/\/sisu.ut.ee\/wp-content\/uploads\/sites\/544\/april_2020_flood_4-1024x576.jpeg 1024w, https:\/\/sisu.ut.ee\/wp-content\/uploads\/sites\/544\/april_2020_flood_4-300x169.jpeg 300w, https:\/\/sisu.ut.ee\/wp-content\/uploads\/sites\/544\/april_2020_flood_4-768x432.jpeg 768w, https:\/\/sisu.ut.ee\/wp-content\/uploads\/sites\/544\/april_2020_flood_4.jpeg 1334w\" sizes=\"auto, (max-width: 1024px) 100vw, 1024px\"><\/figure>\n\n\n\n<figure class=\"wp-block-image size-large\"><img loading=\"lazy\" decoding=\"async\" width=\"1024\" height=\"576\" data-id=\"94\" src=\"https:\/\/sisu.ut.ee\/wp-content\/uploads\/sites\/544\/\/april_2020_flood_2-1024x576.jpeg\" alt=\"\" class=\"wp-image-94\" srcset=\"https:\/\/sisu.ut.ee\/wp-content\/uploads\/sites\/544\/april_2020_flood_2-1024x576.jpeg 1024w, https:\/\/sisu.ut.ee\/wp-content\/uploads\/sites\/544\/april_2020_flood_2-300x169.jpeg 300w, https:\/\/sisu.ut.ee\/wp-content\/uploads\/sites\/544\/april_2020_flood_2-768x432.jpeg 768w, https:\/\/sisu.ut.ee\/wp-content\/uploads\/sites\/544\/april_2020_flood_2.jpeg 1334w\" sizes=\"auto, (max-width: 1024px) 100vw, 1024px\"><\/figure>\n\n\n\n<figure class=\"wp-block-image size-large\"><img loading=\"lazy\" decoding=\"async\" width=\"1024\" height=\"768\" data-id=\"89\" src=\"https:\/\/sisu.ut.ee\/wp-content\/uploads\/sites\/544\/february_2020_upper_pond-1024x768.jpg\" alt=\"\" class=\"wp-image-89\" srcset=\"https:\/\/sisu.ut.ee\/wp-content\/uploads\/sites\/544\/february_2020_upper_pond-1024x768.jpg 1024w, https:\/\/sisu.ut.ee\/wp-content\/uploads\/sites\/544\/february_2020_upper_pond-300x225.jpg 300w, https:\/\/sisu.ut.ee\/wp-content\/uploads\/sites\/544\/february_2020_upper_pond-768x576.jpg 768w, https:\/\/sisu.ut.ee\/wp-content\/uploads\/sites\/544\/february_2020_upper_pond-1536x1152.jpg 1536w, https:\/\/sisu.ut.ee\/wp-content\/uploads\/sites\/544\/february_2020_upper_pond-2048x1536.jpg 2048w, https:\/\/sisu.ut.ee\/wp-content\/uploads\/sites\/544\/february_2020_upper_pond-1920x1440.jpg 1920w\" sizes=\"auto, (max-width: 1024px) 100vw, 1024px\"><\/figure>\n\n\n\n<figure class=\"wp-block-image size-large\"><img loading=\"lazy\" decoding=\"async\" width=\"1024\" height=\"768\" data-id=\"88\" src=\"https:\/\/sisu.ut.ee\/wp-content\/uploads\/sites\/544\/february_2020_upper_pond_2-1024x768.jpg\" alt=\"\" class=\"wp-image-88\" srcset=\"https:\/\/sisu.ut.ee\/wp-content\/uploads\/sites\/544\/february_2020_upper_pond_2-1024x768.jpg 1024w, https:\/\/sisu.ut.ee\/wp-content\/uploads\/sites\/544\/february_2020_upper_pond_2-300x225.jpg 300w, https:\/\/sisu.ut.ee\/wp-content\/uploads\/sites\/544\/february_2020_upper_pond_2-768x576.jpg 768w, https:\/\/sisu.ut.ee\/wp-content\/uploads\/sites\/544\/february_2020_upper_pond_2-1536x1152.jpg 1536w, https:\/\/sisu.ut.ee\/wp-content\/uploads\/sites\/544\/february_2020_upper_pond_2-2048x1536.jpg 2048w, https:\/\/sisu.ut.ee\/wp-content\/uploads\/sites\/544\/february_2020_upper_pond_2-1920x1440.jpg 1920w\" sizes=\"auto, (max-width: 1024px) 100vw, 1024px\"><\/figure>\n\n\n\n<figure class=\"wp-block-image size-large\"><img loading=\"lazy\" decoding=\"async\" width=\"1024\" height=\"768\" data-id=\"645\" src=\"https:\/\/sisu.ut.ee\/wp-content\/uploads\/sites\/544\/IMG_7026-1024x768.jpg\" alt=\"\" class=\"wp-image-645\" srcset=\"https:\/\/sisu.ut.ee\/wp-content\/uploads\/sites\/544\/IMG_7026-1024x768.jpg 1024w, https:\/\/sisu.ut.ee\/wp-content\/uploads\/sites\/544\/IMG_7026-300x225.jpg 300w, https:\/\/sisu.ut.ee\/wp-content\/uploads\/sites\/544\/IMG_7026-768x576.jpg 768w, https:\/\/sisu.ut.ee\/wp-content\/uploads\/sites\/544\/IMG_7026-1536x1152.jpg 1536w, https:\/\/sisu.ut.ee\/wp-content\/uploads\/sites\/544\/IMG_7026-2048x1536.jpg 2048w, https:\/\/sisu.ut.ee\/wp-content\/uploads\/sites\/544\/IMG_7026-1920x1440.jpg 1920w\" sizes=\"auto, (max-width: 1024px) 100vw, 1024px\"><\/figure>\n<\/figure>\n\n\n","protected":false},"excerpt":{"rendered":"","protected":false},"author":890,"featured_media":909,"parent":0,"menu_order":0,"comment_status":"closed","ping_status":"closed","template":"","meta":{"_acf_changed":false,"inline_featured_image":false,"footnotes":""},"class_list":["post-996","page","type-page","status-publish","has-post-thumbnail","hentry"],"acf":[],"_links":{"self":[{"href":"https:\/\/sisu.ut.ee\/ecotech\/et\/wp-json\/wp\/v2\/pages\/996","targetHints":{"allow":["GET"]}}],"collection":[{"href":"https:\/\/sisu.ut.ee\/ecotech\/et\/wp-json\/wp\/v2\/pages"}],"about":[{"href":"https:\/\/sisu.ut.ee\/ecotech\/et\/wp-json\/wp\/v2\/types\/page"}],"author":[{"embeddable":true,"href":"https:\/\/sisu.ut.ee\/ecotech\/et\/wp-json\/wp\/v2\/users\/890"}],"replies":[{"embeddable":true,"href":"https:\/\/sisu.ut.ee\/ecotech\/et\/wp-json\/wp\/v2\/comments?post=996"}],"version-history":[{"count":1,"href":"https:\/\/sisu.ut.ee\/ecotech\/et\/wp-json\/wp\/v2\/pages\/996\/revisions"}],"predecessor-version":[{"id":997,"href":"https:\/\/sisu.ut.ee\/ecotech\/et\/wp-json\/wp\/v2\/pages\/996\/revisions\/997"}],"wp:featuredmedia":[{"embeddable":true,"href":"https:\/\/sisu.ut.ee\/ecotech\/et\/wp-json\/wp\/v2\/media\/909"}],"wp:attachment":[{"href":"https:\/\/sisu.ut.ee\/ecotech\/et\/wp-json\/wp\/v2\/media?parent=996"}],"curies":[{"name":"wp","href":"https:\/\/api.w.org\/{rel}","templated":true}]}}