{"id":968,"date":"2024-04-04T04:42:49","date_gmt":"2024-04-04T01:42:49","guid":{"rendered":"https:\/\/sisu.ut.ee\/ecotech\/?page_id=968"},"modified":"2026-02-02T13:27:13","modified_gmt":"2026-02-02T11:27:13","slug":"lavassaare-valitooala-fotod","status":"publish","type":"page","link":"https:\/\/sisu.ut.ee\/ecotech\/et\/lavassaare-valitooala-fotod\/","title":{"rendered":"Lavassaare v\u00e4lit\u00f6\u00f6ala fotod"},"content":{"rendered":"<p><\/p>\n\n\n\n<figure class=\"wp-block-gallery has-nested-images columns-default is-cropped wp-block-gallery-1 is-layout-flex wp-block-gallery-is-layout-flex\">\n<figure class=\"wp-block-image size-large\"><img loading=\"lazy\" decoding=\"async\" width=\"1024\" height=\"768\" data-id=\"551\" src=\"https:\/\/sisu.ut.ee\/wp-content\/uploads\/sites\/544\/IMG_5228-1024x768.jpeg\" alt=\"\" class=\"wp-image-551\" srcset=\"https:\/\/sisu.ut.ee\/wp-content\/uploads\/sites\/544\/IMG_5228-1024x768.jpeg 1024w, https:\/\/sisu.ut.ee\/wp-content\/uploads\/sites\/544\/IMG_5228-300x225.jpeg 300w, https:\/\/sisu.ut.ee\/wp-content\/uploads\/sites\/544\/IMG_5228-768x576.jpeg 768w, https:\/\/sisu.ut.ee\/wp-content\/uploads\/sites\/544\/IMG_5228-1536x1152.jpeg 1536w, https:\/\/sisu.ut.ee\/wp-content\/uploads\/sites\/544\/IMG_5228-2048x1536.jpeg 2048w, https:\/\/sisu.ut.ee\/wp-content\/uploads\/sites\/544\/IMG_5228-1920x1440.jpeg 1920w\" sizes=\"auto, (max-width: 1024px) 100vw, 1024px\"><\/figure>\n\n\n\n<figure class=\"wp-block-image size-large\"><img loading=\"lazy\" decoding=\"async\" width=\"1024\" height=\"768\" data-id=\"552\" src=\"https:\/\/sisu.ut.ee\/wp-content\/uploads\/sites\/544\/IMG_5229-1024x768.jpeg\" alt=\"\" class=\"wp-image-552\" srcset=\"https:\/\/sisu.ut.ee\/wp-content\/uploads\/sites\/544\/IMG_5229-1024x768.jpeg 1024w, https:\/\/sisu.ut.ee\/wp-content\/uploads\/sites\/544\/IMG_5229-300x225.jpeg 300w, https:\/\/sisu.ut.ee\/wp-content\/uploads\/sites\/544\/IMG_5229-768x576.jpeg 768w, https:\/\/sisu.ut.ee\/wp-content\/uploads\/sites\/544\/IMG_5229-1536x1152.jpeg 1536w, https:\/\/sisu.ut.ee\/wp-content\/uploads\/sites\/544\/IMG_5229-2048x1536.jpeg 2048w, https:\/\/sisu.ut.ee\/wp-content\/uploads\/sites\/544\/IMG_5229-1920x1440.jpeg 1920w\" sizes=\"auto, (max-width: 1024px) 100vw, 1024px\"><\/figure>\n\n\n\n<figure class=\"wp-block-image size-large\"><img loading=\"lazy\" decoding=\"async\" width=\"1024\" height=\"768\" data-id=\"642\" src=\"https:\/\/sisu.ut.ee\/wp-content\/uploads\/sites\/544\/IMG_20220901_193333-1024x768.jpg\" alt=\"\" class=\"wp-image-642\" srcset=\"https:\/\/sisu.ut.ee\/wp-content\/uploads\/sites\/544\/IMG_20220901_193333-1024x768.jpg 1024w, https:\/\/sisu.ut.ee\/wp-content\/uploads\/sites\/544\/IMG_20220901_193333-300x225.jpg 300w, https:\/\/sisu.ut.ee\/wp-content\/uploads\/sites\/544\/IMG_20220901_193333-768x576.jpg 768w, https:\/\/sisu.ut.ee\/wp-content\/uploads\/sites\/544\/IMG_20220901_193333-1536x1152.jpg 1536w, https:\/\/sisu.ut.ee\/wp-content\/uploads\/sites\/544\/IMG_20220901_193333-2048x1536.jpg 2048w, https:\/\/sisu.ut.ee\/wp-content\/uploads\/sites\/544\/IMG_20220901_193333-1920x1440.jpg 1920w\" sizes=\"auto, (max-width: 1024px) 100vw, 1024px\"><\/figure>\n\n\n\n<figure class=\"wp-block-image size-large\"><img loading=\"lazy\" decoding=\"async\" width=\"1024\" height=\"768\" data-id=\"549\" src=\"https:\/\/sisu.ut.ee\/wp-content\/uploads\/sites\/544\/IMG_20250327_140813-1-1024x768.jpg\" alt=\"\" class=\"wp-image-549\" srcset=\"https:\/\/sisu.ut.ee\/wp-content\/uploads\/sites\/544\/IMG_20250327_140813-1-1024x768.jpg 1024w, https:\/\/sisu.ut.ee\/wp-content\/uploads\/sites\/544\/IMG_20250327_140813-1-300x225.jpg 300w, https:\/\/sisu.ut.ee\/wp-content\/uploads\/sites\/544\/IMG_20250327_140813-1-768x576.jpg 768w, https:\/\/sisu.ut.ee\/wp-content\/uploads\/sites\/544\/IMG_20250327_140813-1-1536x1152.jpg 1536w, https:\/\/sisu.ut.ee\/wp-content\/uploads\/sites\/544\/IMG_20250327_140813-1-2048x1536.jpg 2048w, https:\/\/sisu.ut.ee\/wp-content\/uploads\/sites\/544\/IMG_20250327_140813-1-1920x1440.jpg 1920w\" sizes=\"auto, (max-width: 1024px) 100vw, 1024px\"><\/figure>\n\n\n\n<figure class=\"wp-block-image size-large\"><img loading=\"lazy\" decoding=\"async\" width=\"1024\" height=\"768\" data-id=\"553\" src=\"https:\/\/sisu.ut.ee\/wp-content\/uploads\/sites\/544\/IMG_20230131_101833-1024x768.jpg\" alt=\"\" class=\"wp-image-553\" srcset=\"https:\/\/sisu.ut.ee\/wp-content\/uploads\/sites\/544\/IMG_20230131_101833-1024x768.jpg 1024w, https:\/\/sisu.ut.ee\/wp-content\/uploads\/sites\/544\/IMG_20230131_101833-300x225.jpg 300w, https:\/\/sisu.ut.ee\/wp-content\/uploads\/sites\/544\/IMG_20230131_101833-768x576.jpg 768w, https:\/\/sisu.ut.ee\/wp-content\/uploads\/sites\/544\/IMG_20230131_101833-1536x1152.jpg 1536w, https:\/\/sisu.ut.ee\/wp-content\/uploads\/sites\/544\/IMG_20230131_101833-2048x1536.jpg 2048w, https:\/\/sisu.ut.ee\/wp-content\/uploads\/sites\/544\/IMG_20230131_101833-1920x1440.jpg 1920w\" sizes=\"auto, (max-width: 1024px) 100vw, 1024px\"><\/figure>\n\n\n\n<figure class=\"wp-block-image size-large\"><img loading=\"lazy\" decoding=\"async\" width=\"1024\" height=\"768\" data-id=\"641\" src=\"https:\/\/sisu.ut.ee\/wp-content\/uploads\/sites\/544\/IMG_20230313_084522-1024x768.jpg\" alt=\"\" class=\"wp-image-641\" srcset=\"https:\/\/sisu.ut.ee\/wp-content\/uploads\/sites\/544\/IMG_20230313_084522-1024x768.jpg 1024w, https:\/\/sisu.ut.ee\/wp-content\/uploads\/sites\/544\/IMG_20230313_084522-300x225.jpg 300w, https:\/\/sisu.ut.ee\/wp-content\/uploads\/sites\/544\/IMG_20230313_084522-768x576.jpg 768w, https:\/\/sisu.ut.ee\/wp-content\/uploads\/sites\/544\/IMG_20230313_084522-1536x1152.jpg 1536w, https:\/\/sisu.ut.ee\/wp-content\/uploads\/sites\/544\/IMG_20230313_084522-2048x1536.jpg 2048w, https:\/\/sisu.ut.ee\/wp-content\/uploads\/sites\/544\/IMG_20230313_084522-1920x1440.jpg 1920w\" sizes=\"auto, (max-width: 1024px) 100vw, 1024px\"><\/figure>\n\n\n\n<figure class=\"wp-block-image size-large\"><img loading=\"lazy\" decoding=\"async\" width=\"1024\" height=\"768\" data-id=\"679\" src=\"https:\/\/sisu.ut.ee\/wp-content\/uploads\/sites\/544\/IMG_20230119_105722-1024x768.jpg\" alt=\"\" class=\"wp-image-679\" srcset=\"https:\/\/sisu.ut.ee\/wp-content\/uploads\/sites\/544\/IMG_20230119_105722-1024x768.jpg 1024w, https:\/\/sisu.ut.ee\/wp-content\/uploads\/sites\/544\/IMG_20230119_105722-300x225.jpg 300w, https:\/\/sisu.ut.ee\/wp-content\/uploads\/sites\/544\/IMG_20230119_105722-768x576.jpg 768w, https:\/\/sisu.ut.ee\/wp-content\/uploads\/sites\/544\/IMG_20230119_105722-1536x1152.jpg 1536w, https:\/\/sisu.ut.ee\/wp-content\/uploads\/sites\/544\/IMG_20230119_105722-2048x1536.jpg 2048w, https:\/\/sisu.ut.ee\/wp-content\/uploads\/sites\/544\/IMG_20230119_105722-1920x1440.jpg 1920w\" sizes=\"auto, (max-width: 1024px) 100vw, 1024px\"><\/figure>\n\n\n\n<figure class=\"wp-block-image size-large\"><img loading=\"lazy\" decoding=\"async\" width=\"1024\" height=\"768\" data-id=\"143\" src=\"https:\/\/sisu.ut.ee\/wp-content\/uploads\/sites\/544\/img_20230119_105946-1-1024x768.jpg\" alt=\"Lavassaare1\" class=\"wp-image-143\" srcset=\"https:\/\/sisu.ut.ee\/wp-content\/uploads\/sites\/544\/img_20230119_105946-1-1024x768.jpg 1024w, https:\/\/sisu.ut.ee\/wp-content\/uploads\/sites\/544\/img_20230119_105946-1-300x225.jpg 300w, https:\/\/sisu.ut.ee\/wp-content\/uploads\/sites\/544\/img_20230119_105946-1-768x576.jpg 768w, https:\/\/sisu.ut.ee\/wp-content\/uploads\/sites\/544\/img_20230119_105946-1-1536x1152.jpg 1536w, https:\/\/sisu.ut.ee\/wp-content\/uploads\/sites\/544\/img_20230119_105946-1-2048x1536.jpg 2048w, https:\/\/sisu.ut.ee\/wp-content\/uploads\/sites\/544\/img_20230119_105946-1-1920x1440.jpg 1920w\" sizes=\"auto, (max-width: 1024px) 100vw, 1024px\"><\/figure>\n\n\n\n<figure class=\"wp-block-image size-large\"><img loading=\"lazy\" decoding=\"async\" width=\"768\" height=\"1024\" data-id=\"554\" src=\"https:\/\/sisu.ut.ee\/wp-content\/uploads\/sites\/544\/IMG_20231020_110149-768x1024.jpg\" alt=\"\" class=\"wp-image-554\" srcset=\"https:\/\/sisu.ut.ee\/wp-content\/uploads\/sites\/544\/IMG_20231020_110149-768x1024.jpg 768w, https:\/\/sisu.ut.ee\/wp-content\/uploads\/sites\/544\/IMG_20231020_110149-225x300.jpg 225w, https:\/\/sisu.ut.ee\/wp-content\/uploads\/sites\/544\/IMG_20231020_110149-1152x1536.jpg 1152w, https:\/\/sisu.ut.ee\/wp-content\/uploads\/sites\/544\/IMG_20231020_110149-1536x2048.jpg 1536w, https:\/\/sisu.ut.ee\/wp-content\/uploads\/sites\/544\/IMG_20231020_110149-scaled.jpg 1920w\" sizes=\"auto, (max-width: 768px) 100vw, 768px\"><\/figure>\n\n\n\n<figure class=\"wp-block-image size-large\"><img loading=\"lazy\" decoding=\"async\" width=\"1024\" height=\"768\" data-id=\"555\" src=\"https:\/\/sisu.ut.ee\/wp-content\/uploads\/sites\/544\/IMG_20230213_095718-1024x768.jpg\" alt=\"\" class=\"wp-image-555\" srcset=\"https:\/\/sisu.ut.ee\/wp-content\/uploads\/sites\/544\/IMG_20230213_095718-1024x768.jpg 1024w, https:\/\/sisu.ut.ee\/wp-content\/uploads\/sites\/544\/IMG_20230213_095718-300x225.jpg 300w, https:\/\/sisu.ut.ee\/wp-content\/uploads\/sites\/544\/IMG_20230213_095718-768x576.jpg 768w, https:\/\/sisu.ut.ee\/wp-content\/uploads\/sites\/544\/IMG_20230213_095718-1536x1152.jpg 1536w, https:\/\/sisu.ut.ee\/wp-content\/uploads\/sites\/544\/IMG_20230213_095718-2048x1536.jpg 2048w, https:\/\/sisu.ut.ee\/wp-content\/uploads\/sites\/544\/IMG_20230213_095718-1920x1440.jpg 1920w\" sizes=\"auto, (max-width: 1024px) 100vw, 1024px\"><\/figure>\n\n\n\n<figure class=\"wp-block-image size-large\"><img loading=\"lazy\" decoding=\"async\" width=\"1024\" height=\"768\" data-id=\"639\" src=\"https:\/\/sisu.ut.ee\/wp-content\/uploads\/sites\/544\/IMG_20240613_094815-1024x768.jpg\" alt=\"\" class=\"wp-image-639\" srcset=\"https:\/\/sisu.ut.ee\/wp-content\/uploads\/sites\/544\/IMG_20240613_094815-1024x768.jpg 1024w, https:\/\/sisu.ut.ee\/wp-content\/uploads\/sites\/544\/IMG_20240613_094815-300x225.jpg 300w, https:\/\/sisu.ut.ee\/wp-content\/uploads\/sites\/544\/IMG_20240613_094815-768x576.jpg 768w, https:\/\/sisu.ut.ee\/wp-content\/uploads\/sites\/544\/IMG_20240613_094815-1536x1152.jpg 1536w, https:\/\/sisu.ut.ee\/wp-content\/uploads\/sites\/544\/IMG_20240613_094815-2048x1536.jpg 2048w, https:\/\/sisu.ut.ee\/wp-content\/uploads\/sites\/544\/IMG_20240613_094815-1920x1440.jpg 1920w\" sizes=\"auto, (max-width: 1024px) 100vw, 1024px\"><\/figure>\n\n\n\n<figure class=\"wp-block-image size-large\"><img loading=\"lazy\" decoding=\"async\" width=\"1024\" height=\"768\" data-id=\"640\" src=\"https:\/\/sisu.ut.ee\/wp-content\/uploads\/sites\/544\/IMG_20231020_110219-1024x768.jpg\" alt=\"\" class=\"wp-image-640\" srcset=\"https:\/\/sisu.ut.ee\/wp-content\/uploads\/sites\/544\/IMG_20231020_110219-1024x768.jpg 1024w, https:\/\/sisu.ut.ee\/wp-content\/uploads\/sites\/544\/IMG_20231020_110219-300x225.jpg 300w, https:\/\/sisu.ut.ee\/wp-content\/uploads\/sites\/544\/IMG_20231020_110219-768x576.jpg 768w, https:\/\/sisu.ut.ee\/wp-content\/uploads\/sites\/544\/IMG_20231020_110219-1536x1152.jpg 1536w, https:\/\/sisu.ut.ee\/wp-content\/uploads\/sites\/544\/IMG_20231020_110219-2048x1536.jpg 2048w, https:\/\/sisu.ut.ee\/wp-content\/uploads\/sites\/544\/IMG_20231020_110219-1920x1440.jpg 1920w\" sizes=\"auto, (max-width: 1024px) 100vw, 1024px\"><\/figure>\n\n\n\n<figure class=\"wp-block-image size-large\"><img loading=\"lazy\" decoding=\"async\" width=\"1024\" height=\"768\" data-id=\"114\" src=\"https:\/\/sisu.ut.ee\/wp-content\/uploads\/sites\/544\/img_20221006_102959-1024x768.jpg\" alt=\"\" class=\"wp-image-114\" srcset=\"https:\/\/sisu.ut.ee\/wp-content\/uploads\/sites\/544\/img_20221006_102959-1024x768.jpg 1024w, https:\/\/sisu.ut.ee\/wp-content\/uploads\/sites\/544\/img_20221006_102959-300x225.jpg 300w, https:\/\/sisu.ut.ee\/wp-content\/uploads\/sites\/544\/img_20221006_102959-768x576.jpg 768w, https:\/\/sisu.ut.ee\/wp-content\/uploads\/sites\/544\/img_20221006_102959-1536x1152.jpg 1536w, https:\/\/sisu.ut.ee\/wp-content\/uploads\/sites\/544\/img_20221006_102959-2048x1536.jpg 2048w, https:\/\/sisu.ut.ee\/wp-content\/uploads\/sites\/544\/img_20221006_102959-1920x1440.jpg 1920w\" sizes=\"auto, (max-width: 1024px) 100vw, 1024px\"><\/figure>\n\n\n\n<figure class=\"wp-block-image size-large\"><img loading=\"lazy\" decoding=\"async\" width=\"1024\" height=\"768\" data-id=\"560\" src=\"https:\/\/sisu.ut.ee\/wp-content\/uploads\/sites\/544\/IMG_20230213_095746-1-1024x768.jpg\" alt=\"\" class=\"wp-image-560\" srcset=\"https:\/\/sisu.ut.ee\/wp-content\/uploads\/sites\/544\/IMG_20230213_095746-1-1024x768.jpg 1024w, https:\/\/sisu.ut.ee\/wp-content\/uploads\/sites\/544\/IMG_20230213_095746-1-300x225.jpg 300w, https:\/\/sisu.ut.ee\/wp-content\/uploads\/sites\/544\/IMG_20230213_095746-1-768x576.jpg 768w, https:\/\/sisu.ut.ee\/wp-content\/uploads\/sites\/544\/IMG_20230213_095746-1-1536x1152.jpg 1536w, https:\/\/sisu.ut.ee\/wp-content\/uploads\/sites\/544\/IMG_20230213_095746-1-2048x1536.jpg 2048w, https:\/\/sisu.ut.ee\/wp-content\/uploads\/sites\/544\/IMG_20230213_095746-1-1920x1440.jpg 1920w\" sizes=\"auto, (max-width: 1024px) 100vw, 1024px\"><\/figure>\n\n\n\n<figure class=\"wp-block-image size-large\"><img loading=\"lazy\" decoding=\"async\" width=\"1024\" height=\"693\" data-id=\"115\" src=\"https:\/\/sisu.ut.ee\/wp-content\/uploads\/sites\/544\/\/img_20221006_103031-scaled-e1759218203244-1024x693.jpg\" alt=\"\" class=\"wp-image-115\" srcset=\"https:\/\/sisu.ut.ee\/wp-content\/uploads\/sites\/544\/img_20221006_103031-scaled-e1759218203244-1024x693.jpg 1024w, https:\/\/sisu.ut.ee\/wp-content\/uploads\/sites\/544\/img_20221006_103031-scaled-e1759218203244-300x203.jpg 300w, https:\/\/sisu.ut.ee\/wp-content\/uploads\/sites\/544\/img_20221006_103031-scaled-e1759218203244-768x520.jpg 768w, https:\/\/sisu.ut.ee\/wp-content\/uploads\/sites\/544\/img_20221006_103031-scaled-e1759218203244-1536x1040.jpg 1536w, https:\/\/sisu.ut.ee\/wp-content\/uploads\/sites\/544\/img_20221006_103031-scaled-e1759218203244.jpg 1920w\" sizes=\"auto, (max-width: 1024px) 100vw, 1024px\"><\/figure>\n<\/figure>\n\n\n\n<figure class=\"wp-block-gallery has-nested-images columns-default is-cropped wp-block-gallery-2 is-layout-flex wp-block-gallery-is-layout-flex\"><\/figure>\n\n\n\n<div class=\"wp-block-group is-layout-constrained wp-block-group-is-layout-constrained\">\n<div class=\"wp-block-columns is-layout-flex wp-container-core-columns-is-layout-9d6595d7 wp-block-columns-is-layout-flex\">\n<div class=\"wp-block-column is-layout-flow wp-block-column-is-layout-flow\" style=\"flex-basis:100%\">\n<div class=\"wp-block-group is-content-justification-left is-nowrap is-layout-flex wp-container-core-group-is-layout-f56a869c wp-block-group-is-layout-flex\">\n<div class=\"wp-block-columns is-layout-flex wp-container-core-columns-is-layout-9d6595d7 wp-block-columns-is-layout-flex\">\n<div class=\"wp-block-column is-layout-flow wp-block-column-is-layout-flow\" style=\"flex-basis:100%\">\n<div class=\"wp-block-columns is-layout-flex wp-container-core-columns-is-layout-9d6595d7 wp-block-columns-is-layout-flex\">\n<div class=\"wp-block-column is-layout-flow wp-block-column-is-layout-flow\" style=\"flex-basis:100%\">\n<div class=\"wp-block-group is-content-justification-space-between is-nowrap is-layout-flex wp-container-core-group-is-layout-0dfbf163 wp-block-group-is-layout-flex\">\n<div class=\"wp-block-columns is-layout-flex wp-container-core-columns-is-layout-9d6595d7 wp-block-columns-is-layout-flex\">\n<div class=\"wp-block-column is-layout-constrained wp-block-column-is-layout-constrained\" style=\"flex-basis:100%\"><\/div>\n<\/div>\n\n\n\n<figure class=\"wp-block-gallery has-nested-images columns-2 is-cropped wp-block-gallery-3 is-layout-flex wp-block-gallery-is-layout-flex\"><\/figure>\n<\/div>\n<\/div>\n<\/div>\n<\/div>\n<\/div>\n<\/div>\n<\/div>\n<\/div>\n<\/div>\n\n\n\n<div class=\"wp-block-columns is-layout-flex wp-container-core-columns-is-layout-9d6595d7 wp-block-columns-is-layout-flex\">\n<div class=\"wp-block-column is-layout-flow wp-block-column-is-layout-flow\" style=\"flex-basis:50%\"><\/div>\n<\/div>\n\n\n\n<p><\/p>\n","protected":false},"excerpt":{"rendered":"","protected":false},"author":890,"featured_media":909,"parent":0,"menu_order":0,"comment_status":"closed","ping_status":"closed","template":"","meta":{"_acf_changed":false,"inline_featured_image":false,"footnotes":""},"class_list":["post-968","page","type-page","status-publish","has-post-thumbnail","hentry"],"acf":[],"_links":{"self":[{"href":"https:\/\/sisu.ut.ee\/ecotech\/et\/wp-json\/wp\/v2\/pages\/968","targetHints":{"allow":["GET"]}}],"collection":[{"href":"https:\/\/sisu.ut.ee\/ecotech\/et\/wp-json\/wp\/v2\/pages"}],"about":[{"href":"https:\/\/sisu.ut.ee\/ecotech\/et\/wp-json\/wp\/v2\/types\/page"}],"author":[{"embeddable":true,"href":"https:\/\/sisu.ut.ee\/ecotech\/et\/wp-json\/wp\/v2\/users\/890"}],"replies":[{"embeddable":true,"href":"https:\/\/sisu.ut.ee\/ecotech\/et\/wp-json\/wp\/v2\/comments?post=968"}],"version-history":[{"count":1,"href":"https:\/\/sisu.ut.ee\/ecotech\/et\/wp-json\/wp\/v2\/pages\/968\/revisions"}],"predecessor-version":[{"id":969,"href":"https:\/\/sisu.ut.ee\/ecotech\/et\/wp-json\/wp\/v2\/pages\/968\/revisions\/969"}],"wp:featuredmedia":[{"embeddable":true,"href":"https:\/\/sisu.ut.ee\/ecotech\/et\/wp-json\/wp\/v2\/media\/909"}],"wp:attachment":[{"href":"https:\/\/sisu.ut.ee\/ecotech\/et\/wp-json\/wp\/v2\/media?parent=968"}],"curies":[{"name":"wp","href":"https:\/\/api.w.org\/{rel}","templated":true}]}}