{"id":956,"date":"2024-04-04T04:42:47","date_gmt":"2024-04-04T01:42:47","guid":{"rendered":"https:\/\/sisu.ut.ee\/ecotech\/?page_id=956"},"modified":"2026-04-01T12:08:11","modified_gmt":"2026-04-01T09:08:11","slug":"uudised","status":"publish","type":"page","link":"https:\/\/sisu.ut.ee\/ecotech\/et\/uudised\/","title":{"rendered":"Uudised"},"content":{"rendered":"<p><\/p>\n\n\n\n<h2 class=\"wp-block-heading\">Tere tulemast meie \u201euudiste\u201c rubriiki, kus jagame v\u00e4rskeimaid teateid, teadusuudiseid ja meie labori saavutusi. Siit leiad infot meie k\u00e4imasolevate projektide, tulevaste s\u00fcndmuste ja oluliste verstapostide kohta, kui j\u00e4tkame teadusavastuste edendamist.<\/h2>\n\n\n\n<p><\/p>\n\n\n\n<p><\/p>\n\n\n\n<hr class=\"wp-block-separator has-alpha-channel-opacity\">\n\n\n\n<ul class=\"wp-block-list\">\n<li><strong>FutureScapes\u2019i v\u00e4lit\u00f6\u00f6de t\u00f6\u00f6tuba (30.03.26)<\/strong><\/li>\n<\/ul>\n\n\n\n<p>T\u00e4na korraldas ja osales meie meeskond FutureScapes\u2019i projekti raames v\u00e4lit\u00f6\u00f6de t\u00f6\u00f6toas. Kuna aprillis algab intensiivne v\u00e4lit\u00f6\u00f6de periood, oli t\u00e4nase p\u00e4eva eesm\u00e4rk tagada, et k\u00f5ik osalejad tunnevad m\u00f5\u00f5teseadmeid ning oskavad m\u00f5\u00f5tmisi korrektselt l\u00e4bi viia. Muuhulgas vaatasime \u00fcle, kuidas m\u00f5\u00f5ta veetaset, vee pH-d ja hapnikusisaldust, mulla koostist ning gaasivooge. P\u00e4ev oli edukas ning oleme n\u00fc\u00fcd eelseisvateks v\u00e4lit\u00f6\u00f6deks t\u00e4ielikult valmis.<\/p>\n\n\n\n<p>Suur t\u00e4nu Ilonale nii h\u00e4sti struktureeritud ja sisuka t\u00f6\u00f6toa korraldamise eest.<\/p>\n\n\n\n<div class=\"wp-block-columns is-layout-flex wp-container-core-columns-is-layout-9d6595d7 wp-block-columns-is-layout-flex\">\n<div class=\"wp-block-column is-layout-flow wp-block-column-is-layout-flow\">\n<figure class=\"wp-block-image size-large\"><img loading=\"lazy\" decoding=\"async\" width=\"768\" height=\"1024\" src=\"https:\/\/sisu.ut.ee\/wp-content\/uploads\/sites\/544\/20260330_105730-768x1024.jpg\" alt=\"\" class=\"wp-image-1178\"><\/figure>\n<\/div>\n\n\n\n<div class=\"wp-block-column is-layout-flow wp-block-column-is-layout-flow\">\n<figure class=\"wp-block-image size-large\"><img loading=\"lazy\" decoding=\"async\" width=\"768\" height=\"1024\" src=\"https:\/\/sisu.ut.ee\/wp-content\/uploads\/sites\/544\/20260330_110141-768x1024.jpg\" alt=\"\" class=\"wp-image-1179\"><\/figure>\n<\/div>\n\n\n\n<div class=\"wp-block-column is-layout-flow wp-block-column-is-layout-flow\">\n<figure class=\"wp-block-image size-large\"><img loading=\"lazy\" decoding=\"async\" width=\"768\" height=\"1024\" src=\"https:\/\/sisu.ut.ee\/wp-content\/uploads\/sites\/544\/20260330_111755-768x1024.jpg\" alt=\"\" class=\"wp-image-1174\"><\/figure>\n<\/div>\n<\/div>\n\n\n\n<div class=\"wp-block-columns is-layout-flex wp-container-core-columns-is-layout-9d6595d7 wp-block-columns-is-layout-flex\">\n<div class=\"wp-block-column is-layout-flow wp-block-column-is-layout-flow\">\n<figure class=\"wp-block-image size-large\"><img loading=\"lazy\" decoding=\"async\" width=\"768\" height=\"1024\" src=\"https:\/\/sisu.ut.ee\/wp-content\/uploads\/sites\/544\/20260330_114625-768x1024.jpg\" alt=\"\" class=\"wp-image-1176\"><\/figure>\n<\/div>\n\n\n\n<div class=\"wp-block-column is-layout-flow wp-block-column-is-layout-flow\">\n<figure class=\"wp-block-image size-large\"><img loading=\"lazy\" decoding=\"async\" width=\"768\" height=\"1024\" src=\"https:\/\/sisu.ut.ee\/wp-content\/uploads\/sites\/544\/20260330_113710-768x1024.jpg\" alt=\"\" class=\"wp-image-1175\" srcset=\"https:\/\/sisu.ut.ee\/wp-content\/uploads\/sites\/544\/20260330_113710-768x1024.jpg 768w, https:\/\/sisu.ut.ee\/wp-content\/uploads\/sites\/544\/20260330_113710-225x300.jpg 225w, https:\/\/sisu.ut.ee\/wp-content\/uploads\/sites\/544\/20260330_113710-scaled.jpg 1920w\" sizes=\"auto, (max-width: 768px) 100vw, 768px\"><\/figure>\n<\/div>\n\n\n\n<div class=\"wp-block-column is-layout-flow wp-block-column-is-layout-flow\">\n<figure class=\"wp-block-image size-large\"><img loading=\"lazy\" decoding=\"async\" width=\"768\" height=\"1024\" src=\"https:\/\/sisu.ut.ee\/wp-content\/uploads\/sites\/544\/20260330_120350-768x1024.jpg\" alt=\"\" class=\"wp-image-1177\"><\/figure>\n<\/div>\n<\/div>\n\n\n\n<hr class=\"wp-block-separator has-alpha-channel-opacity\">\n\n\n\n<ul class=\"wp-block-list\">\n<li><strong>ForPeat projekt selgitab metsastunud turbaalade rolli kliimas ja nende kestlikku majandamist (24.03.26)<\/strong><\/li>\n<\/ul>\n\n\n\n<p>Valminud on ForPeat projekti tutvustav video, mis k\u00e4sitleb metsastunud turbaalade rolli kliimas\u00fcsteemis ning nende j\u00e4tkusuutlikku majandamist. Videos selgitatakse, kuidas turbaalad toimivad oluliste s\u00fcsinikuhoidlatena, kuid v\u00f5ivad kuivendamise ja intensiivse kasutuse korral muutuda kasvuhoonegaaside allikaks. Samuti antakse \u00fclevaade projekti eesm\u00e4rkidest ja vajadusest leida teadusp\u00f5hiseid lahendusi nende alade keskkonnam\u00f5ju v\u00e4hendamiseks.<strong> Videot vaata <a href=\"https:\/\/www.youtube.com\/watch?v=4uTgQu4QCVI\">siit<\/a>.<\/strong><\/p>\n\n\n\n<hr class=\"wp-block-separator has-alpha-channel-opacity\">\n\n\n\n<ul class=\"wp-block-list\">\n<li><strong>Tartu \u00dclikooli lahtiste uste p\u00e4ev<\/strong> <strong>(26.02.26)<\/strong><\/li>\n<\/ul>\n\n\n\n<p>Meie t\u00f6\u00f6r\u00fchm osales Tartu \u00dclikooli lahtiste uste p\u00e4eval p\u00f5neva t\u00f6\u00f6toaga, mille pealkirjaks oli \u201eMida taimed hingavad? Tule n\u00e4e n\u00e4htamatut!\u201c. T\u00f6\u00f6toa l\u00e4biviimine toimus v\u00e4ga huvitavas ja erilise atmosf\u00e4\u00e4riga kohas \u2014 pommivarjendis, mis tekitas k\u00fclastajates palju uudishimu.<\/p>\n\n\n\n<p>T\u00f6\u00f6toa jooksul r\u00e4\u00e4kisime ja demonstreerisime huvilistele s\u00fcsihappegaasi ja metaani omadusi. Samuti selgitasime ja n\u00e4itasime praktiliselt, kuidas me teostame v\u00e4lit\u00f6\u00f6del kambrim\u00f5\u00f5tmisi kasvuhoonegaaside voogude hindamiseks. Julgemad osalejad said selga proovida ka meie v\u00e4lit\u00f6\u00f6 varustust.<\/p>\n\n\n\n<p>T\u00f6\u00f6toa viimases praktilises osas tuli \u00e4ra arvata, milline looduslik vesi asub erinevates anumates. Abivahendina sai kasutada meie veekeemia m\u00f5\u00f5tmisseadet, mis n\u00e4itas mitmeid vee parameetreid, nagu hapniku sisaldus, elektrijuhtivus, pH ja palju muud.<\/p>\n\n\n\n<p>T\u00f6\u00f6toa l\u00f5petuseks vestlesime t\u00f6\u00f6r\u00fchma tegevustest, jagasime kogemusi \u00fclikooli elust \u00fcldiselt ning tutvustasime oma teadust\u00f6id ja projekte.<\/p>\n\n\n\n<p>T\u00f6\u00f6toa tegid J\u00fcrgen, Joosep, Ilona ja Annabel.<\/p>\n\n\n\n<p>\u00dcrituse kohta saab pikemalt lugeda <a href=\"https:\/\/ut.ee\/et\/lahtised-uksed\">siit.<\/a><\/p>\n\n\n\n<figure class=\"wp-block-gallery has-nested-images columns-default is-cropped wp-block-gallery-1 is-layout-flex wp-block-gallery-is-layout-flex\">\n<figure class=\"wp-block-image\"><img loading=\"lazy\" decoding=\"async\" width=\"2560\" height=\"1920\" data-id=\"1120\" src=\"https:\/\/sisu.ut.ee\/wp-content\/uploads\/sites\/544\/img_2499-scaled.jpg\" alt=\"\" class=\"wp-image-1120\" srcset=\"https:\/\/sisu.ut.ee\/wp-content\/uploads\/sites\/544\/img_2499-scaled.jpg 2560w, https:\/\/sisu.ut.ee\/wp-content\/uploads\/sites\/544\/img_2499-300x225.jpg 300w, https:\/\/sisu.ut.ee\/wp-content\/uploads\/sites\/544\/img_2499-1024x768.jpg 1024w, https:\/\/sisu.ut.ee\/wp-content\/uploads\/sites\/544\/img_2499-768x576.jpg 768w, https:\/\/sisu.ut.ee\/wp-content\/uploads\/sites\/544\/img_2499-1920x1440.jpg 1920w\" sizes=\"auto, (max-width: 2560px) 100vw, 2560px\"><\/figure>\n\n\n\n<figure class=\"wp-block-image\"><img loading=\"lazy\" decoding=\"async\" width=\"1920\" height=\"2560\" data-id=\"1121\" src=\"https:\/\/sisu.ut.ee\/wp-content\/uploads\/sites\/544\/20260226_140922-scaled.jpg\" alt=\"\" class=\"wp-image-1121\" srcset=\"https:\/\/sisu.ut.ee\/wp-content\/uploads\/sites\/544\/20260226_140922-scaled.jpg 1920w, https:\/\/sisu.ut.ee\/wp-content\/uploads\/sites\/544\/20260226_140922-225x300.jpg 225w, https:\/\/sisu.ut.ee\/wp-content\/uploads\/sites\/544\/20260226_140922-768x1024.jpg 768w\" sizes=\"auto, (max-width: 1920px) 100vw, 1920px\"><\/figure>\n<\/figure>\n\n\n\n<hr class=\"wp-block-separator has-alpha-channel-opacity\">\n\n\n\n<ul class=\"wp-block-list\">\n<li><strong>Meie t\u00f6\u00f6r\u00fchm Maarjav\u00e4lja karj\u00e4\u00e4rip\u00e4eval (18.02.26)<\/strong><\/li>\n<\/ul>\n\n\n\n<p>Esmakordselt said \u00fclikooli korraldataval Maarjav\u00e4lja karj\u00e4\u00e4rip\u00e4eval osaleda ka instituudid ja nende t\u00f6\u00f6r\u00fchmad. Loomulikult olime kohal ka meie, et tutvustada oma teadust\u00f6\u00f6d ja esindada t\u00f6\u00f6r\u00fchma tegemisi. Meie t\u00f6\u00f6r\u00fchma esindasid Annabel ja Lii.<\/p>\n\n\n\n<p>Karj\u00e4\u00e4rip\u00e4eva eesm\u00e4rk on tutvustada loodus- ja t\u00e4ppisteaduste valdkonna tudengitele erinevaid karj\u00e4\u00e4riv\u00f5imalusi. \u00dcritusel otsisime motiveeritud tudengeid, kes oleksid huvitatud bakalaureuse-, magistri- v\u00f5i doktorit\u00f6\u00f6 kirjutamisest meie t\u00f6\u00f6r\u00fchmas. Lisaks pakkusime ka praktikav\u00f5imalusi.<\/p>\n\n\n\n<p>P\u00e4ev oli igati edukas \u2014 kohtusime paljude asjast huvitatud ja motiveeritud noortega ning saime tutvustada oma uurimisteemasid ja k\u00e4imasolevaid projekte.<\/p>\n\n\n\n<p>\u00dcrituse kohta saab rohkem lugeda <a href=\"https:\/\/reaalteadused.ut.ee\/et\/sisu\/maarjavalja-karjaaripaev-2026\">siit.<\/a><\/p>\n\n\n\n<figure class=\"wp-block-image aligncenter size-large is-resized\"><img loading=\"lazy\" decoding=\"async\" width=\"768\" height=\"1024\" src=\"https:\/\/sisu.ut.ee\/wp-content\/uploads\/sites\/544\/img_0750-768x1024.jpeg\" alt=\"\" class=\"wp-image-1103\" style=\"width:416px;height:auto\" srcset=\"https:\/\/sisu.ut.ee\/wp-content\/uploads\/sites\/544\/img_0750-768x1024.jpeg 768w, https:\/\/sisu.ut.ee\/wp-content\/uploads\/sites\/544\/img_0750-225x300.jpeg 225w, https:\/\/sisu.ut.ee\/wp-content\/uploads\/sites\/544\/img_0750-scaled.jpeg 1920w\" sizes=\"auto, (max-width: 768px) 100vw, 768px\"><\/figure>\n\n\n\n<hr class=\"wp-block-separator has-alpha-channel-opacity\">\n\n\n\n<ul class=\"wp-block-list\">\n<li><strong>Iga-aastane doktorantide kirjutamislaager K\u00e4\u00e4riku Spordikeskuses (16.02\u201318.02.26)<\/strong><\/li>\n<\/ul>\n\n\n\n<p>Meie meeskond kogunes taas K\u00e4\u00e4riku Spordikeskusesse traditsioonilisele iga-aastasele doktorantide kirjutamislaagrile \u2014 keskendunud \u00fcritusele, mille peamine eesm\u00e4rk on doktorit\u00f6\u00f6de k\u00e4sikirjade ja v\u00e4itekirjade edendamine ning samal ajal ka k\u00e4imasolevate teadusartiklite arendamine.<\/p>\n\n\n\n<p>Hetkel on t\u00f6\u00f6s mitmed uurimused. Meie professor Kuno j\u00e4tkab oma artikli valmimist, mis k\u00e4sitleb metaani (CH\u2084) d\u00fcnaamikat savanni \u00f6kos\u00fcsteemides. Ilona on alustanud uue globaalset metaani k\u00e4sitleva artikli koostamist, mis keskendub voogusid m\u00f5jutavatele teguritele vabaveelistes \u00f6kos\u00fcsteemides. Kadir<strong> <\/strong>on l\u00f5petamas uurimust, mis k\u00e4sitleb energia- ja veebilanssi mahaj\u00e4etud turbakaevandusaladel ning taastatud turbaaladel.<\/p>\n\n\n\n<p>Kuivenduskraavide kasvuhoonegaaside (KHG) voogude uurimine liigub samuti edasi. Joosep<strong> <\/strong>anal\u00fc\u00fcsib kraavide KHG vooge enne ja p\u00e4rast rekonstrueerimist\u00f6id. Paralleelselt viib J\u00fcrgen<strong> <\/strong>l\u00f5pule artiklit, mis k\u00e4sitleb veekvaliteedi muutusi p\u00e4rast metsakuivenduskraavide rekonstrueerimist ning v\u00f5imalikke leevendusmeetmeid.<\/p>\n\n\n\n<p>Samuti on meil hea meel jagada, et Isaac on ametlikult laagri jooksul alustanud oma doktorit\u00f6\u00f6ga.<\/p>\n\n\n\n<p>Nagu ikka, \u00fchendas kirjutamislaager intensiivsed t\u00f6\u00f6p\u00e4evad sportlike tegevuste ja saunaga \u2014 hoides nii vaimu kui ka keha v\u00e4rske ja energilisena kogu protsessi v\u00e4ltel.<\/p>\n\n\n\n<p><strong>Kestliku maakasutuse tippkeskus (<a href=\"https:\/\/futurescapes.ee\/ee\/\">FutureScapes<\/a>) \u2013 <a href=\"https:\/\/www.forpeat.eu\/about-project\">ForPeat<\/a> \u2013 <a href=\"https:\/\/www.rewet-he.eu\/\">REWET<\/a><\/strong><\/p>\n\n\n\n<figure class=\"wp-block-image aligncenter size-large is-resized\"><img loading=\"lazy\" decoding=\"async\" width=\"1024\" height=\"768\" src=\"https:\/\/sisu.ut.ee\/wp-content\/uploads\/sites\/544\/\/image-3-1024x768.png\" alt=\"\" class=\"wp-image-1093\" style=\"width:659px;height:auto\" srcset=\"https:\/\/sisu.ut.ee\/wp-content\/uploads\/sites\/544\/image-3-1024x768.png 1024w, https:\/\/sisu.ut.ee\/wp-content\/uploads\/sites\/544\/image-3-300x225.png 300w, https:\/\/sisu.ut.ee\/wp-content\/uploads\/sites\/544\/image-3-768x576.png 768w, https:\/\/sisu.ut.ee\/wp-content\/uploads\/sites\/544\/image-3.png 1726w\" sizes=\"auto, (max-width: 1024px) 100vw, 1024px\"><\/figure>\n\n\n\n<hr class=\"wp-block-separator has-alpha-channel-opacity\">\n\n\n\n<ul class=\"wp-block-list\">\n<li>Meil on hea meel teatada, et <strong>NitroScope\u2019i veebileht on n\u00fc\u00fcd internetis saadaval!<\/strong> (30.01.26) \u2013 <a href=\"https:\/\/nitroscope.eu\/\" target=\"_blank\" rel=\"noreferrer noopener\">https:\/\/nitroscope.eu\/<\/a><\/li>\n<\/ul>\n\n\n\n<hr class=\"wp-block-separator has-alpha-channel-opacity\">\n\n\n\n<ul class=\"wp-block-list\">\n<li><strong>NitroScope\u2019i pressiteade<\/strong> (11.11.2025), Gent : <a href=\"https:\/\/www.youtube.com\/watch?v=SpHi2KfiOuI\">https:\/\/www.youtube.com\/watch?v=SpHi2KfiOuI<\/a><\/li>\n<\/ul>\n\n\n\n<figure class=\"wp-block-image aligncenter size-full\"><img loading=\"lazy\" decoding=\"async\" width=\"369\" height=\"207\" src=\"https:\/\/sisu.ut.ee\/wp-content\/uploads\/sites\/544\/image-1.png\" alt=\"\" class=\"wp-image-845\" srcset=\"https:\/\/sisu.ut.ee\/wp-content\/uploads\/sites\/544\/image-1.png 369w, https:\/\/sisu.ut.ee\/wp-content\/uploads\/sites\/544\/image-1-300x168.png 300w\" sizes=\"auto, (max-width: 369px) 100vw, 369px\"><\/figure>\n\n\n\n<p class=\"has-text-align-center\"><strong>Euroopas tehakse l\u00e4mmastiku haldamises m\u00e4rkimisv\u00e4\u00e4rne edasiminek<\/strong><\/p>\n\n\n\n<p class=\"has-text-align-center\"><strong>NitroScope\u2019i projekt k\u00e4ivitub Gendis<\/strong><\/p>\n\n\n\n<p>L\u00e4mmastik on p\u00f5llumajanduse tootlikkuse nurgakivi, kuid selle liigne kasutamine kahjustab j\u00e4tkuvalt mulla tervist, vee kvaliteeti ja kliimat. Selle v\u00e4ljakutse lahendamiseks k\u00e4ivitati NitroScope\u2019i projekt ametlikult kahepoolses kohtumises<strong> Gent\u2019i \u00fclikoolis<\/strong>. Projekti eesm\u00e4rk on <strong>edendada l\u00e4mmastikuvoogude kvantifitseerimist, haldamist ja s\u00e4ilitamist kogu Euroopas<\/strong>, aidates farmeritel ja poliitikakujundajatel v\u00f5tta kasutusele j\u00e4tkusuutlikumaid praktikaid.<\/p>\n\n\n\n<p><strong>Kliimaneutraalsuse saavutamine aastaks 2050 on Euroopa rohelise kokkuleppe keskne eesm\u00e4rk. Kuid p\u00f5llumajandusest p\u00e4rinevad gaasilised l\u00e4mmastikuheitmed mullast j\u00e4\u00e4vad sageli t\u00e4helepanuta, kuna nende j\u00e4lgimine on keeruline.<\/strong><\/p>\n\n\n\n<p><strong>Avakoosoleku \u00fclevaade<\/strong><\/p>\n\n\n\n<p>Koordineeriva partneri Gent\u2019i \u00dclikooli poolt korraldatud koosolek t\u00f5i kokku esindajad 25 partnerorganisatsioonist \u00fcle Euroopa, sealhulgas \u00fclikoolidest, teaduskeskustest ja t\u00f6\u00f6stuse liidritest. Rohkem kui 50 eksperti 15 riigist kogunesid, et \u00fchtlustada \u00fchine visioon l\u00e4mmastikukadude j\u00e4lgimiseks ja v\u00e4hendamiseks Euroopa muldadest.<\/p>\n\n\n\n<p>Kahep\u00e4evase koosoleku jooksul tegi konsortsium j\u00e4rgmist:<\/p>\n\n\n\n<ul class=\"wp-block-list\">\n<li>Arutas NitroScope\u2019i eesm\u00e4rke ja metoodikaid, keskendudes p\u00f5llumajandusest tulenevate l\u00e4mmastikukadude v\u00e4hendamisele ning l\u00e4mmastiku kasutamise t\u00f5hususe parandamisele.<\/li>\n\n\n\n<li>Kirjeldati uuenduslike anduritehnoloogiate kasutuselev\u00f5ttu, sealhulgas mitmeandurilisi mulla platvorme ja kaugseiret, enam kui 100 andmekogumiskoha ja 5 pilootkoha ulatuses, h\u00f5lmates Euroopa erinevaid mullastiku- ja kliimav\u00f6\u00f6ndeid.<\/li>\n\n\n\n<li>Arutati mitme osapoole kaasamise strateegiaid, et kaasata p\u00f5llumehi, n\u00f5ustajaid ja poliitikakujundajaid l\u00e4mmastikuvoogude j\u00e4lgimisse ning j\u00e4tkusuutlike halduspraktikate \u00fchisarendamisse.<\/li>\n<\/ul>\n\n\n\n<p><strong>NitroScope\u2019i eesm\u00e4rgid<\/strong><\/p>\n\n\n\n<p>NitroScope\u2019i ambitsiooniks on pakkuda s\u00fcsteemseid lahendusi l\u00e4mmastikuvoogude paremaks kvantifitseerimiseks ja haldamiseks, alates p\u00f5llust kuni kontinendi tasandini. Projekt teeb j\u00e4rgmist:<\/p>\n\n\n\n<ul class=\"wp-block-list\">\n<li>Arendab ja valideerib andurip\u00f5hiseid t\u00f6\u00f6riistu ja mudeleid nitraadi leostumise ja dil\u00e4mmastikoksiidi heitmete reaalajas j\u00e4lgimiseks.<\/li>\n\n\n\n<li>Loob Euroopa l\u00e4mmastikuandmebaasi ja pilveplatvormi, tagades avatud ligip\u00e4\u00e4su ning mulla-, taime- ja heitmete andmete \u00fchtlustamise.<\/li>\n\n\n\n<li>Arendada talude haldusmooduleid, mis integreeritakse olemasolevatesse otsustustoe s\u00fcsteemidesse ning aitavad p\u00f5llumeestel v\u00e4etise kasutamist t\u00e4pselt ajaliselt ja kohap\u00f5hiselt optimeerida.<\/li>\n\n\n\n<li>Uuendada Euroopa l\u00e4mmastiku bilanssi esmakordselt enam kui kahe aastak\u00fcmne j\u00e4rel, kasutades uusi andmeid ja t\u00e4iustatud modelleerimist.<\/li>\n\n\n\n<li>T\u00f6\u00f6tada v\u00e4lja poliitikasoovitused, mis toetavad Euroopa Liidu rohelist kokkulepet, 2030. aasta mulla strateegiat ja nitraadidirektiivi.<\/li>\n<\/ul>\n\n\n\n<p><strong>Avakoosoleku tulemused<\/strong><\/p>\n\n\n\n<p>Avakoosolekul koostati p\u00f5hjalik tegevuskava, milles selgitati tehnilisi verstaposte, osapoolte kaasamise ajakavasid ja kommunikatsioonitegevusi. Partnerid leppisid kokku ka NitroScope\u2019i viie pilootala strateegias, mis asuvad Belgias, \u0160veitsis, Itaalias, Norras ja Kreekas ning kus testitakse kohandatud t\u00e4ppisl\u00e4mmastiku juhtimise ja s\u00e4ilitamise praktikaid kohalike tingimuste jaoks.<\/p>\n\n\n\n<p><strong>\u201cNitroScope annab seni k\u00f5ige detailsema \u00fclevaate Euroopa l\u00e4mmastikuvoogudest, aidates p\u00f5llumeestel ja otsustajatel astuda konkreetseid samme j\u00e4tkusuutliku mullahaldamise suunas,\u201d \u00fctles Gent\u2019i \u00fclikooli professor Abdul Mouazen, NitroScope\u2019i koordinaator. \u201e\u00dchendades tipptasemel teaduse praktiliste t\u00f6\u00f6riistadega, on meie eesm\u00e4rk muuta l\u00e4mmastiku t\u00f5hus kasutamine reaalsuseks kogu Euroopas.\u201d.<\/strong><\/p>\n\n\n\n<p><strong>J\u00e4rgmised sammud<\/strong><\/p>\n\n\n\n<p>J\u00e4rgmise paarikuu jooksul hakkavad NitroScope\u2019i partnerid paigaldama andureid, looma talude v\u00f5rgustikke ja \u00fcles seadma projekti pilvep\u00f5hist andmebaasi. Esialgseid tulemusi l\u00e4mmastikuvoogude mustritest ja halduspraktikatest oodatakse 2026. aasta keskpaigas, mis aitab kaasa Euroopa \u00fcleminekule kliimateadlikule ja vastupidavale p\u00f5llumajandusele.<\/p>\n\n\n\n<p><em>Projekti konsortsium<\/em><\/p>\n\n\n\n<p>Genti \u00dclikool<br>Hahn-Schickard<br>Valloonia P\u00f5llumajandusuuringute Keskus<br>Norra Maaelu Teaduste \u00dclikool<br>Sein\u00e4joki Rakendus\u00fclikool<br>Helsingi \u00dclikool<br>Taertu \u00dclikool<br>Kreeta Tehnika\u00fclikool<br>Ateena P\u00f5llumajandus\u00fclikool<br>Ca Colonna Societ\u00e0 Agricola (p\u00f5llumajandusettev\u00f5te Itaaliast)<br>FCi\u00eancias.ID \u2013 teadusuuringute ja teaduse arendamise \u00fching<br>Lissaboni \u00dclikooli Teaduskond<br>T\u0161ehhi Maaelu Teaduste \u00dclikool, Praha<br>Mulla- ja Taimekasvatuse Instituut<br>Edinburghi \u00dclikool<br>MT\u00dc Mulla Kaitse<br>Arengu ja Innovatsiooni Instituut<br>Prinsus<br>Kaiserslauterni\u2013Landaui \u00dclikool<br>EarthDaily Agro<br>Leibnizi K\u00f6\u00f6givilja- ja Dekoratiivtaimede Instituut<br>Cesens Technologies (tehnoloogiaettev\u00f5te)<br>ena Development Consultants (arendus- ja konsultatsioonifirma)<br>L\u00e4\u00e4ne-\u0160veitsi Rakendus- ja Kunsti\u00fclikool<br>Agroscope (\u0160veitsi p\u00f5llumajanduse ja toiduteaduse uurimisasutus)<\/p>\n\n\n\n<p><\/p>\n\n\n\n<p>T\u00e4iendava teabe saamiseks v\u00f5ite v\u00f5tta \u00fchendust projekti koordinaatori, professor Abdul Mouazeni, ning kommunikatsioonijuhi, proua Zafeiro Vaxevanidou\u2019ga aadressil info@nitroscope.eu<\/p>\n\n\n\n<figure class=\"wp-block-image aligncenter size-large\"><img loading=\"lazy\" decoding=\"async\" width=\"1024\" height=\"707\" src=\"https:\/\/sisu.ut.ee\/wp-content\/uploads\/sites\/544\/\/Press-release_LANDSCAPE-1024x707.jpg\" alt=\"\" class=\"wp-image-848\" srcset=\"https:\/\/sisu.ut.ee\/wp-content\/uploads\/sites\/544\/Press-release_LANDSCAPE-1024x707.jpg 1024w, https:\/\/sisu.ut.ee\/wp-content\/uploads\/sites\/544\/Press-release_LANDSCAPE-300x207.jpg 300w, https:\/\/sisu.ut.ee\/wp-content\/uploads\/sites\/544\/Press-release_LANDSCAPE-768x530.jpg 768w, https:\/\/sisu.ut.ee\/wp-content\/uploads\/sites\/544\/Press-release_LANDSCAPE-1920x1326.jpg 1920w, https:\/\/sisu.ut.ee\/wp-content\/uploads\/sites\/544\/Press-release_LANDSCAPE.jpg 1953w\" sizes=\"auto, (max-width: 1024px) 100vw, 1024px\"><\/figure>\n\n\n\n<hr class=\"wp-block-separator has-alpha-channel-opacity\">\n\n\n\n<p><\/p>\n","protected":false},"excerpt":{"rendered":"<p>Tere tulemast meie \u201euudiste\u201c rubriiki, kus jagame v\u00e4rskeimaid teateid, teadusuudiseid ja meie labori saavutusi. Siit leiad infot meie k\u00e4imasolevate projektide, tulevaste s\u00fcndmuste ja oluliste verstapostide kohta, kui j\u00e4tkame teadusavastuste edendamist. T\u00e4na korraldas ja osales meie meeskond FutureScapes\u2019i projekti raames v\u00e4lit\u00f6\u00f6de &#8230;<\/p>\n","protected":false},"author":890,"featured_media":955,"parent":0,"menu_order":0,"comment_status":"closed","ping_status":"closed","template":"","meta":{"_acf_changed":false,"inline_featured_image":false,"footnotes":""},"class_list":["post-956","page","type-page","status-publish","has-post-thumbnail","hentry"],"acf":[],"_links":{"self":[{"href":"https:\/\/sisu.ut.ee\/ecotech\/et\/wp-json\/wp\/v2\/pages\/956","targetHints":{"allow":["GET"]}}],"collection":[{"href":"https:\/\/sisu.ut.ee\/ecotech\/et\/wp-json\/wp\/v2\/pages"}],"about":[{"href":"https:\/\/sisu.ut.ee\/ecotech\/et\/wp-json\/wp\/v2\/types\/page"}],"author":[{"embeddable":true,"href":"https:\/\/sisu.ut.ee\/ecotech\/et\/wp-json\/wp\/v2\/users\/890"}],"replies":[{"embeddable":true,"href":"https:\/\/sisu.ut.ee\/ecotech\/et\/wp-json\/wp\/v2\/comments?post=956"}],"version-history":[{"count":21,"href":"https:\/\/sisu.ut.ee\/ecotech\/et\/wp-json\/wp\/v2\/pages\/956\/revisions"}],"predecessor-version":[{"id":1188,"href":"https:\/\/sisu.ut.ee\/ecotech\/et\/wp-json\/wp\/v2\/pages\/956\/revisions\/1188"}],"wp:featuredmedia":[{"embeddable":true,"href":"https:\/\/sisu.ut.ee\/ecotech\/et\/wp-json\/wp\/v2\/media\/955"}],"wp:attachment":[{"href":"https:\/\/sisu.ut.ee\/ecotech\/et\/wp-json\/wp\/v2\/media?parent=956"}],"curies":[{"name":"wp","href":"https:\/\/api.w.org\/{rel}","templated":true}]}}