{"id":940,"date":"2024-04-04T04:42:48","date_gmt":"2024-04-04T01:42:48","guid":{"rendered":"https:\/\/sisu.ut.ee\/ecotech\/?page_id=940"},"modified":"2026-03-19T12:05:04","modified_gmt":"2026-03-19T10:05:04","slug":"publikatsioonid","status":"publish","type":"page","link":"https:\/\/sisu.ut.ee\/ecotech\/et\/publikatsioonid\/","title":{"rendered":"Publikatsioonid"},"content":{"rendered":"<ul class=\"wp-block-list\">\n<li>Sarjas, J; K\u00f5iv-Vainik, M; Tamm, I; Kasak, K. (2026) Long-term assessment of in-stream treatment wetland efficiency in mitigating agricultural diffuse pollution, 33(?). doi: 10.1007\/s11356-026-37613-2<\/li>\n\n\n\n<li>Kiew, F; Hirata, R; Hirano, T; Wong, G. X.; Waili, J. W; San Lo, K; Soosaar, K; Kasak, K; Mander, \u00dc; Melling, L. (2026) Carbon dioxide dynamics across three stages of tropical peatland conversion to oil palm plantations, 378 (12). doi: 10.1016\/j.agrformet.2025.110956<\/li>\n\n\n\n<li>Kasak, K; Ahmadi, A; Dronova, I; Arias\u2010Ortiz, A; Wang, T; Valach, A. C.; Szutu, D; Verfaillie, J; Baldocchi, D. D. (2026) Interannual Variability in Greenhouse Gas Emissions Challenges Post\u2010Restoration Net Sink Predictions in California Delta Wetlands, 32 (1). doi: 10.1111\/gcb.70700<\/li>\n\n\n\n<li>Kasak, K; Dronova, I; Soosaar, K; Melling, L; Wong, G. X; Sangok, F; Ranniku, R; Villa, J. A; Bansal, S; Peacock, M; Mander, \u00dc (2025) Greenhouse gas emissions from ditches in oil palm plantations on tropical peatlands in Malaysia, 15 (37126). doi: 10.1038\/s41598-025-21094-3<\/li>\n\n\n\n<li>Yildiz, K; Okiti, I; Tamm, I; Pindus, M; Kohv, M; Matejuk, D; Kasak; K (2025) Carbon balance in an abandoned peat extraction area influenced by spatial heterogeneity and vegetation development, 375 (110872). doi: 10.1016\/j.agrformet.2025.110872<\/li>\n\n\n\n<li>Lindenberger, A; Rauch, H.P; Kasak, K; Stelzhammer, M; von der Thannen, M (2025) Impact of various flood conditions on the CO<sub>2<\/sub>\u00a0ecosystem exchange as a component of floodpain grassland restoration. 212 (107489). doi: 10.1016\/j.ecoleng.2024.107489<\/li>\n\n\n\n<li>K\u00f5iv-Vainik, M; Ostonen, I; Kanu-Oji, C.O; Kasak, K (2025)\u00a0Assessment of nutrient storage and translocation in winter harvested Typha latifolia from free-water surface treatment wetland mitigating diffuse agricultural pollution. The Science of The Total Environment, 962 (178424). doi: 10.1016\/j.scitotenv.2025.178424<\/li>\n\n\n\n<li>Shively, E; Mortazavi, S; Boutin, R; Bastien-Thibault, M.P; T\u00f6r\u00f6k, T; Gagnon-Fee, D; Alizadeh, S; K\u00f5iv-Vainik, M; Hawari, J; Labrecque, M; Comeau, Y (2025) Efficiency of planted and unplanted vertical flow aerated filters in treatment of young landfill leachate. Ecological Engineering, 212 (107498). doi: 10.1016\/j.ecoleng.2024.107498<\/li>\n\n\n\n<li>Beral, H; Brisson, J; K\u00f5iv\u2010Vainik, M; Laur, J; Dagenais, D (2025) Influence of Plant Species and De\u2010Icing Salt on Microbial Communities in Bioretention. Environmental Microbiology Reports, 17 (5). doi: 10.1111\/1758-2229.70193<\/li>\n\n\n\n<li>Kazmi, F. A; Espenberg, M; Parn, J; Masta, M; Ranniku, R; Thayamkottu, S; Mander, \u00dc (2025) Meltwater of freeze-thaw cycles drives N2O-governing microbial communities in a drained peatland forest soil. Biology and Fertility of Soils, 61 (14). doi: 10.1007\/s00374-023-01790-w<\/li>\n\n\n\n<li>Ranniku, R; Kazmi, F. A; Espenberg, M; Truup\u00f5ld, J; Escuer-Gatius, J; Mander, \u00dc; Soosaar, K (2025) Springtime soil and tree stem greenhouse gas fluxes and the related soil microbiome pattern in a drained peatland forest. Biogeochemistry, 168 (48). doi: 10.1007\/s10533-025-01238-3<\/li>\n\n\n\n<li>Kazmi, F. A; Mander, \u00dc; Ranniku, R; \u00d6pik, M; P\u00fcssa, K; Soosaar, K; Kasak, K; Masta, M; Ah-Peng, C; Espenberg, M (2025) Nitrogen cycling genes abundance in soil and aboveground compartments of tropical peatland cloud forests and a wetland on R\u00e9union Island. Scientific Reports, 15 (1). doi: 10.1038\/s41598-025-12367-y<\/li>\n\n\n\n<li>Kazmi, F. A; Mander, \u00dc; Khanongnuch, R; \u00d6pik, M; Ranniku, R; Soosaar, K; Masta, M; Tenhovirta, S. A. M; Kasak, K; Ah-Peng, C; Espenberg, M (2025) Distinct microbial communities drive methane cycling in below- and above-ground compartments of tropical cloud forests growing on peat. Environmental Microbiome, 20 (1). doi: 10.1186\/s40793-025-00718-1<\/li>\n\n\n\n<li>\u00d5unapuu-Pikas, E; Tullus, A; Kupper, P; Tamm, I; Reinthal, T; Sellin, A (2025) Foliage development and resource allocation determine the growth responses of silver birch (Betula pendula) to elevated environmental humidity. Tree Physiology, 45 (1). doi: 10.1093\/treephys\/tpae161<\/li>\n\n\n\n<li>\u00a0\u00d5unapuu-Pikas, E; Venisse, J-S; H\u00f5rak, H; Tamm, I; Label, P, Sellin, A (2025) Elevated environmental humidity modulates aquaporin expression and impacts leaf hydraulic efficiency in silver birch (Betula pendula). New Phytologist, 229 (5). doi: 10.1111\/nph.70702<\/li>\n\n\n\n<li>Choudhury M. I; Espenberg, M; Hauber, M. M; Kasak, K; Hylander, S. (2024) Application of Floating Beds Constructed with Woodchips for Nitrate Removal and Plant Growth in Wetlands. Water, Air, &amp; Soil Pollution, 235. doi: 10.1007\/s11270-024-07275-2<\/li>\n\n\n\n<li>Okiti, I; Kull, A; Soosaar, K; Pindus, M.; Kasak, K. (2024) Assessing short-term gaseous carbon losses in wetland ecosystems: The influence of winter harvesting of plants. Ecological Engineering, 204. doi: 10.1016\/j.ecoleng.2024.107278<\/li>\n\n\n\n<li>Mander, \u00dc; Maddison, M; Valach, A. C; Soosaar, K; Kill, K; Kasak, K (2024) High methane emissions as trade-off for phosphorus removal in surface flow treatment wetlands. Aquatic Botany, 190, 103719. doi: 10.1016\/j.aquabot.2023.103719<\/li>\n\n\n\n<li>Ranniku, R; Mander, \u00dc; Escuer-Gatius, J; Schindler, T; Kupper, P; Sellin, A; Soosaar, K (2024) Dry and wet periods determine stem and soil greenhouse gas fluxes in a northern drained peatland forest. The Science of The Total Environment, 928 (11). doi: 10.1016\/j.scitotenv.2024.172452<\/li>\n\n\n\n<li>Dias, A; Van Houdt, S; Meschin, K; Von Stackelberg, K; Bago, M.-L; Baldarelli, L; Gonzalez, K; Luuk, M; Delubac, T; Bottagisio, E; Kasak, K; Kebabci, A; Levers, O; Miilvee, I; Paju-Hamburg, J; Poncet, R. Sanfilippo, M; Sildam, J; Stepanov, D; Karnauskaite, D (2023) Using essential biodiversity variables to assess forest ecosystem integrity. Frontiers in Forests and Global Change, 6, 1098901. doi: 10.3389\/ffgc.2023.1098901<\/li>\n\n\n\n<li>Graf, A; Wohlfahrt, G; Aranda-Barranco, S; Arriga, N; Br\u00fcmmer, C; Ceschia, E; Ciais, P; Desai, A.\u00a0R.; Di Lonardo, S; Gharun, M; Gr\u00fcnwald, T; H\u00f6rtnagl, L; Kasak, K; Klosterhalfen, A; Knohl, A; Kowalska, N; Leuchner, M; Lindroth, A; Mauder, M; Migliavacca, M; Morel, A.\u00a0C.; Pfennig, A; Poorter, H; Ter\u00e1n, C.\u00a0P; Reitz, O; Rebmann, C; Sanchez-Azofeifa, A; Schmidt, M; \u0160igut, L; Tomelleri, E; Yu, K; Varlagin, A; Vereecken, H (2023) Joint optimization of land carbon uptake and albedo can help achieve moderate instantaneous and long-term cooling effects.\u00a0Communications Earth &amp; Environment, 4 (1). doi: 10.1038\/s43247-023-00958-4<\/li>\n\n\n\n<li>Beral, H; Dagenais, D; Brisson, J; K\u00f5iv-Vainik, M (2023) Plant species contribution to bioretention performance under a temperate climate. The Science of The Total Environment, 858 (160122). doi: 10.1016\/j.scitotenv.2022.160122<\/li>\n\n\n\n<li>Beral, H; Dagenais, D; Brisson, J; K\u00f5iv-Vainik, M ( 2023) Impact of de-icing salt runoff in spring on bioretention efficiency. Blue-Green Systems, 5 (2). doi: 10.2166\/bgs.2023.036<\/li>\n\n\n\n<li>Ranniku, R; Schindler, T; Escuer-Gatius, J; Mander, \u00dc; Machacova, K; Soosaar, K (2023) Tree stems are a net source of CH4 and N2O in a hemiboreal drained peatland forest during the winter period. Environmental Research Communications, 5 (5). doi: 10.1088\/2515-7620\/acd7c7<\/li>\n\n\n\n<li>Raudsepp, A; J\u00e4ger, R; Nerut, J; Valk, P; Teppor, P; Koppel, M; Aruv\u00e4li, J; Laanem\u00e4e, J; Lobjakas, W; Lust, E (2023) Preparation of Membrane Electrode Assemblies Using Waste Tire Derived Carbon Supported Platinum Catalyst. ECS Transactions, 111 (5). doi: 10.1149\/11105.0051ecst<\/li>\n\n\n\n<li>Masta, M; Espenberg, M; Kuusemets, L; P\u00e4rn, J; Thayamkottu, S; Sepp, H; Kirsim\u00e4e, K; Sgouridis, F; Kasak, K; Soosaar, K; Mander, \u00dc (2024)\u00a0<sup>15<\/sup>N tracers and microbial analyses reveal<em>\u00a0in situ<\/em>\u00a0N<sub>2<\/sub>O sources in contrasting water regimes on drained peatland forest. Pedosphere, 34 (4). doi: 10.1016\/j.pedsph.2023.06.006<\/li>\n\n\n\n<li>K\u00f5iv-Vainik, M; Kill, K; Espenberg, M; Uuemaa, E; Teemusk, A; Maddison, M; Palta, M.\u00a0M; T\u00f6r\u00f6k, L; Mander, \u00dc; Scholz, M; Kasak, K\u00a0(2022)\u00a0Urban stormwater retention capacity of nature-based solutions at different climatic conditions. Nature-Based Solutions. Nature-Based Solutions, 2, 100038. doi: 10.1016\/j.nbsj.2022.100038<\/li>\n\n\n\n<li>Rey\u2010Sanchez, C; Arias\u2010Ortiz, A; Kasak, K; Chu, H; Szutu, D; Verfailie, J; Baldocchi, D (2022) Detecting Hot Spots of Methane Flux using Footprint-Weighted Flux Maps. Journal of Geophysical Research: Biogeosciences, 127 (8). doi: 10.1019\/2022JG006977<\/li>\n\n\n\n<li>Lust, R., Nerut, J., Gadegaonkar, S.S., Kasak, K., Espenberg, M., Visnapuu, T., Mander, \u00dc. 2022. Single-chamber microbial electrosynthesis reactor for nitrate reduction from waters with a low-electron donors\u2019 concentration: from design and set-up to the optimal operating potential. Frontiers in Environmental Sciences, 10 (938631). doi: 10.3389\/fenvs.2022.938631<\/li>\n\n\n\n<li>Truu, M; Ligi, T; N\u00f5lvak, H; Peeb, A; Tiirik, K; Devarajan, A.\u00a0K; Oopkaup, K; Kasemets, K; K\u00f5iv-Vainik, M; Kasak, K, Truu, J\u00a0(2022).\u00a0Impact of synthetic silver nanoparticles on the biofilm microbial communities and wastewater treatment efficiency in experimental hybrid filter system treating municipal wastewater.\u00a0Journal of Hazardous Materials, 440, 129721. doi:\u00a010.1016\/j.jhazmat.2022.129721<\/li>\n\n\n\n<li>Bahram, M; Espenberg, M; P\u00e4rn, J; Lehtovirta-Morley, L; Anslan, S; Kasak, K; K\u00f5ljalg, U; Liira, J; Maddison, M; Moora, M; Niinemets, \u00dc; \u00d6pik, M; P\u00e4rtel, M; Soosaar, K; Zobel, M; Hildebrand, F; Tedersoo, L; Mander, \u00dc\u00a0(2022). Structure and function of the soil microbiome underlying N2O emissions from global wetlands. Nature Communications, 13, 1430. doi: 10.1038\/s41467-022-29161-3.<\/li>\n\n\n\n<li>Mander, \u00dc; Krasnova, A; Schindler, T; Megonigal, J. P; Escuer-Gatius, J; Espenberg, M; Machacova, K; Maddison, Ma; P\u00e4rn, J; Ranniku, R; Pihlatie, M; Kasak, K; Niinemets, \u00dc; Soosaar, K\u00a0(2022). Long-term dynamics of soil, tree stem and ecosystem methane fluxes in a riparian forest. Science of the Total Environment, 151723. doi: 10.1016\/j.scitotenv.2021.151723.<\/li>\n\n\n\n<li>Kasak, K; Kill, K; Uuemaa, E; Maddison, M; Aunap, R; Riibak, K; Okiti, I; Teemusk, A; Mander, \u00dc\u00a0(2022). Low water level drives high nitrous oxide emissions from treatment wetland. Journal of Environmental Management, 312, 114914. doi: 10.1016\/j.jenvman.2022.114914.<\/li>\n\n\n\n<li>Kill, K; Grinberga, L; Koskiaho, J; Mander, \u00dc; Wahlroos, O; Lauva, D; P\u00e4rn, J; Kasak, K\u00a0(2022).\u00a0Phosphorus removal efficiency by in-stream constructed wetlands treating agricultural runoff: Influence of vegetation and design. Ecological Engineering, 180, 106664. doi: 10.1016\/j.ecoleng.2022.106664.<\/li>\n\n\n\n<li>Abas, K; Brisson, J; Amyot, M; Brodeur, J; Storck, V; Montiel-Le\u00f3n, J.M ; Duy, S. V; Sauv\u00e9, S; K\u00f5iv-Vainik, M (2022) Effects of plants and biochar on the performance of treatment wetlands for removal of the pesticide chlorantraniliprole from agricultural runoff. Ecological Engineering, 175 (106477). doi: 10.1016\/j.ecoleng.2021.106477<\/li>\n\n\n\n<li>Boucher-Carrier, O; Brisson, J; Abas, K; Duy, S. V; Sauv\u00e9, S; K\u00f5iv-Vainik, M (2022) Effects of macrophyte species and biochar on the performance of treatment wetlands for the removal of glyphosate from agricultural runoff. The Science of The Total Environment, 838 (2). doi: 10.1016\/j.scitotenv.2022.156061<\/li>\n\n\n\n<li>Dronova, I; Taddeo, S; Hemes, K.\u00a0S.; Knox, S\u00a0H.; Valach, A; Oikawa, P.\u00a0Y.; Kasak, K; Baldocchi, D\u00a0D. (2021). Remotely sensed phenological heterogeneity of restored wetlands: linking vegetation structure and function. Agricultural and Forest Meteorology, 296, 108215. doi: 10.1016\/j.agrformet.2020.108215.<\/li>\n\n\n\n<li>Valach, A.\u00a0C.; Kasak, K; Hemes, K.\u00a0S.; Anthony, T.\u00a0L.; Dronova, I; Taddeo, S; Silver, W.\u00a0L.; Szutu, D; Verfaillie, J; Baldocchi, D.\u00a0D. (2021). Productive wetlands restored for carbon sequestration quickly become net CO2 sinks with site-level factors driving uptake variability. PLoS ONE, 16 (3), 1\u221222. doi: 10.1371\/journal.pone.0248398.<\/li>\n\n\n\n<li>Irvin, J; Zhou, S; McNicol, G; Lu, F; Liu, V; Fluet-Chouinard, E; Ouyang, Z; Knox, S.\u00a0H; Lucas-Moffat, A; Trotta, C; Papale, D; Vitale, D; Mammarella, I; Alekseychik, P; Aurela, M; Avati, A; Baldocchi, D; Bansal, S; Bohrer, G; Campbell, D, I \u2026 Jackson, R.\u00a0B. (2021). Gap-filling eddy covariance methane fluxes: Comparison of machine learning model predictions and uncertainties at FLUXNET-CH4 wetlands. Agricultural and Forest Meteorology, 308, ARTN 108528. doi: 10.1016\/j.agrformet.2021.108528.<\/li>\n\n\n\n<li>Delwiche, K.\u00a0B.; Knox, S.\u00a0H; Malhotra, A; Fluet-Chouinard, E; McNicol, G; Feron, S; Ouyang, Z; Papale, D; Trotta, C; Canfora, E; Cheah, Y-W; Christianson, D; Alberto, M.\u00a0C.\u00a0R.; Alekseychik, P; Aurela, M; Baldocchi, D; Bansal, S; Billesbach, D.\u00a0P.; Bohrer, G; Bracho, R\u00a0\u2026 Jackson, R.\u00a0B. (2021). FLUXNET-CH4: a global, multi-ecosystem dataset and analysis of methane seasonality from freshwater wetlands. Earth System Science Data, 13 (7), 3607\u22123689. doi: 10.5194\/essd-13-3607-2021.<\/li>\n\n\n\n<li>Kasak, K; Espenberg, M; Anthony, T.\u00a0L.; Tringe, S,\u00a0G.; Valach, A,\u00a0C.; Hemes, K.\u00a0S.; Silver, W.\u00a0L.; Mander, \u00dc; Kill, K; McNicol, G; Szutu, D; Verfaillie, J; Baldocchi, D.\u00a0D. (2021). Restoring wetlands on intensive agricultural lands modifies nitrogen cycling microbial communities and reduces N2O production potential. Journal of Environmental Management, 299, ARTN 113562. doi: 10.1016\/j.jenvman.2021.113562.<\/li>\n\n\n\n<li>Tiirik, K; N\u00f5lvak, H; Truu, M; Peeb, A; K\u00f5iv-Vainik, M; Truu, J (2021) The Effect of the Effluent from a Small-Scale Conventional Wastewater Treatment Plant Treating Municipal Wastewater on the Composition and Abundance of the Microbial Community, Antibiotic Resistome, and Pathogens in the Sediment and Water of a Receiving Stream. Water, 13 (6). doi: 10.3390\/w13060865<\/li>\n\n\n\n<li>Kasak, K.; Valach, A.C.; Rey-Sanchez, C.; Kill, K.; Shortt, R.; Liu, J.; Dronova, I.; Mander, \u00dc.; Szutu, D.; Verfaillie, J.; Baldocchi, D.D.; (2020). Experimental harvesting of wetland plants to evaluate trade-offs between reducing methane emissions and removing nutrients accumulated to the biomass in constructed wetlands. The Science of The Total Environment, 715, 136960. doi: 10.1016\/j.scitotenv.2020.136960.<\/li>\n\n\n\n<li>Lust, R; Nerut, J; Kasak, K; Mander, \u00dc\u00a0(2020).\u00a0Enhancing Nitrate Removal from Waters with Low Organic Carbon Concentration Using a Bioelectrochemical System-A Pilot-scale Study. Water, 12 (516), 1\u221216. doi: 10.3390\/w12020516.<\/li>\n\n\n\n<li>Liu, J; Zhou, Y; Valach, A; Shortt, R; Kasak, K; Rey-Sanchez, C; Hemes, K.\u00a0S.; Baldocchi, D; Lai, D.\u00a0Y. F. (2020). Methane emissions reduce the radiative cooling effect of a subtropical estuarine mangrove wetland by half. Global Change Biology, 26 (9), 4998\u22125016. doi: 10.1111\/gcb.15247.<\/li>\n\n\n\n<li>Rannap, R; Kaart, M.\u00a0M.; Kaart, T; Kill, K; Uuemaa, E; Mander, \u00dc; Kasak, K\u00a0(2020).\u00a0Constructed wetlands as potential breeding sites for amphibians in agricultural landscapes: A case study. Ecological Engineering, 158, 106077. doi: 10.1016\/j.ecoleng.2020.106077.<\/li>\n\n\n\n<li>Gadegaonkar, S\u00a0S.; Philippon, T; Rogi\u0144ska, J.\u00a0M.; Mander, \u00dc; Maddison, M; Etienne, M; Barri\u00e8re, F; Kasak, K; Lust, R; Espenberg, M\u00a0(2020). Effect of Cathode Material and Its Size on the Abundance of Nitrogen Removal Functional Genes in Microcosms of Integrated Bioelectrochemical-Wetland Systems. Soil Systems, 4. doi: 10.3390\/soilsystems4030047.<\/li>\n\n\n\n<li>Demers, E; K\u00f5iv-Vainik, M; Yavari, S; Mench, M; Marchand, L; Vincent, J; Fr\u00e9dette, C; Comeau, Y; Brisson, J (2020) Macrophyte Potential to Treat Leachate Contaminated with Wood Preservatives: Plant Tolerance and Bioaccumulation Capacity. Plants, 9 (12). doi: 10.3390\/plants9121774<\/li>\n\n\n\n<li>Wang, P; D\u2019Imperio, L; Biersma, E. M; Ranniku, R; Xu, W; Tian, Q; Ambus, P; Elberling, B (2020) Combined effects of glacial retreat and penguin activity on soil greenhouse gas fluxes on South Georgia, sub-Antarctica. The Science of The Total Environment, 718 (8). doi: 10.1016\/j.scitotenv.2019.135255<\/li>\n\n\n\n<li>Pindus, M; Orru, H; J\u00f5gi, R (2020) Change in the symptom profile treated as asthma \u2013 two cross-sectional studies twenty years apart. Respiratory Research, 21 (1). doi: 10.1186\/s12931-020-1308-3<\/li>\n\n\n\n<li>Orru, H; Luha, A; Pindus, M; J\u00f5geva, R; Vahisalu, M; Lekk, U; Indermitte, E; Merisalu, E (2020) Hearing loss among military personnel in relation to occupational and leisure noise exposure and usage of personal protective equipment. Noise and Health, 22 (107). doi: 10.4103\/nah.NAH_12_19<\/li>\n\n\n\n<li>Hemes, K.\u00a0S.; Chamberlain, S.\u00a0D.; Eichelmann, E; Anthony, T; Valach, A; Kasak, K; Szutu, D; Verfaillie, J; Silver, W\u00a0L.; Baldocchi, D.\u00a0D. (2019). Assessing the carbon and climate benefit of restoring degraded agricultural peat soils to managed wetlands. Agricultural and Forest Meteorology, 268, 202\u2212214. doi: 10.1016\/j.agrformet.2019.01.017.<\/li>\n\n\n\n<li>Truu, M; Oopkaup, K; Krustok, I; K\u00f5iv-Vainik, M; N\u00f5lvak, H; Truu, J (2019) Bacterial community activity and dynamics in the biofilm of an experimental hybrid wetland system treating greywater. Environmental Science and Pollution Research, 26 (4). doi: 10.1007\/s11356-018-3940-8<\/li>\n\n\n\n<li>Kaasik, M; Pindus, M; Tamm, T; Orru, H (2019) Modelling the air quality for assessing the health benefits of urban regeneration: a case of Tallinn city Centre, Estonia. International Journal of Environment and Pollution, 65 (1-3). doi: 10.1504\/IJEP.2019.101844<\/li>\n\n\n\n<li>Wang, J; Pindus, M; Janson, C; Sigsgaard, T; Kim, J.-L; Holm, M; Sommar, J; Orru, H; Gislason, T; Johannessen, A; Bertelsen, J.; Norb\u00e4ck, D (2019) Dampness, mould, onset and remission of adult respiratory symptoms, asthma and rhinitis. European Respiratory Journal, 53 (5). doi: 10.1183\/13993003.01921-2018<\/li>\n\n\n\n<li>P\u00e4rn, J; Verhoeven, J.\u00a0T. A.; Butterbach-Bahl, K; Dise, N.\u00a0B.; Ullah, ; Aasa, A; Egorov, S; Espenberg, M; J\u00e4rveoja, J; Jauhiainen, J; Kasak, K; Klemedtsson, L; Kull, A; Laggoun-D\u00e9farge, F; Lapshina, E.\u00a0D.; Lohila, A; L\u00f5hmus, K; Maddison, M; Mitsch, W.\u00a0J.; M\u00fcller, C\u00a0\u2026 Mander, \u00dc\u00a0(2018). Nitrogen-rich organic soils under warm well-drained conditions are global nitrous oxide emission hotspots. Nature Communications, 9, Article number: 1135. doi: 10.1038\/s41467-018-03540-1.<\/li>\n\n\n\n<li>Espenberg, M; Truu, M; Mander, \u00dc; Kasak, K; N\u00f5lvak, H; Ligi, T; Oopkaup, K; Maddison, M; Truu, J\u00a0(2018). Differences in microbial community structure and nitrogen cycling in natural and drained tropical peatland soils. Scientific Reports, 8, ARTN 4742. doi: 10.1038\/s41598-018-23032-y.<\/li>\n\n\n\n<li>Kasak, K; Truu, J; Ostonen, I; Sarjas, J; Oopkaup, K; Paiste, P; K\u00f5iv-Vainik, M; Mander, \u00dc; Truu, M; (2018). Biochar enhances plant growth and nutrient removal in horizontal subsurface flow constructed wetlands. The Science of The Total Environment, 639, 67\u221274. doi: 10.1016\/j.scitotenv.2018.05.146.<\/li>\n\n\n\n<li>P\u00e4rn, J; Henine, H; Kasak, K; Kauer, K; Sohar, K; Tournebize, J; Uuemaa, E; V\u00e4lik, K; Mander, \u00dc\u00a0(2018).\u00a0Nitrogen and phosphorus discharge from small agricultural catchments predicted from land use and hydroclimate. Land Use Policy, 75, 260\u2212268. doi: 10.1016\/j.landusepol.2018.03.048.<\/li>\n\n\n\n<li>Kasak, K; Kill, K; P\u00e4rn, J; Mander, \u00dc; (2018).\u00a0Efficiency of a newly established in-stream constructed wetland treating diffuse agricultural pollution. Ecological Engineering, 119, 1\u22127. doi: 10.1016\/j.ecoleng.2018.05.015.<\/li>\n\n\n\n<li>Kill, K; Parn, J; Lust, R; Mander, \u00dc; Kasak, K\u00a0(2018).\u00a0Treatment Efficiency of Diffuse Agricultural Pollution in a Constructed Wetland Impacted by Groundwater Seepage. Water, 10 (11), ARTN 1601. doi: 10.3390\/w10111601.<\/li>\n\n\n\n<li>Orru, H; Idavain, J; Pindus, M; Orru, K; Kesanurm, K; Lang, A; Tomasova, J (2018) Residents\u2019 Self-Reported Health Effects and Annoyance in Relation to Air Pollution Exposure in an Industrial Area in Eastern-Estonia. International Journal of Environmental Research and Public Health, 15 (2). doi: 10.3390\/ijerph15020252<\/li>\n\n\n\n<li>Orru, H; Pindus, M; Harro, H.-R; Maasikmets, M; Herodes, K (2018) Metallic Fumes at Indoor Military Shooting Ranges: Lead, Copper, Nickel, and Zinc in Different Fractions of Airborne Particulate Matter. Propellants, Explosives, Pyrotechnics, 43 (3). doi: 10.1002\/prep.201700225<\/li>\n\n\n\n<li>Kasak, K; M\u00f5tlep, R; Truu, M; Truu, J; K\u00f5iv-Vainik, M; Espenberg, M; Paiste, P; Kirsim\u00e4e, K; Mander, \u00dc\u00a0(2016). Hydrated Oil Shale Ash Mitigates Greenhouse Gas Emissions from Horizontal Subsurface Flow Filters for Wastewater Treatment. Water Air &amp; Soil Pollution, 227 (320), 1\u221212. doi: 10.1007\/s11270-016-3007-8.<\/li>\n\n\n\n<li>K\u00f5iv, M; Mahadeo, K; Brient, S; Claveau-Mallet, D; Comeau, Y (2016) Treatment of fish farm sludge supernatant by aerated filter beds and steel slag filters \u2014 effect of organic loading rate. Ecological Engineering, 94 (190-199). doi: 10.1016\/j.ecoleng.2016.05.060<\/li>\n\n\n\n<li>Pindus, M; Orru, H; Maasikmets, M; Kaasik, M; J\u00f5gi, R (2016) Association between health symptoms and particulate matter from traffic and residential heating \u2212 results from RHINE III in Tartu. The Open Respiratory Medicine Journal, 10 (58-69). doi: 10.2174\/1874306401610010058<\/li>\n\n\n\n<li>Kasak, K; Mander, \u00dc; Truu, J; Truu, M; J\u00e4rveoja, J; Maddison, M; Teemusk, A\u00a0(2015).\u00a0Alternative filter material removes phosphorus and mitigates greenhouse gas emission in horizontal subsurface flow filters for wastewater treatment. Ecological Engineering, 77, 242\u2212249. doi: 10.1016\/j.ecoleng.2015.01.038.<\/li>\n\n\n\n<li>Pindus, M; Orru, H; Modig, L (2015) Close proximity to busy roads increases the prevalence and onset of cardiac disease \u2013 Results from RHINE Tartu. Public Health, 129 (10). doi: 10.1016\/j.puhe.2015.07.029<\/li>\n\n\n\n<li>Mander, \u00dc; Dotro, G; Ebie, Y; Towprayoon, S; Chiemchaisri, C; Nogueira, S.F; Jamsranjav, B; Kasak, K; Truu, J.; Tournebize, J; Mitsch, W.J. (2014). Greenhouse gas emission in constructed wetlands for wastewater treatment: a review. Ecological Engineering, 66, 19\u221235. doi: 10.1016\/j.ecoleng.2013.12.006.<\/li>\n\n\n\n<li>Mander, \u00dc; Tournebize, J; Kasak, K; Mitsch, W.\u00a0J. (2014). Climate regulation by free water surface constructed wetlands for wastewater treatment and created riverine wetlands. Ecological Engineering, 72, 103\u2212115. doi: 10.1016\/j.ecoleng.2013.05.004.<\/li>\n\n\n\n<li>Karabelnik, K.; K\u00f5iv, M.; Kasak, K.; Jenssen, P.D.; Mander, \u00dc. (2012). High-strength greywater treatment in compact hybrid filter systems with alternative substrates. Ecological Engineering, 49, 84\u221292. doi: 10.1016\/j.ecoleng.2012.08.035.<\/li>\n\n\n\n<li>Gagnon, V; Chazarenc, F; K\u00f5iv, M; Brisson, J (2012) Effect of plant species on water quality at the outlet of a sludge treatment wetland. Water Research, 46 (16). doi: 10.1016\/j.watres.2012.07.007<\/li>\n\n\n\n<li>K\u00f5iv, M; Ostonen, I; Vohla, C; M\u00f5tlep, R; Liira, M; L\u00f5hmus, K; Kirsim\u00e4e, K; Mander, \u00dc (2012) Reuse potential of phosphorus-rich filter materials from subsurface flow wastewater treatment filters for forest soil amendment. Hydrobiologia, 692 (1). doi: 10.1007\/s10750-011-0944-5<\/li>\n\n\n\n<li>Vohla, C; K\u00f5iv, M; Bavor, H.J; Chazarenc, F; Mander, \u00dc (2011) Filter materials for phosphorus removal from wastewater in treatment wetlands \u2013 a review. Ecological Engineering, 37 (1). doi: 10.1016\/j.ecoleng.2009.08.003<\/li>\n\n\n\n<li>K\u00f5iv, M; Liira, M; Mander, \u00dc; M\u00f5tlep, R; Vohla, C; Kirsim\u00e4e, K (2010) Phosphorus removal using Ca-rich hydrated oil shale ash as filter material \u2013 the effect of different phosphorus loadings and wastewater compositions. Water Research, 44 (10). doi: 10.1016\/j.watres.2010.06.044<\/li>\n\n\n\n<li>Liira, M; K\u00f5iv, M; Mander, \u00dc; M\u00f5tlep, R; Vohla, C; Kirsim\u00e4e, K (2009) Active filtration of phosphorus on Ca-rich hydrated oil-shale ash: does longer retention time improve the process? Environmental Science &amp; Technology, 43 (10). doi: 10.1021\/es803642m<\/li>\n\n\n\n<li>Mayes, W.M; Batty, L.C; Younger, P.L; Jarvis, A.P; K\u00f5iv, M; Vohla, C; Mander, \u00dc (2009) Wetland treatment at extremes of pH: A review. The Science of The Total Environment, 407 (13). doi: 10.1016\/j.scitotenv.2008.06.045<\/li>\n<\/ul>\n","protected":false},"excerpt":{"rendered":"","protected":false},"author":890,"featured_media":939,"parent":0,"menu_order":0,"comment_status":"closed","ping_status":"closed","template":"","meta":{"_acf_changed":false,"inline_featured_image":false,"footnotes":""},"class_list":["post-940","page","type-page","status-publish","has-post-thumbnail","hentry"],"acf":[],"_links":{"self":[{"href":"https:\/\/sisu.ut.ee\/ecotech\/et\/wp-json\/wp\/v2\/pages\/940","targetHints":{"allow":["GET"]}}],"collection":[{"href":"https:\/\/sisu.ut.ee\/ecotech\/et\/wp-json\/wp\/v2\/pages"}],"about":[{"href":"https:\/\/sisu.ut.ee\/ecotech\/et\/wp-json\/wp\/v2\/types\/page"}],"author":[{"embeddable":true,"href":"https:\/\/sisu.ut.ee\/ecotech\/et\/wp-json\/wp\/v2\/users\/890"}],"replies":[{"embeddable":true,"href":"https:\/\/sisu.ut.ee\/ecotech\/et\/wp-json\/wp\/v2\/comments?post=940"}],"version-history":[{"count":2,"href":"https:\/\/sisu.ut.ee\/ecotech\/et\/wp-json\/wp\/v2\/pages\/940\/revisions"}],"predecessor-version":[{"id":1161,"href":"https:\/\/sisu.ut.ee\/ecotech\/et\/wp-json\/wp\/v2\/pages\/940\/revisions\/1161"}],"wp:featuredmedia":[{"embeddable":true,"href":"https:\/\/sisu.ut.ee\/ecotech\/et\/wp-json\/wp\/v2\/media\/939"}],"wp:attachment":[{"href":"https:\/\/sisu.ut.ee\/ecotech\/et\/wp-json\/wp\/v2\/media?parent=940"}],"curies":[{"name":"wp","href":"https:\/\/api.w.org\/{rel}","templated":true}]}}