{"id":921,"date":"2024-04-04T04:42:48","date_gmt":"2024-04-04T01:42:48","guid":{"rendered":"https:\/\/sisu.ut.ee\/ecotech\/?page_id=921"},"modified":"2026-02-02T12:33:27","modified_gmt":"2026-02-02T10:33:27","slug":"voimalused","status":"publish","type":"page","link":"https:\/\/sisu.ut.ee\/ecotech\/et\/voimalused\/","title":{"rendered":"V\u00f5imalused"},"content":{"rendered":"<p><\/p>\n\n\n<h2>Tule tee oma bakalaureuse- v\u00f5i magistrit\u00f6\u00f6 loodusgeograafia v\u00f5i keskkonnatehnoloogia teemal Tartu \u00dclikooli keskkonnatehnoloogia laboris!<\/h2>\n<p>Siin on m\u00f5ned soovitatud l\u00f5put\u00f6\u00f6 teemad, mida saab vastavalt Sinu huvidele kohandada:<\/p>\n<ul>\n<li>\n<h6>M\u00e4rgalade metaanivoogude ja nende keskkonnategurite ajaviite anal\u00fc\u00fcs Eddy kovalentsusandmete p\u00f5hjal<\/h6>\n<\/li>\n<li>\n<h6>Metaanivoogude d\u00fcnaamika ja selle s\u00f5ltuvus NDVI muutusega vegetatsiooniperioodil<\/h6>\n<\/li>\n<li>\n<h6>Sette kuhujumise d\u00fcnaamika kraavisiseses tehism\u00e4rgalas<\/h6>\n<\/li>\n<li>\n<h6>Metaani ja N\u2082O voogude ruumiline heterogeensus ja selle m\u00f5jutajad maastikul<\/h6>\n<\/li>\n<li>\n<h6>K\u00f5dusoometsade s\u00fcsiniku- ja l\u00e4mmastiku voogude hindamine eddy covariance meetodil<\/h6>\n<\/li>\n<li>\n<h6>Pinasfilters\u00fcsteemide efektiivsus fenoolide eemaldamiseks puidut\u00f6\u00f6stuse sadeveest<\/h6>\n<\/li>\n<li>\n<h6>Aastaste s\u00fcsinikuvoogude erinevuse hindamise erinevate metodikatega<\/h6>\n<\/li>\n<li>\n<h6>\u00dclevaade Eesti sademeveelahendustest ja hinnang nende toimimise kohta<\/h6>\n<\/li>\n<li>\n<h6>\u00dclevaade loodusp\u00f5histe sademeveelahenduste hoolduskavades<\/h6>\n<\/li>\n<li>\n<h6>Viimsi vihmapeenra taimede liigiline koosseis ja selle muutused ajas<\/h6>\n<\/li>\n<li>\n<h6>Avalikkuse arvamus loodusp\u00f5histe sademeveelahenduste kohta Eestis<\/h6>\n<\/li>\n<li>\n<h6>\u00a0Vihmapeenra substraadi koostis ja h\u00fcdraulilised omadused<\/h6>\n<\/li>\n<li>\n<h6>Tuvastage sademevee lahenduste kavandamise, rakendamise ja hooldamise l\u00fcngad, mis m\u00f5jutavad taimekooslust ja \u00fcldist tulemuslikkust<\/h6>\n<\/li>\n<\/ul>\n<p>S\u00f5ltuvalt valitud teemast on sinu juhendaja kas professor Kuno Kasak, keskkonnatehnoloogia dotsent Margit K\u00f5iv-Vainik v\u00f5i \u00fcks meie nooremteaduritest \u2014 Isaac Okiti, Kadir Yildiz, J\u00fcrgen Sarjas, Ilona Tamm v\u00f5i Joosep Truup\u00f5ld.<\/p>\n<p><strong>Meil oleks v\u00e4ga hea meel, kui sul on m\u00f5ni j\u00e4rgmistest teadmistest v\u00f5i oskustest, kuid need ei ole kohustuslikud \u2014 vajadusel saad neid meie juhendamisel omandada.<\/strong><\/p>\n<ul>\n<li>\u00d6koloogia ja mullateaduse baasteadmised<\/li>\n<li>Baasteadmised kasvuhoonegaaside m\u00f5\u00f5tmisest, sealhulgas andmet\u00f6\u00f6tlusest ja tulemuste t\u00f5lgendamisest.<\/li>\n<li>V\u00f5ime kirjutada andmeanal\u00fc\u00fcsi koodi MATLABis, R-is v\u00f5i Pythonis<\/li>\n<li>Kogemus v\u00e4lit\u00f6\u00f6de, andmekogumise ja t\u00e4iendavate m\u00f5\u00f5tmiste l\u00e4biviimisel<\/li>\n<li>Kogemus eddy covariance meetodi kasutamisel CO\u2082 ja CH\u2084 emissioonide m\u00f5\u00f5tmiseks \u00f6kos\u00fcsteemides<\/li>\n<li>Kogemus geoinfos\u00fcsteemide (nt QGIS) kasutamisel<\/li>\n<li>Kogemus mulla keemiliste ja f\u00fc\u00fcsikaliste anal\u00fc\u00fcsidega<\/li>\n<li>Kogemus suurte andmekogumite anal\u00fc\u00fcsimisel<\/li>\n<li>Kogemus biogeokeemiliste modelleerimistega<\/li>\n<li>Kogemus t\u00f6\u00f6tamisel m\u00e4rgalade \u00f6kos\u00fcsteemides<\/li>\n<\/ul>\n<h2 style=\"text-align: left;\">Kandideeri nelja-aastasele doktorikraadi (PhD) positsioonile Tartu \u00dclikooli geograafia osakonnas!<\/h2>\n<p>Uuendatud teave vabade ametikohtade kohta ilmub siia hiljem sel aastal.<\/p>\n<h2>Kandideeri j\u00e4reldoktorantuuri positsioonile meie keskkonnatehnoloogia laboris Tartu \u00dclikooli geograafia osakonnas!<\/h2>\n<p>Uuendatud teave vabade ametikohtade kohta ilmub siia hiljem sel aastal.<\/p>\n<p><b><span lang=\"EN-GB\"><span style=\"line-height: 107%;\">Kandideerimiseks<\/span><\/span><\/b><\/p>\n<p>Kui oled huvitatud, v\u00f5ta julgelt \u00fchendust meie meeskonna liikmega.<\/p>\n\n\n<figure class=\"wp-block-gallery has-nested-images columns-default is-cropped wp-block-gallery-1 is-layout-flex wp-block-gallery-is-layout-flex\">\n<figure class=\"wp-block-image size-large\"><img loading=\"lazy\" decoding=\"async\" width=\"1024\" height=\"768\" data-id=\"663\" src=\"https:\/\/sisu.ut.ee\/wp-content\/uploads\/sites\/544\/20241118_112729-1024x768.jpg\" alt=\"\" class=\"wp-image-663\" srcset=\"https:\/\/sisu.ut.ee\/wp-content\/uploads\/sites\/544\/20241118_112729-1024x768.jpg 1024w, https:\/\/sisu.ut.ee\/wp-content\/uploads\/sites\/544\/20241118_112729-300x225.jpg 300w, https:\/\/sisu.ut.ee\/wp-content\/uploads\/sites\/544\/20241118_112729-768x576.jpg 768w, https:\/\/sisu.ut.ee\/wp-content\/uploads\/sites\/544\/20241118_112729-1536x1152.jpg 1536w, https:\/\/sisu.ut.ee\/wp-content\/uploads\/sites\/544\/20241118_112729-2048x1536.jpg 2048w, https:\/\/sisu.ut.ee\/wp-content\/uploads\/sites\/544\/20241118_112729-1920x1440.jpg 1920w\" sizes=\"auto, (max-width: 1024px) 100vw, 1024px\"><\/figure>\n\n\n\n<figure class=\"wp-block-image size-large\"><img loading=\"lazy\" decoding=\"async\" width=\"1024\" height=\"768\" data-id=\"662\" src=\"https:\/\/sisu.ut.ee\/wp-content\/uploads\/sites\/544\/IMG_5520-1024x768.jpeg\" alt=\"\" class=\"wp-image-662\" srcset=\"https:\/\/sisu.ut.ee\/wp-content\/uploads\/sites\/544\/IMG_5520-1024x768.jpeg 1024w, https:\/\/sisu.ut.ee\/wp-content\/uploads\/sites\/544\/IMG_5520-300x225.jpeg 300w, https:\/\/sisu.ut.ee\/wp-content\/uploads\/sites\/544\/IMG_5520-768x576.jpeg 768w, https:\/\/sisu.ut.ee\/wp-content\/uploads\/sites\/544\/IMG_5520-1536x1152.jpeg 1536w, https:\/\/sisu.ut.ee\/wp-content\/uploads\/sites\/544\/IMG_5520-2048x1536.jpeg 2048w, https:\/\/sisu.ut.ee\/wp-content\/uploads\/sites\/544\/IMG_5520-1920x1440.jpeg 1920w\" sizes=\"auto, (max-width: 1024px) 100vw, 1024px\"><\/figure>\n<\/figure>\n\n\n\n<p><\/p>\n","protected":false},"excerpt":{"rendered":"<p>Tule tee oma bakalaureuse- v\u00f5i magistrit\u00f6\u00f6 loodusgeograafia v\u00f5i keskkonnatehnoloogia teemal Tartu \u00dclikooli keskkonnatehnoloogia laboris! Siin on m\u00f5ned soovitatud l\u00f5put\u00f6\u00f6 teemad, mida saab vastavalt Sinu huvidele kohandada: M\u00e4rgalade metaanivoogude ja nende keskkonnategurite ajaviite anal\u00fc\u00fcs Eddy kovalentsusandmete p\u00f5hjal Metaanivoogude d\u00fcnaamika ja selle &#8230;<\/p>\n","protected":false},"author":890,"featured_media":920,"parent":0,"menu_order":0,"comment_status":"closed","ping_status":"closed","template":"","meta":{"_acf_changed":false,"inline_featured_image":false,"footnotes":""},"class_list":["post-921","page","type-page","status-publish","has-post-thumbnail","hentry"],"acf":[],"_links":{"self":[{"href":"https:\/\/sisu.ut.ee\/ecotech\/et\/wp-json\/wp\/v2\/pages\/921","targetHints":{"allow":["GET"]}}],"collection":[{"href":"https:\/\/sisu.ut.ee\/ecotech\/et\/wp-json\/wp\/v2\/pages"}],"about":[{"href":"https:\/\/sisu.ut.ee\/ecotech\/et\/wp-json\/wp\/v2\/types\/page"}],"author":[{"embeddable":true,"href":"https:\/\/sisu.ut.ee\/ecotech\/et\/wp-json\/wp\/v2\/users\/890"}],"replies":[{"embeddable":true,"href":"https:\/\/sisu.ut.ee\/ecotech\/et\/wp-json\/wp\/v2\/comments?post=921"}],"version-history":[{"count":3,"href":"https:\/\/sisu.ut.ee\/ecotech\/et\/wp-json\/wp\/v2\/pages\/921\/revisions"}],"predecessor-version":[{"id":952,"href":"https:\/\/sisu.ut.ee\/ecotech\/et\/wp-json\/wp\/v2\/pages\/921\/revisions\/952"}],"wp:featuredmedia":[{"embeddable":true,"href":"https:\/\/sisu.ut.ee\/ecotech\/et\/wp-json\/wp\/v2\/media\/920"}],"wp:attachment":[{"href":"https:\/\/sisu.ut.ee\/ecotech\/et\/wp-json\/wp\/v2\/media?parent=921"}],"curies":[{"name":"wp","href":"https:\/\/api.w.org\/{rel}","templated":true}]}}