{"id":910,"date":"2024-04-04T04:42:47","date_gmt":"2024-04-04T01:42:47","guid":{"rendered":"https:\/\/sisu.ut.ee\/ecotech\/?page_id=910"},"modified":"2026-01-22T11:36:40","modified_gmt":"2026-01-22T09:36:40","slug":"valitoode-alad","status":"publish","type":"page","link":"https:\/\/sisu.ut.ee\/ecotech\/et\/valitoode-alad\/","title":{"rendered":"V\u00e4lit\u00f6\u00f6de alad"},"content":{"rendered":"<p>Meie peamised uurimisvaldkonnad h\u00f5lmavad <a href=\"https:\/\/futurescapes.ee\/\">FutureScapes-i<\/a> (keskus \u201cCentre of Excellence for Sustainable Land Use\u201d) 24 uurimisala, mis sisaldavad m\u00e4rgalasid (Lavassaare, Tellissaare, Laiuse, Selgise\/Alaj\u00f5e), rohumaid (Saastna nina, Penij\u00f5e, Laelatu, Uusk\u00fcla, Pikknurme, M\u00e4lgi), metsi (Rumba, N\u00f5mmk\u00fcla, Kanak\u00fcla, Koljaku, V\u00e4lgi, Selgise) ning p\u00f5llumajandusmaid (Haljala, Sadala, K\u00e4mara, Vana-Kuuste, Andre Farm). Lisaks on meil uurimisalad ka Lavassaare, Rumba, Ess-soo ja V\u00e4nda piirkondades.<\/p>\n\n\n<figure class=\"wp-block-image size-large\"><img loading=\"lazy\" decoding=\"async\" width=\"1024\" height=\"724\" src=\"https:\/\/sisu.ut.ee\/wp-content\/uploads\/sites\/544\/COE_kaart-1024x724.png\" alt=\"\" class=\"wp-image-494\" srcset=\"https:\/\/sisu.ut.ee\/wp-content\/uploads\/sites\/544\/COE_kaart-1024x724.png 1024w, https:\/\/sisu.ut.ee\/wp-content\/uploads\/sites\/544\/COE_kaart-300x212.png 300w, https:\/\/sisu.ut.ee\/wp-content\/uploads\/sites\/544\/COE_kaart-768x543.png 768w, https:\/\/sisu.ut.ee\/wp-content\/uploads\/sites\/544\/COE_kaart-1536x1086.png 1536w, https:\/\/sisu.ut.ee\/wp-content\/uploads\/sites\/544\/COE_kaart-2048x1448.png 2048w, https:\/\/sisu.ut.ee\/wp-content\/uploads\/sites\/544\/COE_kaart-1920x1358.png 1920w\" sizes=\"auto, (max-width: 1024px) 100vw, 1024px\"><\/figure>\n\n\n<p><b><span lang=\"EN-GB\"><span style=\"line-height: 115%;\">Lavassaare turbakaevanduse alad<\/span><\/span><\/b><\/p>\n\n\n<figure class=\"wp-block-image size-large\"><img loading=\"lazy\" decoding=\"async\" width=\"1024\" height=\"714\" src=\"https:\/\/sisu.ut.ee\/wp-content\/uploads\/sites\/544\/\/Lavassaare-1024x714.png\" alt=\"\" class=\"wp-image-510\" srcset=\"https:\/\/sisu.ut.ee\/wp-content\/uploads\/sites\/544\/Lavassaare-1024x714.png 1024w, https:\/\/sisu.ut.ee\/wp-content\/uploads\/sites\/544\/Lavassaare-300x209.png 300w, https:\/\/sisu.ut.ee\/wp-content\/uploads\/sites\/544\/Lavassaare-768x536.png 768w, https:\/\/sisu.ut.ee\/wp-content\/uploads\/sites\/544\/Lavassaare.png 1032w\" sizes=\"auto, (max-width: 1024px) 100vw, 1024px\"><\/figure>\n\n\n<p>L\u00e4\u00e4ne-Eestis on laialdased turbakaevanduse alad. Enamik neist asub Lavassaare asula l\u00e4hedal (807 ha). Need alad on praegu kuivendatud, peaaegu ilma taimestiku katvuseta ja esindavad suurt s\u00fcsiniku emissiooni allikat. Sellel alal on suur potentsiaal integreeritud m\u00e4rgalade taastamiseks ning roheenergia arendamiseks (tuule- ja\/v\u00f5i p\u00e4ikeseenergia). L\u00e4hedal asuvad praegu aktiivsed turbakaevanduse alad (&gt;5000 ha) pakuvad selget potentsiaali tulevaseks skaleerimiseks.<\/p>\n<p>Lavassaare alad on valitud taastamiseks. Taastamine (uuesti niisutamine) taastab pikaajalised s\u00fcsiniku sidujad ja takistab edasisi oks\u00fcdatiivseid emissioone. Meie t\u00f6\u00f6grupi eesm\u00e4rk on m\u00f5\u00f5ta kasvuhoonegaase kahes valimi piirkonnas. \u00dches piirkonnas (N 58.562, E 24.370), kus suvel 2022 ei olnud taimestikku, alustatakse eddy covariance m\u00f5\u00f5tmisi; ala on varustatud LI-7700 Open Path CH\u2084 anal\u00fcsaatori ja LI-7500DS Open Path CO\u2082\/H\u2082O anal\u00fcsaatoriga. Teine piirkond on taimestikuga kaetud ja m\u00f5\u00f5tmised on planeeritud algama 2022. aasta l\u00f5pus. Loodetavasti n\u00e4itavad tulemused, et taastamise j\u00e4rel hakkab turbamets taas s\u00fcsinikku koguma.<\/p>\n<div>\u00a0<\/div>\n<p><strong>Rumba kuivenduskraavi rekonstrueerimist\u00f6\u00f6de ala<\/strong><\/p>\n\n\n<figure class=\"wp-block-image size-large\"><img loading=\"lazy\" decoding=\"async\" width=\"1024\" height=\"495\" src=\"https:\/\/sisu.ut.ee\/wp-content\/uploads\/sites\/544\/\/Rumba-uus-1024x495.png\" alt=\"\" class=\"wp-image-511\" srcset=\"https:\/\/sisu.ut.ee\/wp-content\/uploads\/sites\/544\/Rumba-uus-1024x495.png 1024w, https:\/\/sisu.ut.ee\/wp-content\/uploads\/sites\/544\/Rumba-uus-300x145.png 300w, https:\/\/sisu.ut.ee\/wp-content\/uploads\/sites\/544\/Rumba-uus-768x371.png 768w, https:\/\/sisu.ut.ee\/wp-content\/uploads\/sites\/544\/Rumba-uus.png 1280w\" sizes=\"auto, (max-width: 1024px) 100vw, 1024px\"><\/figure>\n\n\n\n<p>Riigimetsa Majandamise Keskus (RMK) plaanib Rumba k\u00fclas, P\u00e4rnu maakonnas asuvas majandatavas metsakohas rajada settebasseine ja v\u00e4ikeseid rabasid (N 58.718135, E 24.127875). Me kogume veeproove kraavidest enne settebasseini\/raba piirkonda sisenemist, et anal\u00fc\u00fcsida vee keemilisi parameetreid.<\/p>\n\n\n\n<p><strong>Ess-soo raba<\/strong><\/p>\n\n\n\n<figure class=\"wp-block-image\"><img loading=\"lazy\" decoding=\"async\" width=\"1024\" height=\"707\" src=\"https:\/\/sisu.ut.ee\/wp-content\/uploads\/sites\/544\/Ess-soo_asukoht-1024x707.jpeg\" alt=\"\" class=\"wp-image-512\" srcset=\"https:\/\/sisu.ut.ee\/wp-content\/uploads\/sites\/544\/Ess-soo_asukoht-1024x707.jpeg 1024w, https:\/\/sisu.ut.ee\/wp-content\/uploads\/sites\/544\/Ess-soo_asukoht-300x207.jpeg 300w, https:\/\/sisu.ut.ee\/wp-content\/uploads\/sites\/544\/Ess-soo_asukoht-768x530.jpeg 768w, https:\/\/sisu.ut.ee\/wp-content\/uploads\/sites\/544\/Ess-soo_asukoht-1536x1060.jpeg 1536w, https:\/\/sisu.ut.ee\/wp-content\/uploads\/sites\/544\/Ess-soo_asukoht-2048x1414.jpeg 2048w, https:\/\/sisu.ut.ee\/wp-content\/uploads\/sites\/544\/Ess-soo_asukoht-1920x1325.jpeg 1920w\" sizes=\"auto, (max-width: 1024px) 100vw, 1024px\"><\/figure>\n\n\n\n<p>Ess-soo raba L\u00e4\u00e4ne-Eestis on suures osas kaitse all (212 ha) ja turbakiht on 4\u20136 m paksune, samas kui selle idapoolne osa (50 ha), mis kuivendati turbakaevanduseks ja j\u00e4eti 1994. aastal mahaj\u00e4etuks, on kaitseta ning turbakihi paksus on 2\u20134 m. Endine kaevandusalune ala on h\u00f5reda taimestikuga, mida domineerivad t\u00fc\u00fcpilised raba liigid, ning see paik illustreerib aktiivseid kodanikualgatusi edasise kuivendamise peatamiseks ja taastamise edendamiseks. Meie t\u00f6\u00f6 peamine fookus on taastatud alade kasvuhoonegaaside ja energiabilansi j\u00e4lgimisel, kus CO\u2082 ja CH\u2084 m\u00f5\u00f5detakse eddy covariance meetodiga ning CO\u2082, CH\u2084 ja N\u2082O suletud kambrimeetodiga.<\/p>\n\n\n\n<p><strong>V\u00e4nda kunstm\u00e4rgalad<\/strong><\/p>\n\n\n\n<figure class=\"wp-block-image size-large is-resized\"><img loading=\"lazy\" decoding=\"async\" width=\"1024\" height=\"372\" src=\"https:\/\/sisu.ut.ee\/wp-content\/uploads\/sites\/544\/\/image-1024x372.png\" alt=\"\" class=\"wp-image-544\" style=\"width:1013px;height:auto\" srcset=\"https:\/\/sisu.ut.ee\/wp-content\/uploads\/sites\/544\/image-1024x372.png 1024w, https:\/\/sisu.ut.ee\/wp-content\/uploads\/sites\/544\/image-300x109.png 300w, https:\/\/sisu.ut.ee\/wp-content\/uploads\/sites\/544\/image-768x279.png 768w, https:\/\/sisu.ut.ee\/wp-content\/uploads\/sites\/544\/image-1536x558.png 1536w, https:\/\/sisu.ut.ee\/wp-content\/uploads\/sites\/544\/image.png 1754w\" sizes=\"auto, (max-width: 1024px) 100vw, 1024px\"><\/figure>\n\n\n\n<p>V\u00e4nda kunstm\u00e4rgalad (CW), mis asuvad umbes 12 km l\u00f5una pool Tartust (58\u00b016\u201957\u201d N 26\u00b043\u201919\u201d E), rajati 2015. aastal Eesti Looduse Fondi ja World Wildlife Fundi toetusel. Selle eesm\u00e4rk on v\u00e4hendada p\u00f5llumajandusmaade reostust ning uurida tegureid, mis m\u00f5jutavad toitainete eemaldamist ja kasvuhoonegaaside emissioone (Eesti Looduse Fond). CW koosneb \u00fclemisest ja alumisest tiigist, mille kogupindala on 2,2 km\u00b2. \u00dclemine tiik istutati kukerpuu (Typha latifolia) ja pilliroo (Phragmites australis) taimestikuga, samas kui alumine tiik j\u00e4eti looduslikuks taimestikuks. 2017\u20132021 kogutud veeproovid n\u00e4itasid, et toitainete eemaldamise efektiivsus ja kasvuhoonegaaside emissioonid s\u00f5ltuvad tugevalt veeparameetritest ja m\u00e4rgala kujundusest. V\u00e4nda CW suudab t\u00f5husalt v\u00e4hendada fosfori sisaldust. Kuid nitraadiga saastunud p\u00f5hjavee t\u00f5ttu toimib CW pigem l\u00e4mmastiku allikana. P\u00e4rast teist uuringuaastat oli TN eemaldamise efektiivsus alumises tiigis \u00fcle 15,0% ja NO3-N \u00fcle 11,7%. Esimesel uuringuaastal oli aastane eemaldamise efektiivsus 11,7\u00b14,8% TP ja 12,6\u00b15,7% PO4-P puhul, mis suurenes neljandal uuringuaastal vastavalt 46,0\u00b16,2% ja 33,0\u00b16,6% (Kill, K. 2022).<\/p>\n\n\n\n<p><\/p>\n","protected":false},"excerpt":{"rendered":"<p>Meie peamised uurimisvaldkonnad h\u00f5lmavad FutureScapes-i (keskus \u201cCentre of Excellence for Sustainable Land Use\u201d) 24 uurimisala, mis sisaldavad m\u00e4rgalasid (Lavassaare, Tellissaare, Laiuse, Selgise\/Alaj\u00f5e), rohumaid (Saastna nina, Penij\u00f5e, Laelatu, Uusk\u00fcla, Pikknurme, M\u00e4lgi), metsi (Rumba, N\u00f5mmk\u00fcla, Kanak\u00fcla, Koljaku, V\u00e4lgi, Selgise) ning p\u00f5llumajandusmaid (Haljala, &#8230;<\/p>\n","protected":false},"author":890,"featured_media":909,"parent":0,"menu_order":0,"comment_status":"closed","ping_status":"closed","template":"","meta":{"_acf_changed":false,"inline_featured_image":false,"footnotes":""},"class_list":["post-910","page","type-page","status-publish","has-post-thumbnail","hentry"],"acf":[],"_links":{"self":[{"href":"https:\/\/sisu.ut.ee\/ecotech\/et\/wp-json\/wp\/v2\/pages\/910","targetHints":{"allow":["GET"]}}],"collection":[{"href":"https:\/\/sisu.ut.ee\/ecotech\/et\/wp-json\/wp\/v2\/pages"}],"about":[{"href":"https:\/\/sisu.ut.ee\/ecotech\/et\/wp-json\/wp\/v2\/types\/page"}],"author":[{"embeddable":true,"href":"https:\/\/sisu.ut.ee\/ecotech\/et\/wp-json\/wp\/v2\/users\/890"}],"replies":[{"embeddable":true,"href":"https:\/\/sisu.ut.ee\/ecotech\/et\/wp-json\/wp\/v2\/comments?post=910"}],"version-history":[{"count":2,"href":"https:\/\/sisu.ut.ee\/ecotech\/et\/wp-json\/wp\/v2\/pages\/910\/revisions"}],"predecessor-version":[{"id":915,"href":"https:\/\/sisu.ut.ee\/ecotech\/et\/wp-json\/wp\/v2\/pages\/910\/revisions\/915"}],"wp:featuredmedia":[{"embeddable":true,"href":"https:\/\/sisu.ut.ee\/ecotech\/et\/wp-json\/wp\/v2\/media\/909"}],"wp:attachment":[{"href":"https:\/\/sisu.ut.ee\/ecotech\/et\/wp-json\/wp\/v2\/media?parent=910"}],"curies":[{"name":"wp","href":"https:\/\/api.w.org\/{rel}","templated":true}]}}