{"id":902,"date":"2024-04-04T04:42:48","date_gmt":"2024-04-04T01:42:48","guid":{"rendered":"https:\/\/sisu.ut.ee\/ecotech\/?page_id=902"},"modified":"2026-01-22T11:09:54","modified_gmt":"2026-01-22T09:09:54","slug":"andmed","status":"publish","type":"page","link":"https:\/\/sisu.ut.ee\/ecotech\/et\/andmed\/","title":{"rendered":"Andmed"},"content":{"rendered":"<p>Enamik meie andmetest on vabalt k\u00e4ttesaadav CC BY 4.0 litsentsi alusel:<\/p>\n\n\n\n<p>Kasvuhoonegaaside vood, m\u00f5\u00f5detud eddy covariance meetodiga (CO\u2082, CH\u2084)<\/p>\n\n\n\n<p><a href=\"https:\/\/www.europe-fluxdata.eu\/home\/site-details?id=EE-Pts\">https:\/\/www.europe-fluxdata.eu\/home\/site-details?id=EE-Pts<\/a><\/p>\n\n\n\n<p><a href=\"https:\/\/www.europe-fluxdata.eu\/home\/site-details?id=EE-Rng\">https:\/\/www.europe-fluxdata.eu\/home\/site-details?id=EE-Rng<\/a><\/p>\n\n\n\n<p>Phenocam v\u00f5rk \u2014 otsi \u201cPitsalu\u201d<\/p>\n\n\n\n<p><a href=\"https:\/\/phenocam.nau.edu\/webcam\/network\/map\">https:\/\/phenocam.nau.edu\/webcam\/network\/map<\/a>  <\/p>\n\n\n\n<p>PurpleAir \u00f5hukvaliteedi andmed \u2014 otsi \u201cPitsalu\u201d ja \u201cEss-soo\u201d (mahaj\u00e4etud turbakaevanduse ala)<\/p>\n\n\n\n<p><a href=\"https:\/\/map.purpleair.com\/1\/mAQI\/a10\/p31536000\/cC0?select=217531#5.69\/57.891\/23.444\">https:\/\/map.purpleair.com\/1\/mAQI\/a10\/p31536000\/cC0?select=217531#5.69\/57.891\/23.444<\/a><\/p>\n\n\n\n<p><\/p>\n","protected":false},"excerpt":{"rendered":"<p>Enamik meie andmetest on vabalt k\u00e4ttesaadav CC BY 4.0 litsentsi alusel: Kasvuhoonegaaside vood, m\u00f5\u00f5detud eddy covariance meetodiga (CO\u2082, CH\u2084) https:\/\/www.europe-fluxdata.eu\/home\/site-details?id=EE-Pts https:\/\/www.europe-fluxdata.eu\/home\/site-details?id=EE-Rng Phenocam v\u00f5rk \u2014 otsi \u201cPitsalu\u201d https:\/\/phenocam.nau.edu\/webcam\/network\/map PurpleAir \u00f5hukvaliteedi andmed \u2014 otsi \u201cPitsalu\u201d ja \u201cEss-soo\u201d (mahaj\u00e4etud turbakaevanduse ala) https:\/\/map.purpleair.com\/1\/mAQI\/a10\/p31536000\/cC0?select=217531#5.69\/57.891\/23.444<\/p>\n","protected":false},"author":890,"featured_media":789,"parent":0,"menu_order":0,"comment_status":"closed","ping_status":"closed","template":"","meta":{"_acf_changed":false,"inline_featured_image":false,"footnotes":""},"class_list":["post-902","page","type-page","status-publish","has-post-thumbnail","hentry"],"acf":[],"_links":{"self":[{"href":"https:\/\/sisu.ut.ee\/ecotech\/et\/wp-json\/wp\/v2\/pages\/902","targetHints":{"allow":["GET"]}}],"collection":[{"href":"https:\/\/sisu.ut.ee\/ecotech\/et\/wp-json\/wp\/v2\/pages"}],"about":[{"href":"https:\/\/sisu.ut.ee\/ecotech\/et\/wp-json\/wp\/v2\/types\/page"}],"author":[{"embeddable":true,"href":"https:\/\/sisu.ut.ee\/ecotech\/et\/wp-json\/wp\/v2\/users\/890"}],"replies":[{"embeddable":true,"href":"https:\/\/sisu.ut.ee\/ecotech\/et\/wp-json\/wp\/v2\/comments?post=902"}],"version-history":[{"count":1,"href":"https:\/\/sisu.ut.ee\/ecotech\/et\/wp-json\/wp\/v2\/pages\/902\/revisions"}],"predecessor-version":[{"id":904,"href":"https:\/\/sisu.ut.ee\/ecotech\/et\/wp-json\/wp\/v2\/pages\/902\/revisions\/904"}],"wp:featuredmedia":[{"embeddable":true,"href":"https:\/\/sisu.ut.ee\/ecotech\/et\/wp-json\/wp\/v2\/media\/789"}],"wp:attachment":[{"href":"https:\/\/sisu.ut.ee\/ecotech\/et\/wp-json\/wp\/v2\/media?parent=902"}],"curies":[{"name":"wp","href":"https:\/\/api.w.org\/{rel}","templated":true}]}}