{"id":879,"date":"2024-04-04T04:42:48","date_gmt":"2024-04-04T01:42:48","guid":{"rendered":"https:\/\/sisu.ut.ee\/ecotech\/?page_id=879"},"modified":"2026-03-02T15:21:53","modified_gmt":"2026-03-02T13:21:53","slug":"praegused-tootajad","status":"publish","type":"page","link":"https:\/\/sisu.ut.ee\/ecotech\/et\/praegused-tootajad\/","title":{"rendered":"Praegused t\u00f6\u00f6tajad"},"content":{"rendered":"<figure class=\"wp-block-table is-style-stripes\"><table class=\"table table-hover\"><tbody><tr><td><img loading=\"lazy\" decoding=\"async\" width=\"200\" height=\"262\" class=\"wp-image-825\" style=\"width: 200px;\" src=\"https:\/\/sisu.ut.ee\/wp-content\/uploads\/sites\/544\/Kuno-Kasak-scaled-e1765370826689.jpg\" alt=\"\" srcset=\"https:\/\/sisu.ut.ee\/wp-content\/uploads\/sites\/544\/Kuno-Kasak-scaled-e1765370826689.jpg 1613w, https:\/\/sisu.ut.ee\/wp-content\/uploads\/sites\/544\/Kuno-Kasak-scaled-e1765370826689-229x300.jpg 229w, https:\/\/sisu.ut.ee\/wp-content\/uploads\/sites\/544\/Kuno-Kasak-scaled-e1765370826689-781x1024.jpg 781w, https:\/\/sisu.ut.ee\/wp-content\/uploads\/sites\/544\/Kuno-Kasak-scaled-e1765370826689-768x1007.jpg 768w, https:\/\/sisu.ut.ee\/wp-content\/uploads\/sites\/544\/Kuno-Kasak-scaled-e1765370826689-1171x1536.jpg 1171w, https:\/\/sisu.ut.ee\/wp-content\/uploads\/sites\/544\/Kuno-Kasak-scaled-e1765370826689-1561x2048.jpg 1561w\" sizes=\"auto, (max-width: 200px) 100vw, 200px\"><\/td><td><img loading=\"lazy\" decoding=\"async\" width=\"170\" height=\"254\" class=\"wp-image-43\" style=\"width: 170px;\" src=\"https:\/\/sisu.ut.ee\/wp-content\/uploads\/sites\/544\/margit_crop-scaled-e1757419250132.jpg\" alt=\"Margit\"><\/td><td><img loading=\"lazy\" decoding=\"async\" width=\"160\" height=\"271\" class=\"wp-image-260\" style=\"width: 160px;\" src=\"https:\/\/sisu.ut.ee\/wp-content\/uploads\/sites\/544\/Reti-Ranniku_vaike_crop-e1757419233620.jpg\" alt=\"\"><\/td><\/tr><tr><td><strong>Kuno Kasak, PhD<\/strong><\/td><td><strong>Margit K\u00f5iv-Vainik, PhD<\/strong><\/td><td><strong>Reti Ranniku, PhD<\/strong><\/td><\/tr><tr><td>Professor<\/td><td>Kaasprofessor<\/td><td>Teadur<\/td><\/tr><tr><td>Juhtiv teadur<\/td><td>Loodusp\u00f5hised lahendused, veepuhastus, p\u00f5llumajandus, puhastusm\u00e4rgalad<\/td><td>Savanni pinnase, taimestiku ja \u00f6kos\u00fcsteemi kasvuhoonegaaside vood<\/td><\/tr><tr><td>E-mail: kuno.kasak@ut.ee<\/td><td>E-mail: margit.koiv.vainik@ut.ee<\/td><td>E-mail: reti.ranniku@ut.ee<\/td><\/tr><tr><td><\/td><td><\/td><td><\/td><\/tr><tr><td><img loading=\"lazy\" decoding=\"async\" width=\"210\" height=\"257\" class=\"wp-image-811\" style=\"width: 210px;\" src=\"https:\/\/sisu.ut.ee\/wp-content\/uploads\/sites\/544\/Mihkel-Pindus-1-scaled-e1765370962942.jpg\" alt=\"\" srcset=\"https:\/\/sisu.ut.ee\/wp-content\/uploads\/sites\/544\/Mihkel-Pindus-1-scaled-e1765370962942.jpg 1980w, https:\/\/sisu.ut.ee\/wp-content\/uploads\/sites\/544\/Mihkel-Pindus-1-scaled-e1765370962942-245x300.jpg 245w, https:\/\/sisu.ut.ee\/wp-content\/uploads\/sites\/544\/Mihkel-Pindus-1-scaled-e1765370962942-838x1024.jpg 838w, https:\/\/sisu.ut.ee\/wp-content\/uploads\/sites\/544\/Mihkel-Pindus-1-scaled-e1765370962942-768x939.jpg 768w, https:\/\/sisu.ut.ee\/wp-content\/uploads\/sites\/544\/Mihkel-Pindus-1-scaled-e1765370962942-1257x1536.jpg 1257w, https:\/\/sisu.ut.ee\/wp-content\/uploads\/sites\/544\/Mihkel-Pindus-1-scaled-e1765370962942-1676x2048.jpg 1676w, https:\/\/sisu.ut.ee\/wp-content\/uploads\/sites\/544\/Mihkel-Pindus-1-scaled-e1765370962942-1920x2347.jpg 1920w\" sizes=\"auto, (max-width: 210px) 100vw, 210px\"><\/td><td><\/td><td><img loading=\"lazy\" decoding=\"async\" width=\"175\" height=\"263\" class=\"wp-image-827\" style=\"width: 175px;\" src=\"https:\/\/sisu.ut.ee\/wp-content\/uploads\/sites\/544\/Annabel-Raudsepp-scaled-e1765371036188.jpg\" alt=\"\" srcset=\"https:\/\/sisu.ut.ee\/wp-content\/uploads\/sites\/544\/Annabel-Raudsepp-scaled-e1765371036188.jpg 1472w, https:\/\/sisu.ut.ee\/wp-content\/uploads\/sites\/544\/Annabel-Raudsepp-scaled-e1765371036188-200x300.jpg 200w, https:\/\/sisu.ut.ee\/wp-content\/uploads\/sites\/544\/Annabel-Raudsepp-scaled-e1765371036188-682x1024.jpg 682w, https:\/\/sisu.ut.ee\/wp-content\/uploads\/sites\/544\/Annabel-Raudsepp-scaled-e1765371036188-768x1153.jpg 768w, https:\/\/sisu.ut.ee\/wp-content\/uploads\/sites\/544\/Annabel-Raudsepp-scaled-e1765371036188-1023x1536.jpg 1023w, https:\/\/sisu.ut.ee\/wp-content\/uploads\/sites\/544\/Annabel-Raudsepp-scaled-e1765371036188-1364x2048.jpg 1364w\" sizes=\"auto, (max-width: 175px) 100vw, 175px\"><\/td><\/tr><tr><td><strong>Mihkel Pindus<\/strong><\/td><td><strong>Jaanus Libek<\/strong><\/td><td><strong>Annabel Raudsepp<\/strong><\/td><\/tr><tr><td>Laboritehnik<\/td><td>Laboritehnik<\/td><td>Projektijuht<\/td><\/tr><tr><td>E-mail: mihkel.pindus@ut.ee<\/td><td>E-mail: jaanus.libek@ut.ee<\/td><td>E-mail: raudsepp.annabel@ut.ee<\/td><\/tr><tr><td><\/td><td><\/td><td><\/td><\/tr><tr><td><img loading=\"lazy\" decoding=\"async\" width=\"210\" height=\"243\" class=\"wp-image-828\" style=\"width: 210px;\" src=\"https:\/\/sisu.ut.ee\/wp-content\/uploads\/sites\/544\/Photo-e1765371223803.png\" alt=\"\" srcset=\"https:\/\/sisu.ut.ee\/wp-content\/uploads\/sites\/544\/Photo-e1765371223803.png 406w, https:\/\/sisu.ut.ee\/wp-content\/uploads\/sites\/544\/Photo-e1765371223803-260x300.png 260w\" sizes=\"auto, (max-width: 210px) 100vw, 210px\"><\/td><td><img loading=\"lazy\" decoding=\"async\" width=\"185\" height=\"244\" class=\"wp-image-810\" style=\"width: 185px;\" src=\"https:\/\/sisu.ut.ee\/wp-content\/uploads\/sites\/544\/Kadir-Yildiz-scaled-e1765371275464.jpg\" alt=\"\" srcset=\"https:\/\/sisu.ut.ee\/wp-content\/uploads\/sites\/544\/Kadir-Yildiz-scaled-e1765371275464.jpg 1630w, https:\/\/sisu.ut.ee\/wp-content\/uploads\/sites\/544\/Kadir-Yildiz-scaled-e1765371275464-228x300.jpg 228w, https:\/\/sisu.ut.ee\/wp-content\/uploads\/sites\/544\/Kadir-Yildiz-scaled-e1765371275464-777x1024.jpg 777w, https:\/\/sisu.ut.ee\/wp-content\/uploads\/sites\/544\/Kadir-Yildiz-scaled-e1765371275464-768x1013.jpg 768w, https:\/\/sisu.ut.ee\/wp-content\/uploads\/sites\/544\/Kadir-Yildiz-scaled-e1765371275464-1165x1536.jpg 1165w, https:\/\/sisu.ut.ee\/wp-content\/uploads\/sites\/544\/Kadir-Yildiz-scaled-e1765371275464-1553x2048.jpg 1553w\" sizes=\"auto, (max-width: 185px) 100vw, 185px\"><\/td><td><img loading=\"lazy\" decoding=\"async\" width=\"210\" height=\"246\" class=\"wp-image-809\" style=\"width: 210px;\" src=\"https:\/\/sisu.ut.ee\/wp-content\/uploads\/sites\/544\/Jurgen-Sarjas-scaled-e1765371352781.jpg\" alt=\"\" srcset=\"https:\/\/sisu.ut.ee\/wp-content\/uploads\/sites\/544\/Jurgen-Sarjas-scaled-e1765371352781.jpg 1847w, https:\/\/sisu.ut.ee\/wp-content\/uploads\/sites\/544\/Jurgen-Sarjas-scaled-e1765371352781-257x300.jpg 257w, https:\/\/sisu.ut.ee\/wp-content\/uploads\/sites\/544\/Jurgen-Sarjas-scaled-e1765371352781-876x1024.jpg 876w, https:\/\/sisu.ut.ee\/wp-content\/uploads\/sites\/544\/Jurgen-Sarjas-scaled-e1765371352781-768x898.jpg 768w, https:\/\/sisu.ut.ee\/wp-content\/uploads\/sites\/544\/Jurgen-Sarjas-scaled-e1765371352781-1313x1536.jpg 1313w, https:\/\/sisu.ut.ee\/wp-content\/uploads\/sites\/544\/Jurgen-Sarjas-scaled-e1765371352781-1751x2048.jpg 1751w\" sizes=\"auto, (max-width: 210px) 100vw, 210px\"><\/td><\/tr><tr><td><strong>Isaac Okiti<\/strong><\/td><td><strong>Kadir Yildiz<\/strong><\/td><td><strong>J\u00fcrgen Sarjas<\/strong><\/td><\/tr><tr><td>Nooremteadur \u2013 kambritega tehtavad voogude m\u00f5\u00f5tmised m\u00e4rgaladel ja p\u00f5llumajandusmaastikel; kasvuhoonegaaside voogude heterogeensuse uuringud<\/td><td>Nooremteadur \u2013 turbulentsete kovaratisoonide meetodi m\u00f5\u00f5tmised (CO\u2082, CH\u2084) m\u00e4rgaladel<\/td><td>Nooremteadur \u2013 puhastuslodud, veekvaliteedi uuringud p\u00f5llumajanduses ja metsades<\/td><\/tr><tr><td>E-mail: isaac.okiti@ut.ee<\/td><td>E-mail: kadir.yildiz@ut.ee<\/td><td>E-mail: jurgen.sarjas@ut.ee<\/td><\/tr><tr><td><\/td><td><\/td><td><\/td><\/tr><tr><td><img loading=\"lazy\" decoding=\"async\" width=\"170\" height=\"302\" class=\"wp-image-817\" style=\"width: 170px;\" src=\"https:\/\/sisu.ut.ee\/wp-content\/uploads\/sites\/544\/Ilona-Tamm-scaled-e1765371428302.jpg\" alt=\"\" srcset=\"https:\/\/sisu.ut.ee\/wp-content\/uploads\/sites\/544\/Ilona-Tamm-scaled-e1765371428302.jpg 1412w, https:\/\/sisu.ut.ee\/wp-content\/uploads\/sites\/544\/Ilona-Tamm-scaled-e1765371428302-169x300.jpg 169w, https:\/\/sisu.ut.ee\/wp-content\/uploads\/sites\/544\/Ilona-Tamm-scaled-e1765371428302-577x1024.jpg 577w, https:\/\/sisu.ut.ee\/wp-content\/uploads\/sites\/544\/Ilona-Tamm-scaled-e1765371428302-768x1364.jpg 768w, https:\/\/sisu.ut.ee\/wp-content\/uploads\/sites\/544\/Ilona-Tamm-scaled-e1765371428302-865x1536.jpg 865w, https:\/\/sisu.ut.ee\/wp-content\/uploads\/sites\/544\/Ilona-Tamm-scaled-e1765371428302-1153x2048.jpg 1153w\" sizes=\"auto, (max-width: 170px) 100vw, 170px\"><\/td><td><img loading=\"lazy\" decoding=\"async\" width=\"230\" height=\"293\" class=\"wp-image-829\" style=\"width: 230px;\" src=\"https:\/\/sisu.ut.ee\/wp-content\/uploads\/sites\/544\/JoosepTruupold-scaled-e1765371543835.jpg\" alt=\"\" srcset=\"https:\/\/sisu.ut.ee\/wp-content\/uploads\/sites\/544\/JoosepTruupold-scaled-e1765371543835.jpg 1737w, https:\/\/sisu.ut.ee\/wp-content\/uploads\/sites\/544\/JoosepTruupold-scaled-e1765371543835-235x300.jpg 235w, https:\/\/sisu.ut.ee\/wp-content\/uploads\/sites\/544\/JoosepTruupold-scaled-e1765371543835-803x1024.jpg 803w, https:\/\/sisu.ut.ee\/wp-content\/uploads\/sites\/544\/JoosepTruupold-scaled-e1765371543835-768x979.jpg 768w, https:\/\/sisu.ut.ee\/wp-content\/uploads\/sites\/544\/JoosepTruupold-scaled-e1765371543835-1205x1536.jpg 1205w, https:\/\/sisu.ut.ee\/wp-content\/uploads\/sites\/544\/JoosepTruupold-scaled-e1765371543835-1607x2048.jpg 1607w\" sizes=\"auto, (max-width: 230px) 100vw, 230px\"><\/td><td><\/td><\/tr><tr><td><strong>Ilona Tamm<\/strong><\/td><td><strong>Joosep Truup\u00f5ld<\/strong><\/td><td><\/td><\/tr><tr><td>Nooremteadur \u2013 metaani voogude heterogeensus globaalsetel m\u00e4rgaladel ja masin\u00f5ppe meetodid<\/td><td>Nooremteadur \u2013 kuivendatud turbametsade s\u00fcsinikubilanss (metsaalus, kraav, t\u00fcvekambrid ja turbulentsete kovaratsioonide meetod)<\/td><td><\/td><\/tr><tr><td>E-mail: ilona.tamm@ut.ee<\/td><td>E-mail: joosep.truupold@ut.ee<\/td><td><\/td><\/tr><tr><td><\/td><td><\/td><td><\/td><\/tr><tr><td><img loading=\"lazy\" decoding=\"async\" width=\"165\" height=\"291\" class=\"wp-image-808\" style=\"width: 165px;\" src=\"https:\/\/sisu.ut.ee\/wp-content\/uploads\/sites\/544\/Kirke-Kasak-scaled-e1765371649693.jpg\" alt=\"\" srcset=\"https:\/\/sisu.ut.ee\/wp-content\/uploads\/sites\/544\/Kirke-Kasak-scaled-e1765371649693.jpg 1382w, https:\/\/sisu.ut.ee\/wp-content\/uploads\/sites\/544\/Kirke-Kasak-scaled-e1765371649693-170x300.jpg 170w, https:\/\/sisu.ut.ee\/wp-content\/uploads\/sites\/544\/Kirke-Kasak-scaled-e1765371649693-580x1024.jpg 580w, https:\/\/sisu.ut.ee\/wp-content\/uploads\/sites\/544\/Kirke-Kasak-scaled-e1765371649693-768x1356.jpg 768w, https:\/\/sisu.ut.ee\/wp-content\/uploads\/sites\/544\/Kirke-Kasak-scaled-e1765371649693-870x1536.jpg 870w, https:\/\/sisu.ut.ee\/wp-content\/uploads\/sites\/544\/Kirke-Kasak-scaled-e1765371649693-1160x2048.jpg 1160w\" sizes=\"auto, (max-width: 165px) 100vw, 165px\"><\/td><td><img loading=\"lazy\" decoding=\"async\" width=\"170\" height=\"298\" class=\"wp-image-812\" style=\"width: 170px;\" src=\"https:\/\/sisu.ut.ee\/wp-content\/uploads\/sites\/544\/Lii-Lopp-scaled-e1765371711528.jpg\" alt=\"\" srcset=\"https:\/\/sisu.ut.ee\/wp-content\/uploads\/sites\/544\/Lii-Lopp-scaled-e1765371711528.jpg 1293w, https:\/\/sisu.ut.ee\/wp-content\/uploads\/sites\/544\/Lii-Lopp-scaled-e1765371711528-171x300.jpg 171w, https:\/\/sisu.ut.ee\/wp-content\/uploads\/sites\/544\/Lii-Lopp-scaled-e1765371711528-583x1024.jpg 583w, https:\/\/sisu.ut.ee\/wp-content\/uploads\/sites\/544\/Lii-Lopp-scaled-e1765371711528-768x1348.jpg 768w, https:\/\/sisu.ut.ee\/wp-content\/uploads\/sites\/544\/Lii-Lopp-scaled-e1765371711528-875x1536.jpg 875w, https:\/\/sisu.ut.ee\/wp-content\/uploads\/sites\/544\/Lii-Lopp-scaled-e1765371711528-1167x2048.jpg 1167w\" sizes=\"auto, (max-width: 170px) 100vw, 170px\"><\/td><td><img loading=\"lazy\" decoding=\"async\" width=\"185\" height=\"279\" class=\"wp-image-830\" style=\"width: 185px;\" src=\"https:\/\/sisu.ut.ee\/wp-content\/uploads\/sites\/544\/Christina-Kangro-scaled-e1765371927587.jpg\" alt=\"\" srcset=\"https:\/\/sisu.ut.ee\/wp-content\/uploads\/sites\/544\/Christina-Kangro-scaled-e1765371927587.jpg 1455w, https:\/\/sisu.ut.ee\/wp-content\/uploads\/sites\/544\/Christina-Kangro-scaled-e1765371927587-199x300.jpg 199w, https:\/\/sisu.ut.ee\/wp-content\/uploads\/sites\/544\/Christina-Kangro-scaled-e1765371927587-679x1024.jpg 679w, https:\/\/sisu.ut.ee\/wp-content\/uploads\/sites\/544\/Christina-Kangro-scaled-e1765371927587-768x1158.jpg 768w, https:\/\/sisu.ut.ee\/wp-content\/uploads\/sites\/544\/Christina-Kangro-scaled-e1765371927587-1019x1536.jpg 1019w, https:\/\/sisu.ut.ee\/wp-content\/uploads\/sites\/544\/Christina-Kangro-scaled-e1765371927587-1359x2048.jpg 1359w\" sizes=\"auto, (max-width: 185px) 100vw, 185px\"><\/td><\/tr><tr><td><strong>Kirke Kasak<\/strong><\/td><td><strong>Lii Lopp<\/strong><\/td><td><strong>Christina Kangro<\/strong><\/td><\/tr><tr><td>MSc tudeng \u2013 kambrip\u00f5histe voogude heterogeensuse uuringud<\/td><td>MSc tudeng \u2013 p\u00f5llumajandus<\/td><td>MSc tudeng \u2013 rohumaade roll s\u00fcsinikuringes kliimamuutuste kontekstis<\/td><\/tr><tr><td>E-mail: kirke.kasak@ut.ee<\/td><td>E-mail: lii.lopp@ut.ee<\/td><td>E-mail: christina.kangro@ut.ee<\/td><\/tr><tr><td><\/td><td><\/td><td><\/td><\/tr><tr><td><img loading=\"lazy\" decoding=\"async\" width=\"175\" height=\"282\" class=\"wp-image-819\" style=\"width: 175px;\" src=\"https:\/\/sisu.ut.ee\/wp-content\/uploads\/sites\/544\/LilyLynn-Black-scaled-e1765372031531.jpg\" alt=\"\" srcset=\"https:\/\/sisu.ut.ee\/wp-content\/uploads\/sites\/544\/LilyLynn-Black-scaled-e1765372031531.jpg 1434w, https:\/\/sisu.ut.ee\/wp-content\/uploads\/sites\/544\/LilyLynn-Black-scaled-e1765372031531-186x300.jpg 186w, https:\/\/sisu.ut.ee\/wp-content\/uploads\/sites\/544\/LilyLynn-Black-scaled-e1765372031531-636x1024.jpg 636w, https:\/\/sisu.ut.ee\/wp-content\/uploads\/sites\/544\/LilyLynn-Black-scaled-e1765372031531-768x1236.jpg 768w, https:\/\/sisu.ut.ee\/wp-content\/uploads\/sites\/544\/LilyLynn-Black-scaled-e1765372031531-954x1536.jpg 954w, https:\/\/sisu.ut.ee\/wp-content\/uploads\/sites\/544\/LilyLynn-Black-scaled-e1765372031531-1272x2048.jpg 1272w\" sizes=\"auto, (max-width: 175px) 100vw, 175px\"><\/td><td><\/td><td><\/td><\/tr><tr><td><strong>Lily Lynn Black<\/strong><\/td><td><\/td><td><\/td><\/tr><tr><td>MSc tudeng \u2013 bioloogiline mitmekesisus V\u00e4nda kunstm\u00e4rgalas<\/td><td><\/td><td><\/td><\/tr><tr><td>E-mail: lily.lynn.black@ut.ee<\/td><td><\/td><td><\/td><\/tr><tr><td><\/td><td><\/td><td><\/td><\/tr><tr><td><img loading=\"lazy\" decoding=\"async\" width=\"250\" height=\"249\" class=\"wp-image-331\" style=\"width: 250px;\" src=\"https:\/\/sisu.ut.ee\/wp-content\/uploads\/sites\/544\/IMG_3354-e1757422123901.jpg\" alt=\"\"><\/td><td><img loading=\"lazy\" decoding=\"async\" width=\"205\" height=\"263\" class=\"wp-image-806\" style=\"width: 205px;\" src=\"https:\/\/sisu.ut.ee\/wp-content\/uploads\/sites\/544\/Aleksander-Palu-scaled-e1765372130912.jpg\" alt=\"\" srcset=\"https:\/\/sisu.ut.ee\/wp-content\/uploads\/sites\/544\/Aleksander-Palu-scaled-e1765372130912.jpg 1847w, https:\/\/sisu.ut.ee\/wp-content\/uploads\/sites\/544\/Aleksander-Palu-scaled-e1765372130912-234x300.jpg 234w, https:\/\/sisu.ut.ee\/wp-content\/uploads\/sites\/544\/Aleksander-Palu-scaled-e1765372130912-799x1024.jpg 799w, https:\/\/sisu.ut.ee\/wp-content\/uploads\/sites\/544\/Aleksander-Palu-scaled-e1765372130912-768x984.jpg 768w, https:\/\/sisu.ut.ee\/wp-content\/uploads\/sites\/544\/Aleksander-Palu-scaled-e1765372130912-1199x1536.jpg 1199w, https:\/\/sisu.ut.ee\/wp-content\/uploads\/sites\/544\/Aleksander-Palu-scaled-e1765372130912-1598x2048.jpg 1598w\" sizes=\"auto, (max-width: 205px) 100vw, 205px\"><\/td><td><img loading=\"lazy\" decoding=\"async\" width=\"175\" height=\"269\" class=\"wp-image-831\" style=\"width: 175px;\" src=\"https:\/\/sisu.ut.ee\/wp-content\/uploads\/sites\/544\/Merilin-Lohmus-scaled-e1765372257452.jpg\" alt=\"\" srcset=\"https:\/\/sisu.ut.ee\/wp-content\/uploads\/sites\/544\/Merilin-Lohmus-scaled-e1765372257452.jpg 1523w, https:\/\/sisu.ut.ee\/wp-content\/uploads\/sites\/544\/Merilin-Lohmus-scaled-e1765372257452-195x300.jpg 195w, https:\/\/sisu.ut.ee\/wp-content\/uploads\/sites\/544\/Merilin-Lohmus-scaled-e1765372257452-666x1024.jpg 666w, https:\/\/sisu.ut.ee\/wp-content\/uploads\/sites\/544\/Merilin-Lohmus-scaled-e1765372257452-768x1181.jpg 768w, https:\/\/sisu.ut.ee\/wp-content\/uploads\/sites\/544\/Merilin-Lohmus-scaled-e1765372257452-999x1536.jpg 999w, https:\/\/sisu.ut.ee\/wp-content\/uploads\/sites\/544\/Merilin-Lohmus-scaled-e1765372257452-1332x2048.jpg 1332w\" sizes=\"auto, (max-width: 175px) 100vw, 175px\"><\/td><\/tr><tr><td><strong>Karin Maria Saarepuu<\/strong><\/td><td><strong>Aleksander Palu<\/strong><\/td><td><strong>Merilin L\u00f5hmus<\/strong><\/td><\/tr><tr><td>BSc tudeng \u2013 metaani emissiooni \u00f6\u00f6p\u00e4evased aspektid m\u00e4rgaladel<\/td><td>BSc tudeng \u2013 Eestis viimastel aastatel metsastatud alade kaardistamine kaugseire ja masin\u00f5ppe abil<\/td><td>BSc tudeng \u2013 taastatud Lavassaare m\u00e4rgala energiabilanss<\/td><\/tr><tr><td>E-mail: karin.maria.saarepuu@ut.ee<\/td><td>E-mail: aleksander.palu@ut.ee<\/td><td>E-mail: merilin.lohmus.1@ut.ee<\/td><\/tr><\/tbody><\/table><\/figure>\n\n\n\n<p><\/p>\n","protected":false},"excerpt":{"rendered":"<p>Kuno Kasak, PhD Margit K\u00f5iv-Vainik, PhD Reti Ranniku, PhD Professor Kaasprofessor Teadur Juhtiv teadur Loodusp\u00f5hised lahendused, veepuhastus, p\u00f5llumajandus, puhastusm\u00e4rgalad Savanni pinnase, taimestiku ja \u00f6kos\u00fcsteemi kasvuhoonegaaside vood E-mail: kuno.kasak@ut.ee E-mail: margit.koiv.vainik@ut.ee E-mail: reti.ranniku@ut.ee Mihkel Pindus Jaanus Libek Annabel Raudsepp Laboritehnik Laboritehnik &#8230;<\/p>\n","protected":false},"author":890,"featured_media":796,"parent":0,"menu_order":0,"comment_status":"closed","ping_status":"closed","template":"","meta":{"_acf_changed":false,"inline_featured_image":false,"footnotes":""},"class_list":["post-879","page","type-page","status-publish","has-post-thumbnail","hentry"],"acf":[],"_links":{"self":[{"href":"https:\/\/sisu.ut.ee\/ecotech\/et\/wp-json\/wp\/v2\/pages\/879","targetHints":{"allow":["GET"]}}],"collection":[{"href":"https:\/\/sisu.ut.ee\/ecotech\/et\/wp-json\/wp\/v2\/pages"}],"about":[{"href":"https:\/\/sisu.ut.ee\/ecotech\/et\/wp-json\/wp\/v2\/types\/page"}],"author":[{"embeddable":true,"href":"https:\/\/sisu.ut.ee\/ecotech\/et\/wp-json\/wp\/v2\/users\/890"}],"replies":[{"embeddable":true,"href":"https:\/\/sisu.ut.ee\/ecotech\/et\/wp-json\/wp\/v2\/comments?post=879"}],"version-history":[{"count":3,"href":"https:\/\/sisu.ut.ee\/ecotech\/et\/wp-json\/wp\/v2\/pages\/879\/revisions"}],"predecessor-version":[{"id":1157,"href":"https:\/\/sisu.ut.ee\/ecotech\/et\/wp-json\/wp\/v2\/pages\/879\/revisions\/1157"}],"wp:featuredmedia":[{"embeddable":true,"href":"https:\/\/sisu.ut.ee\/ecotech\/et\/wp-json\/wp\/v2\/media\/796"}],"wp:attachment":[{"href":"https:\/\/sisu.ut.ee\/ecotech\/et\/wp-json\/wp\/v2\/media?parent=879"}],"curies":[{"name":"wp","href":"https:\/\/api.w.org\/{rel}","templated":true}]}}