{"id":744,"date":"2025-10-01T15:28:49","date_gmt":"2025-10-01T12:28:49","guid":{"rendered":"https:\/\/sisu.ut.ee\/ecotech\/?page_id=744"},"modified":"2025-11-07T15:46:49","modified_gmt":"2025-11-07T13:46:49","slug":"ee-tiim","status":"publish","type":"page","link":"https:\/\/sisu.ut.ee\/ecotech\/et\/ee-tiim\/","title":{"rendered":"Meie t\u00f6\u00f6r\u00fchm"},"content":{"rendered":"<p>Meie t\u00f6\u00f6r\u00fchm \u00fchendab eri taustaga spetsialiste, kellel on haridus ja kogemused loodusgeograafia, keskkonnatehnoloogia, \u00f6koloogia, h\u00fcdroloogia, maastiku\u00f6koloogia, keskkonnakaitse ja materjaliteaduse valdkonnas. Tegutseme keskkonnaprotsesside m\u00f5istmise, modelleerimise ja hindamisega, et toetada teadusp\u00f5hiseid ja tehnoloogilisi lahendusi kestliku keskkonnajuhtimise jaoks.<\/p>\n\n\n\n<p>Hindame interdistsiplinaarset koost\u00f6\u00f6d, avatud ja uudishimulikku m\u00f5tteviisi ning toetavat meeskonnavaimu.<\/p>\n\n\n\n<figure class=\"wp-block-gallery has-nested-images columns-default is-cropped wp-block-gallery-1 is-layout-flex wp-block-gallery-is-layout-flex\">\n<figure class=\"wp-block-image size-large\"><img loading=\"lazy\" decoding=\"async\" width=\"1024\" height=\"768\" data-id=\"700\" src=\"https:\/\/sisu.ut.ee\/wp-content\/uploads\/sites\/544\/IMG_5586-1024x768.jpg\" alt=\"\" class=\"wp-image-700\" srcset=\"https:\/\/sisu.ut.ee\/wp-content\/uploads\/sites\/544\/IMG_5586-1024x768.jpg 1024w, https:\/\/sisu.ut.ee\/wp-content\/uploads\/sites\/544\/IMG_5586-300x225.jpg 300w, https:\/\/sisu.ut.ee\/wp-content\/uploads\/sites\/544\/IMG_5586-768x576.jpg 768w, https:\/\/sisu.ut.ee\/wp-content\/uploads\/sites\/544\/IMG_5586-1536x1152.jpg 1536w, https:\/\/sisu.ut.ee\/wp-content\/uploads\/sites\/544\/IMG_5586-2048x1536.jpg 2048w, https:\/\/sisu.ut.ee\/wp-content\/uploads\/sites\/544\/IMG_5586-1920x1440.jpg 1920w\" sizes=\"auto, (max-width: 1024px) 100vw, 1024px\"><\/figure>\n\n\n\n<figure class=\"wp-block-image size-large\"><img loading=\"lazy\" decoding=\"async\" width=\"1024\" height=\"768\" data-id=\"709\" src=\"https:\/\/sisu.ut.ee\/wp-content\/uploads\/sites\/544\/\/1758539828465-1024x768.jpeg\" alt=\"\" class=\"wp-image-709\" srcset=\"https:\/\/sisu.ut.ee\/wp-content\/uploads\/sites\/544\/1758539828465-1024x768.jpeg 1024w, https:\/\/sisu.ut.ee\/wp-content\/uploads\/sites\/544\/1758539828465-300x225.jpeg 300w, https:\/\/sisu.ut.ee\/wp-content\/uploads\/sites\/544\/1758539828465-768x576.jpeg 768w, https:\/\/sisu.ut.ee\/wp-content\/uploads\/sites\/544\/1758539828465-1536x1152.jpeg 1536w, https:\/\/sisu.ut.ee\/wp-content\/uploads\/sites\/544\/1758539828465-1920x1440.jpeg 1920w, https:\/\/sisu.ut.ee\/wp-content\/uploads\/sites\/544\/1758539828465.jpeg 2048w\" sizes=\"auto, (max-width: 1024px) 100vw, 1024px\"><\/figure>\n\n\n\n<figure class=\"wp-block-image size-large\"><img loading=\"lazy\" decoding=\"async\" width=\"1024\" height=\"768\" data-id=\"699\" src=\"https:\/\/sisu.ut.ee\/wp-content\/uploads\/sites\/544\/IMG_5798-1024x768.jpg\" alt=\"\" class=\"wp-image-699\" srcset=\"https:\/\/sisu.ut.ee\/wp-content\/uploads\/sites\/544\/IMG_5798-1024x768.jpg 1024w, https:\/\/sisu.ut.ee\/wp-content\/uploads\/sites\/544\/IMG_5798-300x225.jpg 300w, https:\/\/sisu.ut.ee\/wp-content\/uploads\/sites\/544\/IMG_5798-768x576.jpg 768w, https:\/\/sisu.ut.ee\/wp-content\/uploads\/sites\/544\/IMG_5798-1536x1152.jpg 1536w, https:\/\/sisu.ut.ee\/wp-content\/uploads\/sites\/544\/IMG_5798-2048x1536.jpg 2048w, https:\/\/sisu.ut.ee\/wp-content\/uploads\/sites\/544\/IMG_5798-1920x1440.jpg 1920w\" sizes=\"auto, (max-width: 1024px) 100vw, 1024px\"><\/figure>\n\n\n\n<figure class=\"wp-block-image size-large\"><img loading=\"lazy\" decoding=\"async\" width=\"1024\" height=\"630\" data-id=\"703\" src=\"https:\/\/sisu.ut.ee\/wp-content\/uploads\/sites\/544\/\/IMG_4345-scaled-e1759389269874-1024x630.jpg\" alt=\"\" class=\"wp-image-703\" srcset=\"https:\/\/sisu.ut.ee\/wp-content\/uploads\/sites\/544\/IMG_4345-scaled-e1759389269874-1024x630.jpg 1024w, https:\/\/sisu.ut.ee\/wp-content\/uploads\/sites\/544\/IMG_4345-scaled-e1759389269874-300x184.jpg 300w, https:\/\/sisu.ut.ee\/wp-content\/uploads\/sites\/544\/IMG_4345-scaled-e1759389269874-768x472.jpg 768w, https:\/\/sisu.ut.ee\/wp-content\/uploads\/sites\/544\/IMG_4345-scaled-e1759389269874-1536x944.jpg 1536w, https:\/\/sisu.ut.ee\/wp-content\/uploads\/sites\/544\/IMG_4345-scaled-e1759389269874-2048x1259.jpg 2048w, https:\/\/sisu.ut.ee\/wp-content\/uploads\/sites\/544\/IMG_4345-scaled-e1759389269874-1920x1181.jpg 1920w\" sizes=\"auto, (max-width: 1024px) 100vw, 1024px\"><\/figure>\n\n\n\n<figure class=\"wp-block-image size-large\"><img loading=\"lazy\" decoding=\"async\" width=\"1024\" height=\"768\" data-id=\"705\" src=\"https:\/\/sisu.ut.ee\/wp-content\/uploads\/sites\/544\/20240923_140621-1024x768.jpg\" alt=\"\" class=\"wp-image-705\" srcset=\"https:\/\/sisu.ut.ee\/wp-content\/uploads\/sites\/544\/20240923_140621-1024x768.jpg 1024w, https:\/\/sisu.ut.ee\/wp-content\/uploads\/sites\/544\/20240923_140621-300x225.jpg 300w, https:\/\/sisu.ut.ee\/wp-content\/uploads\/sites\/544\/20240923_140621-768x576.jpg 768w, https:\/\/sisu.ut.ee\/wp-content\/uploads\/sites\/544\/20240923_140621-1536x1152.jpg 1536w, https:\/\/sisu.ut.ee\/wp-content\/uploads\/sites\/544\/20240923_140621-2048x1536.jpg 2048w, https:\/\/sisu.ut.ee\/wp-content\/uploads\/sites\/544\/20240923_140621-1920x1440.jpg 1920w\" sizes=\"auto, (max-width: 1024px) 100vw, 1024px\"><\/figure>\n\n\n\n<figure class=\"wp-block-image size-large\"><img loading=\"lazy\" decoding=\"async\" width=\"1024\" height=\"768\" data-id=\"707\" src=\"https:\/\/sisu.ut.ee\/wp-content\/uploads\/sites\/544\/20240429_131720-1024x768.jpg\" alt=\"\" class=\"wp-image-707\" srcset=\"https:\/\/sisu.ut.ee\/wp-content\/uploads\/sites\/544\/20240429_131720-1024x768.jpg 1024w, https:\/\/sisu.ut.ee\/wp-content\/uploads\/sites\/544\/20240429_131720-300x225.jpg 300w, https:\/\/sisu.ut.ee\/wp-content\/uploads\/sites\/544\/20240429_131720-768x576.jpg 768w, https:\/\/sisu.ut.ee\/wp-content\/uploads\/sites\/544\/20240429_131720-1536x1152.jpg 1536w, https:\/\/sisu.ut.ee\/wp-content\/uploads\/sites\/544\/20240429_131720-2048x1536.jpg 2048w, https:\/\/sisu.ut.ee\/wp-content\/uploads\/sites\/544\/20240429_131720-1920x1440.jpg 1920w\" sizes=\"auto, (max-width: 1024px) 100vw, 1024px\"><\/figure>\n\n\n\n<figure class=\"wp-block-image size-large\"><img loading=\"lazy\" decoding=\"async\" width=\"1024\" height=\"768\" data-id=\"706\" src=\"https:\/\/sisu.ut.ee\/wp-content\/uploads\/sites\/544\/1000030475-1024x768.jpg\" alt=\"\" class=\"wp-image-706\" srcset=\"https:\/\/sisu.ut.ee\/wp-content\/uploads\/sites\/544\/1000030475-1024x768.jpg 1024w, https:\/\/sisu.ut.ee\/wp-content\/uploads\/sites\/544\/1000030475-300x225.jpg 300w, https:\/\/sisu.ut.ee\/wp-content\/uploads\/sites\/544\/1000030475-768x576.jpg 768w, https:\/\/sisu.ut.ee\/wp-content\/uploads\/sites\/544\/1000030475-1536x1152.jpg 1536w, https:\/\/sisu.ut.ee\/wp-content\/uploads\/sites\/544\/1000030475-2048x1536.jpg 2048w, https:\/\/sisu.ut.ee\/wp-content\/uploads\/sites\/544\/1000030475-1920x1440.jpg 1920w\" sizes=\"auto, (max-width: 1024px) 100vw, 1024px\"><\/figure>\n\n\n\n<figure class=\"wp-block-image size-large\"><img loading=\"lazy\" decoding=\"async\" width=\"1024\" height=\"768\" data-id=\"704\" src=\"https:\/\/sisu.ut.ee\/wp-content\/uploads\/sites\/544\/20241003_165333-1024x768.jpg\" alt=\"\" class=\"wp-image-704\" srcset=\"https:\/\/sisu.ut.ee\/wp-content\/uploads\/sites\/544\/20241003_165333-1024x768.jpg 1024w, https:\/\/sisu.ut.ee\/wp-content\/uploads\/sites\/544\/20241003_165333-300x225.jpg 300w, https:\/\/sisu.ut.ee\/wp-content\/uploads\/sites\/544\/20241003_165333-768x576.jpg 768w, https:\/\/sisu.ut.ee\/wp-content\/uploads\/sites\/544\/20241003_165333-1536x1152.jpg 1536w, https:\/\/sisu.ut.ee\/wp-content\/uploads\/sites\/544\/20241003_165333-2048x1536.jpg 2048w, https:\/\/sisu.ut.ee\/wp-content\/uploads\/sites\/544\/20241003_165333-1920x1440.jpg 1920w\" sizes=\"auto, (max-width: 1024px) 100vw, 1024px\"><\/figure>\n\n\n\n<figure class=\"wp-block-image size-large\"><img loading=\"lazy\" decoding=\"async\" width=\"1024\" height=\"768\" data-id=\"701\" src=\"https:\/\/sisu.ut.ee\/wp-content\/uploads\/sites\/544\/IMG_9573-1024x768.jpg\" alt=\"\" class=\"wp-image-701\" srcset=\"https:\/\/sisu.ut.ee\/wp-content\/uploads\/sites\/544\/IMG_9573-1024x768.jpg 1024w, https:\/\/sisu.ut.ee\/wp-content\/uploads\/sites\/544\/IMG_9573-300x225.jpg 300w, https:\/\/sisu.ut.ee\/wp-content\/uploads\/sites\/544\/IMG_9573-768x576.jpg 768w, https:\/\/sisu.ut.ee\/wp-content\/uploads\/sites\/544\/IMG_9573-1536x1152.jpg 1536w, https:\/\/sisu.ut.ee\/wp-content\/uploads\/sites\/544\/IMG_9573-2048x1536.jpg 2048w, https:\/\/sisu.ut.ee\/wp-content\/uploads\/sites\/544\/IMG_9573-1920x1440.jpg 1920w\" sizes=\"auto, (max-width: 1024px) 100vw, 1024px\"><\/figure>\n\n\n\n<figure class=\"wp-block-image size-large\"><img loading=\"lazy\" decoding=\"async\" width=\"1024\" height=\"768\" data-id=\"702\" src=\"https:\/\/sisu.ut.ee\/wp-content\/uploads\/sites\/544\/20231027_142950-1024x768.jpg\" alt=\"\" class=\"wp-image-702\" srcset=\"https:\/\/sisu.ut.ee\/wp-content\/uploads\/sites\/544\/20231027_142950-1024x768.jpg 1024w, https:\/\/sisu.ut.ee\/wp-content\/uploads\/sites\/544\/20231027_142950-300x225.jpg 300w, https:\/\/sisu.ut.ee\/wp-content\/uploads\/sites\/544\/20231027_142950-768x576.jpg 768w, https:\/\/sisu.ut.ee\/wp-content\/uploads\/sites\/544\/20231027_142950-1536x1152.jpg 1536w, https:\/\/sisu.ut.ee\/wp-content\/uploads\/sites\/544\/20231027_142950-2048x1536.jpg 2048w, https:\/\/sisu.ut.ee\/wp-content\/uploads\/sites\/544\/20231027_142950-1920x1440.jpg 1920w\" sizes=\"auto, (max-width: 1024px) 100vw, 1024px\"><\/figure>\n\n\n\n<figure class=\"wp-block-image size-large\"><img loading=\"lazy\" decoding=\"async\" width=\"1024\" height=\"768\" data-id=\"708\" src=\"https:\/\/sisu.ut.ee\/wp-content\/uploads\/sites\/544\/20240429_115232-1024x768.jpg\" alt=\"\" class=\"wp-image-708\" srcset=\"https:\/\/sisu.ut.ee\/wp-content\/uploads\/sites\/544\/20240429_115232-1024x768.jpg 1024w, https:\/\/sisu.ut.ee\/wp-content\/uploads\/sites\/544\/20240429_115232-300x225.jpg 300w, https:\/\/sisu.ut.ee\/wp-content\/uploads\/sites\/544\/20240429_115232-768x576.jpg 768w, https:\/\/sisu.ut.ee\/wp-content\/uploads\/sites\/544\/20240429_115232-1536x1152.jpg 1536w, https:\/\/sisu.ut.ee\/wp-content\/uploads\/sites\/544\/20240429_115232-2048x1536.jpg 2048w, https:\/\/sisu.ut.ee\/wp-content\/uploads\/sites\/544\/20240429_115232-1920x1440.jpg 1920w\" sizes=\"auto, (max-width: 1024px) 100vw, 1024px\"><\/figure>\n<\/figure>\n","protected":false},"excerpt":{"rendered":"<p>Meie t\u00f6\u00f6r\u00fchm \u00fchendab eri taustaga spetsialiste, kellel on haridus ja kogemused loodusgeograafia, keskkonnatehnoloogia, \u00f6koloogia, h\u00fcdroloogia, maastiku\u00f6koloogia, keskkonnakaitse ja materjaliteaduse valdkonnas. Tegutseme keskkonnaprotsesside m\u00f5istmise, modelleerimise ja hindamisega, et toetada teadusp\u00f5hiseid ja tehnoloogilisi lahendusi kestliku keskkonnajuhtimise jaoks. Hindame interdistsiplinaarset koost\u00f6\u00f6d, avatud ja &#8230;<\/p>\n","protected":false},"author":890,"featured_media":796,"parent":0,"menu_order":0,"comment_status":"closed","ping_status":"closed","template":"","meta":{"_acf_changed":false,"inline_featured_image":false,"footnotes":""},"class_list":["post-744","page","type-page","status-publish","has-post-thumbnail","hentry"],"acf":[],"_links":{"self":[{"href":"https:\/\/sisu.ut.ee\/ecotech\/et\/wp-json\/wp\/v2\/pages\/744","targetHints":{"allow":["GET"]}}],"collection":[{"href":"https:\/\/sisu.ut.ee\/ecotech\/et\/wp-json\/wp\/v2\/pages"}],"about":[{"href":"https:\/\/sisu.ut.ee\/ecotech\/et\/wp-json\/wp\/v2\/types\/page"}],"author":[{"embeddable":true,"href":"https:\/\/sisu.ut.ee\/ecotech\/et\/wp-json\/wp\/v2\/users\/890"}],"replies":[{"embeddable":true,"href":"https:\/\/sisu.ut.ee\/ecotech\/et\/wp-json\/wp\/v2\/comments?post=744"}],"version-history":[{"count":6,"href":"https:\/\/sisu.ut.ee\/ecotech\/et\/wp-json\/wp\/v2\/pages\/744\/revisions"}],"predecessor-version":[{"id":800,"href":"https:\/\/sisu.ut.ee\/ecotech\/et\/wp-json\/wp\/v2\/pages\/744\/revisions\/800"}],"wp:featuredmedia":[{"embeddable":true,"href":"https:\/\/sisu.ut.ee\/ecotech\/et\/wp-json\/wp\/v2\/media\/796"}],"wp:attachment":[{"href":"https:\/\/sisu.ut.ee\/ecotech\/et\/wp-json\/wp\/v2\/media?parent=744"}],"curies":[{"name":"wp","href":"https:\/\/api.w.org\/{rel}","templated":true}]}}