{"id":716,"date":"2024-04-04T04:42:47","date_gmt":"2024-04-04T01:42:47","guid":{"rendered":"https:\/\/sisu.ut.ee\/ecotech\/?page_id=716"},"modified":"2025-11-07T15:48:58","modified_gmt":"2025-11-07T13:48:58","slug":"ee-avaleht","status":"publish","type":"page","link":"https:\/\/sisu.ut.ee\/ecotech\/et\/","title":{"rendered":"Avaleht"},"content":{"rendered":"<h5 class=\"wp-block-heading\">Tere tulemast keskkonnatehnoloogia t\u00f6\u00f6r\u00fchma kodulehele!<\/h5>\n\n\n\n<p>Keskkonnatehnoloogia laboris, mis asub Tartu \u00dclikooli geograafia osakonnas, keskendume Maa biosf\u00e4\u00e4ri ja atmosf\u00e4\u00e4ri d\u00fcnaamiliste vastasm\u00f5jude m\u00f5istmise s\u00fcvendamisele. Meie uurimist\u00f6\u00f6 s\u00fcveneb f\u00fc\u00fcsikalistesse, bioloogilistesse ja keemilistesse protsessidesse, mis juhivad gaaside ja energia vahetust. Uurides, kuidas toimivad taimed, mikroobid ja \u00f6kos\u00fcsteemid, p\u00fc\u00fcame avastada keerukaid viise, kuidas biosf\u00e4\u00e4r \u201chingab\u201d \u2014 reguleerides gaaside voogu ja energiavajadust.<\/p>\n\n\n\n<p>Meie missioon on anda v\u00e4\u00e4rtuslikku teadmist kliimamuutuste leevendamiseks, uurides \u00f6kos\u00fcsteemide rolli globaalses s\u00fcsinikuts\u00fcklis. Kombineerides v\u00e4lit\u00f6\u00f6d, uuenduslikku tehnoloogiat ja valdkondadevahelist l\u00e4henemist, tegeleme k\u00f5ige olulisemate keskkonnaprobleemidega, mida kliimamuutused kaasa toovad.<\/p>\n\n\n\n<p><strong>Peamised tegevusvaldkonnad:<\/strong><\/p>\n\n\n\n<p><\/p>\n\n\n\n<ul class=\"wp-block-list\">\n<li><strong>Kasvuhoonegaaside vahetus:<\/strong> Me m\u00f5\u00f5dame oluliste kasvuhoonegaaside \u2014 nagu s\u00fcsihappegaas (CO\u2082), metaan (CH\u2084) ja dil\u00e4mmastikoksiid (N\u2082O) \u2014 vahetust erinevatel maakasutust\u00fc\u00fcpidel, n\u00e4iteks m\u00e4rgaladel, metsades, p\u00f5llumajandusmaadel ja savannides. Kasutades tipptasemel virvenduskoherentsuse meetodeid ja kambrip\u00f5hiseid m\u00f5\u00f5tmisi, uurime, kuidas maahalduspraktikad ja \u00f6koloogilised protsessid m\u00f5jutavad nende gaaside voolu.<\/li>\n<\/ul>\n\n\n\n<figure class=\"wp-block-gallery has-nested-images columns-default is-cropped wp-block-gallery-1 is-layout-flex wp-block-gallery-is-layout-flex\">\n<figure class=\"wp-block-image aligncenter size-large\"><img loading=\"lazy\" decoding=\"async\" width=\"1024\" height=\"768\" data-id=\"381\" src=\"https:\/\/sisu.ut.ee\/wp-content\/uploads\/sites\/544\/\/IMG_8705-1024x768.jpeg\" alt=\"\" class=\"wp-image-381\" srcset=\"https:\/\/sisu.ut.ee\/wp-content\/uploads\/sites\/544\/IMG_8705-1024x768.jpeg 1024w, https:\/\/sisu.ut.ee\/wp-content\/uploads\/sites\/544\/IMG_8705-300x225.jpeg 300w, https:\/\/sisu.ut.ee\/wp-content\/uploads\/sites\/544\/IMG_8705-768x576.jpeg 768w, https:\/\/sisu.ut.ee\/wp-content\/uploads\/sites\/544\/IMG_8705-1536x1152.jpeg 1536w, https:\/\/sisu.ut.ee\/wp-content\/uploads\/sites\/544\/IMG_8705-2048x1536.jpeg 2048w, https:\/\/sisu.ut.ee\/wp-content\/uploads\/sites\/544\/IMG_8705-1920x1440.jpeg 1920w\" sizes=\"auto, (max-width: 1024px) 100vw, 1024px\"><\/figure>\n\n\n\n<figure class=\"wp-block-image size-large\"><img loading=\"lazy\" decoding=\"async\" width=\"1024\" height=\"768\" data-id=\"378\" src=\"https:\/\/sisu.ut.ee\/wp-content\/uploads\/sites\/544\/\/IMG_8447-1024x768.jpeg\" alt=\"\" class=\"wp-image-378\" srcset=\"https:\/\/sisu.ut.ee\/wp-content\/uploads\/sites\/544\/IMG_8447-1024x768.jpeg 1024w, https:\/\/sisu.ut.ee\/wp-content\/uploads\/sites\/544\/IMG_8447-300x225.jpeg 300w, https:\/\/sisu.ut.ee\/wp-content\/uploads\/sites\/544\/IMG_8447-768x576.jpeg 768w, https:\/\/sisu.ut.ee\/wp-content\/uploads\/sites\/544\/IMG_8447-1536x1152.jpeg 1536w, https:\/\/sisu.ut.ee\/wp-content\/uploads\/sites\/544\/IMG_8447-2048x1536.jpeg 2048w, https:\/\/sisu.ut.ee\/wp-content\/uploads\/sites\/544\/IMG_8447-1920x1440.jpeg 1920w\" sizes=\"auto, (max-width: 1024px) 100vw, 1024px\"><\/figure>\n\n\n\n<figure class=\"wp-block-image size-large\"><img loading=\"lazy\" decoding=\"async\" width=\"1024\" height=\"768\" data-id=\"382\" src=\"https:\/\/sisu.ut.ee\/wp-content\/uploads\/sites\/544\/\/IMG_8698-1024x768.jpeg\" alt=\"\" class=\"wp-image-382\" srcset=\"https:\/\/sisu.ut.ee\/wp-content\/uploads\/sites\/544\/IMG_8698-1024x768.jpeg 1024w, https:\/\/sisu.ut.ee\/wp-content\/uploads\/sites\/544\/IMG_8698-300x225.jpeg 300w, https:\/\/sisu.ut.ee\/wp-content\/uploads\/sites\/544\/IMG_8698-768x576.jpeg 768w, https:\/\/sisu.ut.ee\/wp-content\/uploads\/sites\/544\/IMG_8698-1536x1152.jpeg 1536w, https:\/\/sisu.ut.ee\/wp-content\/uploads\/sites\/544\/IMG_8698-2048x1536.jpeg 2048w, https:\/\/sisu.ut.ee\/wp-content\/uploads\/sites\/544\/IMG_8698-1920x1440.jpeg 1920w\" sizes=\"auto, (max-width: 1024px) 100vw, 1024px\"><\/figure>\n<\/figure>\n\n\n\n<ul class=\"wp-block-list\">\n<li><strong>M\u00e4rgalade biokeemia:<\/strong> Meie uurimist\u00f6\u00f6 k\u00e4sitleb m\u00e4rgalade ja p\u00f5llumajandusmaade keemilisi, f\u00fc\u00fcsikalisi ja mikroobseid omadusi, et m\u00f5ista nende rolli s\u00fcsiniku talletamises ja kasvuhoonegaaside emissioonis. \u00dchendades mullateaduse, h\u00fcdroloogia ja mikroobse \u00f6koloogia, uurime, kuidas uuritavad \u00f6kos\u00fcsteemid toimivad s\u00fcsiniku neelajatena v\u00f5i allikatena.<\/li>\n<\/ul>\n\n\n\n<figure class=\"wp-block-gallery has-nested-images columns-default is-cropped wp-block-gallery-2 is-layout-flex wp-block-gallery-is-layout-flex\">\n<figure class=\"wp-block-image size-large\"><img loading=\"lazy\" decoding=\"async\" width=\"1024\" height=\"768\" data-id=\"379\" src=\"https:\/\/sisu.ut.ee\/wp-content\/uploads\/sites\/544\/\/IMG_7219-1024x768.jpeg\" alt=\"\" class=\"wp-image-379\" srcset=\"https:\/\/sisu.ut.ee\/wp-content\/uploads\/sites\/544\/IMG_7219-1024x768.jpeg 1024w, https:\/\/sisu.ut.ee\/wp-content\/uploads\/sites\/544\/IMG_7219-300x225.jpeg 300w, https:\/\/sisu.ut.ee\/wp-content\/uploads\/sites\/544\/IMG_7219-768x576.jpeg 768w, https:\/\/sisu.ut.ee\/wp-content\/uploads\/sites\/544\/IMG_7219-1536x1152.jpeg 1536w, https:\/\/sisu.ut.ee\/wp-content\/uploads\/sites\/544\/IMG_7219-2048x1536.jpeg 2048w, https:\/\/sisu.ut.ee\/wp-content\/uploads\/sites\/544\/IMG_7219-1920x1440.jpeg 1920w\" sizes=\"auto, (max-width: 1024px) 100vw, 1024px\"><\/figure>\n\n\n\n<figure class=\"wp-block-image size-large\"><img loading=\"lazy\" decoding=\"async\" width=\"1024\" height=\"768\" data-id=\"380\" src=\"https:\/\/sisu.ut.ee\/wp-content\/uploads\/sites\/544\/\/IMG_7262-1024x768.jpeg\" alt=\"\" class=\"wp-image-380\" srcset=\"https:\/\/sisu.ut.ee\/wp-content\/uploads\/sites\/544\/IMG_7262-1024x768.jpeg 1024w, https:\/\/sisu.ut.ee\/wp-content\/uploads\/sites\/544\/IMG_7262-300x225.jpeg 300w, https:\/\/sisu.ut.ee\/wp-content\/uploads\/sites\/544\/IMG_7262-768x576.jpeg 768w, https:\/\/sisu.ut.ee\/wp-content\/uploads\/sites\/544\/IMG_7262-1536x1152.jpeg 1536w, https:\/\/sisu.ut.ee\/wp-content\/uploads\/sites\/544\/IMG_7262-2048x1536.jpeg 2048w, https:\/\/sisu.ut.ee\/wp-content\/uploads\/sites\/544\/IMG_7262-1920x1440.jpeg 1920w\" sizes=\"auto, (max-width: 1024px) 100vw, 1024px\"><\/figure>\n<\/figure>\n\n\n\n<ul class=\"wp-block-list\">\n<li><strong>M\u00e4rgalade taastamine ja majandamine:<\/strong> Me keskendume t\u00f5endusp\u00f5histe strateegiate v\u00e4ljat\u00f6\u00f6tamisele m\u00e4rgalade taastamiseks, mis maksimeerivad s\u00fcsiniku sidumist ning v\u00e4hendavad metaani ja dil\u00e4mmastikoksiidi emissioone. Meie eesm\u00e4rk on leida laialdaselt rakendatavaid lahendusi, mis suurendavad m\u00e4rgalade kliimamuutuste leevendamise potentsiaali.<\/li>\n<\/ul>\n\n\n\n<figure class=\"wp-block-gallery has-nested-images columns-default is-cropped wp-block-gallery-3 is-layout-flex wp-block-gallery-is-layout-flex\">\n<figure class=\"wp-block-image size-large\"><img loading=\"lazy\" decoding=\"async\" width=\"1024\" height=\"768\" data-id=\"376\" src=\"https:\/\/sisu.ut.ee\/wp-content\/uploads\/sites\/544\/\/IMG_7284-1024x768.jpeg\" alt=\"\" class=\"wp-image-376\" srcset=\"https:\/\/sisu.ut.ee\/wp-content\/uploads\/sites\/544\/IMG_7284-1024x768.jpeg 1024w, https:\/\/sisu.ut.ee\/wp-content\/uploads\/sites\/544\/IMG_7284-300x225.jpeg 300w, https:\/\/sisu.ut.ee\/wp-content\/uploads\/sites\/544\/IMG_7284-768x576.jpeg 768w, https:\/\/sisu.ut.ee\/wp-content\/uploads\/sites\/544\/IMG_7284-1536x1152.jpeg 1536w, https:\/\/sisu.ut.ee\/wp-content\/uploads\/sites\/544\/IMG_7284-2048x1536.jpeg 2048w, https:\/\/sisu.ut.ee\/wp-content\/uploads\/sites\/544\/IMG_7284-1920x1440.jpeg 1920w\" sizes=\"auto, (max-width: 1024px) 100vw, 1024px\"><\/figure>\n\n\n\n<figure class=\"wp-block-image size-large\"><img loading=\"lazy\" decoding=\"async\" width=\"1024\" height=\"768\" data-id=\"377\" src=\"https:\/\/sisu.ut.ee\/wp-content\/uploads\/sites\/544\/\/IMG_8198-1024x768.jpeg\" alt=\"\" class=\"wp-image-377\" srcset=\"https:\/\/sisu.ut.ee\/wp-content\/uploads\/sites\/544\/IMG_8198-1024x768.jpeg 1024w, https:\/\/sisu.ut.ee\/wp-content\/uploads\/sites\/544\/IMG_8198-300x225.jpeg 300w, https:\/\/sisu.ut.ee\/wp-content\/uploads\/sites\/544\/IMG_8198-768x576.jpeg 768w, https:\/\/sisu.ut.ee\/wp-content\/uploads\/sites\/544\/IMG_8198-1536x1152.jpeg 1536w, https:\/\/sisu.ut.ee\/wp-content\/uploads\/sites\/544\/IMG_8198-2048x1536.jpeg 2048w, https:\/\/sisu.ut.ee\/wp-content\/uploads\/sites\/544\/IMG_8198-1920x1440.jpeg 1920w\" sizes=\"auto, (max-width: 1024px) 100vw, 1024px\"><\/figure>\n<\/figure>\n\n\n\n<ul class=\"wp-block-list\">\n<li><strong>\u00d6koloogiline inseneriteadus vee kaitseks ja s\u00e4\u00e4stvaks p\u00f5llumajanduseks:<\/strong> Me t\u00f6\u00f6tame v\u00e4lja loodusp\u00f5hiseid lahendusi keskkonnakaitseks p\u00f5llumajandus-, metsa- ja linnakeskkondades. Meie \u00f6koloogilise inseneriteaduse tegevused on suunatud veekvaliteedi parandamisele, s\u00fcsiniku talletamise suurendamisele ja saasteainete koormuse v\u00e4hendamisele s\u00e4\u00e4stvate praktikate kaudu. Uurime m\u00e4rgalade setete potentsiaali kasutada p\u00f5llumajandusliku mullaparandajana, et suurendada saagikust ja kultuuride kvaliteeti.<br><br><\/li>\n<\/ul>\n\n\n\n<figure class=\"wp-block-gallery has-nested-images columns-default is-cropped wp-block-gallery-4 is-layout-flex wp-block-gallery-is-layout-flex\">\n<figure class=\"wp-block-image size-large\"><img loading=\"lazy\" decoding=\"async\" width=\"1024\" height=\"768\" data-id=\"685\" src=\"https:\/\/sisu.ut.ee\/wp-content\/uploads\/sites\/544\/IMG_20240822_180820-1024x768.jpg\" alt=\"\" class=\"wp-image-685\" srcset=\"https:\/\/sisu.ut.ee\/wp-content\/uploads\/sites\/544\/IMG_20240822_180820-1024x768.jpg 1024w, https:\/\/sisu.ut.ee\/wp-content\/uploads\/sites\/544\/IMG_20240822_180820-300x225.jpg 300w, https:\/\/sisu.ut.ee\/wp-content\/uploads\/sites\/544\/IMG_20240822_180820-768x576.jpg 768w, https:\/\/sisu.ut.ee\/wp-content\/uploads\/sites\/544\/IMG_20240822_180820-1536x1152.jpg 1536w, https:\/\/sisu.ut.ee\/wp-content\/uploads\/sites\/544\/IMG_20240822_180820-2048x1536.jpg 2048w, https:\/\/sisu.ut.ee\/wp-content\/uploads\/sites\/544\/IMG_20240822_180820-1920x1440.jpg 1920w\" sizes=\"auto, (max-width: 1024px) 100vw, 1024px\"><\/figure>\n\n\n\n<figure class=\"wp-block-image size-large\"><img loading=\"lazy\" decoding=\"async\" width=\"1024\" height=\"768\" data-id=\"384\" src=\"https:\/\/sisu.ut.ee\/wp-content\/uploads\/sites\/544\/\/IMG_7646-1024x768.jpeg\" alt=\"\" class=\"wp-image-384\" srcset=\"https:\/\/sisu.ut.ee\/wp-content\/uploads\/sites\/544\/IMG_7646-1024x768.jpeg 1024w, https:\/\/sisu.ut.ee\/wp-content\/uploads\/sites\/544\/IMG_7646-300x225.jpeg 300w, https:\/\/sisu.ut.ee\/wp-content\/uploads\/sites\/544\/IMG_7646-768x576.jpeg 768w, https:\/\/sisu.ut.ee\/wp-content\/uploads\/sites\/544\/IMG_7646-1536x1152.jpeg 1536w, https:\/\/sisu.ut.ee\/wp-content\/uploads\/sites\/544\/IMG_7646-2048x1536.jpeg 2048w, https:\/\/sisu.ut.ee\/wp-content\/uploads\/sites\/544\/IMG_7646-1920x1440.jpeg 1920w\" sizes=\"auto, (max-width: 1024px) 100vw, 1024px\"><\/figure>\n<\/figure>\n\n\n\n<p><strong>\u00d6kos\u00fcsteemid, kus praegune uurimist\u00f6\u00f6 toimub:<\/strong><\/p>\n\n\n\n<ul class=\"wp-block-list\">\n<li><strong>Mahaj\u00e4etud turbakaevandusalad<\/strong><\/li>\n\n\n\n<li><strong>Taastatud turbaalad ja m\u00e4rgalad<\/strong><\/li>\n\n\n\n<li><strong>Metsad<\/strong><\/li>\n\n\n\n<li><strong>Savannid<\/strong><\/li>\n\n\n\n<li><strong>P\u00f5llumajandusmaad<\/strong><\/li>\n\n\n\n<li><strong>J\u00e4rved ja j\u00f5ed<\/strong><\/li>\n<\/ul>\n\n\n\n<ul class=\"wp-block-social-links has-large-icon-size is-content-justification-center is-layout-flex wp-container-core-social-links-is-layout-16018d1d wp-block-social-links-is-layout-flex\"><li class=\"wp-social-link wp-social-link-linkedin  wp-block-social-link\"><a href=\"https:\/\/www.linkedin.com\/in\/kuno-kasak-08084b86\/\" class=\"wp-block-social-link-anchor\"><svg width=\"24\" height=\"24\" viewbox=\"0 0 24 24\" version=\"1.1\" xmlns=\"http:\/\/www.w3.org\/2000\/svg\" aria-hidden=\"true\" focusable=\"false\"><path d=\"M19.7,3H4.3C3.582,3,3,3.582,3,4.3v15.4C3,20.418,3.582,21,4.3,21h15.4c0.718,0,1.3-0.582,1.3-1.3V4.3 C21,3.582,20.418,3,19.7,3z M8.339,18.338H5.667v-8.59h2.672V18.338z M7.004,8.574c-0.857,0-1.549-0.694-1.549-1.548 c0-0.855,0.691-1.548,1.549-1.548c0.854,0,1.547,0.694,1.547,1.548C8.551,7.881,7.858,8.574,7.004,8.574z M18.339,18.338h-2.669 v-4.177c0-0.996-0.017-2.278-1.387-2.278c-1.389,0-1.601,1.086-1.601,2.206v4.249h-2.667v-8.59h2.559v1.174h0.037 c0.356-0.675,1.227-1.387,2.526-1.387c2.703,0,3.203,1.779,3.203,4.092V18.338z\"><\/path><\/svg><span class=\"wp-block-social-link-label screen-reader-text\">LinkedIn<\/span><\/a><\/li>\n\n<li class=\"wp-social-link wp-social-link-x  wp-block-social-link\"><a href=\"https:\/\/x.com\/i\/flow\/login?redirect_after_login=%2Fkasakkuno\" class=\"wp-block-social-link-anchor\"><svg width=\"24\" height=\"24\" viewbox=\"0 0 24 24\" version=\"1.1\" xmlns=\"http:\/\/www.w3.org\/2000\/svg\" aria-hidden=\"true\" focusable=\"false\"><path d=\"M13.982 10.622 20.54 3h-1.554l-5.693 6.618L8.745 3H3.5l6.876 10.007L3.5 21h1.554l6.012-6.989L15.868 21h5.245l-7.131-10.378Zm-2.128 2.474-.697-.997-5.543-7.93H8l4.474 6.4.697.996 5.815 8.318h-2.387l-4.745-6.787Z\"><\/path><\/svg><span class=\"wp-block-social-link-label screen-reader-text\">X<\/span><\/a><\/li><\/ul>\n\n\n\n<p><\/p>\n","protected":false},"excerpt":{"rendered":"<p>Tere tulemast keskkonnatehnoloogia t\u00f6\u00f6r\u00fchma kodulehele! Keskkonnatehnoloogia laboris, mis asub Tartu \u00dclikooli geograafia osakonnas, keskendume Maa biosf\u00e4\u00e4ri ja atmosf\u00e4\u00e4ri d\u00fcnaamiliste vastasm\u00f5jude m\u00f5istmise s\u00fcvendamisele. Meie uurimist\u00f6\u00f6 s\u00fcveneb f\u00fc\u00fcsikalistesse, bioloogilistesse ja keemilistesse protsessidesse, mis juhivad gaaside ja energia vahetust. Uurides, kuidas toimivad taimed, &#8230;<\/p>\n","protected":false},"author":890,"featured_media":312,"parent":0,"menu_order":0,"comment_status":"closed","ping_status":"closed","template":"category-page.blade.php","meta":{"_acf_changed":false,"inline_featured_image":false,"footnotes":""},"class_list":["post-716","page","type-page","status-publish","has-post-thumbnail","hentry"],"acf":[],"_links":{"self":[{"href":"https:\/\/sisu.ut.ee\/ecotech\/et\/wp-json\/wp\/v2\/pages\/716","targetHints":{"allow":["GET"]}}],"collection":[{"href":"https:\/\/sisu.ut.ee\/ecotech\/et\/wp-json\/wp\/v2\/pages"}],"about":[{"href":"https:\/\/sisu.ut.ee\/ecotech\/et\/wp-json\/wp\/v2\/types\/page"}],"author":[{"embeddable":true,"href":"https:\/\/sisu.ut.ee\/ecotech\/et\/wp-json\/wp\/v2\/users\/890"}],"replies":[{"embeddable":true,"href":"https:\/\/sisu.ut.ee\/ecotech\/et\/wp-json\/wp\/v2\/comments?post=716"}],"version-history":[{"count":8,"href":"https:\/\/sisu.ut.ee\/ecotech\/et\/wp-json\/wp\/v2\/pages\/716\/revisions"}],"predecessor-version":[{"id":802,"href":"https:\/\/sisu.ut.ee\/ecotech\/et\/wp-json\/wp\/v2\/pages\/716\/revisions\/802"}],"wp:featuredmedia":[{"embeddable":true,"href":"https:\/\/sisu.ut.ee\/ecotech\/et\/wp-json\/wp\/v2\/media\/312"}],"wp:attachment":[{"href":"https:\/\/sisu.ut.ee\/ecotech\/et\/wp-json\/wp\/v2\/media?parent=716"}],"curies":[{"name":"wp","href":"https:\/\/api.w.org\/{rel}","templated":true}]}}