{"id":1058,"date":"2026-02-02T13:47:31","date_gmt":"2026-02-02T11:47:31","guid":{"rendered":"https:\/\/sisu.ut.ee\/ecotech\/?page_id=1058"},"modified":"2026-02-02T14:01:59","modified_gmt":"2026-02-02T12:01:59","slug":"forpeat-projekti-rumba-valitooala-fotod","status":"publish","type":"page","link":"https:\/\/sisu.ut.ee\/ecotech\/et\/forpeat-projekti-rumba-valitooala-fotod\/","title":{"rendered":"ForPeat projekti Rumba v\u00e4lit\u00f6\u00f6ala fotod"},"content":{"rendered":"<p><\/p>\n\n\n\n<figure class=\"wp-block-gallery has-nested-images columns-default is-cropped wp-block-gallery-1 is-layout-flex wp-block-gallery-is-layout-flex\">\n<figure class=\"wp-block-image size-full\"><img loading=\"lazy\" decoding=\"async\" width=\"2560\" height=\"1920\" data-id=\"1043\" src=\"https:\/\/sisu.ut.ee\/wp-content\/uploads\/sites\/544\/IMG_7150-scaled.jpg\" alt=\"\" class=\"wp-image-1043\" srcset=\"https:\/\/sisu.ut.ee\/wp-content\/uploads\/sites\/544\/IMG_7150-scaled.jpg 2560w, https:\/\/sisu.ut.ee\/wp-content\/uploads\/sites\/544\/IMG_7150-300x225.jpg 300w, https:\/\/sisu.ut.ee\/wp-content\/uploads\/sites\/544\/IMG_7150-1024x768.jpg 1024w, https:\/\/sisu.ut.ee\/wp-content\/uploads\/sites\/544\/IMG_7150-768x576.jpg 768w, https:\/\/sisu.ut.ee\/wp-content\/uploads\/sites\/544\/IMG_7150-1920x1440.jpg 1920w\" sizes=\"auto, (max-width: 2560px) 100vw, 2560px\"><\/figure>\n\n\n\n<figure class=\"wp-block-image size-large\"><img loading=\"lazy\" decoding=\"async\" width=\"1024\" height=\"768\" data-id=\"1041\" src=\"https:\/\/sisu.ut.ee\/wp-content\/uploads\/sites\/544\/IMG_7158-1024x768.jpg\" alt=\"\" class=\"wp-image-1041\" srcset=\"https:\/\/sisu.ut.ee\/wp-content\/uploads\/sites\/544\/IMG_7158-1024x768.jpg 1024w, https:\/\/sisu.ut.ee\/wp-content\/uploads\/sites\/544\/IMG_7158-300x225.jpg 300w, https:\/\/sisu.ut.ee\/wp-content\/uploads\/sites\/544\/IMG_7158-768x576.jpg 768w, https:\/\/sisu.ut.ee\/wp-content\/uploads\/sites\/544\/IMG_7158-1920x1440.jpg 1920w\" sizes=\"auto, (max-width: 1024px) 100vw, 1024px\"><\/figure>\n\n\n\n<figure class=\"wp-block-image size-large\"><img loading=\"lazy\" decoding=\"async\" width=\"1024\" height=\"768\" data-id=\"1045\" src=\"https:\/\/sisu.ut.ee\/wp-content\/uploads\/sites\/544\/IMG_7021-1024x768.jpg\" alt=\"\" class=\"wp-image-1045\" srcset=\"https:\/\/sisu.ut.ee\/wp-content\/uploads\/sites\/544\/IMG_7021-1024x768.jpg 1024w, https:\/\/sisu.ut.ee\/wp-content\/uploads\/sites\/544\/IMG_7021-300x225.jpg 300w, https:\/\/sisu.ut.ee\/wp-content\/uploads\/sites\/544\/IMG_7021-768x576.jpg 768w, https:\/\/sisu.ut.ee\/wp-content\/uploads\/sites\/544\/IMG_7021-1920x1440.jpg 1920w\" sizes=\"auto, (max-width: 1024px) 100vw, 1024px\"><\/figure>\n\n\n\n<figure class=\"wp-block-image size-large\"><img loading=\"lazy\" decoding=\"async\" width=\"771\" height=\"1024\" data-id=\"1040\" src=\"https:\/\/sisu.ut.ee\/wp-content\/uploads\/sites\/544\/PXL_20251126_111041730.MP_-771x1024.jpg\" alt=\"\" class=\"wp-image-1040\" srcset=\"https:\/\/sisu.ut.ee\/wp-content\/uploads\/sites\/544\/PXL_20251126_111041730.MP_-771x1024.jpg 771w, https:\/\/sisu.ut.ee\/wp-content\/uploads\/sites\/544\/PXL_20251126_111041730.MP_-226x300.jpg 226w, https:\/\/sisu.ut.ee\/wp-content\/uploads\/sites\/544\/PXL_20251126_111041730.MP_-768x1020.jpg 768w, https:\/\/sisu.ut.ee\/wp-content\/uploads\/sites\/544\/PXL_20251126_111041730.MP_-1920x2550.jpg 1920w, https:\/\/sisu.ut.ee\/wp-content\/uploads\/sites\/544\/PXL_20251126_111041730.MP_-scaled.jpg 1928w\" sizes=\"auto, (max-width: 771px) 100vw, 771px\"><\/figure>\n\n\n\n<figure class=\"wp-block-image size-large\"><img loading=\"lazy\" decoding=\"async\" width=\"768\" height=\"1024\" data-id=\"1042\" src=\"https:\/\/sisu.ut.ee\/wp-content\/uploads\/sites\/544\/IMG_7160-768x1024.jpg\" alt=\"\" class=\"wp-image-1042\" srcset=\"https:\/\/sisu.ut.ee\/wp-content\/uploads\/sites\/544\/IMG_7160-768x1024.jpg 768w, https:\/\/sisu.ut.ee\/wp-content\/uploads\/sites\/544\/IMG_7160-225x300.jpg 225w, https:\/\/sisu.ut.ee\/wp-content\/uploads\/sites\/544\/IMG_7160-scaled.jpg 1920w\" sizes=\"auto, (max-width: 768px) 100vw, 768px\"><\/figure>\n\n\n\n<figure class=\"wp-block-image size-large\"><img loading=\"lazy\" decoding=\"async\" width=\"1024\" height=\"768\" data-id=\"1044\" src=\"https:\/\/sisu.ut.ee\/wp-content\/uploads\/sites\/544\/IMG_7029-1024x768.jpg\" alt=\"\" class=\"wp-image-1044\" srcset=\"https:\/\/sisu.ut.ee\/wp-content\/uploads\/sites\/544\/IMG_7029-1024x768.jpg 1024w, https:\/\/sisu.ut.ee\/wp-content\/uploads\/sites\/544\/IMG_7029-300x225.jpg 300w, https:\/\/sisu.ut.ee\/wp-content\/uploads\/sites\/544\/IMG_7029-768x576.jpg 768w, https:\/\/sisu.ut.ee\/wp-content\/uploads\/sites\/544\/IMG_7029-1920x1440.jpg 1920w\" sizes=\"auto, (max-width: 1024px) 100vw, 1024px\"><\/figure>\n\n\n\n<figure class=\"wp-block-image size-large\"><img loading=\"lazy\" decoding=\"async\" width=\"768\" height=\"1024\" data-id=\"1039\" src=\"https:\/\/sisu.ut.ee\/wp-content\/uploads\/sites\/544\/IMG_7394-768x1024.jpg\" alt=\"\" class=\"wp-image-1039\" srcset=\"https:\/\/sisu.ut.ee\/wp-content\/uploads\/sites\/544\/IMG_7394-768x1024.jpg 768w, https:\/\/sisu.ut.ee\/wp-content\/uploads\/sites\/544\/IMG_7394-225x300.jpg 225w, https:\/\/sisu.ut.ee\/wp-content\/uploads\/sites\/544\/IMG_7394-scaled.jpg 1920w\" sizes=\"auto, (max-width: 768px) 100vw, 768px\"><\/figure>\n\n\n\n<figure class=\"wp-block-image size-large\"><img loading=\"lazy\" decoding=\"async\" width=\"768\" height=\"1024\" data-id=\"1038\" src=\"https:\/\/sisu.ut.ee\/wp-content\/uploads\/sites\/544\/\/IMG_0549-768x1024.jpg\" alt=\"\" class=\"wp-image-1038\" srcset=\"https:\/\/sisu.ut.ee\/wp-content\/uploads\/sites\/544\/IMG_0549-768x1024.jpg 768w, https:\/\/sisu.ut.ee\/wp-content\/uploads\/sites\/544\/IMG_0549-225x300.jpg 225w\" sizes=\"auto, (max-width: 768px) 100vw, 768px\"><\/figure>\n\n\n\n<figure class=\"wp-block-image size-full\"><img loading=\"lazy\" decoding=\"async\" width=\"1928\" height=\"2560\" data-id=\"1037\" src=\"https:\/\/sisu.ut.ee\/wp-content\/uploads\/sites\/544\/PXL_20260108_070208213-scaled.jpg\" alt=\"\" class=\"wp-image-1037\" srcset=\"https:\/\/sisu.ut.ee\/wp-content\/uploads\/sites\/544\/PXL_20260108_070208213-scaled.jpg 1928w, https:\/\/sisu.ut.ee\/wp-content\/uploads\/sites\/544\/PXL_20260108_070208213-226x300.jpg 226w, https:\/\/sisu.ut.ee\/wp-content\/uploads\/sites\/544\/PXL_20260108_070208213-771x1024.jpg 771w, https:\/\/sisu.ut.ee\/wp-content\/uploads\/sites\/544\/PXL_20260108_070208213-768x1020.jpg 768w, https:\/\/sisu.ut.ee\/wp-content\/uploads\/sites\/544\/PXL_20260108_070208213-1920x2550.jpg 1920w\" sizes=\"auto, (max-width: 1928px) 100vw, 1928px\"><\/figure>\n<\/figure>\n","protected":false},"excerpt":{"rendered":"","protected":false},"author":890,"featured_media":909,"parent":0,"menu_order":0,"comment_status":"closed","ping_status":"closed","template":"","meta":{"_acf_changed":false,"inline_featured_image":false,"footnotes":""},"class_list":["post-1058","page","type-page","status-publish","has-post-thumbnail","hentry"],"acf":[],"_links":{"self":[{"href":"https:\/\/sisu.ut.ee\/ecotech\/et\/wp-json\/wp\/v2\/pages\/1058","targetHints":{"allow":["GET"]}}],"collection":[{"href":"https:\/\/sisu.ut.ee\/ecotech\/et\/wp-json\/wp\/v2\/pages"}],"about":[{"href":"https:\/\/sisu.ut.ee\/ecotech\/et\/wp-json\/wp\/v2\/types\/page"}],"author":[{"embeddable":true,"href":"https:\/\/sisu.ut.ee\/ecotech\/et\/wp-json\/wp\/v2\/users\/890"}],"replies":[{"embeddable":true,"href":"https:\/\/sisu.ut.ee\/ecotech\/et\/wp-json\/wp\/v2\/comments?post=1058"}],"version-history":[{"count":1,"href":"https:\/\/sisu.ut.ee\/ecotech\/et\/wp-json\/wp\/v2\/pages\/1058\/revisions"}],"predecessor-version":[{"id":1059,"href":"https:\/\/sisu.ut.ee\/ecotech\/et\/wp-json\/wp\/v2\/pages\/1058\/revisions\/1059"}],"wp:featuredmedia":[{"embeddable":true,"href":"https:\/\/sisu.ut.ee\/ecotech\/et\/wp-json\/wp\/v2\/media\/909"}],"wp:attachment":[{"href":"https:\/\/sisu.ut.ee\/ecotech\/et\/wp-json\/wp\/v2\/media?parent=1058"}],"curies":[{"name":"wp","href":"https:\/\/api.w.org\/{rel}","templated":true}]}}