{"id":9,"date":"2024-04-03T23:13:05","date_gmt":"2024-04-03T20:13:05","guid":{"rendered":"https:\/\/sisu.ut.ee\/ebscogymn\/artikli-kirje-kopeerimine-toosse\/"},"modified":"2024-04-03T23:13:09","modified_gmt":"2024-04-03T20:13:09","slug":"artikli-kirje-kopeerimine-toosse","status":"publish","type":"page","link":"https:\/\/sisu.ut.ee\/ebscogymn\/artikli-kirje-kopeerimine-toosse\/","title":{"rendered":"Artiklile viitamine"},"content":{"rendered":"<p>\n\tArtikli pealkirjal kl\u00f5psates avanevad paremas men\u00fc\u00fcs veel m\u00f5ned lisav\u00f5imalused. Saate valida sobiva viitamisstiili ja see salvestada (valik <em>Cite<\/em>). Enne viite kleepimist oma t\u00f6\u00f6sse kontrollige, kas k\u00f5ik\u00a0n\u00f5uetekohased\u00a0andmed on viites olemas.\n<\/p>\n<p>\n\t<img loading=\"lazy\" decoding=\"async\" width=\"813\" height=\"254\" class=\"alignnone wp-image-24\" src=\"https:\/\/sisu.ut.ee\/wp-content\/uploads\/sites\/38\/cite.png\" title=\"cite.png\" alt=\"cite.png\" srcset=\"https:\/\/sisu.ut.ee\/wp-content\/uploads\/sites\/38\/cite.png 813w, https:\/\/sisu.ut.ee\/wp-content\/uploads\/sites\/38\/cite-300x94.png 300w, https:\/\/sisu.ut.ee\/wp-content\/uploads\/sites\/38\/cite-768x240.png 768w\" sizes=\"auto, (max-width: 813px) 100vw, 813px\">\n<\/p>\n<p>\n\t<em>Valitud on \u00fcks sotsiaalteadustes enim kasutatud stiil APA.\u00a0<\/em>\n<\/p>\n<p>\n\t<em style=\"font-size: 13.3333339691162px;line-height: 20.7999992370605px\">Create note <\/em>avab akna, kus saab a<span>rtiklile omapoolse kommentaari kirjutada.\u00a0<\/span><span>\u00a0Siis viiakse artikkel koos kommentaariga eraldi kausta <em>Notes<\/em>. Kommenteerimiseks tuleb EBSCOsse sisse logida.\u00a0<\/span>\n<\/p>\n<p>\n\t\u00a0<\/p>\n","protected":false},"excerpt":{"rendered":"<p>Artikli pealkirjal kl\u00f5psates avanevad paremas men\u00fc\u00fcs veel m\u00f5ned lisav\u00f5imalused. Saate valida sobiva viitamisstiili ja see salvestada (valik Cite). Enne viite kleepimist oma t\u00f6\u00f6sse kontrollige, kas k\u00f5ik\u00a0n\u00f5uetekohased\u00a0andmed on viites olemas. Valitud on \u00fcks sotsiaalteadustes enim kasutatud stiil APA.\u00a0 Create note avab &#8230;<\/p>\n","protected":false},"author":5,"featured_media":0,"parent":0,"menu_order":0,"comment_status":"closed","ping_status":"closed","template":"","meta":{"_acf_changed":false,"inline_featured_image":false,"footnotes":""},"class_list":["post-9","page","type-page","status-publish","hentry"],"acf":[],"_links":{"self":[{"href":"https:\/\/sisu.ut.ee\/ebscogymn\/wp-json\/wp\/v2\/pages\/9","targetHints":{"allow":["GET"]}}],"collection":[{"href":"https:\/\/sisu.ut.ee\/ebscogymn\/wp-json\/wp\/v2\/pages"}],"about":[{"href":"https:\/\/sisu.ut.ee\/ebscogymn\/wp-json\/wp\/v2\/types\/page"}],"author":[{"embeddable":true,"href":"https:\/\/sisu.ut.ee\/ebscogymn\/wp-json\/wp\/v2\/users\/5"}],"replies":[{"embeddable":true,"href":"https:\/\/sisu.ut.ee\/ebscogymn\/wp-json\/wp\/v2\/comments?post=9"}],"version-history":[{"count":1,"href":"https:\/\/sisu.ut.ee\/ebscogymn\/wp-json\/wp\/v2\/pages\/9\/revisions"}],"predecessor-version":[{"id":65,"href":"https:\/\/sisu.ut.ee\/ebscogymn\/wp-json\/wp\/v2\/pages\/9\/revisions\/65"}],"wp:attachment":[{"href":"https:\/\/sisu.ut.ee\/ebscogymn\/wp-json\/wp\/v2\/media?parent=9"}],"curies":[{"name":"wp","href":"https:\/\/api.w.org\/{rel}","templated":true}]}}