{"id":8,"date":"2024-04-03T23:13:05","date_gmt":"2024-04-03T20:13:05","guid":{"rendered":"https:\/\/sisu.ut.ee\/ebscogymn\/my-ebscohost-tulemuste-jagamine\/"},"modified":"2025-04-15T10:32:09","modified_gmt":"2025-04-15T07:32:09","slug":"my-ebscohost-tulemuste-jagamine","status":"publish","type":"page","link":"https:\/\/sisu.ut.ee\/ebscogymn\/my-ebscohost-tulemuste-jagamine\/","title":{"rendered":"Tulemuste jagamine ja salvestamine. My EBSCOhost"},"content":{"rendered":"<h4>Jagamine ja salvestamine<\/h4>\n<p><span style=\"color: #ff0000;\">see leht on uuendamisel<\/span><\/p>\n<p>Artiklite ja otsingutulemuste salvestamiseks ja jagamiseks kl\u00f5psake otsingutulemuste kohal linki <em>Share<\/em>. T\u00e4istekste siitkaudu jagada ei saa.<\/p>\n<p>Artiklite t\u00e4istekstide salvestamiseks, printimiseks ja meilimiseks kl\u00f5psake tulemuste lehel artikli pealkkirja k\u00f5rval ikoonil <em>Add to folder<\/em>. Paremale ilmub nimekiri lisatud artiklitest.<\/p>\n<p><img loading=\"lazy\" decoding=\"async\" width=\"700\" height=\"218\" class=\"alignnone wp-image-22\" title=\"tulem.png\" src=\"https:\/\/sisu.ut.ee\/wp-content\/uploads\/sites\/38\/tulem.png\" alt=\"tulem.png\" srcset=\"https:\/\/sisu.ut.ee\/wp-content\/uploads\/sites\/38\/tulem.png 700w, https:\/\/sisu.ut.ee\/wp-content\/uploads\/sites\/38\/tulem-300x93.png 300w\" sizes=\"auto, (max-width: 700px) 100vw, 700px\"><\/p>\n<p>Kl\u00f5psake <em>Folder view<\/em>. Tehke linnuke artikli pealkirja ette ning valige paremalt, kas soovite neid printida, salvestada v\u00f5i meilida. \u00a0 P\u00e4rast EBSCOst v\u00e4ljumist kausta sisu kutsutatakse.<\/p>\n<p><img loading=\"lazy\" decoding=\"async\" width=\"700\" height=\"155\" class=\"alignnone wp-image-23\" title=\"folder.png\" src=\"https:\/\/sisu.ut.ee\/wp-content\/uploads\/sites\/38\/folder.png\" alt=\"folder.png\" srcset=\"https:\/\/sisu.ut.ee\/wp-content\/uploads\/sites\/38\/folder.png 700w, https:\/\/sisu.ut.ee\/wp-content\/uploads\/sites\/38\/folder-300x66.png 300w\" sizes=\"auto, (max-width: 700px) 100vw, 700px\"><\/p>\n<h4><\/h4>\n<h4>My EBSCOhost ja otsingutulemuste s\u00e4ilitamine<\/h4>\n<p>Kui soovite, et EBSCOst leitud artiklid kaustas s\u00e4iliksid, kl\u00f5psake <em>Sign In<\/em> ning tehke EBSCOsse kasutajakonto. Siis hoitakse alles k\u00f5ik kirjed, mis te olete kausta lisanud.\u00a0Siia saate salvestada ka otsinguid,\u00a0siis pole edaspidi sama otsingut tehes tarvis uuesti p\u00e4ringut sisestada.<\/p>\n<p>Artiklite sorteerimiseks saab teha eraldi kaustu,\u00a0kuhu v\u00f5ib lisada pilte, raamatuid, audiofaile jm. Sealt \u00a0v\u00f5ib alati artikleid v\u00e4lja tr\u00fckkida, arvutisse salvestada v\u00f5i meilida.<\/p>\n","protected":false},"excerpt":{"rendered":"<p>Jagamine ja salvestamine see leht on uuendamisel Artiklite ja otsingutulemuste salvestamiseks ja jagamiseks kl\u00f5psake otsingutulemuste kohal linki Share. T\u00e4istekste siitkaudu jagada ei saa. Artiklite t\u00e4istekstide salvestamiseks, printimiseks ja meilimiseks kl\u00f5psake tulemuste lehel artikli pealkkirja k\u00f5rval ikoonil Add to folder. Paremale &#8230;<\/p>\n","protected":false},"author":5,"featured_media":0,"parent":0,"menu_order":0,"comment_status":"closed","ping_status":"closed","template":"","meta":{"_acf_changed":false,"inline_featured_image":false,"footnotes":""},"class_list":["post-8","page","type-page","status-publish","hentry"],"acf":[],"_links":{"self":[{"href":"https:\/\/sisu.ut.ee\/ebscogymn\/wp-json\/wp\/v2\/pages\/8","targetHints":{"allow":["GET"]}}],"collection":[{"href":"https:\/\/sisu.ut.ee\/ebscogymn\/wp-json\/wp\/v2\/pages"}],"about":[{"href":"https:\/\/sisu.ut.ee\/ebscogymn\/wp-json\/wp\/v2\/types\/page"}],"author":[{"embeddable":true,"href":"https:\/\/sisu.ut.ee\/ebscogymn\/wp-json\/wp\/v2\/users\/5"}],"replies":[{"embeddable":true,"href":"https:\/\/sisu.ut.ee\/ebscogymn\/wp-json\/wp\/v2\/comments?post=8"}],"version-history":[{"count":3,"href":"https:\/\/sisu.ut.ee\/ebscogymn\/wp-json\/wp\/v2\/pages\/8\/revisions"}],"predecessor-version":[{"id":155,"href":"https:\/\/sisu.ut.ee\/ebscogymn\/wp-json\/wp\/v2\/pages\/8\/revisions\/155"}],"wp:attachment":[{"href":"https:\/\/sisu.ut.ee\/ebscogymn\/wp-json\/wp\/v2\/media?parent=8"}],"curies":[{"name":"wp","href":"https:\/\/api.w.org\/{rel}","templated":true}]}}