{"id":7,"date":"2024-04-03T23:13:05","date_gmt":"2024-04-03T20:13:05","guid":{"rendered":"https:\/\/sisu.ut.ee\/ebscogymn\/tulemuste-vaatamine\/"},"modified":"2025-04-15T10:33:02","modified_gmt":"2025-04-15T07:33:02","slug":"tulemuste-vaatamine","status":"publish","type":"page","link":"https:\/\/sisu.ut.ee\/ebscogymn\/tulemuste-vaatamine\/","title":{"rendered":"Tulemuste vaatamine"},"content":{"rendered":"<p><span style=\"color: #ff0000;\">See leht on uuendamisel<\/span><\/p>\n<p>Otsingutulemused on vaikimisi j\u00e4rjestatud relevantsuse j\u00e4rgi, st eespool on tulemused, mis vastavad rohkem teemale. Ka peale otsingu tegemist on v\u00f5imalik saadud tulemusi erinevate tunnuste j\u00e4rgi piirata.\u00a0\u00a0Selleks kl\u00f5psake tulemuste lehel vasakul \u00fcleval <strong>All filters<\/strong>. Tulemuste leht muutub tumedaks ning\u00a0<strong>paremal on v\u00f5imalused tulemuste piiramiseks<\/strong>. K\u00f5igepealt kuvatakse juba enne otsingut rakendatud filtrid ning seej\u00e4rel muud v\u00f5imalused. Vaikimisi on need sorteeritud relevantsuse j\u00e4rgi. Huvipakkuva kirje kohta saab esilehelt t\u00e4psemat teavet.<\/p>\n<p><img loading=\"lazy\" decoding=\"async\" class=\"alignnone size-large wp-image-113\" src=\"https:\/\/sisu.ut.ee\/wp-content\/uploads\/sites\/38\/Screenshot-2025-01-16-190459-1024x321.png\" alt=\"\" width=\"1024\" height=\"321\" srcset=\"https:\/\/sisu.ut.ee\/wp-content\/uploads\/sites\/38\/Screenshot-2025-01-16-190459-1024x321.png 1024w, https:\/\/sisu.ut.ee\/wp-content\/uploads\/sites\/38\/Screenshot-2025-01-16-190459-300x94.png 300w, https:\/\/sisu.ut.ee\/wp-content\/uploads\/sites\/38\/Screenshot-2025-01-16-190459-768x240.png 768w, https:\/\/sisu.ut.ee\/wp-content\/uploads\/sites\/38\/Screenshot-2025-01-16-190459.png 1169w\" sizes=\"auto, (max-width: 1024px) 100vw, 1024px\"><\/p>\n<p><img loading=\"lazy\" decoding=\"async\" width=\"662\" height=\"209\" class=\"alignnone wp-image-21\" title=\"tulemused.png\" src=\"https:\/\/sisu.ut.ee\/wp-content\/uploads\/sites\/38\/tulemused.png\" alt=\"tulemused.png\" srcset=\"https:\/\/sisu.ut.ee\/wp-content\/uploads\/sites\/38\/tulemused.png 662w, https:\/\/sisu.ut.ee\/wp-content\/uploads\/sites\/38\/tulemused-300x95.png 300w\" sizes=\"auto, (max-width: 662px) 100vw, 662px\"><\/p>\n<p>Libistades hiire luubiga ikoonile ilmub artikli sisukokkuv\u00f5te.\u00a0Artikli pealkirja all on loend m\u00e4rks\u00f5nadest.<\/p>\n<p>Illustratsioonil kl\u00f5psates avaneb pilt suuremalt. Pilte v\u00f5ib reeglina kopeerida ja kasutada. Pildi juures on kirjas, kuidas sellele viidata. Artikleid saab \u00fckshaaval kausta lisada (sinine plussm\u00e4rgiga ikoon pealkirja k\u00f5rval), siis on neid p\u00e4rast lihtsam leida. Kui olete <em style=\"line-height: 1.6em;\">My EBSCOhost\u2019<\/em>i sisse loginud, j\u00e4\u00e4vad need sinna alles, muidu t\u00fchjendatakse kaust peale sessiooni l\u00f5ppu.<\/p>\n<p>Andmebaasis Master File Premiere saab paljusid artikleid kuulata ka audiofailidena.<\/p>\n<p><img loading=\"lazy\" decoding=\"async\" width=\"346\" height=\"60\" class=\"alignnone wp-image-20\" title=\"Artikli audiofail\" src=\"https:\/\/sisu.ut.ee\/wp-content\/uploads\/sites\/38\/listen.png\" alt=\"Artikli audiofail\" srcset=\"https:\/\/sisu.ut.ee\/wp-content\/uploads\/sites\/38\/listen.png 346w, https:\/\/sisu.ut.ee\/wp-content\/uploads\/sites\/38\/listen-300x52.png 300w\" sizes=\"auto, (max-width: 346px) 100vw, 346px\"><\/p>\n","protected":false},"excerpt":{"rendered":"<p>See leht on uuendamisel Otsingutulemused on vaikimisi j\u00e4rjestatud relevantsuse j\u00e4rgi, st eespool on tulemused, mis vastavad rohkem teemale. Ka peale otsingu tegemist on v\u00f5imalik saadud tulemusi erinevate tunnuste j\u00e4rgi piirata.\u00a0\u00a0Selleks kl\u00f5psake tulemuste lehel vasakul \u00fcleval All filters. Tulemuste leht muutub &#8230;<\/p>\n","protected":false},"author":5,"featured_media":0,"parent":0,"menu_order":0,"comment_status":"closed","ping_status":"closed","template":"","meta":{"_acf_changed":false,"inline_featured_image":false,"footnotes":""},"class_list":["post-7","page","type-page","status-publish","hentry"],"acf":[],"_links":{"self":[{"href":"https:\/\/sisu.ut.ee\/ebscogymn\/wp-json\/wp\/v2\/pages\/7","targetHints":{"allow":["GET"]}}],"collection":[{"href":"https:\/\/sisu.ut.ee\/ebscogymn\/wp-json\/wp\/v2\/pages"}],"about":[{"href":"https:\/\/sisu.ut.ee\/ebscogymn\/wp-json\/wp\/v2\/types\/page"}],"author":[{"embeddable":true,"href":"https:\/\/sisu.ut.ee\/ebscogymn\/wp-json\/wp\/v2\/users\/5"}],"replies":[{"embeddable":true,"href":"https:\/\/sisu.ut.ee\/ebscogymn\/wp-json\/wp\/v2\/comments?post=7"}],"version-history":[{"count":4,"href":"https:\/\/sisu.ut.ee\/ebscogymn\/wp-json\/wp\/v2\/pages\/7\/revisions"}],"predecessor-version":[{"id":156,"href":"https:\/\/sisu.ut.ee\/ebscogymn\/wp-json\/wp\/v2\/pages\/7\/revisions\/156"}],"wp:attachment":[{"href":"https:\/\/sisu.ut.ee\/ebscogymn\/wp-json\/wp\/v2\/media?parent=7"}],"curies":[{"name":"wp","href":"https:\/\/api.w.org\/{rel}","templated":true}]}}