{"id":6,"date":"2024-04-03T23:13:05","date_gmt":"2024-04-03T20:13:05","guid":{"rendered":"https:\/\/sisu.ut.ee\/ebscogymn\/otsingutulemused\/"},"modified":"2025-04-15T10:30:44","modified_gmt":"2025-04-15T07:30:44","slug":"otsingutulemused","status":"publish","type":"page","link":"https:\/\/sisu.ut.ee\/ebscogymn\/otsingutulemused\/","title":{"rendered":"Otsingutulemuste piiramine"},"content":{"rendered":"<p>EBSCO otsingutulemusi saab \u00a0peale otsingu tegemist erinevate tunnuste j\u00e4rgi piirata.\u00a0\u00a0Selleks kl\u00f5psake tulemuste lehel vasakul \u00fcleval All filters. Tulemuste leht muutub tumedaks ning\u00a0paremal on v\u00f5imalused tulemuste piiramiseks. V\u00f5imalusi on palju, siin on m\u00f5ned n\u00e4ited.<\/p>\n<table class=\"table table-hover\" border=\"0\">\n<tbody>\n<tr>\n<td><span style=\"font-size: small;\"><img loading=\"lazy\" decoding=\"async\" class=\"alignnone size-full wp-image-119\" src=\"https:\/\/sisu.ut.ee\/wp-content\/uploads\/sites\/38\/Screenshot-2025-01-17-192639.png\" alt=\"\" width=\"179\" height=\"150\"><\/span>Saab piirata, kas tulemused on ainult koos t\u00e4istekstidega\u00a0 ja kas tulemused peavad olema ainult eelretsenseeritud teadusajakirjadest.<\/td>\n<\/tr>\n<tr>\n<td><span style=\"font-size: small;\"><img loading=\"lazy\" decoding=\"async\" width=\"140\" height=\"157\" class=\"alignnone wp-image-17\" style=\"float: left; margin-left: 10px; margin-right: 10px;\" title=\"source.png\" src=\"https:\/\/sisu.ut.ee\/wp-content\/uploads\/sites\/38\/source.png\" alt=\"source.png\"><\/span>Allika t\u00fc\u00fcp\u00a0(Source type) n\u00e4itab, millist t\u00fc\u00fcpi allikatest info leiti. Sulgudes on tulemuste arv. Siit saab valida, kas soovite n\u00e4ha uudiseid, populaarteaduslikke ja meelelahutuslikke artikleid (allikas Magazines), teadusajakirjade artikleid (Academic Journals) v\u00f5i muud.<\/td>\n<\/tr>\n<tr>\n<td><span style=\"font-size: small;\"><img loading=\"lazy\" decoding=\"async\" width=\"140\" height=\"146\" class=\"alignnone wp-image-18\" style=\"float: left; margin-left: 10px; margin-right: 10px;\" title=\"piiramarks.png\" src=\"https:\/\/sisu.ut.ee\/wp-content\/uploads\/sites\/38\/piiramarks.png\" alt=\"piiramarks.png\"><\/span>M\u00e4rks\u00f5nad (kl\u00f5psake lahti valik Subject: Thesaurus Term) aitavad otsinguid sisuliselt t\u00e4psemaks muuta. Loetelu sisaldab otsinguga leitud artiklite m\u00e4rks\u00f5nu esinemissageduse j\u00e4rjekorras. Tehke lahti kogu m\u00e4rks\u00f5nade valik, kl\u00f5psates\u00a0More\u2026 Kui olete \u00e4ra m\u00e4rkinud sobivad m\u00e4rks\u00f5nad, mida soovite otsingusse lisada, kl\u00f5psake\u00a0Update. Ilmuvad uue otsingu tulemused ning ka m\u00e4rks\u00f5nade valik uueneb. See aitab otsingut veelgi suunata. M\u00e4rks\u00f5nad n\u00e4itavad k\u00f5ige t\u00e4psemalt, kas teie esialgsed otsingus\u00f5nad olid teemakohased.<\/td>\n<\/tr>\n<tr>\n<td><span style=\"font-size: small;\"><img loading=\"lazy\" decoding=\"async\" width=\"140\" height=\"120\" class=\"alignnone wp-image-19\" style=\"float: left; margin-left: 10px; margin-right: 10px;\" title=\"publ.png\" src=\"https:\/\/sisu.ut.ee\/wp-content\/uploads\/sites\/38\/publ.png\" alt=\"publ.png\"><\/span>V\u00e4ljaannete\u00a0loetelust saab valida, milliste ajakirjade artikleid n\u00e4idatakse..<\/td>\n<\/tr>\n<\/tbody>\n<\/table>\n","protected":false},"excerpt":{"rendered":"<p>EBSCO otsingutulemusi saab \u00a0peale otsingu tegemist erinevate tunnuste j\u00e4rgi piirata.\u00a0\u00a0Selleks kl\u00f5psake tulemuste lehel vasakul \u00fcleval All filters. Tulemuste leht muutub tumedaks ning\u00a0paremal on v\u00f5imalused tulemuste piiramiseks. V\u00f5imalusi on palju, siin on m\u00f5ned n\u00e4ited. Saab piirata, kas tulemused on ainult koos &#8230;<\/p>\n","protected":false},"author":5,"featured_media":0,"parent":0,"menu_order":0,"comment_status":"closed","ping_status":"closed","template":"","meta":{"_acf_changed":false,"inline_featured_image":false,"footnotes":""},"class_list":["post-6","page","type-page","status-publish","hentry"],"acf":[],"_links":{"self":[{"href":"https:\/\/sisu.ut.ee\/ebscogymn\/wp-json\/wp\/v2\/pages\/6","targetHints":{"allow":["GET"]}}],"collection":[{"href":"https:\/\/sisu.ut.ee\/ebscogymn\/wp-json\/wp\/v2\/pages"}],"about":[{"href":"https:\/\/sisu.ut.ee\/ebscogymn\/wp-json\/wp\/v2\/types\/page"}],"author":[{"embeddable":true,"href":"https:\/\/sisu.ut.ee\/ebscogymn\/wp-json\/wp\/v2\/users\/5"}],"replies":[{"embeddable":true,"href":"https:\/\/sisu.ut.ee\/ebscogymn\/wp-json\/wp\/v2\/comments?post=6"}],"version-history":[{"count":6,"href":"https:\/\/sisu.ut.ee\/ebscogymn\/wp-json\/wp\/v2\/pages\/6\/revisions"}],"predecessor-version":[{"id":154,"href":"https:\/\/sisu.ut.ee\/ebscogymn\/wp-json\/wp\/v2\/pages\/6\/revisions\/154"}],"wp:attachment":[{"href":"https:\/\/sisu.ut.ee\/ebscogymn\/wp-json\/wp\/v2\/media?parent=6"}],"curies":[{"name":"wp","href":"https:\/\/api.w.org\/{rel}","templated":true}]}}