{"id":5,"date":"2024-04-03T23:13:05","date_gmt":"2024-04-03T20:13:05","guid":{"rendered":"https:\/\/sisu.ut.ee\/ebscogymn\/marksonaotsing\/"},"modified":"2025-04-15T10:06:18","modified_gmt":"2025-04-15T07:06:18","slug":"marksonaotsing","status":"publish","type":"page","link":"https:\/\/sisu.ut.ee\/ebscogymn\/marksonaotsing\/","title":{"rendered":"M\u00e4rks\u00f5naotsing"},"content":{"rendered":"<p>EBSCOs tuleb kasutada inglisekeelseid otsingus\u00f5nu. Nende leidmist v\u00f5ib alustada \u00a0<a href=\"http:\/\/ems.elnet.ee\" target=\"_blank\" rel=\"noopener\">Eesti m\u00e4rks\u00f5nastiku<\/a>st (EMS), sest seal on eestikeelsetel m\u00e4rks\u00f5nadel ingliskeelsed vasted. Proovida v\u00f5ib ka ingliskeelsest Wikipedia\u2019st leitud termineid. Nendega saab teha t\u00e4psema otsingu EBSCO enda m\u00e4rks\u00f5nade hulgas, et leida EBSCO vastava andmebaasi m\u00e4rks\u00f5nastikust teie teemaga sobivaid m\u00e4rks\u00f5nu, mida otsingusse kaasata.<\/p>\n<p>Leiate valitud andmebaasi(de) m\u00e4rks\u00f5nastiku(d) <em>Advanced Search<\/em> otsingulehelt otsinguvormi all, kl\u00f5psates <strong>Subjects<\/strong>.<img loading=\"lazy\" decoding=\"async\" class=\"alignnone size-full wp-image-110\" src=\"https:\/\/sisu.ut.ee\/wp-content\/uploads\/sites\/38\/Screenshot-2024-09-04-211631.png\" alt=\"\" width=\"987\" height=\"430\" srcset=\"https:\/\/sisu.ut.ee\/wp-content\/uploads\/sites\/38\/Screenshot-2024-09-04-211631.png 987w, https:\/\/sisu.ut.ee\/wp-content\/uploads\/sites\/38\/Screenshot-2024-09-04-211631-300x131.png 300w, https:\/\/sisu.ut.ee\/wp-content\/uploads\/sites\/38\/Screenshot-2024-09-04-211631-768x335.png 768w\" sizes=\"auto, (max-width: 987px) 100vw, 987px\"><\/p>\n<a href=\"#\" data-bs-toggle=\"modal\" data-bs-target=\"#popup-modal\" data-title=\"Pilt m\u00e4rks\u00f5nastiku valimisest, kui on valitud mitu andmebaasi\" data-content='&lt;a href=\"#\" data-bs-toggle=\"modal\" data-bs-target=\"#popup-modal\" data-title=\"\" data-content=\"\"&gt;&lt;\/a&gt;[poptitle]Pilt m\u00e4rks\u00f5nastiku valimisest[\/poptitle]&lt;img class=\"alignnone size-full wp-image-143\" src=\"https:\/\/sisu.ut.ee\/wp-content\/uploads\/sites\/38\/Screenshot-2025-04-15-092834.png\" alt=\"\" width=\"804\" height=\"393\" \/&gt;'>Pilt m\u00e4rks\u00f5nastiku valimisest, kui on valitud mitu andmebaasi<\/a>\n<p>M\u00e4rks\u00f5na<\/p>\n<p>M\u00e4rks\u00f5na leidmiseks sisestage \u00fcldisem otsingus\u00f5na alumisse otsingukasti ning tehke sellega otsing. Avanenud loetelus tehke linnuke sobiva m\u00e4rks\u00f5na ette. Kl\u00f5psake <em>Add to search. <\/em>\u00a0M\u00e4rks\u00f5na ilmub k\u00f5ige \u00fclemisse kasti. Seej\u00e4rel v\u00f5ite lisada uusi m\u00e4rks\u00f5nu, valides nende vahele sobiva operaatori (AND v\u00f5i OR). \u00a0Otsingu tegemiseks kl\u00f5psake <em>Search<\/em>.<\/p>\n<p><img loading=\"lazy\" decoding=\"async\" class=\"alignnone size-large wp-image-150\" src=\"https:\/\/sisu.ut.ee\/wp-content\/uploads\/sites\/38\/Screenshot-2025-04-15-095449-1024x781.png\" alt=\"\" width=\"1024\" height=\"781\" srcset=\"https:\/\/sisu.ut.ee\/wp-content\/uploads\/sites\/38\/Screenshot-2025-04-15-095449-1024x781.png 1024w, https:\/\/sisu.ut.ee\/wp-content\/uploads\/sites\/38\/Screenshot-2025-04-15-095449-300x229.png 300w, https:\/\/sisu.ut.ee\/wp-content\/uploads\/sites\/38\/Screenshot-2025-04-15-095449-768x586.png 768w, https:\/\/sisu.ut.ee\/wp-content\/uploads\/sites\/38\/Screenshot-2025-04-15-095449.png 1102w\" sizes=\"auto, (max-width: 1024px) 100vw, 1024px\"><\/p>\n","protected":false},"excerpt":{"rendered":"<p>EBSCOs tuleb kasutada inglisekeelseid otsingus\u00f5nu. Nende leidmist v\u00f5ib alustada \u00a0Eesti m\u00e4rks\u00f5nastikust (EMS), sest seal on eestikeelsetel m\u00e4rks\u00f5nadel ingliskeelsed vasted. Proovida v\u00f5ib ka ingliskeelsest Wikipedia\u2019st leitud termineid. Nendega saab teha t\u00e4psema otsingu EBSCO enda m\u00e4rks\u00f5nade hulgas, et leida EBSCO vastava andmebaasi &#8230;<\/p>\n","protected":false},"author":5,"featured_media":0,"parent":0,"menu_order":0,"comment_status":"closed","ping_status":"closed","template":"","meta":{"_acf_changed":false,"inline_featured_image":false,"footnotes":""},"class_list":["post-5","page","type-page","status-publish","hentry"],"acf":[],"_links":{"self":[{"href":"https:\/\/sisu.ut.ee\/ebscogymn\/wp-json\/wp\/v2\/pages\/5","targetHints":{"allow":["GET"]}}],"collection":[{"href":"https:\/\/sisu.ut.ee\/ebscogymn\/wp-json\/wp\/v2\/pages"}],"about":[{"href":"https:\/\/sisu.ut.ee\/ebscogymn\/wp-json\/wp\/v2\/types\/page"}],"author":[{"embeddable":true,"href":"https:\/\/sisu.ut.ee\/ebscogymn\/wp-json\/wp\/v2\/users\/5"}],"replies":[{"embeddable":true,"href":"https:\/\/sisu.ut.ee\/ebscogymn\/wp-json\/wp\/v2\/comments?post=5"}],"version-history":[{"count":9,"href":"https:\/\/sisu.ut.ee\/ebscogymn\/wp-json\/wp\/v2\/pages\/5\/revisions"}],"predecessor-version":[{"id":152,"href":"https:\/\/sisu.ut.ee\/ebscogymn\/wp-json\/wp\/v2\/pages\/5\/revisions\/152"}],"wp:attachment":[{"href":"https:\/\/sisu.ut.ee\/ebscogymn\/wp-json\/wp\/v2\/media?parent=5"}],"curies":[{"name":"wp","href":"https:\/\/api.w.org\/{rel}","templated":true}]}}