{"id":4,"date":"2024-04-03T23:13:05","date_gmt":"2024-04-03T20:13:05","guid":{"rendered":"https:\/\/sisu.ut.ee\/ebscogymn\/ebsco-otsinguvoimalused\/"},"modified":"2025-04-14T23:13:01","modified_gmt":"2025-04-14T20:13:01","slug":"ebsco-otsinguvoimalused","status":"publish","type":"page","link":"https:\/\/sisu.ut.ee\/ebscogymn\/ebsco-otsinguvoimalused\/","title":{"rendered":"P\u00e4ringu sisestamine"},"content":{"rendered":"<p>Uurimist\u00f6\u00f6ks materjali otsides on kasulik teha endale kasutajakonto (link <strong>MyEBSCO<\/strong><i> <\/i>\u00fcleval paremal sinise riba all. Sinna saab salvestada otsingutulemusi ja tehtud p\u00e4ringuid. See v\u00f5imaldab juba valmis tehtud p\u00e4ringuid hiljem korrata, ilma et peaks p\u00e4ringu \u00fclesehitamist otsast alustama.<\/p>\n<h4>Lihtotsing (Basic Search)<\/h4>\n<p>EBSCO lihtotsing on sarnane Google\u2019i otsinguga, st vajalikud s\u00f5nad (nt autori nimi, s\u00f5na pealkirjast, v\u00f5tmes\u00f5na) v\u00f5ib sisestada samasse otsingulahtrisse. \u00a0Otsitakse k\u00f5iki s\u00f5nu, st andmebaas lisab nende vahele vaikimisi operaatori AND. Otsingusse haaratud andmebaaside valikut saab muuta, kl\u00f5psates andmebaasi nimel ja edasi <em>Select databases to search. <\/em>Seal saab muuta otsingusse kaasatud andmebaaside valikut.<\/p>\n<p><em>\u00a0Create Alert<\/em> \u2013 saab tellida oma e-mailile teavituse, kui EBSCOsse on lisandunud p\u00e4ringule vastavaid uusi artikleid.<\/p>\n<p><img loading=\"lazy\" decoding=\"async\" class=\"alignnone size-large wp-image-100\" src=\"https:\/\/sisu.ut.ee\/wp-content\/uploads\/sites\/38\/Screenshot-2025-01-16-154113-1024x204.png\" alt=\"\" width=\"1024\" height=\"204\" srcset=\"https:\/\/sisu.ut.ee\/wp-content\/uploads\/sites\/38\/Screenshot-2025-01-16-154113-1024x204.png 1024w, https:\/\/sisu.ut.ee\/wp-content\/uploads\/sites\/38\/Screenshot-2025-01-16-154113-300x60.png 300w, https:\/\/sisu.ut.ee\/wp-content\/uploads\/sites\/38\/Screenshot-2025-01-16-154113-768x153.png 768w, https:\/\/sisu.ut.ee\/wp-content\/uploads\/sites\/38\/Screenshot-2025-01-16-154113.png 1066w\" sizes=\"auto, (max-width: 1024px) 100vw, 1024px\"><\/p>\n<p>Saate oma otsingut t\u00e4psemini suunata, kui valite\u00a0<em>Advanced Search<\/em>\u00a0otsinguv\u00f5imaluse.\u00a0See v\u00f5imaldab korraga otsida\u00a0<a href=\"https:\/\/sisu.ut.ee\/edsjuhend\/1teema\/#\" data-bs-toggle=\"modal\" data-bs-target=\"#popup-modal\" data-title=\"kirje\" data-content=\"Andmebaasid koosnevad kirjetest. Iga kirje kirjeldab \u00fchte publikatsiooni, n\u00e4iteks raamatut v\u00f5i artiklit vastavalt kindlaksm\u00e4\u00e4ratud tunnustele. Kirje koosneb paljudest andmev\u00e4ljadest: autor, artikli pealkiri, ajakirja nimetus, ilmumisaasta jne. Andmebaasis otsides saab m\u00e4\u00e4rata, millistelt v\u00e4ljadelt otsida (nt otsida autori, pealkirja, m\u00e4rks\u00f5nade v\u00f5i aastate j\u00e4rgi).\">kirje<\/a>\u00a0erinevatel v\u00e4ljadel asuvaid s\u00f5nu \u00a0(kogu tekst, autori nimi,\u00a0 pealkiri,\u00a0<a style=\"box-sizing: border-box; text-decoration: none; color: var(--bs-link-color); transition: color 0.2s ease-in-out; font-family: Rubik, sans-serif; font-size: 16px; font-style: normal; font-variant-ligatures: normal; font-variant-caps: normal; font-weight: 300; letter-spacing: normal; orphans: 2; text-align: start; text-indent: 0px; text-transform: none; widows: 2; word-spacing: 0px; -webkit-text-stroke-width: 0px; white-space: normal; background-color: #ffffff;\" href=\"https:\/\/sisu.ut.ee\/edsjuhend\/1teema\/#\" data-bs-toggle=\"modal\" data-bs-target=\"#popup-modal\" data-title=\"m\u00e4rks\u00f5na\" data-content=\"M\u00e4rks\u00f5na (ingl k &lt;em&gt;subject heading, descriptor&lt;\/em&gt;) on s\u00f5na, millega kirjeldatakse raamatute, artiklite, heliplaatide, filmide jms sisu. Mingi m\u00f5iste v\u00e4ljendamiseks on valitud \u00fcks s\u00f5na, mille alla on koondatud k\u00f5ik samasisulised dokumendid. M\u00e4rks\u00f5na ise ei pruugigi kirjeldatavas tekstis esineda.\">m\u00e4rks\u00f5na<\/a>, ajakirja v\u00f5i muu allika pealkiri, sisukokkuv\u00f5te, ISSN, ISBN) \u00a0ning kombineerida erinevatel v\u00e4ljadel asuvaid otsingus\u00f5nu operaatoritega AND, OR, NOT.<\/p>\n<h4>T\u00e4psem otsing\u00a0 (Advanced search)<\/h4>\n<p>Kl\u00f5psates paremal noolega lahtril saate valida, millistelt v\u00e4ljadelt otsitakse. \u00a0Alustuseks v\u00f5ib ka v\u00e4lja valimata j\u00e4tta, otsingulahtri j\u00e4rel on kiri <em>All Fields<\/em>. Rohkem tulemusi saate siis, kui otsite termineid artiklite tekstidest (valides otsinguv\u00e4ljaks <em>TX All Text<\/em>). Seda otsinguv\u00f5imalust kasutage siis, kui <em>All Fields<\/em> otsing ei anna soovitud tulemust.<\/p>\n<p>Vasakul saab valida, kuidas otsingus\u00f5nad omavahel siduda (AND, OR, NOT). Kui otsite s\u00fcnon\u00fc\u00fcme, v\u00f5ib need k\u00f5ik \u00fchele reale sisestada ja nende vahele panna OR.<\/p>\n<p><img loading=\"lazy\" decoding=\"async\" class=\"alignnone size-large wp-image-106\" src=\"https:\/\/sisu.ut.ee\/wp-content\/uploads\/sites\/38\/Screenshot-2025-01-16-161223-1-1024x193.png\" alt=\"\" width=\"1024\" height=\"193\" srcset=\"https:\/\/sisu.ut.ee\/wp-content\/uploads\/sites\/38\/Screenshot-2025-01-16-161223-1-1024x193.png 1024w, https:\/\/sisu.ut.ee\/wp-content\/uploads\/sites\/38\/Screenshot-2025-01-16-161223-1-300x57.png 300w, https:\/\/sisu.ut.ee\/wp-content\/uploads\/sites\/38\/Screenshot-2025-01-16-161223-1-768x145.png 768w, https:\/\/sisu.ut.ee\/wp-content\/uploads\/sites\/38\/Screenshot-2025-01-16-161223-1.png 1060w\" sizes=\"auto, (max-width: 1024px) 100vw, 1024px\"><\/p>\n<p>N\u00e4ites on tehtud p\u00e4ring, kus otsitakse ajakirjast <em>Sports Illustrated<\/em> artikleid, teemaks on noored ja tennis.<\/p>\n<h4>Search History<\/h4>\n<p>N\u00e4ete oma k\u00e4esoleva otsingusessiooni ajal tehtud otsinguid, kui kl\u00f5psate vasakul <strong>Dashbord<\/strong>\u00a0ribal\u00a0<strong>Recent Activity<\/strong>\u00a0ja valite\u00a0<strong>Search history<\/strong>. Iga tehtud otsing on eraldi real. N\u00e4ha on p\u00e4ring, valitud otsinguviis ja rakendatud piirangud. Neid saab salvestada, muuta, oma kausta lisada ja kustutada.<br>\nKui soovite, et salvestatud otsingud oleksid alles ka peale andmebaasiga t\u00f6\u00f6 l\u00f5petamist, et nt j\u00e4rgmine kord sama otsingu juurde tagasi p\u00f6\u00f6rduda, peate olema sisse loginud oma EBSCO kasutajakontoga (MyEBSCO).<\/p>\n<p><img loading=\"lazy\" decoding=\"async\" class=\"alignnone size-full wp-image-128\" src=\"https:\/\/sisu.ut.ee\/wp-content\/uploads\/sites\/38\/Screenshot-2025-01-23-152352.png\" alt=\"\" width=\"986\" height=\"412\" srcset=\"https:\/\/sisu.ut.ee\/wp-content\/uploads\/sites\/38\/Screenshot-2025-01-23-152352.png 986w, https:\/\/sisu.ut.ee\/wp-content\/uploads\/sites\/38\/Screenshot-2025-01-23-152352-300x125.png 300w, https:\/\/sisu.ut.ee\/wp-content\/uploads\/sites\/38\/Screenshot-2025-01-23-152352-768x321.png 768w\" sizes=\"auto, (max-width: 986px) 100vw, 986px\"><\/p>\n<p><img loading=\"lazy\" decoding=\"async\" class=\"alignnone size-full wp-image-129\" src=\"https:\/\/sisu.ut.ee\/wp-content\/uploads\/sites\/38\/Screenshot-2025-01-23-152515.png\" alt=\"\" width=\"976\" height=\"215\" srcset=\"https:\/\/sisu.ut.ee\/wp-content\/uploads\/sites\/38\/Screenshot-2025-01-23-152515.png 976w, https:\/\/sisu.ut.ee\/wp-content\/uploads\/sites\/38\/Screenshot-2025-01-23-152515-300x66.png 300w, https:\/\/sisu.ut.ee\/wp-content\/uploads\/sites\/38\/Screenshot-2025-01-23-152515-768x169.png 768w\" sizes=\"auto, (max-width: 976px) 100vw, 976px\"><\/p>\n","protected":false},"excerpt":{"rendered":"<p>Uurimist\u00f6\u00f6ks materjali otsides on kasulik teha endale kasutajakonto (link MyEBSCO \u00fcleval paremal sinise riba all. Sinna saab salvestada otsingutulemusi ja tehtud p\u00e4ringuid. See v\u00f5imaldab juba valmis tehtud p\u00e4ringuid hiljem korrata, ilma et peaks p\u00e4ringu \u00fclesehitamist otsast alustama. Lihtotsing (Basic Search) &#8230;<\/p>\n","protected":false},"author":5,"featured_media":0,"parent":0,"menu_order":0,"comment_status":"closed","ping_status":"closed","template":"","meta":{"_acf_changed":false,"inline_featured_image":false,"footnotes":""},"class_list":["post-4","page","type-page","status-publish","hentry"],"acf":[],"_links":{"self":[{"href":"https:\/\/sisu.ut.ee\/ebscogymn\/wp-json\/wp\/v2\/pages\/4","targetHints":{"allow":["GET"]}}],"collection":[{"href":"https:\/\/sisu.ut.ee\/ebscogymn\/wp-json\/wp\/v2\/pages"}],"about":[{"href":"https:\/\/sisu.ut.ee\/ebscogymn\/wp-json\/wp\/v2\/types\/page"}],"author":[{"embeddable":true,"href":"https:\/\/sisu.ut.ee\/ebscogymn\/wp-json\/wp\/v2\/users\/5"}],"replies":[{"embeddable":true,"href":"https:\/\/sisu.ut.ee\/ebscogymn\/wp-json\/wp\/v2\/comments?post=4"}],"version-history":[{"count":11,"href":"https:\/\/sisu.ut.ee\/ebscogymn\/wp-json\/wp\/v2\/pages\/4\/revisions"}],"predecessor-version":[{"id":141,"href":"https:\/\/sisu.ut.ee\/ebscogymn\/wp-json\/wp\/v2\/pages\/4\/revisions\/141"}],"wp:attachment":[{"href":"https:\/\/sisu.ut.ee\/ebscogymn\/wp-json\/wp\/v2\/media?parent=4"}],"curies":[{"name":"wp","href":"https:\/\/api.w.org\/{rel}","templated":true}]}}